{"id":36462,"date":"2026-03-18T16:07:16","date_gmt":"2026-03-18T16:07:16","guid":{"rendered":"https:\/\/soydeaqui.ddns.net\/pachuca\/index.php\/producto\/transformador-de-corriente-120-240-277-480-vac-a-24-vac-con-fusible-75va\/"},"modified":"2026-03-18T16:07:17","modified_gmt":"2026-03-18T16:07:17","slug":"transformador-de-corriente-120-240-277-480-vac-a-24-vac-con-fusible-75va","status":"publish","type":"product","link":"https:\/\/soydeaqui.ddns.net\/pachuca\/index.php\/producto\/transformador-de-corriente-120-240-277-480-vac-a-24-vac-con-fusible-75va\/","title":{"rendered":"Transformador de corriente  120\/240\/277\/480 VAC a 24 VAC, con fusible. 75VA"},"content":{"rendered":"<div style='width: 100%; max-width: 1200px; margin: 0 auto; font-family: sans-serif; line-height: 1.6; color: inherit; background-color: transparent;'>\n<div style='display: flex; flex-wrap: wrap; gap: 30px; margin-bottom: 30px;'>\n<div style='flex: 1 1 300px; min-width: 280px;'>\n<h3 style='font-size: 22px; border-bottom: 2px solid currentColor; padding-bottom: 5px; margin-top: 0; color: inherit; opacity: 0.8;'>Caracter\u00edsticas t\u00e9cnicas<\/h3>\n<ul style='padding-left: 20px; font-size: 15px; color: inherit;'>\n<li style='margin-bottom: 5px;'><strong>Tensi\u00f3n primaria:<\/strong> 120\/240\/277\/480 VAC<\/li>\n<li style='margin-bottom: 5px;'><strong>Tensi\u00f3n secundaria:<\/strong> 24 VAC<\/li>\n<li style='margin-bottom: 5px;'><strong>Capacidad:<\/strong> 75 VA<\/li>\n<li style='margin-bottom: 5px;'><strong>Frecuencia:<\/strong> 50\/60 Hz<\/li>\n<li style='margin-bottom: 5px;'><strong>Protecci\u00f3n:<\/strong> Disyuntor incorporado<\/li>\n<li style='margin-bottom: 5px;'><strong>Temperatura operaci\u00f3n:<\/strong> -40 a 65 \u00b0C (-40 a 149 \u00b0F)<\/li>\n<\/ul><\/div>\n<div style='flex: 1 1 300px; min-width: 280px;'>\n<h3 style='font-size: 22px; border-bottom: 2px solid currentColor; padding-bottom: 5px; margin-top: 0; color: inherit; opacity: 0.8;'>Conexiones y dimensiones<\/h3>\n<ul style='padding-left: 20px; font-size: 15px; color: inherit;'>\n<li style='margin-bottom: 5px;'><strong>Estilo de montaje:<\/strong> 1 Hub y Montaje de pie<\/li>\n<li style='margin-bottom: 5px;'><strong>Tipo de montaje:<\/strong> Montaje en placa<\/li>\n<li style='margin-bottom: 5px;'><strong>Tama\u00f1o hub:<\/strong> Ajuste para 1\/2&#8242; k.o. el\u00e9ctrico<\/li>\n<li style='margin-bottom: 5px;'><strong>Dimensiones:<\/strong> 3.9&#8242; L x 2.5&#8242; A x 3.1&#8242; H (99 x 64 x 79 mm)<\/li>\n<li style='margin-bottom: 5px;'><strong>Posici\u00f3n de montaje:<\/strong> Posiciones A: 1.91&#8217;&comma; B: 2.03&#8242;<\/li>\n<li style='margin-bottom: 5px;'><strong>Longitud de cables:<\/strong> 8 pulgadas (203 mm)<\/li>\n<\/ul><\/div>\n<\/p><\/div>\n<div style='display: flex; flex-wrap: wrap; gap: 20px; margin-bottom: 30px;'>\n<div style='flex: 1 1 250px; border: 1px solid rgba(150&comma; 150&comma; 150&comma; 0.4); border-radius: 8px; overflow: hidden; display: flex; flex-direction: column;'>\n<div style='padding: 15px; border-bottom: 1px solid rgba(150&comma; 150&comma; 150&comma; 0.2); font-weight: bold; font-size: 18px; color: inherit;'>Clase de protecci\u00f3n<\/div>\n<div style='padding: 15px; color: inherit;'>\n<ul style='padding-left: 20px; margin: 0; font-size: 14px; list-style-type: disc;'>\n<li style='margin-bottom: 5px;'><strong>Protecci\u00f3n:<\/strong> Disyuntor<\/li>\n<li style='margin-bottom: 5px;'><strong>Clase:<\/strong> 2<\/li>\n<\/ul><\/div>\n<\/p><\/div>\n<div style='flex: 1 1 250px; border: 1px solid rgba(150&comma; 150&comma; 150&comma; 0.4); border-radius: 8px; overflow: hidden; display: flex; flex-direction: column;'>\n<div style='padding: 15px; border-bottom: 1px solid rgba(150&comma; 150&comma; 150&comma; 0.2); font-weight: bold; font-size: 18px; color: inherit;'>Colores de cables<\/div>\n<div style='padding: 15px; color: inherit;'>\n<ul style='padding-left: 20px; margin: 0; font-size: 14px; list-style-type: disc;'>\n<li style='margin-bottom: 5px;'><strong>Primario:<\/strong> Negro\/Amarillo\/Gris<\/li>\n<li style='margin-bottom: 5px;'><strong>Secundario:<\/strong> Azul<\/li>\n<li style='margin-bottom: 5px;'><strong>Com\u00fan:<\/strong> Negro\/Blanco<\/li>\n<\/ul><\/div>\n<\/p><\/div>\n<div style='flex: 1 1 250px; border: 1px solid rgba(150&comma; 150&comma; 150&comma; 0.4); border-radius: 8px; overflow: hidden; display: flex; flex-direction: column;'>\n<div style='padding: 15px; border-bottom: 1px solid rgba(150&comma; 150&comma; 150&comma; 0.2); font-weight: bold; font-size: 18px; color: inherit;'>Aprobaciones<\/div>\n<div style='padding: 15px; color: inherit;'>\n<ul style='padding-left: 20px; margin: 0; font-size: 14px; list-style-type: disc;'>\n<li style='margin-bottom: 5px;'>UL Listed<\/li>\n<li style='margin-bottom: 5px;'>CE<\/li>\n<\/ul><\/div>\n<\/p><\/div>\n<\/p><\/div>\n<div style='display: flex; flex-wrap: wrap; gap: 30px; margin-bottom: 30px;'>\n<div style='flex: 1 1 300px; min-width: 280px;'>\n<h3 style='font-size: 22px; border-bottom: 2px solid currentColor; padding-bottom: 5px; margin-top: 0; color: inherit; opacity: 0.8;'>Aplicaciones<\/h3>\n<ul style='padding-left: 20px; font-size: 15px; color: inherit;'>\n<li style='margin-bottom: 5px;'>Alimentaci\u00f3n de controladores<\/li>\n<li style='margin-bottom: 5px;'>Alimentaci\u00f3n de sensores<\/li>\n<li style='margin-bottom: 5px;'>Activaci\u00f3n de relevadores y circuitos digitales<\/li>\n<li style='margin-bottom: 5px;'>Automatizaci\u00f3n de edificios y HVAC<\/li>\n<\/ul><\/div>\n<div style='flex: 1 1 300px; min-width: 280px;'>\n<h3 style='font-size: 22px; border-bottom: 2px solid currentColor; padding-bottom: 5px; margin-top: 0; color: inherit; opacity: 0.8;'>Caracter\u00edsticas de dise\u00f1o<\/h3>\n<ul style='padding-left: 20px; font-size: 15px; color: inherit;'>\n<li style='margin-bottom: 5px;'>Dise\u00f1o est\u00e1ndar para f\u00e1cil integraci\u00f3n<\/li>\n<li style='margin-bottom: 5px;'>Opciones de montaje flexible<\/li>\n<li style='margin-bottom: 5px;'>Conexi\u00f3n mediante tornillos<\/li>\n<li style='margin-bottom: 5px;'>Construcci\u00f3n robusta para entornos industriales<\/li>\n<\/ul><\/div>\n<\/p><\/div>\n<hr style='border: 0; border-top: 1px solid rgba(150&comma; 150&comma; 150&comma; 0.3); margin: 30px 0;'> <\/div>\n","protected":false},"excerpt":{"rendered":"<p>Transformador de corriente  120\/240\/277\/480 VAC a 24 VAC, con fusible. 75VA<\/p>\n","protected":false},"featured_media":36461,"comment_status":"open","ping_status":"closed","template":"","meta":[],"product_brand":[],"product_cat":[1034],"product_tag":[1035,1036,1037],"class_list":{"0":"post-36462","1":"product","2":"type-product","3":"status-publish","4":"has-post-thumbnail","6":"product_cat-bms-bas","7":"product_tag-bms","8":"product_tag-bms-bas","9":"product_tag-honeywell-bms","11":"first","12":"instock","13":"sale","14":"shipping-taxable","15":"purchasable","16":"product-type-simple"},"_links":{"self":[{"href":"https:\/\/soydeaqui.ddns.net\/pachuca\/index.php\/wp-json\/wp\/v2\/product\/36462","targetHints":{"allow":["GET"]}}],"collection":[{"href":"https:\/\/soydeaqui.ddns.net\/pachuca\/index.php\/wp-json\/wp\/v2\/product"}],"about":[{"href":"https:\/\/soydeaqui.ddns.net\/pachuca\/index.php\/wp-json\/wp\/v2\/types\/product"}],"replies":[{"embeddable":true,"href":"https:\/\/soydeaqui.ddns.net\/pachuca\/index.php\/wp-json\/wp\/v2\/comments?post=36462"}],"wp:featuredmedia":[{"embeddable":true,"href":"https:\/\/soydeaqui.ddns.net\/pachuca\/index.php\/wp-json\/wp\/v2\/media\/36461"}],"wp:attachment":[{"href":"https:\/\/soydeaqui.ddns.net\/pachuca\/index.php\/wp-json\/wp\/v2\/media?parent=36462"}],"wp:term":[{"taxonomy":"product_brand","embeddable":true,"href":"https:\/\/soydeaqui.ddns.net\/pachuca\/index.php\/wp-json\/wp\/v2\/product_brand?post=36462"},{"taxonomy":"product_cat","embeddable":true,"href":"https:\/\/soydeaqui.ddns.net\/pachuca\/index.php\/wp-json\/wp\/v2\/product_cat?post=36462"},{"taxonomy":"product_tag","embeddable":true,"href":"https:\/\/soydeaqui.ddns.net\/pachuca\/index.php\/wp-json\/wp\/v2\/product_tag?post=36462"}],"curies":[{"name":"wp","href":"https:\/\/api.w.org\/{rel}","templated":true}]}}