{"id":36452,"date":"2026-03-18T16:07:01","date_gmt":"2026-03-18T16:07:01","guid":{"rendered":"https:\/\/soydeaqui.ddns.net\/pachuca\/index.php\/producto\/bobina-de-alambre-152-metros-500-pies-2-x-16-awg-blindado-plenum-para-alarmas-de-incendio\/"},"modified":"2026-03-18T16:07:02","modified_gmt":"2026-03-18T16:07:02","slug":"bobina-de-alambre-152-metros-500-pies-2-x-16-awg-blindado-plenum-para-alarmas-de-incendio","status":"publish","type":"product","link":"https:\/\/soydeaqui.ddns.net\/pachuca\/index.php\/producto\/bobina-de-alambre-152-metros-500-pies-2-x-16-awg-blindado-plenum-para-alarmas-de-incendio\/","title":{"rendered":"Bobina de Alambre 152 Metros (500 Pies) \/ 2 x 16 AWG Blindado \/ PLENUM \/ Para Alarmas de Incendio"},"content":{"rendered":"<div style='width: 100%; max-width: 1200px; margin: 0 auto; font-family: sans-serif; line-height: 1.6; color: inherit; background-color: transparent;'> <!-- Imagen RoHS --> <\/p>\n<div style='margin-bottom: 20px;'> <img style='width: 100%; max-width: 60px; height: auto; border: 1px solid rgba(150&comma;150&comma;150&comma;0.3); border-radius: 8px;' src='http:\/\/ftp3.syscom.mx\/usuarios\/maguilar\/Icons\/RoHS%20Icon.png' alt='RoHS Compliant'> <\/div>\n<p> <!-- Descripci\u00f3n principal --> <\/p>\n<div style='margin-bottom: 30px;'>\n<p style='font-size: 15px; margin-bottom: 15px;'> <strong>ALAMBRE DE 2 CONDUCTORES CALIBRE 16 CON FORRO ROJO APLICACIONES EN ALARMAS DE DETECCION DE INCENDIO&comma; Y SISTEMAS DE VOCEO.<\/strong> <\/p>\n<p style='font-size: 15px; margin-bottom: 15px;'> Conductores de cobre suave s\u00f3lido aislamiento de PVC&comma; identificado por c\u00f3digo de colores&comma; y forro total de PVC. <\/p>\n<p style='font-size: 15px; margin-bottom: 15px;'> Uso en aplicaciones de alarmas con tecnolog\u00edas convencionales y anal\u00f3gico direccionables cableado de sensores&comma; cableado de sirenas&comma; cableado de detectores con tecnolog\u00eda an\u00e1logo direccionable&comma; sistemas de evacuaci\u00f3n por audio. <\/p>\n<\/p><\/div>\n<p> <!-- Secci\u00f3n de caracter\u00edsticas --> <\/p>\n<div style='display: flex; flex-wrap: wrap; gap: 30px; margin-bottom: 30px;'>\n<div style='flex: 1 1 300px; min-width: 280px;'>\n<h3 style='font-size: 22px; border-bottom: 2px solid currentColor; padding-bottom: 5px; margin-top: 0; color: inherit; opacity: 0.8;'>Caracter\u00edsticas<\/h3>\n<ul style='padding-left: 20px; font-size: 15px; color: inherit;'>\n<li style='margin-bottom: 5px;'>Alarmas de detecci\u00f3n de incendio<\/li>\n<li style='margin-bottom: 5px;'>Paneles con tecnolog\u00eda convencional<\/li>\n<li style='margin-bottom: 5px;'>Paneles con tecnolog\u00eda anal\u00f3gico direccionable<\/li>\n<li style='margin-bottom: 5px;'>Paneles de evacuaci\u00f3n<\/li>\n<\/ul><\/div>\n<div style='flex: 1 1 300px; min-width: 280px;'>\n<h3 style='font-size: 22px; border-bottom: 2px solid currentColor; padding-bottom: 5px; margin-top: 0; color: inherit; opacity: 0.8;'>Caracter\u00edsticas f\u00edsicas y el\u00e9ctricas<\/h3>\n<ul style='padding-left: 20px; font-size: 15px; color: inherit;'>\n<li style='margin-bottom: 5px;'><strong>Tipo:<\/strong> 2 x 16 AWG ; Blindado<\/li>\n<li style='margin-bottom: 5px;'><strong>Impedancia (\u03a9):<\/strong> 38<\/li>\n<li style='margin-bottom: 5px;'><strong>Color externo:<\/strong> Rojo<\/li>\n<li style='margin-bottom: 5px;'><strong>Color interno:<\/strong> Negro&comma; Rojo<\/li>\n<li style='margin-bottom: 5px;'><strong>Di\u00e1metro exterior (mm):<\/strong> 4.49<\/li>\n<li style='margin-bottom: 5px;'><strong>FPLP:<\/strong> PLENUM Cable retardante al incendio seg\u00fan NFPA 262<\/li>\n<li style='margin-bottom: 5px;'><strong>Temperatura de operaci\u00f3n:<\/strong> -20\u00b0C a 75\u00b0C<\/li>\n<\/ul><\/div>\n<div style='flex: 1 1 300px; min-width: 280px;'>\n<h3 style='font-size: 22px; border-bottom: 2px solid currentColor; padding-bottom: 5px; margin-top: 0; color: inherit; opacity: 0.8;'>Est\u00e1ndares<\/h3>\n<ul style='padding-left: 20px; font-size: 15px; color: inherit;'>\n<li style='margin-bottom: 5px;'>NFPA 262 (Plenum)<\/li>\n<li style='margin-bottom: 5px;'>CSA C22.2 No. 2556 (FT6)<\/li>\n<li style='margin-bottom: 5px;'>RoHS Compliant<\/li>\n<\/ul><\/div>\n<\/p><\/div>\n<p> <!-- Nota final --> <\/p>\n<div style='margin-top: 20px;'>\n<p style='font-size: 15px; margin: 0;'><strong>* Precio por bobina de 152 metros.<\/strong><\/p>\n<\/p><\/div>\n<\/p><\/div>\n","protected":false},"excerpt":{"rendered":"<p>Bobina de Alambre 152 Metros (500 Pies) \/ 2 x 16 AWG Blindado \/ PLENUM \/ Para Alarmas de Incendio<\/p>\n","protected":false},"featured_media":36451,"comment_status":"open","ping_status":"closed","template":"","meta":[],"product_brand":[],"product_cat":[982],"product_tag":[138,139,225],"class_list":{"0":"post-36452","1":"product","2":"type-product","3":"status-publish","4":"has-post-thumbnail","6":"product_cat-todo-cables-deteccion-de-fuego","7":"product_tag-cables","8":"product_tag-genesis","9":"product_tag-todo","11":"first","12":"instock","13":"sale","14":"shipping-taxable","15":"purchasable","16":"product-type-simple"},"_links":{"self":[{"href":"https:\/\/soydeaqui.ddns.net\/pachuca\/index.php\/wp-json\/wp\/v2\/product\/36452","targetHints":{"allow":["GET"]}}],"collection":[{"href":"https:\/\/soydeaqui.ddns.net\/pachuca\/index.php\/wp-json\/wp\/v2\/product"}],"about":[{"href":"https:\/\/soydeaqui.ddns.net\/pachuca\/index.php\/wp-json\/wp\/v2\/types\/product"}],"replies":[{"embeddable":true,"href":"https:\/\/soydeaqui.ddns.net\/pachuca\/index.php\/wp-json\/wp\/v2\/comments?post=36452"}],"wp:featuredmedia":[{"embeddable":true,"href":"https:\/\/soydeaqui.ddns.net\/pachuca\/index.php\/wp-json\/wp\/v2\/media\/36451"}],"wp:attachment":[{"href":"https:\/\/soydeaqui.ddns.net\/pachuca\/index.php\/wp-json\/wp\/v2\/media?parent=36452"}],"wp:term":[{"taxonomy":"product_brand","embeddable":true,"href":"https:\/\/soydeaqui.ddns.net\/pachuca\/index.php\/wp-json\/wp\/v2\/product_brand?post=36452"},{"taxonomy":"product_cat","embeddable":true,"href":"https:\/\/soydeaqui.ddns.net\/pachuca\/index.php\/wp-json\/wp\/v2\/product_cat?post=36452"},{"taxonomy":"product_tag","embeddable":true,"href":"https:\/\/soydeaqui.ddns.net\/pachuca\/index.php\/wp-json\/wp\/v2\/product_tag?post=36452"}],"curies":[{"name":"wp","href":"https:\/\/api.w.org\/{rel}","templated":true}]}}