{"id":36450,"date":"2026-03-18T16:06:59","date_gmt":"2026-03-18T16:06:59","guid":{"rendered":"https:\/\/soydeaqui.ddns.net\/pachuca\/index.php\/producto\/transmisor-xnx-hart-sobre-salida-de-4-20-ma-ul-csa-5-entradas-npt-de-3-4-aluminio-pintado-configurado-para-optima-plus-y-excel\/"},"modified":"2026-03-18T16:07:00","modified_gmt":"2026-03-18T16:07:00","slug":"transmisor-xnx-hart-sobre-salida-de-4-20-ma-ul-csa-5-entradas-npt-de-3-4-aluminio-pintado-configurado-para-optima-plus-y-excel","status":"publish","type":"product","link":"https:\/\/soydeaqui.ddns.net\/pachuca\/index.php\/producto\/transmisor-xnx-hart-sobre-salida-de-4-20-ma-ul-csa-5-entradas-npt-de-3-4-aluminio-pintado-configurado-para-optima-plus-y-excel\/","title":{"rendered":"Transmisor XNX, HART\u00ae sobre salida de 4-20 mA, UL\/CSA, 5 entradas NPT de 3\/4&#8243;, aluminio pintado, configurado para Optima Plus y Excel"},"content":{"rendered":"<div style='width: 100%; max-width: 1200px; margin: 0 auto; font-family: sans-serif; line-height: 1.6; color: inherit; background-color: transparent;'>\n<div style='display: flex; flex-wrap: wrap; gap: 30px; margin-bottom: 30px;'>\n<div style='flex: 1 1 300px; min-width: 280px;'>\n<h3 style='font-size: 22px; border-bottom: 2px solid currentColor; padding-bottom: 5px; margin-top: 0; color: inherit; opacity: 0.8;'>Caracter\u00edsticas Principales<\/h3>\n<ul style='padding-left: 20px; font-size: 15px; color: inherit;'>\n<li style='margin-bottom: 5px;'>Dise\u00f1o resistente con protecci\u00f3n NEMA 4X e IP66<\/li>\n<li style='margin-bottom: 5px;'>Opciones de comunicaci\u00f3n: 3 rel\u00e9s&comma; Modbus y Fieldbus<\/li>\n<li style='margin-bottom: 5px;'>Transmisor XNX con HART sobre 4-20 mA<\/li>\n<li style='margin-bottom: 5px;'>Certificaci\u00f3n UL\/CSA&comma; 5 entradas NPT de 3\/4&#8242;<\/li>\n<li style='margin-bottom: 5px;'>Configurado para Optima Plus y Excel<\/li>\n<\/ul><\/div>\n<div style='flex: 1 1 300px; min-width: 280px;'>\n<h3 style='font-size: 22px; border-bottom: 2px solid currentColor; padding-bottom: 5px; margin-top: 0; color: inherit; opacity: 0.8;'>Aplicaciones<\/h3>\n<ul style='padding-left: 20px; font-size: 15px; color: inherit;'>\n<li style='margin-bottom: 5px;'>Oil and gas<\/li>\n<li style='margin-bottom: 5px;'>Cold storage<\/li>\n<li style='margin-bottom: 5px;'>Water\/wastewater treatment<\/li>\n<li style='margin-bottom: 5px;'>Chemicals<\/li>\n<li style='margin-bottom: 5px;'>Engine rooms<\/li>\n<li style='margin-bottom: 5px;'>Plastics and fibers<\/li>\n<li style='margin-bottom: 5px;'>Agriculture<\/li>\n<li style='margin-bottom: 5px;'>Printing<\/li>\n<li style='margin-bottom: 5px;'>Light industrial<\/li>\n<\/ul><\/div>\n<\/p><\/div>\n<div style='display: flex; flex-wrap: wrap; gap: 20px; margin-bottom: 30px;'>\n<div style='flex: 1 1 250px; border: 1px solid rgba(150&comma; 150&comma; 150&comma; 0.4); border-radius: 8px; overflow: hidden; display: flex; flex-direction: column;'>\n<div style='padding: 15px; border-bottom: 1px solid rgba(150&comma; 150&comma; 150&comma; 0.2); font-weight: bold; font-size: 18px; color: inherit;'>Tecnolog\u00edas de Detecci\u00f3n<\/div>\n<div style='padding: 15px; color: inherit;'>\n<ul style='padding-left: 20px; margin: 0; font-size: 14px; list-style-type: disc;'>\n<li style='margin-bottom: 5px;'>Catalytic Bead y IR Cell<\/li>\n<li style='margin-bottom: 5px;'>Electrochemical Cell<\/li>\n<li style='margin-bottom: 5px;'>IR (Open Path IR&comma; Point IR&comma; IR Cell)<\/li>\n<\/ul><\/div>\n<\/p><\/div>\n<div style='flex: 1 1 250px; border: 1px solid rgba(150&comma; 150&comma; 150&comma; 0.4); border-radius: 8px; overflow: hidden; display: flex; flex-direction: column;'>\n<div style='padding: 15px; border-bottom: 1px solid rgba(150&comma; 150&comma; 150&comma; 0.2); font-weight: bold; font-size: 18px; color: inherit;'>Opciones de Comunicaci\u00f3n<\/div>\n<div style='padding: 15px; color: inherit;'>\n<ul style='padding-left: 20px; margin: 0; font-size: 14px; list-style-type: disc;'>\n<li style='margin-bottom: 5px;'>4-20mA con HART\u00ae<\/li>\n<li style='margin-bottom: 5px;'>MODBUS\u00ae<\/li>\n<li style='margin-bottom: 5px;'>FOUNDATION\u00ae H1 Fieldbus<\/li>\n<li style='margin-bottom: 5px;'>Hasta 3 relays<\/li>\n<\/ul><\/div>\n<\/p><\/div>\n<div style='flex: 1 1 250px; border: 1px solid rgba(150&comma; 150&comma; 150&comma; 0.4); border-radius: 8px; overflow: hidden; display: flex; flex-direction: column;'>\n<div style='padding: 15px; border-bottom: 1px solid rgba(150&comma; 150&comma; 150&comma; 0.2); font-weight: bold; font-size: 18px; color: inherit;'>Caracter\u00edsticas de Instalaci\u00f3n<\/div>\n<div style='padding: 15px; color: inherit;'>\n<ul style='padding-left: 20px; margin: 0; font-size: 14px; list-style-type: disc;'>\n<li style='margin-bottom: 5px;'>3 o 4 hilos de operaci\u00f3n<\/li>\n<li style='margin-bottom: 5px;'>Conexi\u00f3n de sensores plug-in<\/li>\n<li style='margin-bottom: 5px;'>Cinco entradas de conducto NPT de 3\/4&#8242;<\/li>\n<li style='margin-bottom: 5px;'>Protecci\u00f3n NEMA 4X e IP66<\/li>\n<\/ul><\/div>\n<\/p><\/div>\n<div style='flex: 1 1 250px; border: 1px solid rgba(150&comma; 150&comma; 150&comma; 0.4); border-radius: 8px; overflow: hidden; display: flex; flex-direction: column;'>\n<div style='padding: 15px; border-bottom: 1px solid rgba(150&comma; 150&comma; 150&comma; 0.2); font-weight: bold; font-size: 18px; color: inherit;'>Caracter\u00edsticas de Operaci\u00f3n<\/div>\n<div style='padding: 15px; color: inherit;'>\n<ul style='padding-left: 20px; margin: 0; font-size: 14px; list-style-type: disc;'>\n<li style='margin-bottom: 5px;'>LCD retroiluminado con indicadores visuales<\/li>\n<li style='margin-bottom: 5px;'>8 idiomas seleccionables<\/li>\n<li style='margin-bottom: 5px;'>Calibraci\u00f3n r\u00e1pida con auto-inhibici\u00f3n<\/li>\n<li style='margin-bottom: 5px;'>Operaci\u00f3n no intrusiva<\/li>\n<\/ul><\/div>\n<\/p><\/div>\n<\/p><\/div>\n<div style='display: flex; flex-wrap: wrap; gap: 20px; margin-bottom: 30px;'>\n<div style='flex: 1 1 250px; border: 1px solid rgba(150&comma; 150&comma; 150&comma; 0.4); border-radius: 8px; overflow: hidden; display: flex; flex-direction: column;'>\n<div style='padding: 15px; border-bottom: 1px solid rgba(150&comma; 150&comma; 150&comma; 0.2); font-weight: bold; font-size: 18px; color: inherit;'>Sensores Compatibles<\/div>\n<div style='padding: 15px; color: inherit;'>\n<ul style='padding-left: 20px; margin: 0; font-size: 14px; list-style-type: disc;'>\n<li style='margin-bottom: 5px;'>Searchpoint Optima Plus<\/li>\n<li style='margin-bottom: 5px;'>Searchline Excel<\/li>\n<li style='margin-bottom: 5px;'>705\/705HT<\/li>\n<li style='margin-bottom: 5px;'>Sensepoint<\/li>\n<li style='margin-bottom: 5px;'>Sensepoint HT<\/li>\n<li style='margin-bottom: 5px;'>MPD sensors<\/li>\n<\/ul><\/div>\n<\/p><\/div>\n<div style='flex: 1 1 250px; border: 1px solid rgba(150&comma; 150&comma; 150&comma; 0.4); border-radius: 8px; overflow: hidden; display: flex; flex-direction: column;'>\n<div style='padding: 15px; border-bottom: 1px solid rgba(150&comma; 150&comma; 150&comma; 0.2); font-weight: bold; font-size: 18px; color: inherit;'>Beneficios<\/div>\n<div style='padding: 15px; color: inherit;'>\n<ul style='padding-left: 20px; margin: 0; font-size: 14px; list-style-type: disc;'>\n<li style='margin-bottom: 5px;'>Operaci\u00f3n confiable en \u00e1reas explosivas<\/li>\n<li style='margin-bottom: 5px;'>F\u00e1cil integraci\u00f3n con PLCs est\u00e1ndar<\/li>\n<li style='margin-bottom: 5px;'>Bajo mantenimiento requerido<\/li>\n<li style='margin-bottom: 5px;'>Reemplazo sencillo de sensores<\/li>\n<li style='margin-bottom: 5px;'>Interfaz de usuario intuitiva<\/li>\n<\/ul><\/div>\n<\/p><\/div>\n<div style='flex: 1 1 250px; border: 1px solid rgba(150&comma; 150&comma; 150&comma; 0.4); border-radius: 8px; overflow: hidden; display: flex; flex-direction: column;'>\n<div style='padding: 15px; border-bottom: 1px solid rgba(150&comma; 150&comma; 150&comma; 0.2); font-weight: bold; font-size: 18px; color: inherit;'>Especificaciones Adicionales<\/div>\n<div style='padding: 15px; color: inherit;'>\n<ul style='padding-left: 20px; margin: 0; font-size: 14px; list-style-type: disc;'>\n<li style='margin-bottom: 5px;'>Material: Aluminio pintado<\/li>\n<li style='margin-bottom: 5px;'>Conexi\u00f3n de sensores intr\u00ednsecamente segura<\/li>\n<li style='margin-bottom: 5px;'>Fallo seguro en operaci\u00f3n<\/li>\n<li style='margin-bottom: 5px;'>Reconocimiento autom\u00e1tico de sensores<\/li>\n<\/ul><\/div>\n<\/p><\/div>\n<\/p><\/div>\n<div style='display: flex; flex-wrap: wrap; gap: 30px; margin-bottom: 30px;'>\n<div style='flex: 1 1 300px; min-width: 280px;'>\n<h3 style='font-size: 22px; border-bottom: 2px solid currentColor; padding-bottom: 5px; margin-top: 0; color: inherit; opacity: 0.8;'>Caracter\u00edsticas de Seguridad<\/h3>\n<ul style='padding-left: 20px; font-size: 15px; color: inherit;'>\n<li style='margin-bottom: 5px;'>Certificaci\u00f3n UL\/CSA<\/li>\n<li style='margin-bottom: 5px;'>Dise\u00f1ado para operaci\u00f3n en \u00e1reas explosivas<\/li>\n<li style='margin-bottom: 5px;'>Conexi\u00f3n intr\u00ednsecamente segura<\/li>\n<li style='margin-bottom: 5px;'>Operaci\u00f3n failsafe<\/li>\n<\/ul><\/div>\n<div style='flex: 1 1 300px; min-width: 280px;'>\n<h3 style='font-size: 22px; border-bottom: 2px solid currentColor; padding-bottom: 5px; margin-top: 0; color: inherit; opacity: 0.8;'>Software y Diagn\u00f3stico<\/h3>\n<ul style='padding-left: 20px; font-size: 15px; color: inherit;'>\n<li style='margin-bottom: 5px;'>HART Enhanced Device Description Language (EDDL)<\/li>\n<li style='margin-bottom: 5px;'>Visualizaci\u00f3n de estado en tiempo real<\/li>\n<li style='margin-bottom: 5px;'>Diagn\u00f3sticos avanzados<\/li>\n<li style='margin-bottom: 5px;'>Soporte para configuraci\u00f3n remota<\/li>\n<\/ul><\/div>\n<\/p><\/div>\n<hr style='border: 0; border-top: 1px solid rgba(150&comma; 150&comma; 150&comma; 0.3); margin: 30px 0;'> <\/div>\n","protected":false},"excerpt":{"rendered":"<p>Transmisor XNX, HART\u00ae sobre salida de 4-20 mA, UL\/CSA, 5 entradas NPT de 3\/4&#8243;, aluminio pintado, configurado para Optima Plus y Excel<\/p>\n","protected":false},"featured_media":36449,"comment_status":"open","ping_status":"closed","template":"","meta":[],"product_brand":[],"product_cat":[987],"product_tag":[988,522,1014],"class_list":{"0":"post-36450","1":"product","2":"type-product","3":"status-publish","4":"has-post-thumbnail","6":"product_cat-detectores-de-gases","7":"product_tag-detectores-de-gases","8":"product_tag-dispositivos-convencionales","9":"product_tag-honeywell-analytics","11":"first","12":"instock","13":"sale","14":"shipping-taxable","15":"purchasable","16":"product-type-simple"},"_links":{"self":[{"href":"https:\/\/soydeaqui.ddns.net\/pachuca\/index.php\/wp-json\/wp\/v2\/product\/36450","targetHints":{"allow":["GET"]}}],"collection":[{"href":"https:\/\/soydeaqui.ddns.net\/pachuca\/index.php\/wp-json\/wp\/v2\/product"}],"about":[{"href":"https:\/\/soydeaqui.ddns.net\/pachuca\/index.php\/wp-json\/wp\/v2\/types\/product"}],"replies":[{"embeddable":true,"href":"https:\/\/soydeaqui.ddns.net\/pachuca\/index.php\/wp-json\/wp\/v2\/comments?post=36450"}],"wp:featuredmedia":[{"embeddable":true,"href":"https:\/\/soydeaqui.ddns.net\/pachuca\/index.php\/wp-json\/wp\/v2\/media\/36449"}],"wp:attachment":[{"href":"https:\/\/soydeaqui.ddns.net\/pachuca\/index.php\/wp-json\/wp\/v2\/media?parent=36450"}],"wp:term":[{"taxonomy":"product_brand","embeddable":true,"href":"https:\/\/soydeaqui.ddns.net\/pachuca\/index.php\/wp-json\/wp\/v2\/product_brand?post=36450"},{"taxonomy":"product_cat","embeddable":true,"href":"https:\/\/soydeaqui.ddns.net\/pachuca\/index.php\/wp-json\/wp\/v2\/product_cat?post=36450"},{"taxonomy":"product_tag","embeddable":true,"href":"https:\/\/soydeaqui.ddns.net\/pachuca\/index.php\/wp-json\/wp\/v2\/product_tag?post=36450"}],"curies":[{"name":"wp","href":"https:\/\/api.w.org\/{rel}","templated":true}]}}