{"id":36442,"date":"2026-03-18T16:06:51","date_gmt":"2026-03-18T16:06:51","guid":{"rendered":"https:\/\/soydeaqui.ddns.net\/pachuca\/index.php\/producto\/transmisor-universal-serie-xnx-salida-hart-de-4-20-ma-3-relays-falla-alarma-ul-csa-entradas-5x3-4-npt-aluminio-configurado-para-sensor-705-alta-temperatura\/"},"modified":"2026-03-18T16:06:52","modified_gmt":"2026-03-18T16:06:52","slug":"transmisor-universal-serie-xnx-salida-hart-de-4-20-ma-3-relays-falla-alarma-ul-csa-entradas-5x3-4-npt-aluminio-configurado-para-sensor-705-alta-temperatura","status":"publish","type":"product","link":"https:\/\/soydeaqui.ddns.net\/pachuca\/index.php\/producto\/transmisor-universal-serie-xnx-salida-hart-de-4-20-ma-3-relays-falla-alarma-ul-csa-entradas-5x3-4-npt-aluminio-configurado-para-sensor-705-alta-temperatura\/","title":{"rendered":"Transmisor Universal Serie XNX, Salida HART\u00ae de 4-20 mA, 3 Relays Falla\/Alarma, UL\/CSA, Entradas 5X3\/4&#8243; NPT, Aluminio, Configurado Para Sensor 705 Alta Temperatura"},"content":{"rendered":"<div style='width: 100%; max-width: 1200px; margin: 0 auto; font-family: sans-serif; line-height: 1.6; color: inherit; background-color: transparent;'>\n<div style='display: flex; flex-wrap: wrap; gap: 30px; margin-bottom: 30px;'>\n<div style='flex: 1 1 300px; min-width: 280px;'>\n<h3 style='font-size: 22px; border-bottom: 2px solid currentColor; padding-bottom: 5px; margin-top: 0; color: inherit; opacity: 0.8;'>Descripci\u00f3n<\/h3>\n<p style='font-size: 15px; color: inherit; margin-bottom: 15px;'>Equipo transmisor universal XNX con 5 entradas para conductos\/cable (2 a la derecha&comma; 2 a la izquierda&comma; 1 abajo)&comma; tipo NPT de 3\/4 de pulgada&comma; carcasa fabricada en aluminio&comma; interfaz de usuario por medio de una pantalla LCD est\u00e1ndar de 2.5 pulgadas de matriz de puntos de alta resoluci\u00f3n con luz de fondo&comma; informaci\u00f3n de visualizaci\u00f3n base de lectura de gas&comma; nombre del gas y unidades de medici\u00f3n&comma; estado de las fallas y las alarmas.<\/p>\n<p style='font-size: 15px; color: inherit; margin-bottom: 15px;'>Cuenta con alarma discreta y notificaci\u00f3n de estado&comma; acceso mediante varilla magn\u00e9tica con destornillador para terminales (suministrados con cada unidad) con interfaz de 4 botones&comma; confiable no intrusivo&comma; se\u00f1al con salida de lazo&comma; de corriente an\u00e1loga de 0 a 22 mA&comma; condiciones ambientales de temperatura de -40 \u00b0C a +65 \u00b0C (-40 \u00b0F a +150 \u00b0F).<\/p>\n<p style='font-size: 15px; color: inherit; margin-bottom: 15px;'>Funcionamiento en humedad relativa de 20 a 90% (sin condensaci\u00f3n)&comma; cuenta con clasificaci\u00f3n IP66&comma; tipo NEMA 4X; con un consumo de energ\u00eda milivolts en sensor catal\u00edtico de 6&comma;5 W; Clasificaci\u00f3n UL&comma; CSA&comma; FM y SIL2; Clase 1&comma; Divisi\u00f3n 1&comma; Grupos B&comma; C&comma; D\/Clase 1&comma; Zona 1.<\/p>\n<p style='font-size: 15px; color: inherit; margin-bottom: 15px;'>Rango de salida de 4-20 mA + HART; versi\u00f3n que proporciona tres salidas de relevadores totalmente configurables y que se pueden alternar seg\u00fan el nivel actual de gas o el estado del transmisor&comma; brinda dos rel\u00e9s de alarma y un rel\u00e9 de falla.<\/p>\n<p style='font-size: 15px; color: inherit; margin-bottom: 15px;'><strong>Nota:<\/strong> No incluye sensor.<\/p>\n<\/p><\/div>\n<\/p><\/div>\n<p> <!-- Secci\u00f3n de cards con especificaciones --> <\/p>\n<div style='display: flex; flex-wrap: wrap; gap: 20px; margin-bottom: 30px;'>\n<div style='flex: 1 1 250px; border: 1px solid rgba(150&comma; 150&comma; 150&comma; 0.4); border-radius: 8px; overflow: hidden; display: flex; flex-direction: column;'>\n<div style='padding: 15px; border-bottom: 1px solid rgba(150&comma; 150&comma; 150&comma; 0.2); font-weight: bold; font-size: 18px; color: inherit;'>Caracter\u00edsticas<\/div>\n<div style='padding: 15px; color: inherit;'>\n<ul style='padding-left: 20px; margin: 0; font-size: 14px; list-style-type: disc;'>\n<li style='margin-bottom: 5px;'>5 entradas para conductos\/cable<\/li>\n<li style='margin-bottom: 5px;'>Conexiones tipo NPT de 3\/4&#8242;<\/li>\n<li style='margin-bottom: 5px;'>Carcasa en aluminio<\/li>\n<li style='margin-bottom: 5px;'>Pantalla LCD de 2.5&#8242; con luz de fondo<\/li>\n<li style='margin-bottom: 5px;'>Interfaz de usuario con 4 botones<\/li>\n<\/ul><\/div>\n<\/p><\/div>\n<div style='flex: 1 1 250px; border: 1px solid rgba(150&comma; 150&comma; 150&comma; 0.4); border-radius: 8px; overflow: hidden; display: flex; flex-direction: column;'>\n<div style='padding: 15px; border-bottom: 1px solid rgba(150&comma; 150&comma; 150&comma; 0.2); font-weight: bold; font-size: 18px; color: inherit;'>Especificaciones<\/div>\n<div style='padding: 15px; color: inherit;'>\n<ul style='padding-left: 20px; margin: 0; font-size: 14px; list-style-type: disc;'>\n<li style='margin-bottom: 5px;'>Temperatura: -40 \u00b0C a +65 \u00b0C<\/li>\n<li style='margin-bottom: 5px;'>Humedad: 20 a 90% (sin condensaci\u00f3n)<\/li>\n<li style='margin-bottom: 5px;'>Clasificaci\u00f3n IP66 \/ NEMA 4X<\/li>\n<li style='margin-bottom: 5px;'>Consumo: 6&comma;5 W<\/li>\n<li style='margin-bottom: 5px;'>Salida: 4-20 mA + HART<\/li>\n<li style='margin-bottom: 5px;'>3 salidas de relevadores configurables<\/li>\n<\/ul><\/div>\n<\/p><\/div>\n<div style='flex: 1 1 250px; border: 1px solid rgba(150&comma; 150&comma; 150&comma; 0.4); border-radius: 8px; overflow: hidden; display: flex; flex-direction: column;'>\n<div style='padding: 15px; border-bottom: 1px solid rgba(150&comma; 150&comma; 150&comma; 0.2); font-weight: bold; font-size: 18px; color: inherit;'>Certificaciones<\/div>\n<div style='padding: 15px; color: inherit;'>\n<ul style='padding-left: 20px; margin: 0; font-size: 14px; list-style-type: disc;'>\n<li style='margin-bottom: 5px;'>UL<\/li>\n<li style='margin-bottom: 5px;'>CSA<\/li>\n<li style='margin-bottom: 5px;'>FM<\/li>\n<li style='margin-bottom: 5px;'>SIL2<\/li>\n<li style='margin-bottom: 5px;'>Clase 1&comma; Divisi\u00f3n 1&comma; Grupos B&comma; C&comma; D<\/li>\n<li style='margin-bottom: 5px;'>Clase 1&comma; Zona 1<\/li>\n<\/ul><\/div>\n<\/p><\/div>\n<\/p><\/div>\n<\/p><\/div>\n","protected":false},"excerpt":{"rendered":"<p>Transmisor Universal Serie XNX, Salida HART\u00ae de 4-20 mA, 3 Relays Falla\/Alarma, UL\/CSA, Entradas 5X3\/4&#8243; NPT, Aluminio, Configurado Para Sensor 705 Alta Temperatura<\/p>\n","protected":false},"featured_media":36441,"comment_status":"open","ping_status":"closed","template":"","meta":[],"product_brand":[],"product_cat":[524],"product_tag":[93,522,1014],"class_list":{"0":"post-36442","1":"product","2":"type-product","3":"status-publish","4":"has-post-thumbnail","6":"product_cat-accesorios-dispositivos-convencionales","7":"product_tag-accesorios","8":"product_tag-dispositivos-convencionales","9":"product_tag-honeywell-analytics","11":"first","12":"outofstock","13":"sale","14":"shipping-taxable","15":"purchasable","16":"product-type-simple"},"_links":{"self":[{"href":"https:\/\/soydeaqui.ddns.net\/pachuca\/index.php\/wp-json\/wp\/v2\/product\/36442","targetHints":{"allow":["GET"]}}],"collection":[{"href":"https:\/\/soydeaqui.ddns.net\/pachuca\/index.php\/wp-json\/wp\/v2\/product"}],"about":[{"href":"https:\/\/soydeaqui.ddns.net\/pachuca\/index.php\/wp-json\/wp\/v2\/types\/product"}],"replies":[{"embeddable":true,"href":"https:\/\/soydeaqui.ddns.net\/pachuca\/index.php\/wp-json\/wp\/v2\/comments?post=36442"}],"wp:featuredmedia":[{"embeddable":true,"href":"https:\/\/soydeaqui.ddns.net\/pachuca\/index.php\/wp-json\/wp\/v2\/media\/36441"}],"wp:attachment":[{"href":"https:\/\/soydeaqui.ddns.net\/pachuca\/index.php\/wp-json\/wp\/v2\/media?parent=36442"}],"wp:term":[{"taxonomy":"product_brand","embeddable":true,"href":"https:\/\/soydeaqui.ddns.net\/pachuca\/index.php\/wp-json\/wp\/v2\/product_brand?post=36442"},{"taxonomy":"product_cat","embeddable":true,"href":"https:\/\/soydeaqui.ddns.net\/pachuca\/index.php\/wp-json\/wp\/v2\/product_cat?post=36442"},{"taxonomy":"product_tag","embeddable":true,"href":"https:\/\/soydeaqui.ddns.net\/pachuca\/index.php\/wp-json\/wp\/v2\/product_tag?post=36442"}],"curies":[{"name":"wp","href":"https:\/\/api.w.org\/{rel}","templated":true}]}}