{"id":36433,"date":"2026-03-18T16:06:37","date_gmt":"2026-03-18T16:06:37","guid":{"rendered":"https:\/\/soydeaqui.ddns.net\/pachuca\/index.php\/producto\/protector-para-estacion-de-jalon-con-espaciador-texto-en-ingles\/"},"modified":"2026-03-18T16:06:40","modified_gmt":"2026-03-18T16:06:40","slug":"protector-para-estacion-de-jalon-con-espaciador-texto-en-ingles","status":"publish","type":"product","link":"https:\/\/soydeaqui.ddns.net\/pachuca\/index.php\/producto\/protector-para-estacion-de-jalon-con-espaciador-texto-en-ingles\/","title":{"rendered":"Protector para Estaci\u00f3n de Jal\u00f3n, con Espaciador, Texto en Ingles"},"content":{"rendered":"<div style='width: 100%; max-width: 1200px; margin: 0 auto; font-family: sans-serif; line-height: 1.6; color: inherit; background-color: transparent;'>\n<div style='display: flex; flex-wrap: wrap; gap: 30px; margin-bottom: 30px;'>\n<div style='flex: 1 1 300px; min-width: 280px;'>\n<p style='font-size: 15px; color: inherit; margin: 0 0 15px 0;'>Esta cubierta \u00fanica&comma; esta patente ha ayudado a prevenir falsas alarmas de incendio en todo el mundo durante m\u00e1s de 30 a\u00f1os&comma; sin restringir las alarmas leg\u00edtimas. Ideal para escuelas&comma; hospitales&comma; hogares de ancianos&comma; tiendas&comma; hoteles y edificios p\u00fablicos de casi todo tipo.<\/p>\n<p style='font-size: 15px; color: inherit; margin: 0 0 15px 0;'>STI-1230 es una clara prueba de manipulaciones&comma; la cubierta exterior resistente en policarbonato&comma; con la leyenda&comma; &#8216;EN CASO DE FUEGO&#8217; que se coloca sobre la mayor\u00eda de las estaciones manuales. La cubierta est\u00e1 conectada al bastidor por un cable. Cuando se levanta la tapa&comma; que cuelga de la estructura se podr\u00e1 tener acceso al sistema de accionamiento de alarma.<\/p>\n<p style='font-size: 15px; color: inherit; margin: 0 0 15px 0;'><strong>Caracter\u00edsticas:<\/strong><\/p>\n<ul style='padding-left: 20px; font-size: 15px; color: inherit; margin: 0 0 20px 0;'>\n<li style='margin-bottom: 5px;'>La cubierta est\u00e1 estabilizado contra los rayos UV.<\/li>\n<li style='margin-bottom: 5px;'>Garant\u00eda de tres a\u00f1os contra rotura del policarbonato durante el uso normal (un a\u00f1o en los componentes electro mec\u00e1nicos y electr\u00f3nicos).<\/li>\n<li style='margin-bottom: 5px;'>STI-1230 es para el montaje de sobreponer para estaciones de jal\u00f3n o boton de emergencia.<\/li>\n<li style='margin-bottom: 5px;'>El dise\u00f1o Stopper II es una marca comercial registrada de Seguridad Technology International&comma; Inc.<\/li>\n<li style='margin-bottom: 5px;'>UL para EE.UU. y la normativa de seguridad canadiense (para el etiquetado est\u00e1ndar y personalizado).<\/li>\n<li style='margin-bottom: 5px;'>Aprobado FM.<\/li>\n<li style='margin-bottom: 5px;'>propiedades de trabajo t\u00edpicos de policarbonato son de -40 \u00b0 a 250 \u00b0 F (-40 \u00b0 a 121 \u00b0 C).<\/li>\n<li style='margin-bottom: 5px;'>Se adapta pr\u00e1cticamente todas a las estaciones de palanca manuales (consulte la ficha t\u00e9cnica para las dimensiones).<\/li>\n<\/ul>\n<p style='font-size: 15px; color: inherit; margin: 0 0 15px 0;'><strong><em><u>Nota:<\/u><\/em><\/strong> El usuario final debe verificar la funci\u00f3n de alarma y la bater\u00eda cada seis meses y reemplazarla anualmente o seg\u00fan sea necesario.<\/p>\n<\/p><\/div>\n<\/p><\/div>\n<\/p><\/div>\n","protected":false},"excerpt":{"rendered":"<p>Protector para Estaci\u00f3n de Jal\u00f3n, con Espaciador, Texto en Ingles<\/p>\n","protected":false},"featured_media":36432,"comment_status":"open","ping_status":"closed","template":"","meta":[],"product_brand":[],"product_cat":[420],"product_tag":[93,421,169],"class_list":{"0":"post-36433","1":"product","2":"type-product","3":"status-publish","4":"has-post-thumbnail","6":"product_cat-estaciones-de-jalon","7":"product_tag-accesorios","8":"product_tag-estaciones-de-jalon","9":"product_tag-sti","11":"first","12":"outofstock","13":"sale","14":"shipping-taxable","15":"purchasable","16":"product-type-simple"},"_links":{"self":[{"href":"https:\/\/soydeaqui.ddns.net\/pachuca\/index.php\/wp-json\/wp\/v2\/product\/36433","targetHints":{"allow":["GET"]}}],"collection":[{"href":"https:\/\/soydeaqui.ddns.net\/pachuca\/index.php\/wp-json\/wp\/v2\/product"}],"about":[{"href":"https:\/\/soydeaqui.ddns.net\/pachuca\/index.php\/wp-json\/wp\/v2\/types\/product"}],"replies":[{"embeddable":true,"href":"https:\/\/soydeaqui.ddns.net\/pachuca\/index.php\/wp-json\/wp\/v2\/comments?post=36433"}],"wp:featuredmedia":[{"embeddable":true,"href":"https:\/\/soydeaqui.ddns.net\/pachuca\/index.php\/wp-json\/wp\/v2\/media\/36432"}],"wp:attachment":[{"href":"https:\/\/soydeaqui.ddns.net\/pachuca\/index.php\/wp-json\/wp\/v2\/media?parent=36433"}],"wp:term":[{"taxonomy":"product_brand","embeddable":true,"href":"https:\/\/soydeaqui.ddns.net\/pachuca\/index.php\/wp-json\/wp\/v2\/product_brand?post=36433"},{"taxonomy":"product_cat","embeddable":true,"href":"https:\/\/soydeaqui.ddns.net\/pachuca\/index.php\/wp-json\/wp\/v2\/product_cat?post=36433"},{"taxonomy":"product_tag","embeddable":true,"href":"https:\/\/soydeaqui.ddns.net\/pachuca\/index.php\/wp-json\/wp\/v2\/product_tag?post=36433"}],"curies":[{"name":"wp","href":"https:\/\/api.w.org\/{rel}","templated":true}]}}