{"id":36429,"date":"2026-03-18T16:06:33","date_gmt":"2026-03-18T16:06:33","guid":{"rendered":"https:\/\/soydeaqui.ddns.net\/pachuca\/index.php\/producto\/kit-de-montaje-remoto-para-sensores-toxicos-con-personalidad-electroquimica-ec-15m-para-serie-3000-y-xnx\/"},"modified":"2026-03-18T16:06:33","modified_gmt":"2026-03-18T16:06:33","slug":"kit-de-montaje-remoto-para-sensores-toxicos-con-personalidad-electroquimica-ec-15m-para-serie-3000-y-xnx","status":"publish","type":"product","link":"https:\/\/soydeaqui.ddns.net\/pachuca\/index.php\/producto\/kit-de-montaje-remoto-para-sensores-toxicos-con-personalidad-electroquimica-ec-15m-para-serie-3000-y-xnx\/","title":{"rendered":"Kit De Montaje Remoto Para Sensores T\u00f3xicos Con Personalidad Electroquimica EC (15m) Para Serie 3000 y XNX"},"content":{"rendered":"<div style='width: 100%; max-width: 1200px; margin: 0 auto; font-family: sans-serif; line-height: 1.6; color: inherit; background-color: transparent;'>\n<div style='display: flex; flex-wrap: wrap; gap: 30px; margin-bottom: 30px;'>\n<div style='flex: 1 1 300px; min-width: 280px;'>\n<h3 style='font-size: 22px; border-bottom: 2px solid currentColor; padding-bottom: 5px; margin-top: 0; color: inherit; opacity: 0.8;'>Caracter\u00edsticas Principales<\/h3>\n<ul style='padding-left: 20px; font-size: 15px; color: inherit;'>\n<li style='margin-bottom: 5px;'>Kit de montaje remoto para sensores t\u00f3xicos<\/li>\n<li style='margin-bottom: 5px;'>Distancia de montaje: 15 metros<\/li>\n<li style='margin-bottom: 5px;'>Compatibilidad con sensores electroqu\u00edmicos EC<\/li>\n<li style='margin-bottom: 5px;'>Dise\u00f1ado para uso con los transmisores Serie 3000 y XNX<\/li>\n<\/ul><\/div>\n<div style='flex: 1 1 300px; min-width: 280px;'>\n<h3 style='font-size: 22px; border-bottom: 2px solid currentColor; padding-bottom: 5px; margin-top: 0; color: inherit; opacity: 0.8;'>Aplicaciones<\/h3>\n<ul style='padding-left: 20px; font-size: 15px; color: inherit;'>\n<li style='margin-bottom: 5px;'>Monitoreo de gases t\u00f3xicos en ambientes industriales<\/li>\n<li style='margin-bottom: 5px;'>Control de seguridad en \u00e1reas con riesgo de fuga de gases<\/li>\n<li style='margin-bottom: 5px;'>Sistemas de detecci\u00f3n en espacios confinados<\/li>\n<li style='margin-bottom: 5px;'>Protecci\u00f3n en instalaciones con equipos de procesamiento de gases<\/li>\n<\/ul><\/div>\n<\/p><\/div>\n<div style='display: flex; flex-wrap: wrap; gap: 20px; margin-bottom: 30px;'>\n<div style='flex: 1 1 250px; border: 1px solid rgba(150&comma; 150&comma; 150&comma; 0.4); border-radius: 8px; overflow: hidden; display: flex; flex-direction: column;'>\n<div style='padding: 15px; border-bottom: 1px solid rgba(150&comma; 150&comma; 150&comma; 0.2); font-weight: bold; font-size: 18px; color: inherit;'>Caracter\u00edsticas T\u00e9cnicas<\/div>\n<div style='padding: 15px; color: inherit;'>\n<ul style='padding-left: 20px; margin: 0; font-size: 14px; list-style-type: disc;'>\n<li style='margin-bottom: 5px;'><strong>Tipo de sensores:<\/strong> Electroqu\u00edmicos EC<\/li>\n<li style='margin-bottom: 5px;'><strong>Distancia m\u00e1xima:<\/strong> 15 metros<\/li>\n<li style='margin-bottom: 5px;'><strong>Compatibilidad:<\/strong> Serie 3000 y XNX<\/li>\n<li style='margin-bottom: 5px;'><strong>Aplicaci\u00f3n:<\/strong> Montaje remoto<\/li>\n<\/ul><\/div>\n<\/p><\/div>\n<div style='flex: 1 1 250px; border: 1px solid rgba(150&comma; 150&comma; 150&comma; 0.4); border-radius: 8px; overflow: hidden; display: flex; flex-direction: column;'>\n<div style='padding: 15px; border-bottom: 1px solid rgba(150&comma; 150&comma; 150&comma; 0.2); font-weight: bold; font-size: 18px; color: inherit;'>Ventajas<\/div>\n<div style='padding: 15px; color: inherit;'>\n<ul style='padding-left: 20px; margin: 0; font-size: 14px; list-style-type: disc;'>\n<li style='margin-bottom: 5px;'>Permite instalaci\u00f3n remota de sensores<\/li>\n<li style='margin-bottom: 5px;'>Facilita el acceso a \u00e1reas dif\u00edciles<\/li>\n<li style='margin-bottom: 5px;'>Mantiene precisi\u00f3n de medici\u00f3n a distancia<\/li>\n<li style='margin-bottom: 5px;'>Compatible con m\u00faltiples configuraciones de sensores<\/li>\n<\/ul><\/div>\n<\/p><\/div>\n<div style='flex: 1 1 250px; border: 1px solid rgba(150&comma; 150&comma; 150&comma; 0.4); border-radius: 8px; overflow: hidden; display: flex; flex-direction: column;'>\n<div style='padding: 15px; border-bottom: 1px solid rgba(150&comma; 150&comma; 150&comma; 0.2); font-weight: bold; font-size: 18px; color: inherit;'>Comunicaci\u00f3n<\/div>\n<div style='padding: 15px; color: inherit;'>\n<ul style='padding-left: 20px; margin: 0; font-size: 14px; list-style-type: disc;'>\n<li style='margin-bottom: 5px;'>Soporta HART<\/li>\n<li style='margin-bottom: 5px;'>Comunicaci\u00f3n 4-20mA<\/li>\n<li style='margin-bottom: 5px;'>Opciones MODBUS\u00ae<\/li>\n<li style='margin-bottom: 5px;'>FOUNDATION\u00ae H1 Fieldbus<\/li>\n<\/ul><\/div>\n<\/p><\/div>\n<\/p><\/div>\n<div style='display: flex; flex-wrap: wrap; gap: 30px; margin-bottom: 30px;'>\n<div style='flex: 1 1 300px; min-width: 280px;'>\n<h3 style='font-size: 22px; border-bottom: 2px solid currentColor; padding-bottom: 5px; margin-top: 0; color: inherit; opacity: 0.8;'>Caracter\u00edsticas de Operaci\u00f3n<\/h3>\n<ul style='padding-left: 20px; font-size: 15px; color: inherit;'>\n<li style='margin-bottom: 5px;'>Operaci\u00f3n en ambientes explosivos<\/li>\n<li style='margin-bottom: 5px;'>Funcionamiento confiable en condiciones extremas<\/li>\n<li style='margin-bottom: 5px;'>F\u00e1cil integraci\u00f3n con controladores de gas<\/li>\n<li style='margin-bottom: 5px;'>Instalaci\u00f3n sencilla con opciones de 3 o 4 hilos<\/li>\n<li style='margin-bottom: 5px;'>Dise\u00f1o resistente con protecci\u00f3n NEMA 4X IP66<\/li>\n<\/ul><\/div>\n<div style='flex: 1 1 300px; min-width: 280px;'>\n<h3 style='font-size: 22px; border-bottom: 2px solid currentColor; padding-bottom: 5px; margin-top: 0; color: inherit; opacity: 0.8;'>Mantenimiento<\/h3>\n<ul style='padding-left: 20px; font-size: 15px; color: inherit;'>\n<li style='margin-bottom: 5px;'>Sensores intercambiables en campo<\/li>\n<li style='margin-bottom: 5px;'>Calibraci\u00f3n r\u00e1pida con autoinhibici\u00f3n<\/li>\n<li style='margin-bottom: 5px;'>Operaci\u00f3n no intrusiva<\/li>\n<li style='margin-bottom: 5px;'>Requiere m\u00ednimo entrenamiento<\/li>\n<li style='margin-bottom: 5px;'>Vida \u00fatil prolongada de los sensores<\/li>\n<\/ul><\/div>\n<\/p><\/div>\n<hr style='border: 0; border-top: 1px solid rgba(150&comma; 150&comma; 150&comma; 0.3); margin: 30px 0;'> <\/div>\n","protected":false},"excerpt":{"rendered":"<p>Kit De Montaje Remoto Para Sensores T\u00f3xicos Con Personalidad Electroquimica EC (15m) Para Serie 3000 y XNX<\/p>\n","protected":false},"featured_media":36428,"comment_status":"open","ping_status":"closed","template":"","meta":[],"product_brand":[],"product_cat":[987],"product_tag":[988,522,1014],"class_list":{"0":"post-36429","1":"product","2":"type-product","3":"status-publish","4":"has-post-thumbnail","6":"product_cat-detectores-de-gases","7":"product_tag-detectores-de-gases","8":"product_tag-dispositivos-convencionales","9":"product_tag-honeywell-analytics","11":"first","12":"outofstock","13":"sale","14":"shipping-taxable","15":"purchasable","16":"product-type-simple"},"_links":{"self":[{"href":"https:\/\/soydeaqui.ddns.net\/pachuca\/index.php\/wp-json\/wp\/v2\/product\/36429","targetHints":{"allow":["GET"]}}],"collection":[{"href":"https:\/\/soydeaqui.ddns.net\/pachuca\/index.php\/wp-json\/wp\/v2\/product"}],"about":[{"href":"https:\/\/soydeaqui.ddns.net\/pachuca\/index.php\/wp-json\/wp\/v2\/types\/product"}],"replies":[{"embeddable":true,"href":"https:\/\/soydeaqui.ddns.net\/pachuca\/index.php\/wp-json\/wp\/v2\/comments?post=36429"}],"wp:featuredmedia":[{"embeddable":true,"href":"https:\/\/soydeaqui.ddns.net\/pachuca\/index.php\/wp-json\/wp\/v2\/media\/36428"}],"wp:attachment":[{"href":"https:\/\/soydeaqui.ddns.net\/pachuca\/index.php\/wp-json\/wp\/v2\/media?parent=36429"}],"wp:term":[{"taxonomy":"product_brand","embeddable":true,"href":"https:\/\/soydeaqui.ddns.net\/pachuca\/index.php\/wp-json\/wp\/v2\/product_brand?post=36429"},{"taxonomy":"product_cat","embeddable":true,"href":"https:\/\/soydeaqui.ddns.net\/pachuca\/index.php\/wp-json\/wp\/v2\/product_cat?post=36429"},{"taxonomy":"product_tag","embeddable":true,"href":"https:\/\/soydeaqui.ddns.net\/pachuca\/index.php\/wp-json\/wp\/v2\/product_tag?post=36429"}],"curies":[{"name":"wp","href":"https:\/\/api.w.org\/{rel}","templated":true}]}}