{"id":36412,"date":"2026-03-18T16:06:10","date_gmt":"2026-03-18T16:06:10","guid":{"rendered":"https:\/\/soydeaqui.ddns.net\/pachuca\/index.php\/producto\/interruptor-de-estado-de-corriente-on-off-serie-hx00-0-15-200-a-salida-n-o-n-c-30-250-vac-dc-split-core-y-solid-core-ul-508-ce-5-anos-garantia\/"},"modified":"2026-03-18T16:06:11","modified_gmt":"2026-03-18T16:06:11","slug":"interruptor-de-estado-de-corriente-on-off-serie-hx00-0-15-200-a-salida-n-o-n-c-30-250-vac-dc-split-core-y-solid-core-ul-508-ce-5-anos-garantia","status":"publish","type":"product","link":"https:\/\/soydeaqui.ddns.net\/pachuca\/index.php\/producto\/interruptor-de-estado-de-corriente-on-off-serie-hx00-0-15-200-a-salida-n-o-n-c-30-250-vac-dc-split-core-y-solid-core-ul-508-ce-5-anos-garantia\/","title":{"rendered":"Interruptor de Estado de Corriente On\/Off, Serie HX00, 0.15-200 A, Salida N.O.\/N.C. 30-250 Vac\/dc, Split-core y Solid-core, UL 508, CE, 5 A\u00f1os Garant\u00eda"},"content":{"rendered":"<div style='width: 100%; max-width: 1200px; margin: 0 auto; font-family: sans-serif; line-height: 1.6; color: inherit; background-color: transparent;'>\n<div style='display: flex; flex-wrap: wrap; gap: 30px; margin-bottom: 30px;'>\n<div style='flex: 1 1 300px; min-width: 280px;'>\n<h3 style='font-size: 22px; border-bottom: 2px solid currentColor; padding-bottom: 5px; margin-top: 0; color: inherit; opacity: 0.8;'>Caracter\u00edsticas Principales<\/h3>\n<ul style='padding-left: 20px; font-size: 15px; color: inherit;'>\n<li style='margin-bottom: 5px;'>Punto de activaci\u00f3n m\u00ednimo de 0.15 A (m\u00e1s bajo de la industria)<\/li>\n<li style='margin-bottom: 5px;'>Rango de amperaje amplio: 0.15 a 200 A<\/li>\n<li style='margin-bottom: 5px;'>N\u00facleo partible para instalaci\u00f3n r\u00e1pida en retrofit<\/li>\n<li style='margin-bottom: 5px;'>Soporte montaje removible con m\u00faltiples configuraciones<\/li>\n<li style='margin-bottom: 5px;'>Operaci\u00f3n confiable en rangos -40\u00b0C a 75\u00b0C<\/li>\n<\/ul>\n<\/div>\n<div style='flex: 1 1 300px; min-width: 280px;'>\n<h3 style='font-size: 22px; border-bottom: 2px solid currentColor; padding-bottom: 5px; margin-top: 0; color: inherit; opacity: 0.8;'>Especificaciones T\u00e9cnicas<\/h3>\n<ul style='padding-left: 20px; font-size: 15px; color: inherit;'>\n<li style='margin-bottom: 5px;'><strong>Modelo:<\/strong> H800<\/li>\n<li style='margin-bottom: 5px;'><strong>Tipo de n\u00facleo:<\/strong> Solid-core<\/li>\n<li style='margin-bottom: 5px;'><strong>Rango de corriente:<\/strong> 0.25 a 200 A<\/li>\n<li style='margin-bottom: 5px;'><strong>Salida:<\/strong> N.O. 1.0 A @ 30 Vac\/dc<\/li>\n<li style='margin-bottom: 5px;'><strong>Punto de activaci\u00f3n:<\/strong> 0.25 A o menos<\/li>\n<li style='margin-bottom: 5px;'><strong>Alimentaci\u00f3n:<\/strong> Inducida de la corriente monitoreada<\/li>\n<li style='margin-bottom: 5px;'><strong>Temperatura operaci\u00f3n:<\/strong> -40 a 75\u00b0C (hasta 100 A&comma; 0.25 A status output)<\/li>\n<li style='margin-bottom: 5px;'><strong>Humedad:<\/strong> 10-90% RH sin condensaci\u00f3n<\/li>\n<li style='margin-bottom: 5px;'><strong>Aprobaciones:<\/strong> UL 508&comma; CE<\/li>\n<li style='margin-bottom: 5px;'><strong>Garant\u00eda:<\/strong> 5 a\u00f1os<\/li>\n<\/ul>\n<\/div>\n<\/div>\n<div style='display: flex; flex-wrap: wrap; gap: 20px; margin-bottom: 30px;'>\n<div style='flex: 1 1 250px; border: 1px solid rgba(150&comma; 150&comma; 150&comma; 0.4); border-radius: 8px; overflow: hidden; display: flex; flex-direction: column;'>\n<div style='padding: 15px; border-bottom: 1px solid rgba(150&comma; 150&comma; 150&comma; 0.2); font-weight: bold; font-size: 18px; color: inherit;'>Conexiones El\u00e9ctricas<\/div>\n<div style='padding: 15px; color: inherit;'>\n<ul style='padding-left: 20px; margin: 0; font-size: 14px; list-style-type: disc;'>\n<li style='margin-bottom: 5px;'><strong>Tama\u00f1o cable:<\/strong> 24 a 14 AWG<\/li>\n<li style='margin-bottom: 5px;'><strong>Par de torsi\u00f3n:<\/strong> 3.5-4.4 in-lbs<\/li>\n<li style='margin-bottom: 5px;'><strong>Tensi\u00f3n aislamiento:<\/strong> 600 Vac RMS (UL)&comma; 300 Vac RMS (CE)<\/li>\n<li style='margin-bottom: 5px;'><strong>Frecuencia:<\/strong> 50\/60 Hz&comma; hasta 115 Hz (VFD)<\/li>\n<\/ul>\n<\/div>\n<\/div>\n<div style='flex: 1 1 250px; border: 1px solid rgba(150&comma; 150&comma; 150&comma; 0.4); border-radius: 8px; overflow: hidden; display: flex; flex-direction: column;'>\n<div style='padding: 15px; border-bottom: 1px solid rgba(150&comma; 150&comma; 150&comma; 0.2); font-weight: bold; font-size: 18px; color: inherit;'>Salida de Estado<\/div>\n<div style='padding: 15px; color: inherit;'>\n<ul style='padding-left: 20px; margin: 0; font-size: 14px; list-style-type: disc;'>\n<li style='margin-bottom: 5px;'><strong>Tensi\u00f3n ca\u00edda:<\/strong> 1.9 Vdc (m\u00e1x.) @ 0.1 A<\/li>\n<li style='margin-bottom: 5px;'><strong>Fugas:<\/strong> 34 \u03bcA @ 5 Vdc&comma; 200 \u03bcA @ 30 Vdc (H800NC)<\/li>\n<li style='margin-bottom: 5px;'><strong>Indicadores LED:<\/strong> No usar como evidencia de tensi\u00f3n aplicada<\/li>\n<\/ul>\n<\/div>\n<\/div>\n<\/div>\n<div style='display: flex; flex-wrap: wrap; gap: 20px; margin-bottom: 30px;'>\n<div style='flex: 1 1 250px; border: 1px solid rgba(150&comma; 150&comma; 150&comma; 0.4); border-radius: 8px; overflow: hidden; display: flex; flex-direction: column;'>\n<div style='padding: 15px; border-bottom: 1px solid rgba(150&comma; 150&comma; 150&comma; 0.2); font-weight: bold; font-size: 18px; color: inherit;'>Aplicaciones<\/div>\n<div style='padding: 15px; color: inherit;'>\n<ul style='padding-left: 20px; margin: 0; font-size: 14px; list-style-type: disc;'>\n<li style='margin-bottom: 5px;'>Unidades de ventilaci\u00f3n<\/li>\n<li style='margin-bottom: 5px;'>Ventiladores de impulsi\u00f3n directa<\/li>\n<li style='margin-bottom: 5px;'>Unidades de ventilaci\u00f3n y bombas de recirculaci\u00f3n<\/li>\n<li style='margin-bottom: 5px;'>Cargas fijas<\/li>\n<\/ul>\n<\/div>\n<\/div>\n<div style='flex: 1 1 250px; border: 1px solid rgba(150&comma; 150&comma; 150&comma; 0.4); border-radius: 8px; overflow: hidden; display: flex; flex-direction: column;'>\n<div style='padding: 15px; border-bottom: 1px solid rgba(150&comma; 150&comma; 150&comma; 0.2); font-weight: bold; font-size: 18px; color: inherit;'>Caracter\u00edsticas de Dise\u00f1o<\/div>\n<div style='padding: 15px; color: inherit;'>\n<ul style='padding-left: 20px; margin: 0; font-size: 14px; list-style-type: disc;'>\n<li style='margin-bottom: 5px;'>Montaje removible ajustable<\/li>\n<li style='margin-bottom: 5px;'>Dise\u00f1o compacto (2.8&#8242; x 1.7&#8242;)<\/li>\n<li style='margin-bottom: 5px;'>Terminal block extendible<\/li>\n<li style='margin-bottom: 5px;'>Resistente a campos electromagn\u00e9ticos<\/li>\n<\/ul>\n<\/div>\n<\/div>\n<\/div>\n<hr style='border: 0; border-top: 1px solid rgba(150&comma; 150&comma; 150&comma; 0.3); margin: 30px 0;'><\/div>\n","protected":false},"excerpt":{"rendered":"<p>Interruptor de Estado de Corriente On\/Off, Serie HX00, 0.15-200 A, Salida N.O.\/N.C. 30-250 Vac\/dc, Split-core y Solid-core, UL 508, CE, 5 A\u00f1os Garant\u00eda<\/p>\n","protected":false},"featured_media":32,"comment_status":"open","ping_status":"closed","template":"","meta":[],"product_brand":[],"product_cat":[1034],"product_tag":[1035,1036,1037],"class_list":{"0":"post-36412","1":"product","2":"type-product","3":"status-publish","4":"has-post-thumbnail","6":"product_cat-bms-bas","7":"product_tag-bms","8":"product_tag-bms-bas","9":"product_tag-honeywell-bms","11":"first","12":"outofstock","13":"sale","14":"shipping-taxable","15":"purchasable","16":"product-type-simple"},"_links":{"self":[{"href":"https:\/\/soydeaqui.ddns.net\/pachuca\/index.php\/wp-json\/wp\/v2\/product\/36412","targetHints":{"allow":["GET"]}}],"collection":[{"href":"https:\/\/soydeaqui.ddns.net\/pachuca\/index.php\/wp-json\/wp\/v2\/product"}],"about":[{"href":"https:\/\/soydeaqui.ddns.net\/pachuca\/index.php\/wp-json\/wp\/v2\/types\/product"}],"replies":[{"embeddable":true,"href":"https:\/\/soydeaqui.ddns.net\/pachuca\/index.php\/wp-json\/wp\/v2\/comments?post=36412"}],"wp:featuredmedia":[{"embeddable":true,"href":"https:\/\/soydeaqui.ddns.net\/pachuca\/index.php\/wp-json\/wp\/v2\/media\/32"}],"wp:attachment":[{"href":"https:\/\/soydeaqui.ddns.net\/pachuca\/index.php\/wp-json\/wp\/v2\/media?parent=36412"}],"wp:term":[{"taxonomy":"product_brand","embeddable":true,"href":"https:\/\/soydeaqui.ddns.net\/pachuca\/index.php\/wp-json\/wp\/v2\/product_brand?post=36412"},{"taxonomy":"product_cat","embeddable":true,"href":"https:\/\/soydeaqui.ddns.net\/pachuca\/index.php\/wp-json\/wp\/v2\/product_cat?post=36412"},{"taxonomy":"product_tag","embeddable":true,"href":"https:\/\/soydeaqui.ddns.net\/pachuca\/index.php\/wp-json\/wp\/v2\/product_tag?post=36412"}],"curies":[{"name":"wp","href":"https:\/\/api.w.org\/{rel}","templated":true}]}}