{"id":36411,"date":"2026-03-18T16:06:09","date_gmt":"2026-03-18T16:06:09","guid":{"rendered":"https:\/\/soydeaqui.ddns.net\/pachuca\/index.php\/producto\/bocina-con-lampara-estroboscopica-para-exterior-con-configuracion-estroboscopica-seleccionable-color-rojo-3\/"},"modified":"2026-03-18T16:06:10","modified_gmt":"2026-03-18T16:06:10","slug":"bocina-con-lampara-estroboscopica-para-exterior-con-configuracion-estroboscopica-seleccionable-color-rojo-3","status":"publish","type":"product","link":"https:\/\/soydeaqui.ddns.net\/pachuca\/index.php\/producto\/bocina-con-lampara-estroboscopica-para-exterior-con-configuracion-estroboscopica-seleccionable-color-rojo-3\/","title":{"rendered":"Bocina con L\u00e1mpara Estrobosc\u00f3pica para Exterior, con Configuraci\u00f3n Estrobosc\u00f3pica Seleccionable, Color Rojo"},"content":{"rendered":"<div style='width: 100%; max-width: 1200px; margin: 0 auto; font-family: sans-serif; line-height: 1.6; color: inherit; background-color: transparent;'> <!-- Secci\u00f3n de caracter\u00edsticas principales --> <\/p>\n<div style='margin-bottom: 30px;'>\n<h2 style='font-size: 24px; border-bottom: 2px solid currentColor; padding-bottom: 5px; margin-top: 0; color: inherit; opacity: 0.8;'>CARACTER\u00cdSTICAS PRINCIPALES DEL PRODUCTO<\/h2>\n<ul style='padding-left: 20px; font-size: 15px; color: inherit; list-style-type: disc;'>\n<li style='margin-bottom: 8px;'>Carcasa NEMA 4X&comma; IP56 para exteriores resistentes<\/li>\n<li style='margin-bottom: 8px;'>Sonido intenso de 86 dB para mayor audibilidad<\/li>\n<li style='margin-bottom: 8px;'>Montaje en pared con voltaje de 25\/70 volts<\/li>\n<li style='margin-bottom: 8px;'>Estrobo configurable 12\/24 VCC con m\u00faltiples candelas<\/li>\n<li style='margin-bottom: 8px;'>Dimensiones compactas de 153 x 127 x 120 mm<\/li>\n<\/ul><\/div>\n<p> <!-- Secci\u00f3n de especificaciones --> <\/p>\n<div style='display: flex; flex-wrap: wrap; gap: 20px; margin-bottom: 30px;'>\n<div style='flex: 1 1 250px; border: 1px solid rgba(150&comma; 150&comma; 150&comma; 0.4); border-radius: 8px; overflow: hidden; display: flex; flex-direction: column;'>\n<div style='padding: 15px; border-bottom: 1px solid rgba(150&comma; 150&comma; 150&comma; 0.2); font-weight: bold; font-size: 18px; color: inherit;'>Especificaciones El\u00e9ctricas<\/div>\n<div style='padding: 15px; color: inherit;'>\n<ul style='padding-left: 20px; margin: 0; font-size: 14px; list-style-type: disc;'>\n<li style='margin-bottom: 5px;'><strong>Voltaje bocina:<\/strong> 25\/70 Volts<\/li>\n<li style='margin-bottom: 5px;'><strong>Voltaje estrobo:<\/strong> 12\/24 Vcc<\/li>\n<li style='margin-bottom: 5px;'><strong>Consumo estrobo:<\/strong> Seg\u00fan configuraci\u00f3n<\/li>\n<li style='margin-bottom: 5px;'><strong>Selecci\u00f3n de potencia:<\/strong> \u00bc&comma; \u00bd&comma; 1 y 2 Watts<\/li>\n<\/ul><\/div>\n<\/p><\/div>\n<div style='flex: 1 1 250px; border: 1px solid rgba(150&comma; 150&comma; 150&comma; 0.4); border-radius: 8px; overflow: hidden; display: flex; flex-direction: column;'>\n<div style='padding: 15px; border-bottom: 1px solid rgba(150&comma; 150&comma; 150&comma; 0.2); font-weight: bold; font-size: 18px; color: inherit;'>Caracter\u00edsticas F\u00edsicas<\/div>\n<div style='padding: 15px; color: inherit;'>\n<ul style='padding-left: 20px; margin: 0; font-size: 14px; list-style-type: disc;'>\n<li style='margin-bottom: 5px;'><strong>Grado de protecci\u00f3n:<\/strong> NEMA 4X&comma; IP56<\/li>\n<li style='margin-bottom: 5px;'><strong>Tipo de montaje:<\/strong> En pared<\/li>\n<li style='margin-bottom: 5px;'><strong>Color:<\/strong> Rojo<\/li>\n<li style='margin-bottom: 5px;'><strong>Dimensiones:<\/strong> 153 x 127 x 120 mm<\/li>\n<\/ul><\/div>\n<\/p><\/div>\n<div style='flex: 1 1 250px; border: 1px solid rgba(150&comma; 150&comma; 150&comma; 0.4); border-radius: 8px; overflow: hidden; display: flex; flex-direction: column;'>\n<div style='padding: 15px; border-bottom: 1px solid rgba(150&comma; 150&comma; 150&comma; 0.2); font-weight: bold; font-size: 18px; color: inherit;'>Caracter\u00edsticas del Sonido<\/div>\n<div style='padding: 15px; color: inherit;'>\n<ul style='padding-left: 20px; margin: 0; font-size: 14px; list-style-type: disc;'>\n<li style='margin-bottom: 5px;'><strong>Intensidad de sonido:<\/strong> 86 dB<\/li>\n<\/ul><\/div>\n<\/p><\/div>\n<div style='flex: 1 1 250px; border: 1px solid rgba(150&comma; 150&comma; 150&comma; 0.4); border-radius: 8px; overflow: hidden; display: flex; flex-direction: column;'>\n<div style='padding: 15px; border-bottom: 1px solid rgba(150&comma; 150&comma; 150&comma; 0.2); font-weight: bold; font-size: 18px; color: inherit;'>Caracter\u00edsticas del Estrobo<\/div>\n<div style='padding: 15px; color: inherit;'>\n<ul style='padding-left: 20px; margin: 0; font-size: 14px; list-style-type: disc;'>\n<li style='margin-bottom: 5px;'><strong>Selecci\u00f3n de candelas:<\/strong> 15&comma; 15\/75&comma; 30&comma; 75&comma; 95&comma; 110&comma; 115 cd<\/li>\n<\/ul><\/div>\n<\/p><\/div>\n<\/p><\/div>\n<p> <!-- Separador --> <\/p>\n<hr style='border: 0; border-top: 1px solid rgba(150&comma; 150&comma; 150&comma; 0.3); margin: 30px 0;'> <\/div>\n","protected":false},"excerpt":{"rendered":"<p>Bocina con L\u00e1mpara Estrobosc\u00f3pica para Exterior, con Configuraci\u00f3n Estrobosc\u00f3pica Seleccionable, Color Rojo<\/p>\n","protected":false},"featured_media":32,"comment_status":"open","ping_status":"closed","template":"","meta":[],"product_brand":[],"product_cat":[995],"product_tag":[997,996,468],"class_list":{"0":"post-36411","1":"product","2":"type-product","3":"status-publish","4":"has-post-thumbnail","6":"product_cat-estrobos-sirenas-bocinas-campanas","7":"product_tag-estrobos-sirenas-bocinas-campanas","8":"product_tag-notificacion-y-voceo","9":"product_tag-system-sensor","11":"first","12":"outofstock","13":"sale","14":"shipping-taxable","15":"purchasable","16":"product-type-simple"},"_links":{"self":[{"href":"https:\/\/soydeaqui.ddns.net\/pachuca\/index.php\/wp-json\/wp\/v2\/product\/36411","targetHints":{"allow":["GET"]}}],"collection":[{"href":"https:\/\/soydeaqui.ddns.net\/pachuca\/index.php\/wp-json\/wp\/v2\/product"}],"about":[{"href":"https:\/\/soydeaqui.ddns.net\/pachuca\/index.php\/wp-json\/wp\/v2\/types\/product"}],"replies":[{"embeddable":true,"href":"https:\/\/soydeaqui.ddns.net\/pachuca\/index.php\/wp-json\/wp\/v2\/comments?post=36411"}],"wp:featuredmedia":[{"embeddable":true,"href":"https:\/\/soydeaqui.ddns.net\/pachuca\/index.php\/wp-json\/wp\/v2\/media\/32"}],"wp:attachment":[{"href":"https:\/\/soydeaqui.ddns.net\/pachuca\/index.php\/wp-json\/wp\/v2\/media?parent=36411"}],"wp:term":[{"taxonomy":"product_brand","embeddable":true,"href":"https:\/\/soydeaqui.ddns.net\/pachuca\/index.php\/wp-json\/wp\/v2\/product_brand?post=36411"},{"taxonomy":"product_cat","embeddable":true,"href":"https:\/\/soydeaqui.ddns.net\/pachuca\/index.php\/wp-json\/wp\/v2\/product_cat?post=36411"},{"taxonomy":"product_tag","embeddable":true,"href":"https:\/\/soydeaqui.ddns.net\/pachuca\/index.php\/wp-json\/wp\/v2\/product_tag?post=36411"}],"curies":[{"name":"wp","href":"https:\/\/api.w.org\/{rel}","templated":true}]}}