{"id":3641,"date":"2026-03-18T06:10:18","date_gmt":"2026-03-18T06:10:18","guid":{"rendered":"https:\/\/soydeaqui.ddns.net\/pachuca\/index.php\/producto\/modulo-wifi-lite-con-gabinete-para-uso-en-energizadores-yonusa-aplicacion-sin-costo-boton-de-panico-1-salida-proposito-general\/"},"modified":"2026-03-18T06:10:21","modified_gmt":"2026-03-18T06:10:21","slug":"modulo-wifi-lite-con-gabinete-para-uso-en-energizadores-yonusa-aplicacion-sin-costo-boton-de-panico-1-salida-proposito-general","status":"publish","type":"product","link":"https:\/\/soydeaqui.ddns.net\/pachuca\/index.php\/producto\/modulo-wifi-lite-con-gabinete-para-uso-en-energizadores-yonusa-aplicacion-sin-costo-boton-de-panico-1-salida-proposito-general\/","title":{"rendered":"Modulo WIFI LITE con gabinete para uso en Energizadores YONUSA \/ Aplicaci\u00f3n sin costo \/ Bot\u00f3n de P\u00e1nico\/ 1 Salida Prop\u00f3sito General"},"content":{"rendered":"<div style='width: 100%; max-width: 1200px; margin: 0 auto; font-family: sans-serif; line-height: 1.6; color: inherit; background-color: transparent;'>\n<div style='width: 100%; margin: 20px 0;'> <img style='width: 100%; height: auto; border: 1px solid rgba(150&comma;150&comma;150&comma;0.3); border-radius: 8px;' src='https:\/\/ftp3.syscom.mx\/usuarios\/vvega\/yonusa\/equipos\/tarjetwifiv2\/Encabezado Nombres WIFI.jpg' alt=''> <\/div>\n<p style='color: #333333; background-color: #ffffff; font-size: 14px;'> El m\u00f3dulo WIFI es un dispositivo que ofrece un sistema ON\/OFF de actuadores controlados de forma remota por medio de nuestro dispositivo m\u00f3vil lo cual nos permite darle un sinf\u00edn de usos al dispositivo. <\/p>\n<div style='margin: 20px 0;'>\n<p style='margin: 8px 0;'> <span style='font-weight: bold;'>NOTA:<\/span> Puede hacer uso de nuestra herramienta <a href='https:\/\/www.syscom.mx\/soporte\/calculador_cercos_electricos' target='_blank' rel='noopener' style='color: inherit; text-decoration: underline;'>CALCULADOR DE CERCOS ELECTRICOS<\/a> para obtener un estimado de material que se requiere para determinado perimetro&comma; asi como el energizador idoneo para dicha instalacion. <\/p>\n<p style='margin: 8px 0;'> <span style='font-weight: bold;'>NOTA2:<\/span> NO es compatible con energizador <span style='font-weight: bold;'>SYSNGHS<\/span> <\/p>\n<\/p><\/div>\n<div style='display: flex; flex-wrap: wrap; gap: 30px; margin: 30px 0;'>\n<div style='flex: 1 1 300px; min-width: 280px; border-left: 5px solid #0091ff; border-radius: 5px; padding: 5px; box-shadow: 2px 2px 10px rgba(216&comma;216&comma;216&comma;0.3);'>\n<h3 style='font-size: 20px; margin-top: 0; margin-bottom: 15px; color: inherit; font-weight: bold;'>Funcionalidad<\/h3>\n<ul style='padding-left: 20px; font-size: 14px; color: inherit;'>\n<li style='margin-bottom: 5px;'>Compatible con los energizadores SYSNGV3&comma; SYS12000\/127AFV2 y SYS12000\/127V3.<\/li>\n<li style='margin-bottom: 5px;'>Controlar el Encendido \/ Apagado de un energizador.<\/li>\n<li style='margin-bottom: 5px;'>Historial de eventos.<\/li>\n<li style='margin-bottom: 5px;'>Notificacion inmediata en caso de corte o aterramiento de linea de cerco.<\/li>\n<li style='margin-bottom: 5px;'>Boton de Panico en la APP.<\/li>\n<li style='margin-bottom: 5px;'>Control del encendido o apagado de un relevador de prop\u00f3sito general.<\/li>\n<li style='margin-bottom: 5px;'>Notificacion de bateria baja o desconexion de AC.<\/li>\n<li style='margin-bottom: 5px;'>Compartir APP con hasta 20 usuarios (control de persmisos&comma; 1 solo Admin).<\/li>\n<\/ul><\/div>\n<div style='flex: 1 1 300px; min-width: 280px; border-left: 5px solid #0091ff; border-radius: 5px; padding: 5px; box-shadow: 2px 2px 10px rgba(216&comma;216&comma;216&comma;0.3);'>\n<h3 style='font-size: 20px; margin-top: 0; margin-bottom: 15px; color: inherit; font-weight: bold;'>Caracter\u00edsticas F\u00edsicas y El\u00e9ctricas<\/h3>\n<ul style='padding-left: 20px; font-size: 14px; color: inherit;'>\n<li style='margin-bottom: 5px;'><strong>Fuente de alimentacion:<\/strong> Entrada 12 Vdc 1A<\/li>\n<li style='margin-bottom: 5px;'><strong>Estandal WIFI:<\/strong> 805.11 b\/g\/n<\/li>\n<li style='margin-bottom: 5px;'><strong>Frec. de comunicaci\u00f3n:<\/strong> 2.4 GHz.<\/li>\n<li style='margin-bottom: 5px;'><strong>Velocidad de transferencia de datos:<\/strong> 130Mb\/s<\/li>\n<li style='margin-bottom: 5px;'><strong>Cifrado:<\/strong> WPA&comma; WPA-2&comma; TKIP<\/li>\n<li style='margin-bottom: 5px;'><strong>Canales de frecuencia datos:<\/strong> 1&comma; 6&comma; 11.<\/li>\n<li style='margin-bottom: 5px;'><strong>Potencia de conexion recomendada:<\/strong> 55 &#8211; 75 dBm<\/li>\n<li style='margin-bottom: 5px;'><strong>Intervalo de temperatura:<\/strong> -30 a 60 \u00b0C<\/li>\n<li style='margin-bottom: 5px;'><strong>Capacidad de Relevador:<\/strong> 120Vac 10A.<\/li>\n<li style='margin-bottom: 5px;'><strong>Dimensiones:<\/strong> 14 x 19 x 7 cm<\/li>\n<li style='margin-bottom: 5px;'><strong>Grado de proteccion gabinete:<\/strong> IP55<\/li>\n<\/ul><\/div>\n<div style='flex: 1 1 300px; min-width: 280px; border-left: 5px solid #0091ff; border-radius: 5px; padding: 5px; box-shadow: 2px 2px 10px rgba(216&comma;216&comma;216&comma;0.3);'>\n<h3 style='font-size: 20px; margin-top: 0; margin-bottom: 15px; color: inherit; font-weight: bold;'>Caracter\u00edsticas Destacadas<\/h3>\n<p style='margin-top: 0;'>El principal uso y objetivo del m\u00f3dulo WIFI es el control y monitoreo de los energizadires YONUSA (Cercos el\u00e9ctricos).<\/p>\n<p>El m\u00f3dulo WIFI se conecta al energizador por medio de conexiones a trav\u00e9s de la kulka de ambos dispositivos permitiendo el encendido y apagado del mismo por medio del bot\u00f3n de control en la aplicaci\u00f3n&comma; notificando al usuario en tiempo real de la acci\u00f3n realizada desde la aplicaci\u00f3n.<\/p>\n<p>Adem\u00e1s&comma; la aplicaci\u00f3n cuenta con un bot\u00f3n de p\u00e1nico para controlar el encendido y apagado de la sirena al igual que proporciona una notificaci\u00f3n en el instante que se activa la sirena a causa del energizador<\/p>\n<p style='font-style: italic; margin-bottom: 0;'>NOTA: se recomienda utilizar alambre de aluminio calibre 14 o 16<\/p>\n<\/p><\/div>\n<\/p><\/div>\n<div style='width: 100%; margin: 30px 0;'> <img style='width: 100%; height: auto; border: 1px solid rgba(150&comma;150&comma;150&comma;0.3); border-radius: 8px;' src='https:\/\/ftp3.syscom.mx\/usuarios\/vvega\/yonusa\/equipos\/tarjetwifilite\/Linea%20Divisoria.jpg' alt=''> <\/div>\n<div style='width: 100%; margin: 30px 0;'> <img style='width: 100%; height: auto; border: 1px solid rgba(150&comma;150&comma;150&comma;0.3); border-radius: 8px;' src='https:\/\/ftp3.syscom.mx\/usuarios\/vvega\/yonusa\/equipos\/tarjetwifiv2\/tarjetwifiv2%20-%20Instalacion.jpg' alt=''> <\/div>\n<hr style='border: 0; border-top: 1px solid rgba(150&comma; 150&comma; 150&comma; 0.3); margin: 30px 0;'> <\/div>\n","protected":false},"excerpt":{"rendered":"<p>Modulo WIFI LITE con gabinete para uso en Energizadores YONUSA \/ Aplicaci\u00f3n sin costo \/ Bot\u00f3n de P\u00e1nico\/ 1 Salida Prop\u00f3sito General<\/p>\n","protected":false},"featured_media":3640,"comment_status":"open","ping_status":"closed","template":"","meta":[],"product_brand":[],"product_cat":[81],"product_tag":[82,83,84],"class_list":{"0":"post-3641","1":"product","2":"type-product","3":"status-publish","4":"has-post-thumbnail","6":"product_cat-energizadores","7":"product_tag-cercas-electricas","8":"product_tag-energizadores","9":"product_tag-yonusa","11":"first","12":"instock","13":"sale","14":"shipping-taxable","15":"purchasable","16":"product-type-simple"},"_links":{"self":[{"href":"https:\/\/soydeaqui.ddns.net\/pachuca\/index.php\/wp-json\/wp\/v2\/product\/3641","targetHints":{"allow":["GET"]}}],"collection":[{"href":"https:\/\/soydeaqui.ddns.net\/pachuca\/index.php\/wp-json\/wp\/v2\/product"}],"about":[{"href":"https:\/\/soydeaqui.ddns.net\/pachuca\/index.php\/wp-json\/wp\/v2\/types\/product"}],"replies":[{"embeddable":true,"href":"https:\/\/soydeaqui.ddns.net\/pachuca\/index.php\/wp-json\/wp\/v2\/comments?post=3641"}],"wp:featuredmedia":[{"embeddable":true,"href":"https:\/\/soydeaqui.ddns.net\/pachuca\/index.php\/wp-json\/wp\/v2\/media\/3640"}],"wp:attachment":[{"href":"https:\/\/soydeaqui.ddns.net\/pachuca\/index.php\/wp-json\/wp\/v2\/media?parent=3641"}],"wp:term":[{"taxonomy":"product_brand","embeddable":true,"href":"https:\/\/soydeaqui.ddns.net\/pachuca\/index.php\/wp-json\/wp\/v2\/product_brand?post=3641"},{"taxonomy":"product_cat","embeddable":true,"href":"https:\/\/soydeaqui.ddns.net\/pachuca\/index.php\/wp-json\/wp\/v2\/product_cat?post=3641"},{"taxonomy":"product_tag","embeddable":true,"href":"https:\/\/soydeaqui.ddns.net\/pachuca\/index.php\/wp-json\/wp\/v2\/product_tag?post=3641"}],"curies":[{"name":"wp","href":"https:\/\/api.w.org\/{rel}","templated":true}]}}