{"id":36398,"date":"2026-03-18T16:05:51","date_gmt":"2026-03-18T16:05:51","guid":{"rendered":"https:\/\/soydeaqui.ddns.net\/pachuca\/index.php\/producto\/detector-de-llama-uv-ir-con-video-hd-txp-fde-deteccion-ultra-rapida-5-ms-inmune-a-falsas-alarmas-video-color-hd-100-ft-4-20ma-y-modbus-rs-485-tres-contactos-de-rele-proteccion-ip66-68\/"},"modified":"2026-03-18T16:05:51","modified_gmt":"2026-03-18T16:05:51","slug":"detector-de-llama-uv-ir-con-video-hd-txp-fde-deteccion-ultra-rapida-5-ms-inmune-a-falsas-alarmas-video-color-hd-100-ft-4-20ma-y-modbus-rs-485-tres-contactos-de-rele-proteccion-ip66-68","status":"publish","type":"product","link":"https:\/\/soydeaqui.ddns.net\/pachuca\/index.php\/producto\/detector-de-llama-uv-ir-con-video-hd-txp-fde-deteccion-ultra-rapida-5-ms-inmune-a-falsas-alarmas-video-color-hd-100-ft-4-20ma-y-modbus-rs-485-tres-contactos-de-rele-proteccion-ip66-68\/","title":{"rendered":"Detector de Llama UV\/IR con Video HD TXP-FDE \/ Detecci\u00f3n Ultra-R\u00e1pida 5 ms \/ Inmune a Falsas Alarmas \/ Video Color HD 100 ft \/ 4-20mA y Modbus RS-485 \/ Tres Contactos de Rel\u00e9 \/ Protecci\u00f3n IP66 &#038; 68 \/ Certificaciones ATEX IE"},"content":{"rendered":"<div style='width: 100%; max-width: 1200px; margin: 0 auto; font-family: sans-serif; line-height: 1.6; color: inherit; background-color: transparent;'> <!-- Secci\u00f3n de overview --> <\/p>\n<div style='margin-bottom: 30px;'>\n<p style='font-size: 18px; line-height: 1.6; color: inherit; margin-bottom: 15px;'> El detector de llama TXP-FDE UV\/IR-HD de TracXP (divisi\u00f3n industrial de Macurco) ofrece detecci\u00f3n ultra-r\u00e1pida y confiable de una amplia variedad de incendios incluyendo hidrocarburos (visibles y no visibles)&comma; H2 y mezclas CH4\/H2. Utiliza tecnolog\u00eda mejorada UV e IR que opera en todas las condiciones clim\u00e1ticas y de luz&comma; detectando tanto incendios de crecimiento lento como erupciones explosivas r\u00e1pidas. El modelo HD proporciona video a color de alta definici\u00f3n del \u00e1rea monitoreada con im\u00e1genes claras de eventos de incendio y personal a distancias de hasta 100 pies (30 metros). <\/p>\n<\/p><\/div>\n<p> <!-- Secci\u00f3n de caracter\u00edsticas principales --> <\/p>\n<div style='margin-bottom: 30px;'>\n<h2 style='font-size: 24px; font-weight: 600; margin-bottom: 15px; color: inherit; opacity: 0.9;'>Caracter\u00edsticas Principales<\/h2>\n<div style='display: flex; flex-wrap: wrap; gap: 20px;'>\n<div style='flex: 1 1 300px; min-width: 280px; border: 1px solid rgba(150&comma; 150&comma; 150&comma; 0.4); border-radius: 8px; overflow: hidden; display: flex; flex-direction: column;'>\n<div style='padding: 15px; border-bottom: 1px solid rgba(150&comma; 150&comma; 150&comma; 0.2); font-weight: bold; font-size: 18px; color: inherit;'>Caracter\u00edsticas<\/div>\n<div style='padding: 15px; color: inherit;'>\n<ul style='padding-left: 20px; margin: 0; font-size: 14px; list-style-type: disc;'>\n<li style='margin-bottom: 5px;'>Detecci\u00f3n ultra-r\u00e1pida en 5 ms para explosiones y eventos de fuego repentinos<\/li>\n<li style='margin-bottom: 5px;'>Alta inmunidad a falsas alarmas con tecnolog\u00eda UV\/IR mejorada<\/li>\n<li style='margin-bottom: 5px;'>Video a color de alta definici\u00f3n con grabaci\u00f3n autom\u00e1tica de eventos de incendio<\/li>\n<li style='margin-bottom: 5px;'>Detecci\u00f3n de m\u00faltiples combustibles: hidrocarburos&comma; hidr\u00f3geno&comma; metano&comma; LPG&comma; diesel&comma; jet fuel&comma; alcoholes y m\u00e1s<\/li>\n<li style='margin-bottom: 5px;'>Tres contactos de rel\u00e9 (dos para alarma y uno para falla) con capacidad de 2A @ 30 VDC<\/li>\n<li style='margin-bottom: 5px;'>Salidas anal\u00f3gicas 4-20mA y digital Modbus RS-485 RTU<\/li>\n<li style='margin-bottom: 5px;'>Memoria no vol\u00e1til para almacenamiento de videos y logs de eventos<\/li>\n<li style='margin-bottom: 5px;'>Pruebas internas autom\u00e1ticas y manuales para claridad de ventana y operaci\u00f3n<\/li>\n<li style='margin-bottom: 5px;'>Calentador de ventana para evitar formaci\u00f3n de hielo y condensaci\u00f3n<\/li>\n<li style='margin-bottom: 5px;'>Montaje de inclinaci\u00f3n incluido para ajustes en dos ejes<\/li>\n<\/ul><\/div>\n<\/p><\/div>\n<\/p><\/div>\n<\/p><\/div>\n<p> <!-- Secci\u00f3n de detalles t\u00e9cnicos --> <\/p>\n<div style='margin-bottom: 30px;'>\n<h2 style='font-size: 24px; font-weight: 600; margin-bottom: 15px; color: inherit; opacity: 0.9;'>Detalles T\u00e9cnicos<\/h2>\n<div style='display: flex; flex-wrap: wrap; gap: 20px;'>\n<div style='flex: 1 1 300px; min-width: 280px; border: 1px solid rgba(150&comma; 150&comma; 150&comma; 0.4); border-radius: 8px; overflow: hidden; display: flex; flex-direction: column;'>\n<div style='padding: 15px; border-bottom: 1px solid rgba(150&comma; 150&comma; 150&comma; 0.2); font-weight: bold; font-size: 18px; color: inherit;'>Especificaciones<\/div>\n<div style='padding: 15px; color: inherit;'>\n<ul style='padding-left: 20px; margin: 0; font-size: 14px; list-style-type: disc;'>\n<li style='margin-bottom: 5px;'>Dimensiones: 7.87&#8242; (L) x 5.12&#8242; (W) x 5.12&#8242; (H)<\/li>\n<li style='margin-bottom: 5px;'>Peso: 15.2 lbs (6.9 kg)<\/li>\n<li style='margin-bottom: 5px;'>Tiempo de respuesta: 5 ms para explosiones&comma; 1.5s a 0-50 ft para fuego n-heptano 1&#215;1 ft<\/li>\n<li style='margin-bottom: 5px;'>Campo de visi\u00f3n: 90\u00b0 Horizontal y 80\u00b0 Vertical<\/li>\n<li style='margin-bottom: 5px;'>Retardo de tiempo ajustable: 0-30 segundos<\/li>\n<li style='margin-bottom: 5px;'>Rango de temperatura: -67\u00b0F a +185\u00b0F (-55\u00b0C a +85\u00b0C)<\/li>\n<li style='margin-bottom: 5px;'>Humedad: Hasta 99% (RH)&comma; no condensante<\/li>\n<li style='margin-bottom: 5px;'>Protecci\u00f3n de ingreso: IP66 &#038; 68 (2m&comma; 24hr); NEMA 4X &#038; 6P<\/li>\n<li style='margin-bottom: 5px;'>Opciones de sensibilidad: Extreme&comma; High&comma; Medium y Low<\/li>\n<li style='margin-bottom: 5px;'>Prueba incorporada: Autom\u00e1tica y Manual<\/li>\n<\/ul><\/div>\n<\/p><\/div>\n<div style='flex: 1 1 300px; min-width: 280px; border: 1px solid rgba(150&comma; 150&comma; 150&comma; 0.4); border-radius: 8px; overflow: hidden; display: flex; flex-direction: column;'>\n<div style='padding: 15px; border-bottom: 1px solid rgba(150&comma; 150&comma; 150&comma; 0.2); font-weight: bold; font-size: 18px; color: inherit;'>Interfaces y Conectividad<\/div>\n<div style='padding: 15px; color: inherit;'>\n<ul style='padding-left: 20px; margin: 0; font-size: 14px; list-style-type: disc;'>\n<li style='margin-bottom: 5px;'>Voltaje de operaci\u00f3n: 18-32 VDC<\/li>\n<li style='margin-bottom: 5px;'>Corriente en espera: 180 mA<\/li>\n<li style='margin-bottom: 5px;'>Corriente m\u00e1xima: 300 mA<\/li>\n<li style='margin-bottom: 5px;'>Entradas de conduit: 2 x 3\/4&#8242; NPT o M25x1.5<\/li>\n<li style='margin-bottom: 5px;'>Cableado: 12-20 AWG<\/li>\n<li style='margin-bottom: 5px;'>Rel\u00e9s: 3 x SPST 2A @ 30 VDC<\/li>\n<li style='margin-bottom: 5px;'>Salida anal\u00f3gica: 4-20 mA (sink o source)<\/li>\n<li style='margin-bottom: 5px;'>Salida digital: Modbus RS-485 RTU<\/li>\n<li style='margin-bottom: 5px;'>LED: Tri-color (Verde&comma; Amarillo y Rojo)<\/li>\n<li style='margin-bottom: 5px;'>Video: Color HD est\u00e1ndar y video compuesto NTSC\/PAL<\/li>\n<li style='margin-bottom: 5px;'>Protocolo de integraci\u00f3n: ONVIF (Open Network Video Interface Forum)<\/li>\n<li style='margin-bottom: 5px;'>Video digital: Red IP IEEE 802.3 100Base-T<\/li>\n<\/ul><\/div>\n<\/p><\/div>\n<\/p><\/div>\n<\/p><\/div>\n<p> <!-- Separador --> <\/p>\n<hr style='border: 0; border-top: 1px solid rgba(150&comma; 150&comma; 150&comma; 0.3); margin: 30px 0;'> <!-- Secci\u00f3n de aplicaciones y casos de uso --> <\/p>\n<div style='margin-bottom: 30px;'>\n<h2 style='font-size: 24px; font-weight: 600; margin-bottom: 15px; color: inherit; opacity: 0.9;'>Aplicaciones y Casos de Uso<\/h2>\n<div style='display: flex; flex-wrap: wrap; gap: 20px;'>\n<div style='flex: 1 1 300px; min-width: 280px; border: 1px solid rgba(150&comma; 150&comma; 150&comma; 0.4); border-radius: 8px; overflow: hidden; display: flex; flex-direction: column;'>\n<div style='padding: 15px; border-bottom: 1px solid rgba(150&comma; 150&comma; 150&comma; 0.2); font-weight: bold; font-size: 18px; color: inherit;'>Industria Petrolera y Gas<\/div>\n<div style='padding: 15px; color: inherit;'>\n<ul style='padding-left: 20px; margin: 0; font-size: 14px; list-style-type: disc;'>\n<li style='margin-bottom: 5px;'>Plantas de petr\u00f3leo y gas<\/li>\n<li style='margin-bottom: 5px;'>Almacenamiento de combustible y estaciones de bombeo<\/li>\n<li style='margin-bottom: 5px;'>Petroqu\u00edmica<\/li>\n<li style='margin-bottom: 5px;'>Compresi\u00f3n de pipeline<\/li>\n<\/ul><\/div>\n<\/p><\/div>\n<div style='flex: 1 1 300px; min-width: 280px; border: 1px solid rgba(150&comma; 150&comma; 150&comma; 0.4); border-radius: 8px; overflow: hidden; display: flex; flex-direction: column;'>\n<div style='padding: 15px; border-bottom: 1px solid rgba(150&comma; 150&comma; 150&comma; 0.2); font-weight: bold; font-size: 18px; color: inherit;'>Instalaciones Industriales<\/div>\n<div style='padding: 15px; color: inherit;'>\n<ul style='padding-left: 20px; margin: 0; font-size: 14px; list-style-type: disc;'>\n<li style='margin-bottom: 5px;'>Talleres de soldadura por arco<\/li>\n<li style='margin-bottom: 5px;'>Hangares de aviones<\/li>\n<li style='margin-bottom: 5px;'>Instalaciones de mantenimiento<\/li>\n<li style='margin-bottom: 5px;'>Pulpa y papel<\/li>\n<li style='margin-bottom: 5px;'>Generaci\u00f3n de energ\u00eda<\/li>\n<li style='margin-bottom: 5px;'>Almacenamiento<\/li>\n<li style='margin-bottom: 5px;'>Industria general<\/li>\n<\/ul><\/div>\n<\/p><\/div>\n<div style='flex: 1 1 300px; min-width: 280px; border: 1px solid rgba(150&comma; 150&comma; 150&comma; 0.4); border-radius: 8px; overflow: hidden; display: flex; flex-direction: column;'>\n<div style='padding: 15px; border-bottom: 1px solid rgba(150&comma; 150&comma; 150&comma; 0.2); font-weight: bold; font-size: 18px; color: inherit;'>Ambientes Peligrosos<\/div>\n<div style='padding: 15px; color: inherit;'>\n<ul style='padding-left: 20px; margin: 0; font-size: 14px; list-style-type: disc;'>\n<li style='margin-bottom: 5px;'>Detecci\u00f3n de llamas de hidrocarburo y no hidrocarburo<\/li>\n<li style='margin-bottom: 5px;'>\u00c1reas con riesgo de explosi\u00f3n<\/li>\n<li style='margin-bottom: 5px;'>Ambientes industriales severos<\/li>\n<li style='margin-bottom: 5px;'>Ubicaciones clasificadas como peligrosas<\/li>\n<\/ul><\/div>\n<\/p><\/div>\n<\/p><\/div>\n<\/p><\/div>\n<\/p><\/div>\n","protected":false},"excerpt":{"rendered":"<p>Detector de Llama UV\/IR con Video HD TXP-FDE \/ Detecci\u00f3n Ultra-R\u00e1pida 5 ms \/ Inmune a Falsas Alarmas \/ Video Color HD 100 ft \/ 4-20mA y Modbus RS-485 \/ Tres Contactos de Rel\u00e9 \/ Protecci\u00f3n IP66 &#038; 68 \/ Certificaciones ATEX IE<\/p>\n","protected":false},"featured_media":32,"comment_status":"open","ping_status":"closed","template":"","meta":[],"product_brand":[],"product_cat":[987],"product_tag":[988,522,989],"class_list":{"0":"post-36398","1":"product","2":"type-product","3":"status-publish","4":"has-post-thumbnail","6":"product_cat-detectores-de-gases","7":"product_tag-detectores-de-gases","8":"product_tag-dispositivos-convencionales","9":"product_tag-macurco-aerionics","11":"first","12":"outofstock","13":"sale","14":"shipping-taxable","15":"purchasable","16":"product-type-simple"},"_links":{"self":[{"href":"https:\/\/soydeaqui.ddns.net\/pachuca\/index.php\/wp-json\/wp\/v2\/product\/36398","targetHints":{"allow":["GET"]}}],"collection":[{"href":"https:\/\/soydeaqui.ddns.net\/pachuca\/index.php\/wp-json\/wp\/v2\/product"}],"about":[{"href":"https:\/\/soydeaqui.ddns.net\/pachuca\/index.php\/wp-json\/wp\/v2\/types\/product"}],"replies":[{"embeddable":true,"href":"https:\/\/soydeaqui.ddns.net\/pachuca\/index.php\/wp-json\/wp\/v2\/comments?post=36398"}],"wp:featuredmedia":[{"embeddable":true,"href":"https:\/\/soydeaqui.ddns.net\/pachuca\/index.php\/wp-json\/wp\/v2\/media\/32"}],"wp:attachment":[{"href":"https:\/\/soydeaqui.ddns.net\/pachuca\/index.php\/wp-json\/wp\/v2\/media?parent=36398"}],"wp:term":[{"taxonomy":"product_brand","embeddable":true,"href":"https:\/\/soydeaqui.ddns.net\/pachuca\/index.php\/wp-json\/wp\/v2\/product_brand?post=36398"},{"taxonomy":"product_cat","embeddable":true,"href":"https:\/\/soydeaqui.ddns.net\/pachuca\/index.php\/wp-json\/wp\/v2\/product_cat?post=36398"},{"taxonomy":"product_tag","embeddable":true,"href":"https:\/\/soydeaqui.ddns.net\/pachuca\/index.php\/wp-json\/wp\/v2\/product_tag?post=36398"}],"curies":[{"name":"wp","href":"https:\/\/api.w.org\/{rel}","templated":true}]}}