{"id":36377,"date":"2026-03-18T16:05:21","date_gmt":"2026-03-18T16:05:21","guid":{"rendered":"https:\/\/soydeaqui.ddns.net\/pachuca\/index.php\/producto\/detector-de-flama-de-triple-ir-graba-video-para-analisis\/"},"modified":"2026-03-18T16:05:22","modified_gmt":"2026-03-18T16:05:22","slug":"detector-de-flama-de-triple-ir-graba-video-para-analisis","status":"publish","type":"product","link":"https:\/\/soydeaqui.ddns.net\/pachuca\/index.php\/producto\/detector-de-flama-de-triple-ir-graba-video-para-analisis\/","title":{"rendered":"Detector de Flama de Triple IR | Graba V\u00eddeo para an\u00e1lisis"},"content":{"rendered":"<div style='width: 100%; max-width: 1200px; margin: 0 auto; font-family: sans-serif; line-height: 1.6; color: inherit;'>\n<div style='margin-bottom: 30px;'>\n<h2 style='font-size: 24px; margin-top: 0; color: inherit; opacity: 0.8;'>Detector de Flama por FGD<\/h2>\n<p style='font-size: 15px; margin-bottom: 15px; color: inherit;'>El nuevo detector de llama triple IR TracXP TXP-FDE IR3-HD garantiza la mayor inmunidad a falsas alarmas y proporciona una respuesta ultra r\u00e1pida&comma; alto rendimiento y detecci\u00f3n confiable de todo tipo de incendios de hidrocarburos (visibles y no visibles). El detector se ocupa de los incendios de crecimiento lento&comma; as\u00ed como r\u00e1pida erupci\u00f3n del fuego gracias a la tecnolog\u00eda mejorada de triple IR (IR3). La grabaci\u00f3n integral de eventos proporciona \u00faltima herramienta de seguridad para proteger a su personal&comma; planta y procesos. La alta definici\u00f3n del IR3-HD.<\/p>\n<p style='font-size: 15px; margin-bottom: 15px; color: inherit;'>La c\u00e1mara permite obtener im\u00e1genes n\u00edtidas del fuego y del personal a una distancia de 100 pies (30 m). Grabaci\u00f3n de video de un minuto antes del evento y hasta tres minutos despu\u00e9s del evento proporciona documentaci\u00f3n visual del evento.<\/p>\n<p style='font-size: 15px; margin-bottom: 0; color: inherit;'>La transmisi\u00f3n de DVR \/ NVR proporciona un plan de equipo de respuesta de informaci\u00f3n de ataque&comma; as\u00ed como posterior al evento&comma; revisi\u00f3n y evaluaci\u00f3n de la respuesta con fines de capacitaci\u00f3n.<\/p>\n<\/p><\/div>\n<div style='display: flex; flex-wrap: wrap; gap: 30px; margin-bottom: 30px;'>\n<div style='flex: 1 1 300px; min-width: 280px;'>\n<h3 style='font-size: 22px; border-bottom: 2px solid currentColor; padding-bottom: 5px; margin-top: 0; color: inherit; opacity: 0.8;'>Caracter\u00edsticas Clave<\/h3>\n<ul style='padding-left: 20px; font-size: 15px; color: inherit;'>\n<li style='margin-bottom: 5px;'>Sensibilidad extrema: hasta 260 pies<\/li>\n<li style='margin-bottom: 5px;'>1.3 segundos de tiempo de detecci\u00f3n para 1ft<sup>2<\/sup><\/li>\n<li style='margin-bottom: 5px;'>Modo de detecci\u00f3n ultrarr\u00e1pido: detecci\u00f3n dentro 40 milisegundos para bolas de fuego o explosiones<\/li>\n<li style='margin-bottom: 5px;'>Alta inmunidad a falsas alarmas<\/li>\n<li style='margin-bottom: 5px;'>Salida de video HD con video HD autom\u00e1tico registro de eventos de incendio<\/li>\n<li style='margin-bottom: 5px;'>Registrador de datos \/ eventos: alarmas&comma; fallas&comma; etc.<\/li>\n<li style='margin-bottom: 5px;'>Prueba incorporada (BIT) autom\u00e1tica y manual prueba de limpieza y funcionamiento de ventanas<\/li>\n<li style='margin-bottom: 5px;'>Calentador de ventana para evitar la condensaci\u00f3n y la formaci\u00f3n de hielo<\/li>\n<li style='margin-bottom: 5px;'>Se puede conectar un soporte de montaje inclinado por encima o por debajo del detector<\/li>\n<\/ul><\/div>\n<\/p><\/div>\n<div style='display: flex; flex-wrap: wrap; gap: 30px; margin-bottom: 30px;'>\n<div style='flex: 1 1 300px; min-width: 280px;'>\n<h3 style='font-size: 22px; border-bottom: 2px solid currentColor; padding-bottom: 5px; margin-top: 0; color: inherit; opacity: 0.8;'>Aplicaciones<\/h3>\n<ul style='padding-left: 20px; font-size: 15px; color: inherit;'>\n<li style='margin-bottom: 5px;'>Gas de petr\u00f3leo<\/li>\n<li style='margin-bottom: 5px;'>Instalaciones de almacenamiento de combustible y terminales<\/li>\n<li style='margin-bottom: 5px;'>Refino y producci\u00f3n qu\u00edmica<\/li>\n<li style='margin-bottom: 5px;'>Compresi\u00f3n de tuber\u00edas<\/li>\n<li style='margin-bottom: 5px;'>La extracci\u00f3n de petr\u00f3leo<\/li>\n<li style='margin-bottom: 5px;'>Hangares de aeronaves y instalaciones de mantenimiento<\/li>\n<li style='margin-bottom: 5px;'>Papel de pulpa<\/li>\n<li style='margin-bottom: 5px;'>Generaci\u00f3n de energ\u00eda<\/li>\n<li style='margin-bottom: 5px;'>Almacenaje<\/li>\n<li style='margin-bottom: 5px;'>Industria en general<\/li>\n<\/ul><\/div>\n<\/p><\/div>\n<div style='margin-bottom: 30px;'>\n<div style='position: relative; padding-bottom: 56.25%; height: 0; overflow: hidden; margin-bottom: 30px;'>   <\/div>\n<\/p><\/div>\n<\/p><\/div>\n","protected":false},"excerpt":{"rendered":"<p>Detector de Flama de Triple IR | Graba V\u00eddeo para an\u00e1lisis<\/p>\n","protected":false},"featured_media":36376,"comment_status":"open","ping_status":"closed","template":"","meta":[],"product_brand":[],"product_cat":[985],"product_tag":[978,986,989],"class_list":{"0":"post-36377","1":"product","2":"type-product","3":"status-publish","4":"has-post-thumbnail","6":"product_cat-detectores-de-flama","7":"product_tag-aplicaciones-especiales","8":"product_tag-detectores-de-flama","9":"product_tag-macurco-aerionics","11":"first","12":"outofstock","13":"sale","14":"shipping-taxable","15":"purchasable","16":"product-type-simple"},"_links":{"self":[{"href":"https:\/\/soydeaqui.ddns.net\/pachuca\/index.php\/wp-json\/wp\/v2\/product\/36377","targetHints":{"allow":["GET"]}}],"collection":[{"href":"https:\/\/soydeaqui.ddns.net\/pachuca\/index.php\/wp-json\/wp\/v2\/product"}],"about":[{"href":"https:\/\/soydeaqui.ddns.net\/pachuca\/index.php\/wp-json\/wp\/v2\/types\/product"}],"replies":[{"embeddable":true,"href":"https:\/\/soydeaqui.ddns.net\/pachuca\/index.php\/wp-json\/wp\/v2\/comments?post=36377"}],"wp:featuredmedia":[{"embeddable":true,"href":"https:\/\/soydeaqui.ddns.net\/pachuca\/index.php\/wp-json\/wp\/v2\/media\/36376"}],"wp:attachment":[{"href":"https:\/\/soydeaqui.ddns.net\/pachuca\/index.php\/wp-json\/wp\/v2\/media?parent=36377"}],"wp:term":[{"taxonomy":"product_brand","embeddable":true,"href":"https:\/\/soydeaqui.ddns.net\/pachuca\/index.php\/wp-json\/wp\/v2\/product_brand?post=36377"},{"taxonomy":"product_cat","embeddable":true,"href":"https:\/\/soydeaqui.ddns.net\/pachuca\/index.php\/wp-json\/wp\/v2\/product_cat?post=36377"},{"taxonomy":"product_tag","embeddable":true,"href":"https:\/\/soydeaqui.ddns.net\/pachuca\/index.php\/wp-json\/wp\/v2\/product_tag?post=36377"}],"curies":[{"name":"wp","href":"https:\/\/api.w.org\/{rel}","templated":true}]}}