{"id":36313,"date":"2026-03-18T16:03:46","date_gmt":"2026-03-18T16:03:46","guid":{"rendered":"https:\/\/soydeaqui.ddns.net\/pachuca\/index.php\/producto\/amperimetro-de-gancho-de-verdadero-valor-eficaz-true-rms-medida-de-corriente-en-ca-de-400-a-y-tension-en-ca-y-cc-de-600v\/"},"modified":"2026-03-18T16:03:51","modified_gmt":"2026-03-18T16:03:51","slug":"amperimetro-de-gancho-de-verdadero-valor-eficaz-true-rms-medida-de-corriente-en-ca-de-400-a-y-tension-en-ca-y-cc-de-600v","status":"publish","type":"product","link":"https:\/\/soydeaqui.ddns.net\/pachuca\/index.php\/producto\/amperimetro-de-gancho-de-verdadero-valor-eficaz-true-rms-medida-de-corriente-en-ca-de-400-a-y-tension-en-ca-y-cc-de-600v\/","title":{"rendered":"Amperimetro de Gancho de Verdadero Valor Eficaz (True RMS), Medida de Corriente en CA de 400 A y Tensi\u00f3n en CA y CC de 600V"},"content":{"rendered":"<div style='width: 100%; max-width: 1200px; margin: 0 auto; font-family: sans-serif; line-height: 1.6; color: inherit; background-color: transparent;'>\n<div style='display: flex; flex-wrap: wrap; gap: 30px; margin-bottom: 30px;'>\n<div style='flex: 1 1 300px; min-width: 280px;'>\n<h3 style='font-size: 22px; border-bottom: 2px solid currentColor; padding-bottom: 5px; margin-top: 0; color: inherit; opacity: 0.8;'>Caracter\u00edsticas<\/h3>\n<ul style='padding-left: 20px; font-size: 15px; color: inherit;'>\n<li style='margin-bottom: 5px;'>Dise\u00f1o delgado y ergon\u00f3mico<\/li>\n<li style='margin-bottom: 5px;'>Clasificaci\u00f3n de seguridad CAT IV 300V\/CAT III 600 V<\/li>\n<li style='margin-bottom: 5px;'>Bot\u00f3n de retenci\u00f3n<\/li>\n<li style='margin-bottom: 5px;'>Garant\u00eda de dos a\u00f1os<\/li>\n<li style='margin-bottom: 5px;'><strong>Incluye puntas de prueba&comma; manual y estuche flexible<\/strong><\/li>\n<\/ul><\/div>\n<\/p><\/div>\n<div style='display: flex; flex-wrap: wrap; gap: 20px; margin-bottom: 30px;'>\n<div style='flex: 1 1 250px; border: 1px solid rgba(150&comma; 150&comma; 150&comma; 0.4); border-radius: 8px; overflow: hidden; display: flex; flex-direction: column;'>\n<div style='padding: 15px; border-bottom: 1px solid rgba(150&comma; 150&comma; 150&comma; 0.2); font-weight: bold; font-size: 18px; color: inherit;'>Corriente de CA<\/div>\n<div style='padding: 15px; color: inherit;'>\n<ul style='padding-left: 20px; margin: 0; font-size: 14px; list-style-type: disc;'>\n<li style='margin-bottom: 5px;'><strong>Rango:<\/strong> 400&comma;0 A<\/li>\n<li style='margin-bottom: 5px;'><strong>Precisi\u00f3n:<\/strong> 2 % \u00b1 5 d\u00edgitos (de 45 Hz a 65 Hz)<br \/>2&comma;5 % \u00b1 5 d\u00edgitos (65 Hz a 400 Hz)<\/li>\n<\/ul><\/div>\n<\/p><\/div>\n<div style='flex: 1 1 250px; border: 1px solid rgba(150&comma; 150&comma; 150&comma; 0.4); border-radius: 8px; overflow: hidden; display: flex; flex-direction: column;'>\n<div style='padding: 15px; border-bottom: 1px solid rgba(150&comma; 150&comma; 150&comma; 0.2); font-weight: bold; font-size: 18px; color: inherit;'>Corriente de CC<\/div>\n<div style='padding: 15px; color: inherit;'>\n<ul style='padding-left: 20px; margin: 0; font-size: 14px; list-style-type: disc;'>\n<li style='margin-bottom: 5px;'><strong>Rango:<\/strong> &#8211;<\/li>\n<li style='margin-bottom: 5px;'><strong>Precisi\u00f3n:<\/strong> &#8211;<\/li>\n<\/ul><\/div>\n<\/p><\/div>\n<div style='flex: 1 1 250px; border: 1px solid rgba(150&comma; 150&comma; 150&comma; 0.4); border-radius: 8px; overflow: hidden; display: flex; flex-direction: column;'>\n<div style='padding: 15px; border-bottom: 1px solid rgba(150&comma; 150&comma; 150&comma; 0.2); font-weight: bold; font-size: 18px; color: inherit;'>Tensi\u00f3n de CA<\/div>\n<div style='padding: 15px; color: inherit;'>\n<ul style='padding-left: 20px; margin: 0; font-size: 14px; list-style-type: disc;'>\n<li style='margin-bottom: 5px;'><strong>Rango:<\/strong> 600&comma;0 V<\/li>\n<li style='margin-bottom: 5px;'><strong>Precisi\u00f3n:<\/strong> 1&comma;5 % \u00b1 5 d\u00edgitos<\/li>\n<\/ul><\/div>\n<\/p><\/div>\n<div style='flex: 1 1 250px; border: 1px solid rgba(150&comma; 150&comma; 150&comma; 0.4); border-radius: 8px; overflow: hidden; display: flex; flex-direction: column;'>\n<div style='padding: 15px; border-bottom: 1px solid rgba(150&comma; 150&comma; 150&comma; 0.2); font-weight: bold; font-size: 18px; color: inherit;'>Tensi\u00f3n de CC<\/div>\n<div style='padding: 15px; color: inherit;'>\n<ul style='padding-left: 20px; margin: 0; font-size: 14px; list-style-type: disc;'>\n<li style='margin-bottom: 5px;'><strong>Rango:<\/strong> 600&comma;0 V<\/li>\n<li style='margin-bottom: 5px;'><strong>Precisi\u00f3n:<\/strong> 1&comma;0 % \u00b1 5 d\u00edgitos<\/li>\n<\/ul><\/div>\n<\/p><\/div>\n<div style='flex: 1 1 250px; border: 1px solid rgba(150&comma; 150&comma; 150&comma; 0.4); border-radius: 8px; overflow: hidden; display: flex; flex-direction: column;'>\n<div style='padding: 15px; border-bottom: 1px solid rgba(150&comma; 150&comma; 150&comma; 0.2); font-weight: bold; font-size: 18px; color: inherit;'>Resistencia<\/div>\n<div style='padding: 15px; color: inherit;'>\n<ul style='padding-left: 20px; margin: 0; font-size: 14px; list-style-type: disc;'>\n<li style='margin-bottom: 5px;'><strong>Rango:<\/strong> 400&comma;0 \u03a9\/4000 \u03a9<\/li>\n<li style='margin-bottom: 5px;'><strong>Precisi\u00f3n:<\/strong> 1&comma;0 % \u00b1 5 d\u00edgitos<\/li>\n<\/ul><\/div>\n<\/p><\/div>\n<div style='flex: 1 1 250px; border: 1px solid rgba(150&comma; 150&comma; 150&comma; 0.4); border-radius: 8px; overflow: hidden; display: flex; flex-direction: column;'>\n<div style='padding: 15px; border-bottom: 1px solid rgba(150&comma; 150&comma; 150&comma; 0.2); font-weight: bold; font-size: 18px; color: inherit;'>Caracter\u00edsticas Adicionales<\/div>\n<div style='padding: 15px; color: inherit;'>\n<ul style='padding-left: 20px; margin: 0; font-size: 14px; list-style-type: disc;'>\n<li style='margin-bottom: 5px;'><strong>Continuidad:<\/strong> \u2264 70 \u03a9<\/li>\n<li style='margin-bottom: 5px;'><strong>Capacidad:<\/strong> &#8211;<\/li>\n<li style='margin-bottom: 5px;'><strong>Frecuencia:<\/strong> &#8211;<\/li>\n<li style='margin-bottom: 5px;'><strong>Respuesta de CA:<\/strong> RMS de verdadero valor eficaz<\/li>\n<li style='margin-bottom: 5px;'><strong>Retroiluminaci\u00f3n:<\/strong> &#8211;<\/li>\n<li style='margin-bottom: 5px;'><strong>Retenci\u00f3n de valores en pantalla:<\/strong> S\u00ed<\/li>\n<li style='margin-bottom: 5px;'><strong>Temperatura de contacto:<\/strong> &#8211;<\/li>\n<li style='margin-bottom: 5px;'><strong>M\u00edn.\/m\u00e1x.:<\/strong> &#8211;<\/li>\n<\/ul><\/div>\n<\/p><\/div>\n<div style='flex: 1 1 250px; border: 1px solid rgba(150&comma; 150&comma; 150&comma; 0.4); border-radius: 8px; overflow: hidden; display: flex; flex-direction: column;'>\n<div style='padding: 15px; border-bottom: 1px solid rgba(150&comma; 150&comma; 150&comma; 0.2); font-weight: bold; font-size: 18px; color: inherit;'>Dimensiones<\/div>\n<div style='padding: 15px; color: inherit;'>\n<ul style='padding-left: 20px; margin: 0; font-size: 14px; list-style-type: disc;'>\n<li style='margin-bottom: 5px;'><strong>H x W x D (mm):<\/strong> 207 x 75 x 34<\/li>\n<li style='margin-bottom: 5px;'><strong>M\u00e1x. di\u00e1metro del cable:<\/strong> 30 mm (600 MCM)<\/li>\n<li style='margin-bottom: 5px;'><strong>Peso:<\/strong> 265 g<\/li>\n<\/ul><\/div>\n<\/p><\/div>\n<div style='flex: 1 1 250px; border: 1px solid rgba(150&comma; 150&comma; 150&comma; 0.4); border-radius: 8px; overflow: hidden; display: flex; flex-direction: column;'>\n<div style='padding: 15px; border-bottom: 1px solid rgba(150&comma; 150&comma; 150&comma; 0.2); font-weight: bold; font-size: 18px; color: inherit;'>Seguridad y Garant\u00eda<\/div>\n<div style='padding: 15px; color: inherit;'>\n<ul style='padding-left: 20px; margin: 0; font-size: 14px; list-style-type: disc;'>\n<li style='margin-bottom: 5px;'><strong>Categor\u00eda de seguridad:<\/strong> CAT III 600 V<br \/>CAT IV 300 V<\/li>\n<li style='margin-bottom: 5px;'><strong>Garant\u00eda:<\/strong> Dos a\u00f1os<\/li>\n<\/ul><\/div>\n<\/p><\/div>\n<\/p><\/div>\n<div style='display: flex; flex-wrap: wrap; gap: 30px; margin-bottom: 30px;'>\n<div style='flex: 1 1 300px; min-width: 280px;'>\n<h3 style='font-size: 22px; border-bottom: 2px solid currentColor; padding-bottom: 5px; margin-top: 0; color: inherit; opacity: 0.8;'>Descripci\u00f3n<\/h3>\n<p style='font-size: 15px; color: inherit;'>Las medidas de verdadero valor eficaz y la ergonom\u00eda optimizada hacen de las pinzas amperim\u00e9tricas de la serie 320&comma; son mejores herramientas de resoluci\u00f3n general de problemas para los electricistas comerciales y residenciales. El modelo Fluke 323 resulta especialmente id\u00f3neo para realizar mediciones de corriente de hasta 400 A en espacios reducidos.<\/p>\n<p style='font-size: 15px; color: inherit;'><strong>Incluye:<\/strong> Puntas de prueba&comma; manual y estuche flexible.<\/p>\n<\/p><\/div>\n<\/p><\/div>\n<div style='display: flex; flex-wrap: wrap; gap: 30px; margin-bottom: 30px;'>\n<div style='flex: 1 1 300px; min-width: 280px;'> <img style='width: 100%; height: auto; border: 1px solid rgba(150&comma;150&comma;150&comma;0.3); border-radius: 8px;' src='https:\/\/www.risoul.com.mx\/hs-fs\/hubfs\/Fluke-Logo.png?width=1557&#038;name=Fluke-Logo.png' alt='Distribuidor productos Fluke'> <\/div>\n<\/p><\/div>\n<\/p><\/div>\n","protected":false},"excerpt":{"rendered":"<p>Amperimetro de Gancho de Verdadero Valor Eficaz (True RMS), Medida de Corriente en CA de 400 A y Tensi\u00f3n en CA y CC de 600V<\/p>\n","protected":false},"featured_media":36312,"comment_status":"open","ping_status":"closed","template":"","meta":[],"product_brand":[],"product_cat":[462],"product_tag":[393,25,131],"class_list":{"0":"post-36313","1":"product","2":"type-product","3":"status-publish","4":"has-post-thumbnail","6":"product_cat-herramientas-electricas-herramientas","7":"product_tag-fluke","8":"product_tag-herramientas","9":"product_tag-herramientas-electricas","11":"first","12":"instock","13":"sale","14":"shipping-taxable","15":"purchasable","16":"product-type-simple"},"_links":{"self":[{"href":"https:\/\/soydeaqui.ddns.net\/pachuca\/index.php\/wp-json\/wp\/v2\/product\/36313","targetHints":{"allow":["GET"]}}],"collection":[{"href":"https:\/\/soydeaqui.ddns.net\/pachuca\/index.php\/wp-json\/wp\/v2\/product"}],"about":[{"href":"https:\/\/soydeaqui.ddns.net\/pachuca\/index.php\/wp-json\/wp\/v2\/types\/product"}],"replies":[{"embeddable":true,"href":"https:\/\/soydeaqui.ddns.net\/pachuca\/index.php\/wp-json\/wp\/v2\/comments?post=36313"}],"wp:featuredmedia":[{"embeddable":true,"href":"https:\/\/soydeaqui.ddns.net\/pachuca\/index.php\/wp-json\/wp\/v2\/media\/36312"}],"wp:attachment":[{"href":"https:\/\/soydeaqui.ddns.net\/pachuca\/index.php\/wp-json\/wp\/v2\/media?parent=36313"}],"wp:term":[{"taxonomy":"product_brand","embeddable":true,"href":"https:\/\/soydeaqui.ddns.net\/pachuca\/index.php\/wp-json\/wp\/v2\/product_brand?post=36313"},{"taxonomy":"product_cat","embeddable":true,"href":"https:\/\/soydeaqui.ddns.net\/pachuca\/index.php\/wp-json\/wp\/v2\/product_cat?post=36313"},{"taxonomy":"product_tag","embeddable":true,"href":"https:\/\/soydeaqui.ddns.net\/pachuca\/index.php\/wp-json\/wp\/v2\/product_tag?post=36313"}],"curies":[{"name":"wp","href":"https:\/\/api.w.org\/{rel}","templated":true}]}}