{"id":36278,"date":"2026-03-18T16:02:42","date_gmt":"2026-03-18T16:02:42","guid":{"rendered":"https:\/\/soydeaqui.ddns.net\/pachuca\/index.php\/producto\/ponchadora-pelacables-cortacables-compacta-con-matraca-para-conectores-rj45-y-rj11-rj12\/"},"modified":"2026-03-18T16:02:49","modified_gmt":"2026-03-18T16:02:49","slug":"ponchadora-pelacables-cortacables-compacta-con-matraca-para-conectores-rj45-y-rj11-rj12","status":"publish","type":"product","link":"https:\/\/soydeaqui.ddns.net\/pachuca\/index.php\/producto\/ponchadora-pelacables-cortacables-compacta-con-matraca-para-conectores-rj45-y-rj11-rj12\/","title":{"rendered":"Ponchadora\/Pelacables\/Cortacables Compacta con Matraca para Conectores  RJ45 y RJ11\/RJ12."},"content":{"rendered":"<div style='width: 100%; max-width: 1200px; margin: 0 auto; font-family: sans-serif; line-height: 1.6; color: inherit; background-color: transparent;'>\n<div style='display: flex; flex-wrap: wrap; gap: 30px; margin-bottom: 30px;'>\n<div style='flex: 1 1 300px; min-width: 280px;'>\n<h3 style='font-size: 22px; border-bottom: 2px solid currentColor; padding-bottom: 5px; margin-top: 0; color: inherit; opacity: 0.8;'>Caracter\u00edsticas<\/h3>\n<ul style='padding-left: 20px; font-size: 15px; color: inherit;'>\n<li style='margin-bottom: 5px;'>Ponchadora&comma; pelacables y cortacables para cables CAT3&comma; CAT5e y CAT6 y cables de voz planos satinados.<\/li>\n<li style='margin-bottom: 5px;'>Poncha conectores modulares RJ45 y RJ11\/12.<\/li>\n<li style='margin-bottom: 5px;'>El mecanismo de matraca de ciclo completo garantiza una terminaci\u00f3n completa de los conectores.<\/li>\n<li style='margin-bottom: 5px;'>Dise\u00f1o ergon\u00f3mico y compacto para lograr una operaci\u00f3n natural con una sola mano.<\/li>\n<li style='margin-bottom: 5px;'>Acci\u00f3n de ponchado lateral directo que proporciona una terminaci\u00f3n de contacto preciso y uniforme en todas las clavijas.<\/li>\n<li style='margin-bottom: 5px;'>Herramienta que proporciona diagramas de referencia r\u00e1pida de cableado.<\/li>\n<li style='margin-bottom: 5px;'>No apto para utilizar con conectores AMP\u00ae<\/li>\n<li style='margin-bottom: 5px;'>AMP\u00ae es una marca registrada de TYCO&comma; Inc.<\/li>\n<\/ul><\/div>\n<\/p><\/div>\n<div style='display: flex; flex-wrap: wrap; gap: 20px; margin-bottom: 30px;'>\n<div style='flex: 1 1 250px; border: 1px solid rgba(150&comma; 150&comma; 150&comma; 0.4); border-radius: 8px; overflow: hidden; display: flex; flex-direction: column;'>\n<div style='padding: 15px; border-bottom: 1px solid rgba(150&comma; 150&comma; 150&comma; 0.2); font-weight: bold; font-size: 18px; color: inherit;'>Dimensiones<\/div>\n<div style='padding: 15px; color: inherit;'>\n<ul style='padding-left: 20px; margin: 0; font-size: 14px; list-style-type: disc; color: inherit;'>\n<li style='margin-bottom: 5px;'>Longitud total 133 mm<\/li>\n<li style='margin-bottom: 5px;'>Peso: 318 g (11.2 oz)<\/li>\n<\/ul><\/div>\n<\/p><\/div>\n<\/p><\/div>\n<hr style='border: 0; border-top: 1px solid rgba(150&comma; 150&comma; 150&comma; 0.3); margin: 30px 0;'> <\/div>\n","protected":false},"excerpt":{"rendered":"<p>Ponchadora\/Pelacables\/Cortacables Compacta con Matraca para Conectores  RJ45 y RJ11\/RJ12.<\/p>\n","protected":false},"featured_media":36277,"comment_status":"open","ping_status":"closed","template":"","meta":[],"product_brand":[],"product_cat":[24],"product_tag":[26,25,432],"class_list":{"0":"post-36278","1":"product","2":"type-product","3":"status-publish","4":"has-post-thumbnail","6":"product_cat-accesorios-de-instalacion","7":"product_tag-accesorios-de-instalacion","8":"product_tag-herramientas","9":"product_tag-klein-tools","11":"first","12":"instock","13":"sale","14":"shipping-taxable","15":"purchasable","16":"product-type-simple"},"_links":{"self":[{"href":"https:\/\/soydeaqui.ddns.net\/pachuca\/index.php\/wp-json\/wp\/v2\/product\/36278","targetHints":{"allow":["GET"]}}],"collection":[{"href":"https:\/\/soydeaqui.ddns.net\/pachuca\/index.php\/wp-json\/wp\/v2\/product"}],"about":[{"href":"https:\/\/soydeaqui.ddns.net\/pachuca\/index.php\/wp-json\/wp\/v2\/types\/product"}],"replies":[{"embeddable":true,"href":"https:\/\/soydeaqui.ddns.net\/pachuca\/index.php\/wp-json\/wp\/v2\/comments?post=36278"}],"wp:featuredmedia":[{"embeddable":true,"href":"https:\/\/soydeaqui.ddns.net\/pachuca\/index.php\/wp-json\/wp\/v2\/media\/36277"}],"wp:attachment":[{"href":"https:\/\/soydeaqui.ddns.net\/pachuca\/index.php\/wp-json\/wp\/v2\/media?parent=36278"}],"wp:term":[{"taxonomy":"product_brand","embeddable":true,"href":"https:\/\/soydeaqui.ddns.net\/pachuca\/index.php\/wp-json\/wp\/v2\/product_brand?post=36278"},{"taxonomy":"product_cat","embeddable":true,"href":"https:\/\/soydeaqui.ddns.net\/pachuca\/index.php\/wp-json\/wp\/v2\/product_cat?post=36278"},{"taxonomy":"product_tag","embeddable":true,"href":"https:\/\/soydeaqui.ddns.net\/pachuca\/index.php\/wp-json\/wp\/v2\/product_tag?post=36278"}],"curies":[{"name":"wp","href":"https:\/\/api.w.org\/{rel}","templated":true}]}}