{"id":3625,"date":"2026-03-18T06:10:09","date_gmt":"2026-03-18T06:10:09","guid":{"rendered":"https:\/\/soydeaqui.ddns.net\/pachuca\/index.php\/producto\/boton-cancelador-de-llamada-iluminado-compatible-con-nx0015-y-nx0034\/"},"modified":"2026-03-18T06:10:10","modified_gmt":"2026-03-18T06:10:10","slug":"boton-cancelador-de-llamada-iluminado-compatible-con-nx0015-y-nx0034","status":"publish","type":"product","link":"https:\/\/soydeaqui.ddns.net\/pachuca\/index.php\/producto\/boton-cancelador-de-llamada-iluminado-compatible-con-nx0015-y-nx0034\/","title":{"rendered":"Bot\u00f3n Cancelador de Llamada Iluminado, Compatible con NX0015 y NX0034"},"content":{"rendered":"<div style='width: 100%; max-width: 1200px; margin: 0 auto; font-family: sans-serif; line-height: 1.6; color: inherit; background-color: transparent;'> <!-- Secci\u00f3n de tres columnas --> <\/p>\n<div style='display: flex; flex-wrap: wrap; gap: 30px; margin-bottom: 30px;'> <!-- Funciones principales --> <\/p>\n<div style='flex: 1 1 300px; min-width: 280px;'>\n<div style='border-left: 5px solid #0091ff; border-radius: 5px; padding: 15px; background-color: rgba(200&comma;200&comma;200&comma;0.1);'>\n<h3 style='font-size: 18px; margin-top: 0; margin-bottom: 15px; color: inherit; opacity: 0.8;'>Funciones principales:<\/h3>\n<ul style='padding-left: 20px; font-size: 15px; color: inherit; list-style-type: disc;'>\n<li style='margin-bottom: 5px;'>Pulsador de accionamiento moment\u00e1neo iluminado<\/li>\n<li style='margin-bottom: 5px;'>Contacto normalmente abierto<\/li>\n<li style='margin-bottom: 5px;'>Instalaci\u00f3n empotrada en caja universal de 60mm<\/li>\n<li style='margin-bottom: 5px;'>Requiere marco <a style='color: inherit; text-decoration: underline;' href='https:\/\/www.syscom.mx\/principal\/searchcont?route=NX9003-IBERNEX-195549&#038;autodetect=nx9003' target='_blank' rel='noopener'>NX9003<\/a><\/li>\n<\/ul><\/div>\n<\/p><\/div>\n<p> <!-- Caracter\u00edsticas el\u00e9ctricas y f\u00edsicas --> <\/p>\n<div style='flex: 1 1 300px; min-width: 280px;'>\n<div style='border-left: 5px solid #0091ff; border-radius: 5px; padding: 15px; background-color: rgba(200&comma;200&comma;200&comma;0.1);'>\n<h3 style='font-size: 18px; margin-top: 0; margin-bottom: 15px; color: inherit; opacity: 0.8;'>Caracter\u00edsticas el\u00e9ctricas y f\u00edsicas:<\/h3>\n<ul style='padding-left: 20px; font-size: 15px; color: inherit; list-style-type: disc;'>\n<li style='margin-bottom: 5px;'>Voltaje nominal: 12 V<\/li>\n<li style='margin-bottom: 5px;'>Color blanco<\/li>\n<li style='margin-bottom: 5px;'>Cableado mediante 4 hilos<\/li>\n<li style='margin-bottom: 5px;'>Dimensiones: 44 x 44 x 44 mm<\/li>\n<li style='margin-bottom: 5px;'><a style='color: inherit; text-decoration: underline;' title='Ficha t\u00e9cnica' href='https:\/\/ftp3.syscom.mx\/usuarios\/scorrea\/A\/IBERNEX\/NX0195G\/DS_NX0195G.pdf' target='_blank' rel='noopener'>Revise la ficha completa<\/a><\/li>\n<\/ul><\/div>\n<\/p><\/div>\n<p> <!-- Caracter\u00edsticas Destacadas --> <\/p>\n<div style='flex: 1 1 300px; min-width: 280px;'>\n<div style='border-left: 5px solid #0091ff; border-radius: 5px; padding: 15px; background-color: rgba(200&comma;200&comma;200&comma;0.1);'>\n<h3 style='font-size: 18px; margin-top: 0; margin-bottom: 15px; color: inherit; opacity: 0.8;'>Caracter\u00edsticas Destacadas:<\/h3>\n<p style='margin-bottom: 15px;'>Se utiliza como m\u00e9todo b\u00e1sico para la cancelaci\u00f3n de alarma cuando no es necesario registrar la identidad de la persona que ejerce la atenci\u00f3n.<\/p>\n<p>El sistema se debe configurar para que la entrada utilizada funcione en modo normalmente abierto y para que su activaci\u00f3n provoque la cancelaci\u00f3n de la alarma.<\/p>\n<\/p><\/div>\n<\/p><\/div>\n<\/p><\/div>\n<p> <!-- Nota importante --> <\/p>\n<div style='margin: 30px 0;'>\n<p style='text-align: center; font-weight: bold;'><strong>Nota:<\/strong> Requiere certificaci\u00f3n para su instalaci\u00f3n y para solicitar soporte t\u00e9cnico.<\/p>\n<\/p><\/div>\n<p> <!-- Im\u00e1genes --> <\/p>\n<div style='margin: 30px 0;'>\n<div style='margin-bottom: 30px;'> <a style='display: block; text-align: center;' title='Presentaci\u00f3n' href='https:\/\/ftp3.syscom.mx\/usuarios\/scorrea\/A\/IBERNEX\/PRESENTACION_BIBLIOTECA_REVIT.pdf' target='_blank' rel='noopener'> <img style='width: 100%; max-width: 600px; height: auto; border: 1px solid rgba(150&comma;150&comma;150&comma;0.3); border-radius: 8px; margin: 0 auto;' src='https:\/\/ftp3.syscom.mx\/usuarios\/scorrea\/A\/IBERNEX\/I\/PRESENTACION_BIBLIOTECA_REVIT-2.jpg' alt='Presentaci\u00f3n'> <\/a> <\/div>\n<div style='margin-bottom: 30px;'> <img style='width: 100%; max-width: 600px; height: auto; border: 1px solid rgba(150&comma;150&comma;150&comma;0.3); border-radius: 8px; margin: 0 auto;' src='https:\/\/ftp3.syscom.mx\/usuarios\/scorrea\/A\/IBERNEX\/I\/principal.png' alt='Bot\u00f3n Cancelador de Llamada Iluminado'> <\/div>\n<\/p><\/div>\n<p> <!-- Secci\u00f3n de Sistema de llamada paciente-enfermera --> <\/p>\n<div style='margin: 30px 0;'>\n<h3 style='text-align: center; font-size: 20px; margin-bottom: 20px; color: inherit; opacity: 0.8;'>SISTEMA DE LLAMADA PACIENTE-ENFERMERA<\/h3>\n<div style='display: flex; flex-wrap: wrap; gap: 30px; align-items: center;'>\n<div style='flex: 1 1 300px; min-width: 280px;'>\n<p>Helpnex ayuda a mejorar la comunicaci\u00f3n entre los pacientes y el personal m\u00e9dico de tu residencia o centro m\u00e9dico&comma; utilizando la tecnolog\u00eda sociosanitaria de punta para mejorar el bienestar y la productividad del centro.<\/p>\n<\/p><\/div>\n<div style='flex: 1 1 300px; min-width: 280px;'>\n<div style='position: relative; padding-bottom: 56.25%; height: 0; overflow: hidden;'>   <\/div>\n<\/p><\/div>\n<\/p><\/div>\n<\/p><\/div>\n<p> <!-- Segunda secci\u00f3n de Sistema de llamada --> <\/p>\n<div style='margin: 30px 0;'>\n<div style='display: flex; flex-wrap: wrap; gap: 30px; align-items: center;'>\n<div style='flex: 1 1 300px; min-width: 280px;'>\n<p>El Sistema de llamadas paciente-enfermera de Helpnex es la soluci\u00f3n de comunicaci\u00f3n m\u00e1s completa en tecnolog\u00eda sociosanitaria. Mejora el servicio y la atenci\u00f3n al paciente y la gesti\u00f3n de recursos de tu centro con la comunicaci\u00f3n instant\u00e1nea paciente-enfermera de Ibernex.<\/p>\n<p>Helpnex cubre las necesidades de comunicaci\u00f3n y trazabilidad de las instalaciones&comma; incrementando la productividad y el bienestar del centro y de sus miembros.<\/p>\n<\/p><\/div>\n<div style='flex: 1 1 300px; min-width: 280px;'>\n<div style='position: relative; padding-bottom: 56.25%; height: 0; overflow: hidden;'>   <\/div>\n<\/p><\/div>\n<\/p><\/div>\n<\/p><\/div>\n<p> <!-- Cat\u00e1logo de productos --> <\/p>\n<div style='margin: 30px 0;'>\n<div style='text-align: left; margin-bottom: 30px;'> <a style='display: inline-block;' title='Cat\u00e1logo de productos' href='https:\/\/ftp3.syscom.mx\/usuarios\/scorrea\/A\/IBERNEX\/Catalogo_productos.pdf' target='_blank' rel='noopener'> <img style='width: 30%; max-width: 300px; height: auto; border: 1px solid rgba(150&comma;150&comma;150&comma;0.3); border-radius: 8px;' src='https:\/\/ftp3.syscom.mx\/usuarios\/scorrea\/A\/IBERNEX\/I\/helpnex.png' alt='Cat\u00e1logo de productos'> <\/a> <\/div>\n<\/p><\/div>\n<p> <!-- Beneficios del sistema --> <\/p>\n<div style='margin: 30px 0;'>\n<h3 style='font-size: 24px; margin-bottom: 20px; color: inherit; opacity: 0.8;'>Beneficios del Sistema de llamadas paciente-enfermera de Helpnex<\/h3>\n<div style='display: flex; flex-wrap: wrap; gap: 20px; margin-bottom: 30px;'>\n<div style='flex: 1 1 250px; min-width: 280px; border: 1px solid rgba(150&comma;150&comma;150&comma;0.4); border-radius: 8px; overflow: hidden;'>\n<div style='padding: 15px; border-bottom: 1px solid rgba(150&comma;150&comma;150&comma;0.2); background-color: rgba(200&comma;200&comma;200&comma;0.1); font-weight: bold; font-size: 18px; color: inherit;'>Optimiza el tiempo dedicado a la atenci\u00f3n de avisos de pacientes.<\/div>\n<\/p><\/div>\n<div style='flex: 1 1 250px; min-width: 280px; border: 1px solid rgba(150&comma;150&comma;150&comma;0.4); border-radius: 8px; overflow: hidden;'>\n<div style='padding: 15px; border-bottom: 1px solid rgba(150&comma;150&comma;150&comma;0.2); background-color: rgba(200&comma;200&comma;200&comma;0.1); font-weight: bold; font-size: 18px; color: inherit;'>Monitoriza las tareas realizadas por el personal.<\/div>\n<\/p><\/div>\n<div style='flex: 1 1 250px; min-width: 280px; border: 1px solid rgba(150&comma;150&comma;150&comma;0.4); border-radius: 8px; overflow: hidden;'>\n<div style='padding: 15px; border-bottom: 1px solid rgba(150&comma;150&comma;150&comma;0.2); background-color: rgba(200&comma;200&comma;200&comma;0.1); font-weight: bold; font-size: 18px; color: inherit;'>Ahorra en costes de operatividad e incrementa la productividad del centro.<\/div>\n<\/p><\/div>\n<div style='flex: 1 1 250px; min-width: 280px; border: 1px solid rgba(150&comma;150&comma;150&comma;0.4); border-radius: 8px; overflow: hidden;'>\n<div style='padding: 15px; border-bottom: 1px solid rgba(150&comma;150&comma;150&comma;0.2); background-color: rgba(200&comma;200&comma;200&comma;0.1); font-weight: bold; font-size: 18px; color: inherit;'>Asegura el control preciso sobre cada actividad.<\/div>\n<\/p><\/div>\n<div style='flex: 1 1 250px; min-width: 280px; border: 1px solid rgba(150&comma;150&comma;150&comma;0.4); border-radius: 8px; overflow: hidden;'>\n<div style='padding: 15px; border-bottom: 1px solid rgba(150&comma;150&comma;150&comma;0.2); background-color: rgba(200&comma;200&comma;200&comma;0.1); font-weight: bold; font-size: 18px; color: inherit;'>Ofrece calidad y seguridad asistencial.<\/div>\n<\/p><\/div>\n<div style='flex: 1 1 250px; min-width: 280px; border: 1px solid rgba(150&comma;150&comma;150&comma;0.4); border-radius: 8px; overflow: hidden;'>\n<div style='padding: 15px; border-bottom: 1px solid rgba(150&comma;150&comma;150&comma;0.2); background-color: rgba(200&comma;200&comma;200&comma;0.1); font-weight: bold; font-size: 18px; color: inherit;'>Sencillez en la instalaci\u00f3n y en el uso de la soluci\u00f3n.<\/div>\n<\/p><\/div>\n<div style='flex: 1 1 250px; min-width: 280px; border: 1px solid rgba(150&comma;150&comma;150&comma;0.4); border-radius: 8px; overflow: hidden;'>\n<div style='padding: 15px; background-color: rgba(200&comma;200&comma;200&comma;0.1); font-weight: bold; font-size: 18px; color: inherit;'>Apariencia visual y moderna.<\/div>\n<\/p><\/div>\n<\/p><\/div>\n<\/p><\/div>\n<p> <!-- Imagenes adicionales --> <\/p>\n<div style='margin: 30px 0;'>\n<div style='display: flex; flex-wrap: wrap; gap: 30px; align-items: center;'>\n<div style='flex: 1 1 300px; min-width: 280px;'> <img style='width: 100%; max-width: 600px; height: auto; border: 1px solid rgba(150&comma;150&comma;150&comma;0.3); border-radius: 8px;' src='https:\/\/ftp3.syscom.mx\/usuarios\/scorrea\/A\/IBERNEX\/I\/camilla2.jpg' alt='Camilla'> <\/div>\n<div style='flex: 1 1 300px; min-width: 280px;'> <img style='width: 100%; max-width: 600px; height: auto; border: 1px solid rgba(150&comma;150&comma;150&comma;0.3); border-radius: 8px;' src='https:\/\/ftp3.syscom.mx\/usuarios\/scorrea\/A\/IBERNEX\/I\/enfermera5.jpg' alt='Enfermera'> <\/div>\n<\/p><\/div>\n<\/p><\/div>\n<p> <!-- Dispositivos del sistema --> <\/p>\n<div style='margin: 30px 0;'>\n<h3 style='font-size: 20px; margin-bottom: 20px; color: inherit; opacity: 0.8;'>Dispositivos del Sistema de llamadas paciente-enfermera<\/h3>\n<div style='display: flex; flex-wrap: wrap; gap: 20px; justify-content: center;'>\n<div style='flex: 1 1 300px; max-width: 600px;'> <a style='display: block; text-align: center;' title='Ibernex' href='https:\/\/www.syscom.mx\/principal\/listadopormarca\/IBERNEX\/full?ordenar=Mas_Vendidos&#038;pag=1' target='_blank' rel='noopener'> <img style='width: 100%; height: auto; border: 1px solid rgba(150&comma;150&comma;150&comma;0.3); border-radius: 8px;' src='https:\/\/ftp3.syscom.mx\/usuarios\/scorrea\/A\/IBERNEX\/I\/PERIFERICOS.png' alt='Perif\u00e9ricos'> <\/a> <\/div>\n<div style='flex: 1 1 300px; max-width: 600px;'> <a style='display: block; text-align: center;' title='Ibernex' href='https:\/\/www.syscom.mx\/principal\/listadopormarca\/IBERNEX\/full?ordenar=Mas_Vendidos&#038;pag=1' target='_blank' rel='noopener'> <img style='width: 100%; height: auto; border: 1px solid rgba(150&comma;150&comma;150&comma;0.3); border-radius: 8px;' src='https:\/\/ftp3.syscom.mx\/usuarios\/scorrea\/A\/IBERNEX\/I\/terminales_habitacion.png' alt='Terminales de habitaci\u00f3n'> <\/a> <\/div>\n<\/p><\/div>\n<\/p><\/div>\n<p> <!-- Separador final --> <\/p>\n<hr style='border: 0; border-top: 1px solid rgba(150&comma; 150&comma; 150&comma; 0.3); margin: 30px 0;'> <\/div>\n","protected":false},"excerpt":{"rendered":"<p>Bot\u00f3n Cancelador de Llamada Iluminado, Compatible con NX0015 y NX0034<\/p>\n","protected":false},"featured_media":3624,"comment_status":"open","ping_status":"closed","template":"","meta":[],"product_brand":[],"product_cat":[151],"product_tag":[152,153,126],"class_list":{"0":"post-3625","1":"product","2":"type-product","3":"status-publish","4":"has-post-thumbnail","6":"product_cat-atencion-sociosanitaria","7":"product_tag-atencion-sociosanitaria","8":"product_tag-ibernex","9":"product_tag-sistemas-de-emergencia","11":"first","12":"instock","13":"sale","14":"shipping-taxable","15":"purchasable","16":"product-type-simple"},"_links":{"self":[{"href":"https:\/\/soydeaqui.ddns.net\/pachuca\/index.php\/wp-json\/wp\/v2\/product\/3625","targetHints":{"allow":["GET"]}}],"collection":[{"href":"https:\/\/soydeaqui.ddns.net\/pachuca\/index.php\/wp-json\/wp\/v2\/product"}],"about":[{"href":"https:\/\/soydeaqui.ddns.net\/pachuca\/index.php\/wp-json\/wp\/v2\/types\/product"}],"replies":[{"embeddable":true,"href":"https:\/\/soydeaqui.ddns.net\/pachuca\/index.php\/wp-json\/wp\/v2\/comments?post=3625"}],"wp:featuredmedia":[{"embeddable":true,"href":"https:\/\/soydeaqui.ddns.net\/pachuca\/index.php\/wp-json\/wp\/v2\/media\/3624"}],"wp:attachment":[{"href":"https:\/\/soydeaqui.ddns.net\/pachuca\/index.php\/wp-json\/wp\/v2\/media?parent=3625"}],"wp:term":[{"taxonomy":"product_brand","embeddable":true,"href":"https:\/\/soydeaqui.ddns.net\/pachuca\/index.php\/wp-json\/wp\/v2\/product_brand?post=3625"},{"taxonomy":"product_cat","embeddable":true,"href":"https:\/\/soydeaqui.ddns.net\/pachuca\/index.php\/wp-json\/wp\/v2\/product_cat?post=3625"},{"taxonomy":"product_tag","embeddable":true,"href":"https:\/\/soydeaqui.ddns.net\/pachuca\/index.php\/wp-json\/wp\/v2\/product_tag?post=3625"}],"curies":[{"name":"wp","href":"https:\/\/api.w.org\/{rel}","templated":true}]}}