{"id":36237,"date":"2026-03-18T16:01:43","date_gmt":"2026-03-18T16:01:43","guid":{"rendered":"https:\/\/soydeaqui.ddns.net\/pachuca\/index.php\/producto\/kit-demo-li-ion-tamer-gen-3-2\/"},"modified":"2026-03-18T16:01:44","modified_gmt":"2026-03-18T16:01:44","slug":"kit-demo-li-ion-tamer-gen-3-2","status":"publish","type":"product","link":"https:\/\/soydeaqui.ddns.net\/pachuca\/index.php\/producto\/kit-demo-li-ion-tamer-gen-3-2\/","title":{"rendered":"KIT DEMO\/ LI-ION TAMER GEN 3"},"content":{"rendered":"<div style='width: 100%; max-width: 1200px; margin: 0 auto; font-family: sans-serif; line-height: 1.6; color: inherit; background-color: transparent;'> <!-- Secci\u00f3n de descripci\u00f3n principal --> <\/p>\n<div style='margin-bottom: 30px;'>\n<p style='margin: 0 0 15px 0; color: inherit; font-size: 15px;'> El Li-ion Tamer GEN 3 es un dispositivo que detecta la liberaci\u00f3n de vapores de solvente de electrolito de bater\u00eda (fase de desgasificaci\u00f3n) que ocurre temprano en el modo de falla de las bater\u00edas de ion de litio (LIB). La detecci\u00f3n temprana de este evento permite tomar medidas adecuadas de mitigaci\u00f3n para evitar un fallo t\u00e9rmico catastr\u00f3fico. <\/p>\n<p style='margin: 0 0 15px 0; color: inherit; font-size: 15px;'> El sistema Li-ion Tamer GEN 3 est\u00e1 dise\u00f1ado para ser f\u00e1cil de instalar y configurar&comma; y consta de varios componentes: (i) sensores&comma; (ii) concentrador&comma; (iii) interruptor de alimentaci\u00f3n&comma; (iv) interruptor de red&comma; (v) controlador. <\/p>\n<\/p><\/div>\n<p> <!-- Secci\u00f3n de caracter\u00edsticas --> <\/p>\n<div style='display: flex; flex-wrap: wrap; gap: 30px; margin-bottom: 30px;'>\n<div style='flex: 1 1 300px; min-width: 280px;'>\n<h3 style='font-size: 22px; border-bottom: 2px solid currentColor; padding-bottom: 5px; margin-top: 0; color: inherit; opacity: 0.8;'>Caracter\u00edsticas principales<\/h3>\n<ul style='padding-left: 20px; font-size: 15px; color: inherit;'>\n<li style='margin-bottom: 5px; color: inherit; font-size: 15px;'> Cada nodo sensorial consta de un sensor de desgasificaci\u00f3n con algoritmos avanzados que lo hacen extremadamente sensible para detectar vapores de electrolito de bater\u00eda (compuestos de desgasificaci\u00f3n)&comma; no requiere calibraci\u00f3n&comma; es compatible con todas las formas y qu\u00edmicas de LIB (Bater\u00edas de iones de litio)&comma; y tiene una vida \u00fatil comparable a la de un sistema t\u00edpico de LIB. El nodo sensorial tambi\u00e9n incluye sensores de temperatura y humedad para el monitoreo ambiental. <\/li>\n<\/ul><\/div>\n<\/p><\/div>\n<p> <!-- Secci\u00f3n de arquitectura del sistema --> <\/p>\n<div style='margin-bottom: 30px;'>\n<p style='margin: 0; color: inherit; font-size: 15px;'> Los nodos sensoriales est\u00e1n conectados en red mediante los concentradores e interruptores al controlador&comma; que es el punto central para gestionar y monitorear todo el sistema. El controlador tiene rel\u00e9s y salidas Modbus TCP\/IP que se conectan al BMS u otros sistemas de control. <\/p>\n<\/p><\/div>\n<\/p><\/div>\n","protected":false},"excerpt":{"rendered":"<p>KIT DEMO\/ LI-ION TAMER GEN 3<\/p>\n","protected":false},"featured_media":36236,"comment_status":"open","ping_status":"closed","template":"","meta":[],"product_brand":[],"product_cat":[977],"product_tag":[978,979,1012],"class_list":{"0":"post-36237","1":"product","2":"type-product","3":"status-publish","4":"has-post-thumbnail","6":"product_cat-detectores-por-aspiracion","7":"product_tag-aplicaciones-especiales","8":"product_tag-detectores-por-aspiracion","9":"product_tag-xtralis","11":"first","12":"outofstock","13":"sale","14":"shipping-taxable","15":"purchasable","16":"product-type-simple"},"_links":{"self":[{"href":"https:\/\/soydeaqui.ddns.net\/pachuca\/index.php\/wp-json\/wp\/v2\/product\/36237","targetHints":{"allow":["GET"]}}],"collection":[{"href":"https:\/\/soydeaqui.ddns.net\/pachuca\/index.php\/wp-json\/wp\/v2\/product"}],"about":[{"href":"https:\/\/soydeaqui.ddns.net\/pachuca\/index.php\/wp-json\/wp\/v2\/types\/product"}],"replies":[{"embeddable":true,"href":"https:\/\/soydeaqui.ddns.net\/pachuca\/index.php\/wp-json\/wp\/v2\/comments?post=36237"}],"wp:featuredmedia":[{"embeddable":true,"href":"https:\/\/soydeaqui.ddns.net\/pachuca\/index.php\/wp-json\/wp\/v2\/media\/36236"}],"wp:attachment":[{"href":"https:\/\/soydeaqui.ddns.net\/pachuca\/index.php\/wp-json\/wp\/v2\/media?parent=36237"}],"wp:term":[{"taxonomy":"product_brand","embeddable":true,"href":"https:\/\/soydeaqui.ddns.net\/pachuca\/index.php\/wp-json\/wp\/v2\/product_brand?post=36237"},{"taxonomy":"product_cat","embeddable":true,"href":"https:\/\/soydeaqui.ddns.net\/pachuca\/index.php\/wp-json\/wp\/v2\/product_cat?post=36237"},{"taxonomy":"product_tag","embeddable":true,"href":"https:\/\/soydeaqui.ddns.net\/pachuca\/index.php\/wp-json\/wp\/v2\/product_tag?post=36237"}],"curies":[{"name":"wp","href":"https:\/\/api.w.org\/{rel}","templated":true}]}}