{"id":36220,"date":"2026-03-18T16:01:22","date_gmt":"2026-03-18T16:01:22","guid":{"rendered":"https:\/\/soydeaqui.ddns.net\/pachuca\/index.php\/producto\/sirena-con-lampara-led-estroboscopica-a-2-hilos-montaje-en-pared-24-vcd-configuracion-estroboscopica-seleccionable-texto-en-ingles-color-rojo\/"},"modified":"2026-03-18T16:01:24","modified_gmt":"2026-03-18T16:01:24","slug":"sirena-con-lampara-led-estroboscopica-a-2-hilos-montaje-en-pared-24-vcd-configuracion-estroboscopica-seleccionable-texto-en-ingles-color-rojo","status":"publish","type":"product","link":"https:\/\/soydeaqui.ddns.net\/pachuca\/index.php\/producto\/sirena-con-lampara-led-estroboscopica-a-2-hilos-montaje-en-pared-24-vcd-configuracion-estroboscopica-seleccionable-texto-en-ingles-color-rojo\/","title":{"rendered":"Sirena con L\u00e1mpara LED Estrobosc\u00f3pica \/ a 2 Hilos \/ Montaje en Pared \/ 24 Vcd \/ Configuraci\u00f3n Estrobosc\u00f3pica Seleccionable \/ Texto en Ingl\u00e9s \/ Color Rojo"},"content":{"rendered":"<div style='width: 100%; max-width: 1200px; margin: 0 auto; font-family: sans-serif; line-height: 1.6; color: inherit; background-color: transparent;'> <!-- Descripci\u00f3n principal --> <\/p>\n<div style='margin-bottom: 30px;'>\n<h2 style='font-size: 24px; border-bottom: 2px solid currentColor; padding-bottom: 8px; margin-top: 0; color: inherit; opacity: 0.85;'>Descripci\u00f3n<\/h2>\n<p style='margin: 15px 0; font-size: 15px; color: inherit; line-height: 1.6;'> Las luces estrobosc\u00f3picas con bocina de 2 cables de la serie L de System Sensor est\u00e1n cargadas de caracter\u00edsticas que aumentan la versatilidad de aplicaci\u00f3n&comma; simplifican la instalaci\u00f3n y maximizan las ganancias con un menor consumo de corriente y una est\u00e9tica moderna. La tecnolog\u00eda de iluminaci\u00f3n LED ofrece un consumo de corriente significativamente menor en comparaci\u00f3n con las antiguas bombillas de xen\u00f3n en todo el rango de candelas. Esto mejora la flexibilidad de dise\u00f1o para los circuitos de aparatos de notificaci\u00f3n (NACs)&comma; al tiempo que reduce los requisitos de suministro de energ\u00eda&comma; permitiendo instalaciones m\u00e1s simples y econ\u00f3micas. <\/p>\n<p style='margin: 15px 0; font-size: 15px; color: inherit; line-height: 1.6;'> Todos los dispositivos cuentan con dise\u00f1os enchufables con m\u00ednima intrusi\u00f3n en la caja posterior&comma; lo que facilita y asegura instalaciones r\u00e1pidas y a prueba de errores&comma; pr\u00e1cticamente eliminando fallas costosas y demoradas. Para simplificar a\u00fan m\u00e1s la instalaci\u00f3n y proteger los dispositivos contra da\u00f1os durante la construcci\u00f3n&comma; la serie L utiliza una placa de montaje universal para todos los modelos con un resorte de cortocircuito incorporado&comma; permitiendo a los instaladores probar la continuidad del cableado antes de instalar el dispositivo. Los instaladores tambi\u00e9n pueden adaptar f\u00e1cilmente los dispositivos para satisfacer una amplia gama de requisitos de aplicaci\u00f3n mediante configuraciones de candela seleccionables en el campo&comma; selecci\u00f3n autom\u00e1tica de operaci\u00f3n a 24 V y un interruptor rotativo para tonos de bocina con dos opciones de volumen. <\/p>\n<p style='margin: 15px 0; font-size: 15px; color: inherit; line-height: 1.6;'> Adem\u00e1s&comma; la serie L de System Sensor con aparatos de notificaci\u00f3n LED ofrece una nueva caracter\u00edstica de punto de prueba diagn\u00f3stica que permite medir el voltaje del dispositivo con un medidor de voltaje digital (DVM) sin quitar el aparato de la pared o el techo. Los puntos de prueba del DVM est\u00e1n discretamente ubicados en la cara del aparato de notificaci\u00f3n&comma; lo que facilita la soluci\u00f3n de problemas m\u00e1s r\u00e1pida y las comprobaciones de voltaje de fin de l\u00ednea (EOL) mientras se reduce en gran medida el riesgo de extrav\u00edo o da\u00f1o de los dispositivos durante la soluci\u00f3n de problemas. <\/p>\n<\/p><\/div>\n<p> <!-- Caracter\u00edsticas y beneficios --> <\/p>\n<div style='margin-bottom: 30px;'>\n<h3 style='font-size: 22px; border-bottom: 2px solid currentColor; padding-bottom: 5px; margin-top: 0; color: inherit; opacity: 0.8;'>Caracter\u00edsticas y beneficios<\/h3>\n<ul style='padding-left: 20px; margin-top: 15px; font-size: 15px; color: inherit; list-style-type: disc;'>\n<li style='margin-bottom: 8px; color: inherit;'><strong>La tecnolog\u00eda LED<\/strong> proporciona un menor consumo de corriente.<\/li>\n<li style='margin-bottom: 8px; color: inherit;'><strong>Puntos de prueba diagn\u00f3stica<\/strong> para medidor de voltaje digital (DVM) en las luces estrobosc\u00f3picas con bocina.<\/li>\n<li style='margin-bottom: 8px; color: inherit;'><strong>Est\u00e9tica com\u00fan<\/strong> en toda la plataforma de la serie L.<\/li>\n<li style='margin-bottom: 8px; color: inherit;'><strong>Tama\u00f1os est\u00e1ndar y compactos.<\/strong><\/li>\n<li style='margin-bottom: 8px; color: inherit;'><strong>Construcci\u00f3n resistente<\/strong> a manipulaciones.<\/li>\n<li style='margin-bottom: 8px; color: inherit;'><strong>Operaci\u00f3n a 24 voltios<\/strong> a 15 y 30 candelas.<\/li>\n<li style='margin-bottom: 8px; color: inherit;'><strong>Configuraciones de candela seleccionables<\/strong> en el campo en unidades de pared: 15&comma; 30&comma; 75&comma; 95&comma; 110&comma; 135 y 185.<\/li>\n<li style='margin-bottom: 8px; color: inherit;'><strong>Bocina con clasificaci\u00f3n de 88+ dBA<\/strong> a 16 voltios.<\/li>\n<li style='margin-bottom: 8px; color: inherit;'><strong>Interruptores rotativos<\/strong> para selecciones de candela&comma; tono y volumen.<\/li>\n<li style='margin-bottom: 8px; color: inherit;'><strong>La placa de montaje<\/strong> proporciona un dise\u00f1o enchufable para facilitar la instalaci\u00f3n y resortes de cortocircuito para verificar la continuidad del cableado.<\/li>\n<li style='margin-bottom: 8px; color: inherit;'><strong>Compatible el\u00e9ctricamente<\/strong> con dispositivos heredados SpectrAlert&comma; SpectrAlert Advance y de la serie L.<\/li>\n<li style='margin-bottom: 8px; color: inherit;'><strong>Sincronizaci\u00f3n<\/strong> mediante el uso de fuentes de alimentaci\u00f3n aprobadas por UL que admiten el protocolo de sincronizaci\u00f3n de System Sensor o el M\u00f3dulo de Sincronizaci\u00f3n MDL3 de System Sensor.<\/li>\n<li style='margin-bottom: 8px; color: inherit;'><strong>Disponible en rojo y blanco<\/strong> con marcas de FUEGO&comma; Plain&comma; FIRE y biling\u00fces.<\/li>\n<li style='margin-bottom: 8px; color: inherit;'><strong>Disponible en modelos est\u00e1ndar y compactos.<\/strong><\/li>\n<\/ul><\/div>\n<p> <!-- Separador final --> <\/p>\n<hr style='border: 0; border-top: 1px solid rgba(150&comma; 150&comma; 150&comma; 0.3); margin: 30px 0;'> <\/div>\n","protected":false},"excerpt":{"rendered":"<p>Sirena con L\u00e1mpara LED Estrobosc\u00f3pica \/ a 2 Hilos \/ Montaje en Pared \/ 24 Vcd \/ Configuraci\u00f3n Estrobosc\u00f3pica Seleccionable \/ Texto en Ingl\u00e9s \/ Color Rojo<\/p>\n","protected":false},"featured_media":36219,"comment_status":"open","ping_status":"closed","template":"","meta":[],"product_brand":[],"product_cat":[995],"product_tag":[997,996,468],"class_list":{"0":"post-36220","1":"product","2":"type-product","3":"status-publish","4":"has-post-thumbnail","6":"product_cat-estrobos-sirenas-bocinas-campanas","7":"product_tag-estrobos-sirenas-bocinas-campanas","8":"product_tag-notificacion-y-voceo","9":"product_tag-system-sensor","11":"first","12":"instock","13":"sale","14":"shipping-taxable","15":"purchasable","16":"product-type-simple"},"_links":{"self":[{"href":"https:\/\/soydeaqui.ddns.net\/pachuca\/index.php\/wp-json\/wp\/v2\/product\/36220","targetHints":{"allow":["GET"]}}],"collection":[{"href":"https:\/\/soydeaqui.ddns.net\/pachuca\/index.php\/wp-json\/wp\/v2\/product"}],"about":[{"href":"https:\/\/soydeaqui.ddns.net\/pachuca\/index.php\/wp-json\/wp\/v2\/types\/product"}],"replies":[{"embeddable":true,"href":"https:\/\/soydeaqui.ddns.net\/pachuca\/index.php\/wp-json\/wp\/v2\/comments?post=36220"}],"wp:featuredmedia":[{"embeddable":true,"href":"https:\/\/soydeaqui.ddns.net\/pachuca\/index.php\/wp-json\/wp\/v2\/media\/36219"}],"wp:attachment":[{"href":"https:\/\/soydeaqui.ddns.net\/pachuca\/index.php\/wp-json\/wp\/v2\/media?parent=36220"}],"wp:term":[{"taxonomy":"product_brand","embeddable":true,"href":"https:\/\/soydeaqui.ddns.net\/pachuca\/index.php\/wp-json\/wp\/v2\/product_brand?post=36220"},{"taxonomy":"product_cat","embeddable":true,"href":"https:\/\/soydeaqui.ddns.net\/pachuca\/index.php\/wp-json\/wp\/v2\/product_cat?post=36220"},{"taxonomy":"product_tag","embeddable":true,"href":"https:\/\/soydeaqui.ddns.net\/pachuca\/index.php\/wp-json\/wp\/v2\/product_tag?post=36220"}],"curies":[{"name":"wp","href":"https:\/\/api.w.org\/{rel}","templated":true}]}}