{"id":36200,"date":"2026-03-18T16:00:54","date_gmt":"2026-03-18T16:00:54","guid":{"rendered":"https:\/\/soydeaqui.ddns.net\/pachuca\/index.php\/producto\/panel-de-control-dvp-1200-192-detectores-direccion-bacnet-ip-reles-expansibles-salidas-analogicas-y-24vdc-pantalla-lcd\/"},"modified":"2026-03-18T16:01:00","modified_gmt":"2026-03-18T16:01:00","slug":"panel-de-control-dvp-1200-192-detectores-direccion-bacnet-ip-reles-expansibles-salidas-analogicas-y-24vdc-pantalla-lcd","status":"publish","type":"product","link":"https:\/\/soydeaqui.ddns.net\/pachuca\/index.php\/producto\/panel-de-control-dvp-1200-192-detectores-direccion-bacnet-ip-reles-expansibles-salidas-analogicas-y-24vdc-pantalla-lcd\/","title":{"rendered":"Panel de Control DVP-1200 \/ 192 Detectores Direcci\u00f3n \/ BACnet IP \/ Rel\u00e9s Expansibles \/ Salidas Anal\u00f3gicas y 24VDC \/ Pantalla LCD"},"content":{"rendered":"<div style='width: 100%; max-width: 1200px; margin: 0 auto; font-family: sans-serif; line-height: 1.6; color: inherit; background-color: transparent;'>\n<div style='margin-bottom: 30px;'>\n<p style='font-size: 18px; line-height: 1.6; margin: 0; color: inherit;'>El panel de control DVP-1200 de Macurco&comma; en conjunto con los detectores de gas Macurco&comma; proporciona control autom\u00e1tico para mantener un ambiente aceptable en garajes de estacionamiento u otras aplicaciones. Este panel de control ofrece un sistema expandible con hasta 192 detectores direccionables en el campo&comma; lo que lo hace ideal para cualquier aplicaci\u00f3n de detecci\u00f3n de gases.<\/p>\n<\/div>\n<div style='margin-bottom: 30px;'>\n<h2 style='font-size: 24px; font-weight: 600; margin: 0 0 20px 0; color: inherit; opacity: 0.9;'>Caracter\u00edsticas Principales<\/h2>\n<div style='display: flex; flex-wrap: wrap; gap: 20px;'>\n<div style='flex: 1 1 250px; min-width: 280px; border: 1px solid rgba(150&comma; 150&comma; 150&comma; 0.4); border-radius: 8px; overflow: hidden; display: flex; flex-direction: column;'>\n<div style='padding: 15px; border-bottom: 1px solid rgba(150&comma; 150&comma; 150&comma; 0.2); font-weight: bold; font-size: 18px; color: inherit;'>Caracter\u00edsticas<\/div>\n<div style='padding: 15px; color: inherit;'>\n<ul style='padding-left: 20px; margin: 0; font-size: 14px; list-style-type: disc;'>\n<li style='margin-bottom: 5px;'>Tres canales RS-485 pueden conectar hasta 192 detectores (64 por canal)<\/li>\n<li style='margin-bottom: 5px;'>Incluye 4 rel\u00e9s a bordo&comma; con opci\u00f3n de expansi\u00f3n hasta 4 rel\u00e9s adicionales (+2 o +4)<\/li>\n<li style='margin-bottom: 5px;'>Salidas anal\u00f3gicas 4-20mA para control VFD<\/li>\n<li style='margin-bottom: 5px;'>Salidas de 24VDC para alarmas&comma; problemas y notificaciones remotas<\/li>\n<li style='margin-bottom: 5px;'>Conexi\u00f3n BACnet IP para integraci\u00f3n en redes EtherNet<\/li>\n<li style='margin-bottom: 5px;'>Enclosure tipo NEMA4X bloqueable<\/li>\n<li style='margin-bottom: 5px;'>Ocho zonas configurables y registro de eventos<\/li>\n<li style='margin-bottom: 5px;'>Expansible con hasta 4 controladores remotos<\/li>\n<\/ul>\n<\/div>\n<\/div>\n<\/div>\n<\/div>\n<\/div>\n<div style='margin-bottom: 30px;'>\n<h2 style='font-size: 24px; font-weight: 600; margin: 0 0 20px 0; color: inherit; opacity: 0.9;'>Detalles T\u00e9cnicos<\/h2>\n<div style='display: flex; flex-wrap: wrap; gap: 20px;'>\n<div style='flex: 1 1 300px; min-width: 280px; border: 1px solid rgba(150&comma; 150&comma; 150&comma; 0.4); border-radius: 8px; overflow: hidden; display: flex; flex-direction: column;'>\n<div style='padding: 15px; border-bottom: 1px solid rgba(150&comma; 150&comma; 150&comma; 0.2); font-weight: bold; font-size: 18px; color: inherit;'>Especificaciones<\/div>\n<div style='padding: 15px; color: inherit;'>\n<ul style='padding-left: 20px; margin: 0; font-size: 14px; list-style-type: disc;'>\n<li style='margin-bottom: 5px;'>Dimensiones: 13\u201d x 10\u201d x 2.75\u201d (33 X 25.4 X 6.9 cm)<\/li>\n<li style='margin-bottom: 5px;'>Peso: 12.4 lbs (5.6 kg)<\/li>\n<li style='margin-bottom: 5px;'>Entrada de energ\u00eda: 100 \u2013 240 VAC&comma; 1 Amp&comma; 50\/60 Hz&comma; monof\u00e1sico<\/li>\n<li style='margin-bottom: 5px;'>Pantalla LCD: 320 x 240 p\u00edxeles gr\u00e1ficos con retroiluminaci\u00f3n<\/li>\n<li style='margin-bottom: 5px;'>Rel\u00e9s SPDT: 4 internos&comma; 120\/240 VAC&comma; 10 A m\u00e1x. (resistivo)<\/li>\n<li style='margin-bottom: 5px;'>Humedad ambiental: 0% a 95% RH sin condensaci\u00f3n<\/li>\n<li style='margin-bottom: 5px;'>Temperatura de operaci\u00f3n: 32\u00b0F a 104\u00b0F (0\u00b0C a 40\u00b0C)<\/li>\n<\/ul>\n<\/div>\n<\/div>\n<\/div>\n<div style='flex: 1 1 300px; min-width: 280px; border: 1px solid rgba(150&comma; 150&comma; 150&comma; 0.4); border-radius: 8px; overflow: hidden; display: flex; flex-direction: column;'>\n<div style='padding: 15px; border-bottom: 1px solid rgba(150&comma; 150&comma; 150&comma; 0.2); font-weight: bold; font-size: 18px; color: inherit;'>Interfaces y Conectividad<\/div>\n<div style='padding: 15px; color: inherit;'>\n<ul style='padding-left: 20px; margin: 0; font-size: 14px; list-style-type: disc;'>\n<li style='margin-bottom: 5px;'>Interfaces: BACnet IP&comma; RS-485<\/li>\n<li style='margin-bottom: 5px;'>Puertos de salida: hasta 32 salidas anal\u00f3gicas adicionales&comma; hasta 32 rel\u00e9s remotos adicionales<\/li>\n<li style='margin-bottom: 5px;'>Indicadores de estado: Energ\u00eda\/problema&comma; silencio&comma; advertencia\/alarma&comma; y rel\u00e9<\/li>\n<li style='margin-bottom: 5px;'>Configuraciones mediante teclado externo para selecci\u00f3n y ajuste de transductor\/alarma<\/li>\n<\/ul>\n<\/div>\n<\/div>\n<\/div>\n<\/div>\n<\/div>\n<div style='margin-bottom: 30px;'>\n<h2 style='font-size: 24px; font-weight: 600; margin: 0 0 20px 0; color: inherit; opacity: 0.9;'>Aplicaciones y Casos de Uso<\/h2>\n<div style='display: flex; flex-wrap: wrap; gap: 20px;'>\n<div style='flex: 1 1 250px; min-width: 280px; border: 1px solid rgba(150&comma; 150&comma; 150&comma; 0.4); border-radius: 8px; overflow: hidden; display: flex; flex-direction: column; padding: 15px;'>\n<p style='margin: 0 0 5px 0; color: inherit;'>Garajes de estacionamiento<\/p>\n<p style='margin: 0 0 5px 0; color: inherit;'>Concesionarios de autos<\/p>\n<p style='margin: 0 0 5px 0; color: inherit;'>Bah\u00edas de ambulancias\/bombeo<\/p>\n<p style='margin: 0 0 5px 0; color: inherit;'>Almacenes<\/p>\n<p style='margin: 0 0 5px 0; color: inherit;'>Manufactura<\/p>\n<p style='margin: 0 0 5px 0; color: inherit;'>Muelles de carga<\/p>\n<p style='margin: 0 0 5px 0; color: inherit;'>Salas mec\u00e1nicas<\/p>\n<p style='margin: 0 0 5px 0; color: inherit;'>Centros de distribuci\u00f3n<\/p>\n<p style='margin: 0 0 5px 0; color: inherit;'>Instalaciones de reparaci\u00f3n de veh\u00edculos<\/p>\n<p style='margin: 0 0 5px 0; color: inherit;'>Dep\u00f3sitos de autobuses<\/p>\n<\/div>\n<\/div>\n<\/div>\n<\/div>\n<hr style='border: 0; border-top: 1px solid rgba(150&comma; 150&comma; 150&comma; 0.3); margin: 30px 0;'><\/div>\n","protected":false},"excerpt":{"rendered":"<p>Panel de Control DVP-1200 \/ 192 Detectores Direcci\u00f3n \/ BACnet IP \/ Rel\u00e9s Expansibles \/ Salidas Anal\u00f3gicas y 24VDC \/ Pantalla LCD<\/p>\n","protected":false},"featured_media":36199,"comment_status":"open","ping_status":"closed","template":"","meta":[],"product_brand":[],"product_cat":[443],"product_tag":[989,444,225],"class_list":{"0":"post-36200","1":"product","2":"type-product","3":"status-publish","4":"has-post-thumbnail","6":"product_cat-todo-paneles-de-incendio","7":"product_tag-macurco-aerionics","8":"product_tag-paneles-de-incendio","9":"product_tag-todo","11":"first","12":"outofstock","13":"sale","14":"shipping-taxable","15":"purchasable","16":"product-type-simple"},"_links":{"self":[{"href":"https:\/\/soydeaqui.ddns.net\/pachuca\/index.php\/wp-json\/wp\/v2\/product\/36200","targetHints":{"allow":["GET"]}}],"collection":[{"href":"https:\/\/soydeaqui.ddns.net\/pachuca\/index.php\/wp-json\/wp\/v2\/product"}],"about":[{"href":"https:\/\/soydeaqui.ddns.net\/pachuca\/index.php\/wp-json\/wp\/v2\/types\/product"}],"replies":[{"embeddable":true,"href":"https:\/\/soydeaqui.ddns.net\/pachuca\/index.php\/wp-json\/wp\/v2\/comments?post=36200"}],"wp:featuredmedia":[{"embeddable":true,"href":"https:\/\/soydeaqui.ddns.net\/pachuca\/index.php\/wp-json\/wp\/v2\/media\/36199"}],"wp:attachment":[{"href":"https:\/\/soydeaqui.ddns.net\/pachuca\/index.php\/wp-json\/wp\/v2\/media?parent=36200"}],"wp:term":[{"taxonomy":"product_brand","embeddable":true,"href":"https:\/\/soydeaqui.ddns.net\/pachuca\/index.php\/wp-json\/wp\/v2\/product_brand?post=36200"},{"taxonomy":"product_cat","embeddable":true,"href":"https:\/\/soydeaqui.ddns.net\/pachuca\/index.php\/wp-json\/wp\/v2\/product_cat?post=36200"},{"taxonomy":"product_tag","embeddable":true,"href":"https:\/\/soydeaqui.ddns.net\/pachuca\/index.php\/wp-json\/wp\/v2\/product_tag?post=36200"}],"curies":[{"name":"wp","href":"https:\/\/api.w.org\/{rel}","templated":true}]}}