{"id":36184,"date":"2026-03-18T16:00:29","date_gmt":"2026-03-18T16:00:29","guid":{"rendered":"https:\/\/soydeaqui.ddns.net\/pachuca\/index.php\/producto\/detector-de-flama-industrial-avanzado-multi-espectro-triple-infrarrojo-ir3-vision-90o-sensibilidad-variable-15-60m-entradas-3-4-npt-proteccion-ip66-certificado-para-areas-peligrosas-acero\/"},"modified":"2026-03-18T16:00:33","modified_gmt":"2026-03-18T16:00:33","slug":"detector-de-flama-industrial-avanzado-multi-espectro-triple-infrarrojo-ir3-vision-90o-sensibilidad-variable-15-60m-entradas-3-4-npt-proteccion-ip66-certificado-para-areas-peligrosas-acero","status":"publish","type":"product","link":"https:\/\/soydeaqui.ddns.net\/pachuca\/index.php\/producto\/detector-de-flama-industrial-avanzado-multi-espectro-triple-infrarrojo-ir3-vision-90o-sensibilidad-variable-15-60m-entradas-3-4-npt-proteccion-ip66-certificado-para-areas-peligrosas-acero\/","title":{"rendered":"Detector De Flama Industrial Avanzado Multi-Espectro, Triple Infrarrojo (IR3), Visi\u00f3n 90\u00ba, Sensibilidad Variable 15 &#8211; 60m, Entradas 3\/4&#8243; NPT, Protecci\u00f3n IP66, Certificado Para \u00c1reas Peligrosas, Acero Inoxidable"},"content":{"rendered":"<div style='width: 100%; max-width: 1200px; margin: 0 auto; font-family: sans-serif; line-height: 1.6; color: inherit; background-color: transparent;'>\n<div style='display: flex; flex-direction: column; align-items: center; text-align: center; margin-bottom: 30px;'>\n<h1 style='font-size: 22px; margin: 0; color: inherit;'>Detectores De Flama Avanzado Triple Infrarrojo IR3<\/h1>\n<h1 style='font-size: 22px; margin: 0; color: inherit;'><span style='color: #e74c3c;'>Serie<\/span> FS24X-PLUS<\/h1>\n<\/p><\/div>\n<div style='margin-bottom: 30px;'>\n<h2 style='text-align: center; font-size: 18px; margin: 0; color: inherit; opacity: 0.8;'>La serie <span style='color: #e74c3c;'><span style='color: #000000;'>FS24X Plus<\/span><\/span> ofrece una detecci\u00f3n robusta de flamas e incendios&comma; incluso en entornos dif\u00edciles.<\/h2>\n<\/p><\/div>\n<div style='margin-bottom: 30px;'>\n<p style='font-size: 14px; color: inherit; text-align: justify;'>La serie FS24X Plus son los detectores de flamas triple infrarrojo 3IR de pr\u00f3xima generaci\u00f3n que utilizan la tecnolog\u00eda infrarroja WideBand IR\u2122 de Honeywell para la detecci\u00f3n de incendios de hidrocarburos e hidr\u00f3geno. Con un rendimiento certificado seg\u00fan FM3260 y EN54-10 y certificado SIL2 seg\u00fan EN61508. Serie con HART\u00ae sobre la salida anal\u00f3gica de 4-20 mA. Los rel\u00e9s de alarma&comma; auxiliar y de falla est\u00e1n incluidos y pueden configurarse normalmente abiertos (NO) o normalmente cerrados (NC)&comma; con o sin enclavamiento. Cuenta con un halo LED multicolor y altamente visible para indicar el estado localmente&comma; eliminando la necesidad de un dispositivo adicional. El detector registra hasta 5000 eventos y diez FirePics de 30 segundos.<\/p>\n<\/p><\/div>\n<div style='margin-bottom: 30px;'>\n<p style='font-size: 14px; color: inherit; text-align: justify;'>La serie FS24X Plus de Honeywell Analytics responde a incendios de hidrocarburos e hidr\u00f3geno dentro de un campo de visi\u00f3n estable que ofrece una protecci\u00f3n r\u00e1pida y fiable frente a una amplia gama de incendios. Mejora su seguridad general de un sistema de detecci\u00f3n de llamas fiable que puede ser incluso en presencia de inhibidores ambientales como la lluvia&comma; niebla&comma; y el humo. Est\u00e1n dise\u00f1ados para entornos peligrosos y aplicaciones industriales exigentes ayudando a las empresas a proteger a las personas&comma; la planta y los procesos en caso de que se produzca un incendio detectable.<\/p>\n<\/p><\/div>\n<div style='margin-bottom: 30px;'>\n<h3 style='font-size: 20px; border-bottom: 2px solid currentColor; padding-bottom: 5px; margin-top: 0; color: inherit; opacity: 0.8;'>Caracter\u00edsticas Generales De Serie FS24X Plus<\/h3>\n<ul style='padding-left: 20px; font-size: 14px; color: inherit; list-style-type: disc;'>\n<li style='margin-bottom: 5px;'>Respuesta r\u00e1pida a una amplia gama de incendios de hidrocarburos e hidr\u00f3geno&comma; incluso en condiciones de baja visibilidad<\/li>\n<li style='margin-bottom: 5px;'>El anillo de luz LED de HALO de alta velocidad ofrece una indicaci\u00f3n clara del estado del dispositivo. Luz LED de HALO: verde (normal)&comma; amarillo (fallo\/advertencia)&comma; rojo (alarma).<\/li>\n<li style='margin-bottom: 5px;'>Diagn\u00f3stico avanzado&comma; incluyendo la transparencia de la ventana para mantener la protecci\u00f3n del lugar<\/li>\n<li style='margin-bottom: 5px;'>Parasol y soporte de montaje est\u00e1ndar o marino incluidos para colocar el detector r\u00e1pida y f\u00e1cilmente en una ubicaci\u00f3n \u00f3ptima.<\/li>\n<li style='margin-bottom: 5px;'>El potente software Flame Manager reemplaza los interruptores DIP tradicionales para la configuraci\u00f3n del detector y proporciona diagn\u00f3sticos simplificados y FirePics\u2122 posteriores al evento. Estado del instrumento a simple vista<\/li>\n<li style='margin-bottom: 5px;'>El anillo LED HALO multicolor de alta visibilidad proporciona una indicaci\u00f3n clara del estado del dispositivo desde una distancia de hasta 15m (50ft)&comma; incluso en exteriores con mucha luz.<\/li>\n<li style='margin-bottom: 5px;'>Los sensores de largo alcance y gran angular detectan incendios a 60 m (200 pies) para 0&comma;1m\u00b2 (1 pie\u00b2) de n-heptano.<\/li>\n<li style='margin-bottom: 5px;'>M\u00faltiples salidas&comma; incluyendo 4-20 mA&comma; rel\u00e9s&comma; HART\u00ae y comunicaci\u00f3n Modbus&comma; todas est\u00e1ndar.<\/li>\n<li style='margin-bottom: 5px;'>Responde a una amplia gama de incendios de hidrocarburos como n-heptano&comma; metano&comma; butano&comma; propano&comma; etanol&comma; metanol&comma; di\u00e9sel&comma; queroseno&comma; JP-4 e IPA&comma; as\u00ed como hidr\u00f3geno.<\/li>\n<li style='margin-bottom: 5px;'>Velocidad de respuesta t\u00edpica: 5 segundos.<\/li>\n<li style='margin-bottom: 5px;'>Incluye el soporte SM4 que permite efectuar una instalaci\u00f3n mec\u00e1nica sencilla. El soporte tambi\u00e9n est\u00e1 disponible en versi\u00f3n marina (SM4-M)<\/li>\n<li style='margin-bottom: 5px;'>El m\u00f3dulo optoelectr\u00f3nico interno puede cambiarse con rapidez en el sitio si es necesario.<\/li>\n<li style='margin-bottom: 5px;'>Aprobaciones globales de \u00e1reas peligrosas y rendimiento como: ATEX&comma; IECEx&comma; cFMus; INMETRO&comma; CCC*;SIL2&comma; FM3260&comma; EN54-10<\/li>\n<li style='margin-bottom: 5px;'>Certificaciones marinas: ABS&comma; Lloyds&comma; BV&comma; DNV<\/li>\n<\/ul><\/div>\n<div style='margin-bottom: 30px;'>\n<h3 style='font-size: 20px; border-bottom: 2px solid currentColor; padding-bottom: 5px; margin-top: 0; color: inherit; opacity: 0.8;'>Especificaciones Tecnicas De Serie FS24X Plus<\/h3>\n<ul style='padding-left: 20px; font-size: 14px; color: inherit; list-style-type: disc;'>\n<li style='margin-bottom: 5px;'>Campo de visi\u00f3n: Cono de visi\u00f3n de 90\u00ba&comma; 120\u00ba (50% de rango en el eje).<\/li>\n<li style='margin-bottom: 5px;'>Sensibilidad: Baja 15m&comma; media 30m&comma; alta 45m&comma; muy alta 60m&comma; hasta 0&comma;1m2 de incendio de n-heptano configurable a trav\u00e9s de Flame Manager.<\/li>\n<li style='margin-bottom: 5px;'>Tiempo de respuesta: Normal 5s&comma; m\u00e1ximo 10s.<\/li>\n<li style='margin-bottom: 5px;'>Tensi\u00f3n de funcionamiento: 24 Vcc nominales (18 a 32 Vcc regulados).<\/li>\n<li style='margin-bottom: 5px;'>Consumo de energ\u00eda: 1.8W (nominal)&comma; 2.4W (alarma)&comma; 12W (m\u00e1ximo) con el calentador encendido&comma; ciclo de trabajo del 100 %.<\/li>\n<li style='margin-bottom: 5px;'>Rel\u00e9s de salida: Alarma&comma; falla y auxiliar: SPDT (NO\/NC)&comma; desactivado\/activado&comma; enclavado\/sin enclavamiento&comma; capacidad 2A@ 32 Vcd.<\/li>\n<li style='margin-bottom: 5px;'>Salida anal\u00f3gica: 4-20 mA &#8211; fuente&comma; sumidero o aislada.<\/li>\n<li style='margin-bottom: 5px;'>Comunicaciones digitales: RS-485:Modbus y FP2&comma; USB:FP2&comma; HART\u00ae con comunicador port\u00e1til o conexi\u00f3n directa por cable.<\/li>\n<li style='margin-bottom: 5px;'>Temperatura de funcionamiento: -55 a 75\u00baC (-67\u00b0F a 167\u00b0F).<\/li>\n<li style='margin-bottom: 5px;'>Temperatura de almacenamiento: -55 a 85\u00baC (-67\u00b0F a 185\u00b0F).<\/li>\n<li style='margin-bottom: 5px;'>Intervalo de humedad: Del 0 al 99% de humedad relativa.<\/li>\n<li style='margin-bottom: 5px;'>Entradas de cables\/conductos: 2 x M25 o 2 x 3\/4 NPT<\/li>\n<li style='margin-bottom: 5px;'>Material de la carcasa: Aluminio de bajo contenido en cobre con pintura para aplicaciones marinas o acero inoxidable 316.<\/li>\n<li style='margin-bottom: 5px;'>Tipo de protecci\u00f3n: IP66\/67 (tipo 4X)<\/li>\n<li style='margin-bottom: 5px;'>Combustibles comprobados: n-heptano&comma; IPA&comma; metano&comma; butano&comma; propano&comma; etanol&comma; metanol&comma; hidr\u00f3geno&comma; diesel&comma; queroseno&comma; JP-4<\/li>\n<li style='margin-bottom: 5px;'>Certificaciones de \u00e1reas peligrosas: ATEX: II 2 G Ex db IIC T5 Gb; II 2 D Ex tb IIIC T135 \u00b0C Db IP66\/67; IECEx: Ex db IIC T5 Gb; Ex tb IIIC T135 \u00b0C Db IP66\/67; cFMus: Clase I&comma; Div 1&comma; Grps A&comma;B&comma;C&comma;D; Clase II\/III&comma; Div 1&comma; Grps E&comma;F&comma;G NEMA 4X INMETRO&comma; CUTR* CCC*<\/li>\n<li style='margin-bottom: 5px;'>Certificaciones de rendimiento: FM3260. EN54-10:clase 1 (sensibilidad media&comma; alta y muy alta)&comma; clase 2 (baja)<\/li>\n<li style='margin-bottom: 5px;'>Certificacion de seguridad: Certificacion IEC61508 SIL 2 de TUV Sud<\/li>\n<li style='margin-bottom: 5px;'>Certificaciones marinas*: Tipo marino aprobado para ABS&comma; Lloyds&comma; BV&comma; DNV (*pendiente)<\/li>\n<li style='margin-bottom: 5px;'>Peso: Aluminio 1.7 kg (3.7 lbs) o acero inoxidable 3.4 kg (7.4 lbs)<\/li>\n<li style='margin-bottom: 5px;'>Visera parasol SH-001<\/li>\n<li style='margin-bottom: 5px;'>Soporte est\u00e1ndar SM4 o soporte mar\u00edtimo SM4-M (seg\u00fan modelo)<\/li>\n<\/ul><\/div>\n<div style='margin-bottom: 30px;'>\n<h3 style='font-size: 20px; border-bottom: 2px solid currentColor; padding-bottom: 5px; margin-top: 0; color: inherit; opacity: 0.8;'>Incluye<\/h3>\n<ul style='padding-left: 20px; font-size: 14px; color: inherit; list-style-type: disc;'>\n<li style='margin-bottom: 5px;'>1 x <a href='https:\/\/www.syscom.mx\/producto\/SM4-HONEYWELL-ANALYTICS-189785.html' style='color: inherit; text-decoration: underline;' target='_blank'>SM4<\/a> Montaje giratorio de acero inoxidable<\/li>\n<li style='margin-bottom: 5px;'>1 x <a href='https:\/\/www.syscom.mx\/producto\/SH-001-HONEYWELL-ANALYTICS-215701.html' style='color: inherit; text-decoration: underline;' target='_blank'>SH-001<\/a> &#8211; Parasol de acero inoxidable<\/li>\n<\/ul><\/div>\n<div style='margin-bottom: 30px;'>\n<h3 style='font-size: 20px; border-bottom: 2px solid currentColor; padding-bottom: 5px; margin-top: 0; color: inherit; opacity: 0.8;'>Accesorio requerido para prueba y puesta en marcha<\/h3>\n<p style='font-size: 14px; color: inherit; margin-bottom: 10px;'>Para su prueba y puesta en marcha se requiere el uso de la siguiente l\u00e1mpara de prueba:<\/p>\n<ul style='padding-left: 20px; font-size: 14px; color: inherit; list-style-type: disc;'>\n<li style='margin-bottom: 5px;'><a href='https:\/\/www.syscom.mx\/producto\/TL-2055-HONEYWELL-ANALYTICS-209904.html' style='color: inherit; text-decoration: underline;' target='_blank'>TL-2055<\/a> L\u00e1mpara de prueba para detector de fuego&comma; versi\u00f3n a prueba de explosi\u00f3n.<\/li>\n<\/ul><\/div>\n<hr style='border: 0; border-top: 1px solid rgba(150&comma; 150&comma; 150&comma; 0.3); margin: 30px 0;'> <\/div>\n","protected":false},"excerpt":{"rendered":"<p>Detector De Flama Industrial Avanzado Multi-Espectro, Triple Infrarrojo (IR3), Visi\u00f3n 90\u00ba, Sensibilidad Variable 15 &#8211; 60m, Entradas 3\/4&#8243; NPT, Protecci\u00f3n IP66, Certificado Para \u00c1reas Peligrosas, Acero Inoxidable<\/p>\n","protected":false},"featured_media":36183,"comment_status":"open","ping_status":"closed","template":"","meta":[],"product_brand":[],"product_cat":[985],"product_tag":[978,986,1014],"class_list":{"0":"post-36184","1":"product","2":"type-product","3":"status-publish","4":"has-post-thumbnail","6":"product_cat-detectores-de-flama","7":"product_tag-aplicaciones-especiales","8":"product_tag-detectores-de-flama","9":"product_tag-honeywell-analytics","11":"first","12":"outofstock","13":"sale","14":"shipping-taxable","15":"purchasable","16":"product-type-simple"},"_links":{"self":[{"href":"https:\/\/soydeaqui.ddns.net\/pachuca\/index.php\/wp-json\/wp\/v2\/product\/36184","targetHints":{"allow":["GET"]}}],"collection":[{"href":"https:\/\/soydeaqui.ddns.net\/pachuca\/index.php\/wp-json\/wp\/v2\/product"}],"about":[{"href":"https:\/\/soydeaqui.ddns.net\/pachuca\/index.php\/wp-json\/wp\/v2\/types\/product"}],"replies":[{"embeddable":true,"href":"https:\/\/soydeaqui.ddns.net\/pachuca\/index.php\/wp-json\/wp\/v2\/comments?post=36184"}],"wp:featuredmedia":[{"embeddable":true,"href":"https:\/\/soydeaqui.ddns.net\/pachuca\/index.php\/wp-json\/wp\/v2\/media\/36183"}],"wp:attachment":[{"href":"https:\/\/soydeaqui.ddns.net\/pachuca\/index.php\/wp-json\/wp\/v2\/media?parent=36184"}],"wp:term":[{"taxonomy":"product_brand","embeddable":true,"href":"https:\/\/soydeaqui.ddns.net\/pachuca\/index.php\/wp-json\/wp\/v2\/product_brand?post=36184"},{"taxonomy":"product_cat","embeddable":true,"href":"https:\/\/soydeaqui.ddns.net\/pachuca\/index.php\/wp-json\/wp\/v2\/product_cat?post=36184"},{"taxonomy":"product_tag","embeddable":true,"href":"https:\/\/soydeaqui.ddns.net\/pachuca\/index.php\/wp-json\/wp\/v2\/product_tag?post=36184"}],"curies":[{"name":"wp","href":"https:\/\/api.w.org\/{rel}","templated":true}]}}