{"id":36173,"date":"2026-03-18T16:00:13","date_gmt":"2026-03-18T16:00:13","guid":{"rendered":"https:\/\/soydeaqui.ddns.net\/pachuca\/index.php\/producto\/luz-de-emergencia-dual-led-ultra-compacta-150-lumenes-luz-fria-bateria-de-respaldo-incluida-boton-de-test-color-negro\/"},"modified":"2026-03-18T16:00:14","modified_gmt":"2026-03-18T16:00:14","slug":"luz-de-emergencia-dual-led-ultra-compacta-150-lumenes-luz-fria-bateria-de-respaldo-incluida-boton-de-test-color-negro","status":"publish","type":"product","link":"https:\/\/soydeaqui.ddns.net\/pachuca\/index.php\/producto\/luz-de-emergencia-dual-led-ultra-compacta-150-lumenes-luz-fria-bateria-de-respaldo-incluida-boton-de-test-color-negro\/","title":{"rendered":"Luz de Emergencia Dual LED ultra compacta\/150 l\u00famenes\/Luz fr\u00eda\/Bater\u00eda de Respaldo Incluida\/Bot\u00f3n de test \/ Color Negro"},"content":{"rendered":"<div style='width: 100%; max-width: 1200px; margin: 0 auto; font-family: sans-serif; line-height: 1.6; color: inherit; background-color: transparent;'> <!-- Secci\u00f3n de T\u00edtulo --> <\/p>\n<div style='width: 100%; text-align: center; margin: 30px 0;'>\n<h1 style='font-size: 28px; color: inherit; opacity: 0.8; margin: 0;'>Especificaciones<\/h1>\n<\/p><\/div>\n<p> <!-- Secci\u00f3n de caracter\u00edsticas con grid --> <\/p>\n<div style='display: flex; flex-wrap: wrap; gap: 30px; margin-bottom: 30px;'> <!-- Caracter\u00edsticas F\u00edsicas --> <\/p>\n<div style='flex: 1 1 300px; min-width: 280px;'>\n<div style='border: 1px solid rgba(150&comma; 150&comma; 150&comma; 0.4); border-radius: 8px; overflow: hidden; display: flex; flex-direction: column;'>\n<div style='padding: 15px; background-color: rgba(0&comma; 0&comma; 255&comma; 0.1); border-bottom: 1px solid rgba(150&comma; 150&comma; 150&comma; 0.2); font-weight: bold; font-size: 18px; color: inherit;'>CARACTERISTICAS FISICAS<\/div>\n<div style='padding: 15px; color: inherit;'>\n<ul style='padding-left: 20px; margin: 0; font-size: 14px; list-style-type: disc;'>\n<li style='margin-bottom: 5px;'>Cubierta ABS termopl\u00e1stica moldeada inyectada.<\/li>\n<li style='margin-bottom: 5px;'>UL 5VA.<\/li>\n<li style='margin-bottom: 5px;'>Innovador dise\u00f1o que permite una instalaci\u00f3n r\u00e1pida.<\/li>\n<li style='margin-bottom: 5px;'>UL y cUL.<\/li>\n<li style='margin-bottom: 5px;'>Color de carcasa: Negro<\/li>\n<\/ul><\/div>\n<\/p><\/div>\n<\/p><\/div>\n<p> <!-- Caracter\u00edsticas El\u00e9ctricas --> <\/p>\n<div style='flex: 1 1 300px; min-width: 280px;'>\n<div style='border: 1px solid rgba(150&comma; 150&comma; 150&comma; 0.4); border-radius: 8px; overflow: hidden; display: flex; flex-direction: column;'>\n<div style='padding: 15px; background-color: rgba(255&comma; 165&comma; 0&comma; 0.1); border-bottom: 1px solid rgba(150&comma; 150&comma; 150&comma; 0.2); font-weight: bold; font-size: 18px; color: inherit;'>CARACTERISTICAS EL\u00c9CTRICAS<\/div>\n<div style='padding: 15px; color: inherit;'>\n<ul style='padding-left: 20px; margin: 0; font-size: 14px; list-style-type: disc;'>\n<li style='margin-bottom: 5px;'>127\/240 VAC.<\/li>\n<li style='margin-bottom: 5px;'>Interruptor de prueba e indicador de tasa de carga.<\/li>\n<\/ul><\/div>\n<\/p><\/div>\n<\/p><\/div>\n<p> <!-- L\u00e1mparas y Respaldo de Bater\u00eda --> <\/p>\n<div style='flex: 1 1 300px; min-width: 280px;'>\n<div style='border: 1px solid rgba(150&comma; 150&comma; 150&comma; 0.4); border-radius: 8px; overflow: hidden; display: flex; flex-direction: column; margin-bottom: 20px;'>\n<div style='padding: 15px; background-color: rgba(0&comma; 128&comma; 0&comma; 0.1); border-bottom: 1px solid rgba(150&comma; 150&comma; 150&comma; 0.2); font-weight: bold; font-size: 18px; color: inherit;'>LAMPARAS<\/div>\n<div style='padding: 15px; color: inherit;'>\n<ul style='padding-left: 20px; margin: 0; font-size: 14px; list-style-type: disc;'>\n<li style='margin-bottom: 5px;'>1 Watt (x2) luz LED para el modo de emergencia.<\/li>\n<li style='margin-bottom: 5px;'>150 lm para 2W.<\/li>\n<\/ul><\/div>\n<\/p><\/div>\n<div style='border: 1px solid rgba(150&comma; 150&comma; 150&comma; 0.4); border-radius: 8px; overflow: hidden; display: flex; flex-direction: column;'>\n<div style='padding: 15px; background-color: rgba(255&comma; 0&comma; 0&comma; 0.1); border-bottom: 1px solid rgba(150&comma; 150&comma; 150&comma; 0.2); font-weight: bold; font-size: 18px; color: inherit;'>RESPALDO DE BATER\u00cdA<\/div>\n<div style='padding: 15px; color: inherit;'>\n<ul style='padding-left: 20px; margin: 0; font-size: 14px; list-style-type: disc;'>\n<li style='margin-bottom: 5px;'>Bater\u00eda de Ni-Cd de -3.6V&comma; 900mA BAT-660LW.<\/li>\n<li style='margin-bottom: 5px;'>24 horas de recarga despu\u00e9s de 90 minutos de descarga.<\/li>\n<\/ul><\/div>\n<\/p><\/div>\n<\/p><\/div>\n<\/p><\/div>\n<p> <!-- Separador --> <\/p>\n<hr style='border: 0; border-top: 1px solid rgba(150&comma; 150&comma; 150&comma; 0.3); margin: 30px 0;'> <!-- Imagen --> <\/p>\n<div style='margin: 30px 0;'> <img style='width: 100%; height: auto; border: 1px solid rgba(150&comma;150&comma;150&comma;0.3); border-radius: 8px;' src='https:\/\/ftp3.syscom.mx\/usuarios\/ftp\/banners_index\/syscom\/lamparas-feb24-v2.jpg' alt=''> <\/div>\n<p> <!-- Video de YouTube --> <\/p>\n<div style='position: relative; padding-bottom: 56.25%; height: 0; overflow: hidden; margin-bottom: 30px;'>   <\/div>\n<\/p><\/div>\n","protected":false},"excerpt":{"rendered":"<p>Luz de Emergencia Dual LED ultra compacta\/150 l\u00famenes\/Luz fr\u00eda\/Bater\u00eda de Respaldo Incluida\/Bot\u00f3n de test \/ Color Negro<\/p>\n","protected":false},"featured_media":36172,"comment_status":"open","ping_status":"closed","template":"","meta":[],"product_brand":[],"product_cat":[125],"product_tag":[127,79,126],"class_list":{"0":"post-36173","1":"product","2":"type-product","3":"status-publish","4":"has-post-thumbnail","6":"product_cat-senalizacion","7":"product_tag-senalizacion","8":"product_tag-sfire","9":"product_tag-sistemas-de-emergencia","11":"first","12":"outofstock","13":"sale","14":"shipping-taxable","15":"purchasable","16":"product-type-simple"},"_links":{"self":[{"href":"https:\/\/soydeaqui.ddns.net\/pachuca\/index.php\/wp-json\/wp\/v2\/product\/36173","targetHints":{"allow":["GET"]}}],"collection":[{"href":"https:\/\/soydeaqui.ddns.net\/pachuca\/index.php\/wp-json\/wp\/v2\/product"}],"about":[{"href":"https:\/\/soydeaqui.ddns.net\/pachuca\/index.php\/wp-json\/wp\/v2\/types\/product"}],"replies":[{"embeddable":true,"href":"https:\/\/soydeaqui.ddns.net\/pachuca\/index.php\/wp-json\/wp\/v2\/comments?post=36173"}],"wp:featuredmedia":[{"embeddable":true,"href":"https:\/\/soydeaqui.ddns.net\/pachuca\/index.php\/wp-json\/wp\/v2\/media\/36172"}],"wp:attachment":[{"href":"https:\/\/soydeaqui.ddns.net\/pachuca\/index.php\/wp-json\/wp\/v2\/media?parent=36173"}],"wp:term":[{"taxonomy":"product_brand","embeddable":true,"href":"https:\/\/soydeaqui.ddns.net\/pachuca\/index.php\/wp-json\/wp\/v2\/product_brand?post=36173"},{"taxonomy":"product_cat","embeddable":true,"href":"https:\/\/soydeaqui.ddns.net\/pachuca\/index.php\/wp-json\/wp\/v2\/product_cat?post=36173"},{"taxonomy":"product_tag","embeddable":true,"href":"https:\/\/soydeaqui.ddns.net\/pachuca\/index.php\/wp-json\/wp\/v2\/product_tag?post=36173"}],"curies":[{"name":"wp","href":"https:\/\/api.w.org\/{rel}","templated":true}]}}