{"id":36171,"date":"2026-03-18T16:00:10","date_gmt":"2026-03-18T16:00:10","guid":{"rendered":"https:\/\/soydeaqui.ddns.net\/pachuca\/index.php\/producto\/bobina-de-152-metros-de-cable-detector-de-calor-temperatura-fija-235-c-recubrimiento-de-nylon-negro-para-aplicaciones-en-exterior-sin-guia-acerada\/"},"modified":"2026-03-18T16:00:11","modified_gmt":"2026-03-18T16:00:11","slug":"bobina-de-152-metros-de-cable-detector-de-calor-temperatura-fija-235-c-recubrimiento-de-nylon-negro-para-aplicaciones-en-exterior-sin-guia-acerada","status":"publish","type":"product","link":"https:\/\/soydeaqui.ddns.net\/pachuca\/index.php\/producto\/bobina-de-152-metros-de-cable-detector-de-calor-temperatura-fija-235-c-recubrimiento-de-nylon-negro-para-aplicaciones-en-exterior-sin-guia-acerada\/","title":{"rendered":"Bobina de 152 Metros de Cable Detector de Calor, Temperatura Fija 235\u00b0 C, Recubrimiento de Nylon Negro para Aplicaciones en Exterior, Sin Gu\u00eda Acerada"},"content":{"rendered":"<div style='width: 100%; max-width: 1200px; margin: 0 auto; font-family: sans-serif; line-height: 1.6; color: inherit; background-color: transparent;'>\n<h1 style='font-size: 26px; color: inherit; margin-top: 0; margin-bottom: 15px;'><span style='font-family: arial&comma; helvetica&comma; sans-serif;'>SAFE Detecci\u00f3n L\u00edneal de Temperatura &#8211; Linear Heat Detection (LHD)<\/span><\/h1>\n<p style='font-size: 15px; margin-bottom: 20px;'><span style='font-family: arial&comma; helvetica&comma; sans-serif;'>Utiliza pol\u00edmeros avanzados y una aleaci\u00f3n recientemente desarrollada para proporcionar una detecci\u00f3n excepcional&comma; durabilidad y flexibilidad del dise\u00f1o. En el n\u00facleo de SafeCable hay un par trenzado de conductores tri-met\u00e1licos de resistencia extremadamente baja&comma; los cuales est\u00e1n forrados con nuevos y avanzados pol\u00edmeros t\u00e9rmicos. Estos pol\u00edmeros est\u00e1n qu\u00edmicamente concebidos para descomponerse a temperaturas fijas espec\u00edficas&comma; permitiendo que los conductores trenzados hagan contacto e inicien una alarma.<\/span><\/p>\n<p> <!-- Secci\u00f3n de im\u00e1genes y contenido --> <\/p>\n<div style='display: flex; flex-wrap: wrap; gap: 30px; margin-bottom: 30px;'>\n<div style='flex: 1 1 300px; min-width: 280px;'> <img style='width: 100%; height: auto; border: 1px solid rgba(150&comma;150&comma;150&comma;0.3); border-radius: 8px;' src='https:\/\/ftp3.syscom.mx\/usuarios\/fotos\/TC155NG500\/157323-tunel1.jpg' alt=''> <\/div>\n<div style='flex: 1 1 300px; min-width: 280px;'>\n<h3 style='font-size: 22px; border-bottom: 2px solid currentColor; padding-bottom: 5px; margin-top: 0; color: inherit; opacity: 0.8;'>T\u00faneles<\/h3>\n<p style='font-size: 15px; color: inherit; margin-bottom: 15px;'><span style='font-family: arial&comma; helvetica&comma; sans-serif;'>Un t\u00fanel es un pasaje subterr\u00e1neo o superficial&comma; cavado en la tierra o debajo del agua y cerrado excepto por una entrada y salida en cada lado&comma; puede ser el tipo vehicular&comma; carga o trenes subterr\u00e1neos&comma; donde se requiere una instalaci\u00f3n r\u00e1pida&comma; f\u00e1cil y eficaz&comma; cada cent\u00edmetro del cable detector equivale a un detector de temperatura por lo cual es la soluci\u00f3n ideal para cubrir esta clase de proyectos.<\/span><\/p>\n<\/p><\/div>\n<\/p><\/div>\n<div style='display: flex; flex-wrap: wrap; gap: 30px; margin-bottom: 30px;'>\n<div style='flex: 1 1 300px; min-width: 280px;'>\n<h3 style='font-size: 22px; border-bottom: 2px solid currentColor; padding-bottom: 5px; margin-top: 0; color: inherit; opacity: 0.8;'>T\u00faneles de Cables<\/h3>\n<p style='font-size: 15px; color: inherit; margin-bottom: 15px;'><span style='font-family: arial&comma; helvetica&comma; sans-serif;'>Los t\u00faneles de servicio y de cables son usados para interconectar las comunicaciones y servicios entre plantas&comma; \u00e1reas y edificios para facilitar el servicio mantenimiento y expansi\u00f3n<\/span><\/p>\n<\/p><\/div>\n<div style='flex: 1 1 300px; min-width: 280px;'> <img style='width: 100%; height: auto; border: 1px solid rgba(150&comma;150&comma;150&comma;0.3); border-radius: 8px;' src='https:\/\/ftp3.syscom.mx\/usuarios\/fotos\/TC155NG500\/157323-tuenel2.jpg' alt=''> <\/div>\n<\/p><\/div>\n<p> <!-- Secci\u00f3n de caracter\u00edsticas --> <\/p>\n<div style='margin-bottom: 30px;'>\n<h3 style='font-size: 22px; border-bottom: 2px solid currentColor; padding-bottom: 5px; margin-top: 0; color: inherit; opacity: 0.8;'>Caracter\u00edsticas<\/h3>\n<ul style='padding-left: 20px; font-size: 15px; color: inherit; list-style-type: disc;'>\n<li style='margin-bottom: 5px;'><strong>Temperatura de alarma fija:<\/strong> 235 \u00b0C<\/li>\n<li style='margin-bottom: 5px;'><strong>Compatibilidad:<\/strong> Compatible con cualquier panel de Detecci\u00f3n de Incendio<\/li>\n<li style='margin-bottom: 5px;'><strong>Cobertura lineal por zona:<\/strong> Hasta 4&comma;572 metros<\/li>\n<li style='margin-bottom: 5px;'><strong>Durabilidad:<\/strong> Excelente para ambientes al aire libre<\/li>\n<li style='margin-bottom: 5px;'><strong>Flexibilidad:<\/strong> M\u00faltiples Temperaturas de alarma en una zona<\/li>\n<li style='margin-bottom: 5px;'><strong>Mantenimiento:<\/strong> No es necesario el reemplazo de la totalidad del cable despu\u00e9s de una alarma<\/li>\n<li style='margin-bottom: 5px;'><strong>Espaciamiento:<\/strong> Aprobado para hasta 10.7 metros<\/li>\n<li style='margin-bottom: 5px;'><strong>Resistencia:<\/strong> La m\u00e1s baja que cualquier otro LHD (0.164 ohms\/m)<\/li>\n<li style='margin-bottom: 5px;'><strong>M\u00e1xima tensi\u00f3n nominal:<\/strong> 30VCA&comma; 42Vcc<\/li>\n<\/ul><\/div>\n<p> <!-- Notas adicionales --> <\/p>\n<div style='margin-bottom: 30px;'>\n<p style='font-size: 15px; margin-bottom: 15px;'><strong>Nota:<\/strong> &#8216;Sin gu\u00eda Acerada&#8217;<\/p>\n<p style='font-size: 15px; margin-bottom: 15px;'><strong>Nota importante:<\/strong> Precio por bobina de 152 metros<\/p>\n<\/p><\/div>\n<p> <!-- Imagen final --> <\/p>\n<div style='margin-bottom: 30px;'> <img style='width: 100%; height: auto; border: 1px solid rgba(150&comma;150&comma;150&comma;0.3); border-radius: 8px;' src='https:\/\/ftp3.syscom.mx\/usuarios\/fotos\/TC365NG500\/163154-ejemplo.jpg' alt=''> <\/div>\n<p> <!-- Separador final --> <\/p>\n<hr style='border: 0; border-top: 1px solid rgba(150&comma; 150&comma; 150&comma; 0.3); margin: 30px 0;'> <\/div>\n","protected":false},"excerpt":{"rendered":"<p>Bobina de 152 Metros de Cable Detector de Calor, Temperatura Fija 235\u00b0 C, Recubrimiento de Nylon Negro para Aplicaciones en Exterior, Sin Gu\u00eda Acerada<\/p>\n","protected":false},"featured_media":36170,"comment_status":"open","ping_status":"closed","template":"","meta":[],"product_brand":[],"product_cat":[983],"product_tag":[978,984,980],"class_list":{"0":"post-36171","1":"product","2":"type-product","3":"status-publish","4":"has-post-thumbnail","6":"product_cat-deteccion-lineal-de-temperatura","7":"product_tag-aplicaciones-especiales","8":"product_tag-deteccion-lineal-de-temperatura","9":"product_tag-safe-fire-detection-inc","11":"first","12":"outofstock","13":"sale","14":"shipping-taxable","15":"purchasable","16":"product-type-simple"},"_links":{"self":[{"href":"https:\/\/soydeaqui.ddns.net\/pachuca\/index.php\/wp-json\/wp\/v2\/product\/36171","targetHints":{"allow":["GET"]}}],"collection":[{"href":"https:\/\/soydeaqui.ddns.net\/pachuca\/index.php\/wp-json\/wp\/v2\/product"}],"about":[{"href":"https:\/\/soydeaqui.ddns.net\/pachuca\/index.php\/wp-json\/wp\/v2\/types\/product"}],"replies":[{"embeddable":true,"href":"https:\/\/soydeaqui.ddns.net\/pachuca\/index.php\/wp-json\/wp\/v2\/comments?post=36171"}],"wp:featuredmedia":[{"embeddable":true,"href":"https:\/\/soydeaqui.ddns.net\/pachuca\/index.php\/wp-json\/wp\/v2\/media\/36170"}],"wp:attachment":[{"href":"https:\/\/soydeaqui.ddns.net\/pachuca\/index.php\/wp-json\/wp\/v2\/media?parent=36171"}],"wp:term":[{"taxonomy":"product_brand","embeddable":true,"href":"https:\/\/soydeaqui.ddns.net\/pachuca\/index.php\/wp-json\/wp\/v2\/product_brand?post=36171"},{"taxonomy":"product_cat","embeddable":true,"href":"https:\/\/soydeaqui.ddns.net\/pachuca\/index.php\/wp-json\/wp\/v2\/product_cat?post=36171"},{"taxonomy":"product_tag","embeddable":true,"href":"https:\/\/soydeaqui.ddns.net\/pachuca\/index.php\/wp-json\/wp\/v2\/product_tag?post=36171"}],"curies":[{"name":"wp","href":"https:\/\/api.w.org\/{rel}","templated":true}]}}