{"id":36169,"date":"2026-03-18T16:00:08","date_gmt":"2026-03-18T16:00:08","guid":{"rendered":"https:\/\/soydeaqui.ddns.net\/pachuca\/index.php\/producto\/detector-de-flama-electrooptico-con-carcasa-de-aluminio-sensibilidad-30ft-9m-reles-de-alarma-y-alerta-de-enclavamiento\/"},"modified":"2026-03-18T16:00:09","modified_gmt":"2026-03-18T16:00:09","slug":"detector-de-flama-electrooptico-con-carcasa-de-aluminio-sensibilidad-30ft-9m-reles-de-alarma-y-alerta-de-enclavamiento","status":"publish","type":"product","link":"https:\/\/soydeaqui.ddns.net\/pachuca\/index.php\/producto\/detector-de-flama-electrooptico-con-carcasa-de-aluminio-sensibilidad-30ft-9m-reles-de-alarma-y-alerta-de-enclavamiento\/","title":{"rendered":"Detector De Flama Electrooptico Con Carcasa De Aluminio, Sensibilidad 30ft (9m), Reles de Alarma Y Alerta De Enclavamiento"},"content":{"rendered":"<div style='width: 100%; max-width: 1200px; margin: 0 auto; font-family: sans-serif; line-height: 1.6; color: inherit; background-color: transparent;'>\n<div style='display: flex; flex-wrap: wrap; gap: 30px; margin-bottom: 30px;'>\n<div style='flex: 1 1 300px; min-width: 280px;'>\n<h3 style='font-size: 22px; border-bottom: 2px solid currentColor; padding-bottom: 5px; margin-top: 0; color: inherit; opacity: 0.8;'>Caracter\u00edsticas Principales<\/h3>\n<ul style='padding-left: 20px; font-size: 15px; color: inherit;'>\n<li style='margin-bottom: 5px;'>Detector de flama basado en un microprocesador de alta-velocidad y sistema de control de proceso especialmente dise\u00f1ado para aplicaciones de recubrimiento de polvo electroest\u00e1tico o pintura l\u00edquida en aerosol<\/li>\n<li style='margin-bottom: 5px;'>R\u00e1pidamente detecta la presencia de una flama&comma; reacciona y termina los procesos de acabado electroest\u00e1tico en cuesti\u00f3n de milisegundos<\/li>\n<li style='margin-bottom: 5px;'>Interrumpe efectivamente el fuego antes de que los residuos y de pintura fresca puedan encenderse<\/li>\n<li style='margin-bottom: 5px;'>Proporciona una respuesta en dos etapas: ALERTA para llamas de tipo &#8216;bola de fuego&#8217; con pistola rociadora en 0.3 milisegundos y ALARMA DE FUEGO en 4-5 segundos si el fuego contin\u00faa<\/li>\n<li style='margin-bottom: 5px;'>Cumple con los requerimientos del est\u00e1ndar NFPA 33<\/li>\n<\/ul><\/div>\n<div style='flex: 1 1 300px; min-width: 280px;'>\n<h3 style='font-size: 22px; border-bottom: 2px solid currentColor; padding-bottom: 5px; margin-top: 0; color: inherit; opacity: 0.8;'>Especificaciones<\/h3>\n<ul style='padding-left: 20px; font-size: 15px; color: inherit;'>\n<li style='margin-bottom: 5px;'><strong>Campo de visi\u00f3n:<\/strong> 90\u00b0 (\u00b1 45\u00b0 horizontal y vertical)<\/li>\n<li style='margin-bottom: 5px;'><strong>Rango de detecci\u00f3n:<\/strong> 30 pies para un pie cuadrado de fuego de gasolina<\/li>\n<li style='margin-bottom: 5px;'><strong>Sensibilidad espectral:<\/strong> Visible de 400 a 700 nan\u00f3metros<\/li>\n<li style='margin-bottom: 5px;'><strong>Banda IR:<\/strong> 0.7 a 1.1 micrones<\/li>\n<li style='margin-bottom: 5px;'><strong>Banda Amplia IR:<\/strong> 0.7 a 3.5 micrones<\/li>\n<li style='margin-bottom: 5px;'><strong>Alimentaci\u00f3n:<\/strong> 24 VDC nominal (18-32 VDC) regulada<\/li>\n<li style='margin-bottom: 5px;'><strong>Consumo de poder:<\/strong> 85 mA normal&comma; 120 mA en modo alarma<\/li>\n<li style='margin-bottom: 5px;'><strong>Temperatura de operaci\u00f3n:<\/strong> -40\u00ba a +85\u00baC (-40\u00ba a +185\u00baF)<\/li>\n<li style='margin-bottom: 5px;'><strong>Humedad relativa:<\/strong> 10% a 90% sin condensaci\u00f3n<\/li>\n<li style='margin-bottom: 5px;'><strong>Peso:<\/strong> 3.8 lb. (1.7 kg) versi\u00f3n en aluminio<\/li>\n<li style='margin-bottom: 5px;'><strong>Carcasa:<\/strong> Aluminio recubierto electroest\u00e1tico libre de cobre<\/li>\n<li style='margin-bottom: 5px;'><strong>Conexiones:<\/strong> Dos entradas \u00be&#8217; tipo NPT<\/li>\n<\/ul><\/div>\n<div style='flex: 1 1 300px; min-width: 280px;'>\n<h3 style='font-size: 22px; border-bottom: 2px solid currentColor; padding-bottom: 5px; margin-top: 0; color: inherit; opacity: 0.8;'>Certificaciones<\/h3>\n<ul style='padding-left: 20px; font-size: 15px; color: inherit;'>\n<li style='margin-bottom: 5px;'>A prueba de explosi\u00f3n<\/li>\n<li style='margin-bottom: 5px;'>Clase I&comma; Div. 1 &#038; 2&comma; Grupos B&comma; C&comma; &#038; D<\/li>\n<li style='margin-bottom: 5px;'>Clase II&comma; Div. 1 &#038; 2&comma; Grupos E&comma; F&comma; &#038; G<\/li>\n<li style='margin-bottom: 5px;'>Clase III<\/li>\n<li style='margin-bottom: 5px;'>FM y CE<\/li>\n<\/ul><\/div>\n<div style='flex: 1 1 300px; min-width: 280px;'>\n<h3 style='font-size: 22px; border-bottom: 2px solid currentColor; padding-bottom: 5px; margin-top: 0; color: inherit; opacity: 0.8;'>Accesorios Recomendados<\/h3>\n<ul style='padding-left: 20px; font-size: 15px; color: inherit;'>\n<li style='margin-bottom: 5px;'><strong>Soporte:<\/strong> SM4<\/li>\n<ul style='padding-left: 20px; margin-top: 5px; margin-bottom: 5px;'>\n<li style='margin-bottom: 5px;'>Ensamble para montaje giratorio<\/li>\n<li style='margin-bottom: 5px;'>Fabricado en acero inoxidable para detector de flama<\/li>\n<\/ul>\n<li style='margin-bottom: 5px;'><strong>L\u00e1mpara de prueba:<\/strong> FT-S7<\/li>\n<ul style='padding-left: 20px; margin-top: 5px; margin-bottom: 5px;'>\n<li style='margin-bottom: 5px;'>Operada por bater\u00eda<\/li>\n<li style='margin-bottom: 5px;'>Alcance de 2 pies (0.60 m)<\/li>\n<\/ul>\n<\/ul><\/div>\n<\/p><\/div>\n<div style='display: flex; flex-wrap: wrap; gap: 20px; margin-bottom: 30px;'>\n<div style='flex: 1 1 250px; border: 1px solid rgba(150&comma; 150&comma; 150&comma; 0.4); border-radius: 8px; overflow: hidden; display: flex; flex-direction: column;'>\n<div style='padding: 15px; border-bottom: 1px solid rgba(150&comma; 150&comma; 150&comma; 0.2); font-weight: bold; font-size: 18px; color: inherit;'>Dimensiones<\/div>\n<div style='padding: 15px; color: inherit;'>\n<ul style='padding-left: 20px; margin: 0; font-size: 14px; list-style-type: disc;'>\n<li style='margin-bottom: 5px;'>4.81 pulg. de di\u00e1metro<\/li>\n<li style='margin-bottom: 5px;'>4.65 pulg. de profundidad<\/li>\n<\/ul><\/div>\n<\/p><\/div>\n<\/p><\/div>\n<hr style='border: 0; border-top: 1px solid rgba(150&comma; 150&comma; 150&comma; 0.3); margin: 30px 0;'> <\/div>\n","protected":false},"excerpt":{"rendered":"<p>Detector De Flama Electrooptico Con Carcasa De Aluminio, Sensibilidad 30ft (9m), Reles de Alarma Y Alerta De Enclavamiento<\/p>\n","protected":false},"featured_media":36168,"comment_status":"open","ping_status":"closed","template":"","meta":[],"product_brand":[],"product_cat":[985],"product_tag":[978,986,1014],"class_list":{"0":"post-36169","1":"product","2":"type-product","3":"status-publish","4":"has-post-thumbnail","6":"product_cat-detectores-de-flama","7":"product_tag-aplicaciones-especiales","8":"product_tag-detectores-de-flama","9":"product_tag-honeywell-analytics","11":"first","12":"outofstock","13":"sale","14":"shipping-taxable","15":"purchasable","16":"product-type-simple"},"_links":{"self":[{"href":"https:\/\/soydeaqui.ddns.net\/pachuca\/index.php\/wp-json\/wp\/v2\/product\/36169","targetHints":{"allow":["GET"]}}],"collection":[{"href":"https:\/\/soydeaqui.ddns.net\/pachuca\/index.php\/wp-json\/wp\/v2\/product"}],"about":[{"href":"https:\/\/soydeaqui.ddns.net\/pachuca\/index.php\/wp-json\/wp\/v2\/types\/product"}],"replies":[{"embeddable":true,"href":"https:\/\/soydeaqui.ddns.net\/pachuca\/index.php\/wp-json\/wp\/v2\/comments?post=36169"}],"wp:featuredmedia":[{"embeddable":true,"href":"https:\/\/soydeaqui.ddns.net\/pachuca\/index.php\/wp-json\/wp\/v2\/media\/36168"}],"wp:attachment":[{"href":"https:\/\/soydeaqui.ddns.net\/pachuca\/index.php\/wp-json\/wp\/v2\/media?parent=36169"}],"wp:term":[{"taxonomy":"product_brand","embeddable":true,"href":"https:\/\/soydeaqui.ddns.net\/pachuca\/index.php\/wp-json\/wp\/v2\/product_brand?post=36169"},{"taxonomy":"product_cat","embeddable":true,"href":"https:\/\/soydeaqui.ddns.net\/pachuca\/index.php\/wp-json\/wp\/v2\/product_cat?post=36169"},{"taxonomy":"product_tag","embeddable":true,"href":"https:\/\/soydeaqui.ddns.net\/pachuca\/index.php\/wp-json\/wp\/v2\/product_tag?post=36169"}],"curies":[{"name":"wp","href":"https:\/\/api.w.org\/{rel}","templated":true}]}}