{"id":3616,"date":"2026-03-18T06:10:02","date_gmt":"2026-03-18T06:10:02","guid":{"rendered":"https:\/\/soydeaqui.ddns.net\/pachuca\/index.php\/producto\/modulo-de-3-botones-iluminados-con-lector-rfid-125-khz-alarma-cancelar-y-codigo-azul-bus-rs485-compatible-con-nx0019-b-nx1021-y-nx0015\/"},"modified":"2026-03-18T06:10:08","modified_gmt":"2026-03-18T06:10:08","slug":"modulo-de-3-botones-iluminados-con-lector-rfid-125-khz-alarma-cancelar-y-codigo-azul-bus-rs485-compatible-con-nx0019-b-nx1021-y-nx0015","status":"publish","type":"product","link":"https:\/\/soydeaqui.ddns.net\/pachuca\/index.php\/producto\/modulo-de-3-botones-iluminados-con-lector-rfid-125-khz-alarma-cancelar-y-codigo-azul-bus-rs485-compatible-con-nx0019-b-nx1021-y-nx0015\/","title":{"rendered":"Modulo de 3 Botones iluminados con Lector RFID 125 KHz \/ Alarma \/ Cancelar y C\u00f3digo Azul \/ BUS RS485 \/ Compatible con NX0019\/B, NX1021 y NX0015"},"content":{"rendered":"<div style='width: 100%; max-width: 1200px; margin: 0 auto; font-family: sans-serif; line-height: 1.6; color: inherit; background-color: transparent;'>\n<div style='display: flex; flex-wrap: wrap; gap: 30px; margin-bottom: 30px;'>\n<div style='flex: 1 1 300px; min-width: 280px;'>\n<h3 style='font-size: 22px; border-bottom: 2px solid currentColor; padding-bottom: 5px; margin-top: 0; color: inherit; opacity: 0.8;'>Funciones principales<\/h3>\n<ul style='padding-left: 20px; font-size: 15px; color: inherit;'>\n<li style='margin-bottom: 5px;'>Pulsador de acci\u00f3n moment\u00e1nea<\/li>\n<li style='margin-bottom: 5px;'>3 teclas iluminadas con realimentaci\u00f3n t\u00e1ctil y audible<\/li>\n<li style='margin-bottom: 5px;'>Cancelaci\u00f3n de atenciones<\/li>\n<li style='margin-bottom: 5px;'>Instalaci\u00f3n empotrada en caja de 2&#215;2 pulgadas o caja de superficie<\/li>\n<li style='margin-bottom: 5px;'>Compatible s\u00f3lo con terminales de habitaci\u00f3n NX0019\/B. NX1021 y NX0015.<\/li>\n<li style='margin-bottom: 5px;'>Requiere marco <a style='color: inherit; text-decoration: none; font-weight: 600; background-color: transparent;' href='https:\/\/www.syscom.mx\/principal\/searchcont?route=NX9003-IBERNEX-195549&#038;autodetect=nx9003' target='_blank' rel='noopener'>NX9003<\/a><\/li>\n<\/ul><\/div>\n<div style='flex: 1 1 300px; min-width: 280px;'>\n<h3 style='font-size: 22px; border-bottom: 2px solid currentColor; padding-bottom: 5px; margin-top: 0; color: inherit; opacity: 0.8;'>Caracter\u00edsticas el\u00e9ctricas y f\u00edsicas<\/h3>\n<ul style='padding-left: 20px; font-size: 15px; color: inherit;'>\n<li style='margin-bottom: 5px;'>Voltaje nominal: 12 V<\/li>\n<li style='margin-bottom: 5px;'>Conexi\u00f3n Bus RS485<\/li>\n<li style='margin-bottom: 5px;'>Se\u00f1alizaci\u00f3n ac\u00fastica<\/li>\n<li style='margin-bottom: 5px;'>Lector RFID 125 KHz integrado<\/li>\n<li style='margin-bottom: 5px;'>Dimensiones: 44 x 44 x 46 mm<\/li>\n<li style='margin-bottom: 5px;'><a style='color: inherit; text-decoration: none; background-color: transparent;' title='Ficha t\u00e9cnica' href='https:\/\/ftp3.syscom.mx\/usuarios\/scorrea\/A\/IBERNEX\/NX0392\/fichaTecnica.NX0392.NX0393.NX0394.NX0395.NX0397.NX0591.pdf' target='_blank' rel='noopener'>Revise la ficha completa<\/a><\/li>\n<\/ul><\/div>\n<div style='flex: 1 1 300px; min-width: 280px;'>\n<h3 style='font-size: 22px; border-bottom: 2px solid currentColor; padding-bottom: 5px; margin-top: 0; color: inherit; opacity: 0.8;'>Caracter\u00edsticas Destacadas<\/h3>\n<p style='font-size: 15px; color: inherit;'>El m\u00f3dulo de botones NX0392 es uno de los perif\u00e9ricos del sistema de llamadas paciente-enfermera de Ibernex. Los tres botones disponibles en el m\u00f3dulo se encuentran iluminados bajo configuraci\u00f3n y permiten desencadenar llamadas de petici\u00f3n de ayuda&comma; ayuda urgente y alarma m\u00e9dica.<\/p>\n<p style='font-size: 15px; color: inherit;'>Otra de sus funcionalidades principales es registrar la presencia del personal en las habitaciones mediante la pulsaci\u00f3n del bot\u00f3n correspondiente o el paso de una tarjeta identificativa RFID de 125 KHz.<\/p>\n<\/p><\/div>\n<\/p><\/div>\n<div style='margin: 30px 0;'>\n<p style='font-size: 15px; color: inherit;'><strong>Nota:<\/strong> Requiere certificaci\u00f3n para su instalaci\u00f3n y para solicitar soporte t\u00e9cnico.<\/p>\n<\/p><\/div>\n<hr style='border: 0; border-top: 1px solid rgba(150&comma; 150&comma; 150&comma; 0.3); margin: 30px 0;'>\n<div style='text-align: center; margin-bottom: 30px;'>\n<h2 style='font-size: 24px; margin-bottom: 15px; color: inherit;'>Ejemplo de uso<\/h2>\n<p style='font-size: 15px; margin-bottom: 25px; color: inherit;'>La conexi\u00f3n se hace con 2 pares de cable UTP hacia cualquiera de las terminales de habitaci\u00f3n NX0019\/B&comma; NX0015 o NX1021.<\/p>\n<\/p><\/div>\n<div style='display: flex; flex-wrap: wrap; gap: 20px; margin-bottom: 30px; justify-content: center;'> <img style='width: 100%; max-width: 800px; height: auto; border: 1px solid rgba(150&comma;150&comma;150&comma;0.3); border-radius: 8px;' src='https:\/\/ftp3.syscom.mx\/usuarios\/scorrea\/A\/IBERNEX\/I\/ejemplo1b.JPG' alt=''> <img style='width: 100%; max-width: 800px; height: auto; border: 1px solid rgba(150&comma;150&comma;150&comma;0.3); border-radius: 8px;' src='https:\/\/ftp3.syscom.mx\/usuarios\/scorrea\/A\/IBERNEX\/I\/ejemplo3a.JPG' alt=''> <img style='width: 100%; max-width: 800px; height: auto; border: 1px solid rgba(150&comma;150&comma;150&comma;0.3); border-radius: 8px;' src='https:\/\/ftp3.syscom.mx\/usuarios\/scorrea\/A\/IBERNEX\/I\/ejemplo2.JPG' alt=''> <\/div>\n<hr style='border: 0; border-top: 1px solid rgba(150&comma; 150&comma; 150&comma; 0.3); margin: 30px 0;'>\n<div style='display: flex; flex-wrap: wrap; gap: 20px; margin-bottom: 30px; justify-content: center;'>\n<div style='flex: 1 1 300px; min-width: 280px; border: 1px solid rgba(150&comma; 150&comma; 150&comma; 0.4); border-radius: 8px; overflow: hidden; display: flex; flex-direction: column;'>\n<div style='padding: 15px; border-bottom: 1px solid rgba(150&comma; 150&comma; 150&comma; 0.2); font-weight: bold; font-size: 18px; color: inherit;'>Alarma normal<\/div>\n<div style='padding: 15px; color: inherit;'> <img style='width: 100%; height: auto; border: 1px solid rgba(150&comma;150&comma;150&comma;0.3); border-radius: 8px;' src='https:\/\/ftp3.syscom.mx\/usuarios\/scorrea\/A\/IBERNEX\/I\/392\/NX0392_alarma.png' alt=''> <\/p>\n<h4 style='margin-top: 15px; margin-bottom: 10px; font-size: 16px; color: inherit;'>Luz Roja fija<\/h4>\n<p style='font-size: 15px; color: inherit;'>Indica que existe una alarma normal en la habitaci\u00f3n pendiente por atender&comma; en modo reposo la luz est\u00e1 atenuada para poder ubicar el bot\u00f3n r\u00e1pidamente en la oscuridad.<\/p>\n<\/p><\/div>\n<\/p><\/div>\n<div style='flex: 1 1 300px; min-width: 280px; border: 1px solid rgba(150&comma; 150&comma; 150&comma; 0.4); border-radius: 8px; overflow: hidden; display: flex; flex-direction: column;'>\n<div style='padding: 15px; border-bottom: 1px solid rgba(150&comma; 150&comma; 150&comma; 0.2); font-weight: bold; font-size: 18px; color: inherit;'>Presencia de enfermera<\/div>\n<div style='padding: 15px; color: inherit;'> <img style='width: 100%; height: auto; border: 1px solid rgba(150&comma;150&comma;150&comma;0.3); border-radius: 8px;' src='https:\/\/ftp3.syscom.mx\/usuarios\/scorrea\/A\/IBERNEX\/I\/392\/NX0392_tarjeta_enfermera.png' alt=''> <\/p>\n<h4 style='margin-top: 15px; margin-bottom: 10px; font-size: 16px; color: inherit;'>Luz Verde fija<\/h4>\n<p style='font-size: 15px; color: inherit;'>Indica que existe una enfermera en la habitaci\u00f3n. Se puede indicar presionando el bot\u00f3n verde o presentando una tarjeta RFID&comma; la ventaja de la tarjeta es que queda registrado que enfermera atendi\u00f3 la alarma.<\/p>\n<\/p><\/div>\n<\/p><\/div>\n<div style='flex: 1 1 300px; min-width: 280px; border: 1px solid rgba(150&comma; 150&comma; 150&comma; 0.4); border-radius: 8px; overflow: hidden; display: flex; flex-direction: column;'>\n<div style='padding: 15px; border-bottom: 1px solid rgba(150&comma; 150&comma; 150&comma; 0.2); font-weight: bold; font-size: 18px; color: inherit;'>Llamada a m\u00e9dico<\/div>\n<div style='padding: 15px; color: inherit;'> <img style='width: 100%; height: auto; border: 1px solid rgba(150&comma;150&comma;150&comma;0.3); border-radius: 8px;' src='https:\/\/ftp3.syscom.mx\/usuarios\/scorrea\/A\/IBERNEX\/I\/392\/NX0392_llamada.png' alt=''> <\/p>\n<h4 style='margin-top: 15px; margin-bottom: 10px; font-size: 16px; color: inherit;'>Luces Roja y Azul parpadeando<\/h4>\n<p style='font-size: 15px; color: inherit;'>La llamada a m\u00e9dico o &#8216;c\u00f3digo azul&#8217; s\u00f3lo se puede generar con la presencia de una enfermera en la habitaci\u00f3n.<\/p>\n<\/p><\/div>\n<\/p><\/div>\n<div style='flex: 1 1 300px; min-width: 280px; border: 1px solid rgba(150&comma; 150&comma; 150&comma; 0.4); border-radius: 8px; overflow: hidden; display: flex; flex-direction: column;'>\n<div style='padding: 15px; border-bottom: 1px solid rgba(150&comma; 150&comma; 150&comma; 0.2); font-weight: bold; font-size: 18px; color: inherit;'>Presencia de m\u00e9dico<\/div>\n<div style='padding: 15px; color: inherit;'> <img style='width: 100%; height: auto; border: 1px solid rgba(150&comma;150&comma;150&comma;0.3); border-radius: 8px;' src='https:\/\/ftp3.syscom.mx\/usuarios\/scorrea\/A\/IBERNEX\/I\/392\/NX0392_tarjeta_medico.png' alt=''> <\/p>\n<h4 style='margin-top: 15px; margin-bottom: 10px; font-size: 16px; color: inherit;'>Luces Verde y Azul fijas<\/h4>\n<p style='font-size: 15px; color: inherit;'>Indica que existe un m\u00e9dico en la habitaci\u00f3n. Se puede indicar presionando el bot\u00f3n azul o presentando una tarjeta RFID&comma; la ventaja de la tarjeta es que queda registrado que m\u00e9dico atendi\u00f3 la alarma.<\/p>\n<\/p><\/div>\n<\/p><\/div>\n<\/p><\/div>\n<hr style='border: 0; border-top: 1px solid rgba(150&comma; 150&comma; 150&comma; 0.3); margin: 30px 0;'>\n<div style='text-align: center; margin-bottom: 30px;'>\n<h2 style='font-size: 24px; margin-bottom: 15px; color: inherit;'>Instalaci\u00f3n del m\u00f3dulo<\/h2>\n<p style='font-size: 15px; margin-bottom: 25px; color: inherit;'>El m\u00f3dulo incluye un bastidor para fijar de forma directa a una caja cuadrada de 2&#215;2 pulgadas (no incluida) y se coloca el marco embellecedor modelo NX9003 (no incluido).<\/p>\n<\/p><\/div>\n<div style='text-align: center; margin-bottom: 30px;'> <img style='width: 100%; max-width: 600px; height: auto; border: 1px solid rgba(150&comma;150&comma;150&comma;0.3); border-radius: 8px;' src='https:\/\/ftp3.syscom.mx\/usuarios\/scorrea\/A\/IBERNEX\/I\/caja_2x2.JPG' alt=''> <\/div>\n<\/p><\/div>\n","protected":false},"excerpt":{"rendered":"<p>Modulo de 3 Botones iluminados con Lector RFID 125 KHz \/ Alarma \/ Cancelar y C\u00f3digo Azul \/ BUS RS485 \/ Compatible con NX0019\/B, NX1021 y NX0015<\/p>\n","protected":false},"featured_media":3615,"comment_status":"open","ping_status":"closed","template":"","meta":[],"product_brand":[],"product_cat":[151],"product_tag":[152,153,126],"class_list":{"0":"post-3616","1":"product","2":"type-product","3":"status-publish","4":"has-post-thumbnail","6":"product_cat-atencion-sociosanitaria","7":"product_tag-atencion-sociosanitaria","8":"product_tag-ibernex","9":"product_tag-sistemas-de-emergencia","11":"first","12":"instock","13":"sale","14":"shipping-taxable","15":"purchasable","16":"product-type-simple"},"_links":{"self":[{"href":"https:\/\/soydeaqui.ddns.net\/pachuca\/index.php\/wp-json\/wp\/v2\/product\/3616","targetHints":{"allow":["GET"]}}],"collection":[{"href":"https:\/\/soydeaqui.ddns.net\/pachuca\/index.php\/wp-json\/wp\/v2\/product"}],"about":[{"href":"https:\/\/soydeaqui.ddns.net\/pachuca\/index.php\/wp-json\/wp\/v2\/types\/product"}],"replies":[{"embeddable":true,"href":"https:\/\/soydeaqui.ddns.net\/pachuca\/index.php\/wp-json\/wp\/v2\/comments?post=3616"}],"wp:featuredmedia":[{"embeddable":true,"href":"https:\/\/soydeaqui.ddns.net\/pachuca\/index.php\/wp-json\/wp\/v2\/media\/3615"}],"wp:attachment":[{"href":"https:\/\/soydeaqui.ddns.net\/pachuca\/index.php\/wp-json\/wp\/v2\/media?parent=3616"}],"wp:term":[{"taxonomy":"product_brand","embeddable":true,"href":"https:\/\/soydeaqui.ddns.net\/pachuca\/index.php\/wp-json\/wp\/v2\/product_brand?post=3616"},{"taxonomy":"product_cat","embeddable":true,"href":"https:\/\/soydeaqui.ddns.net\/pachuca\/index.php\/wp-json\/wp\/v2\/product_cat?post=3616"},{"taxonomy":"product_tag","embeddable":true,"href":"https:\/\/soydeaqui.ddns.net\/pachuca\/index.php\/wp-json\/wp\/v2\/product_tag?post=3616"}],"curies":[{"name":"wp","href":"https:\/\/api.w.org\/{rel}","templated":true}]}}