{"id":36158,"date":"2026-03-18T15:59:53","date_gmt":"2026-03-18T15:59:53","guid":{"rendered":"https:\/\/soydeaqui.ddns.net\/pachuca\/index.php\/producto\/sirena-estrobo-transparente-para-paneles-y-detectores-macurco\/"},"modified":"2026-03-18T15:59:53","modified_gmt":"2026-03-18T15:59:53","slug":"sirena-estrobo-transparente-para-paneles-y-detectores-macurco","status":"publish","type":"product","link":"https:\/\/soydeaqui.ddns.net\/pachuca\/index.php\/producto\/sirena-estrobo-transparente-para-paneles-y-detectores-macurco\/","title":{"rendered":"Sirena Estrobo Transparente Para Paneles y Detectores Macurco"},"content":{"rendered":"<div style='width: 100%; max-width: 1200px; margin: 0 auto; font-family: sans-serif; line-height: 1.6; color: inherit; background-color: transparent;'>\n<div style='display: flex; flex-wrap: wrap; gap: 30px; margin-bottom: 30px;'>\n<div style='flex: 1 1 300px; min-width: 280px;'>\n<h3 style='font-size: 22px; border-bottom: 2px solid currentColor; padding-bottom: 5px; margin-top: 0; color: inherit; opacity: 0.8;'>Descripci\u00f3n<\/h3>\n<p style='font-size: 15px; color: inherit; margin-top: 0; margin-bottom: 15px;'>La serie Macurco Horn and Strobe est\u00e1 dise\u00f1ada para espacios donde se requiere una se\u00f1al visual o audible distintiva.<\/p>\n<p style='font-size: 15px; color: inherit; margin-top: 0; margin-bottom: 15px;'>Estos dispositivos usan corriente baja para proporcionar una salida de decibeles altos y se pueden ver y escuchar f\u00e1cilmente desde lejos. La sirena estrobo funciona bien con los productos Macurco&comma; incluidos los paneles de control DVP-120&comma; DVP-120M y el Detectores Macurco Serie 6 y 12. Este dispositivo de notificaci\u00f3n se puede montar al ras o en la superficie en un est\u00e1ndar de 4 &#8216;x 4&#8217; caja electrica.<\/p>\n<\/p><\/div>\n<\/p><\/div>\n<div style='display: flex; flex-wrap: wrap; gap: 20px; margin-bottom: 30px;'>\n<div style='flex: 1 1 250px; border: 1px solid rgba(150&comma; 150&comma; 150&comma; 0.4); border-radius: 8px; overflow: hidden; display: flex; flex-direction: column;'>\n<div style='padding: 15px; border-bottom: 1px solid rgba(150&comma; 150&comma; 150&comma; 0.2); font-weight: bold; font-size: 18px; color: inherit;'>Caracter\u00edsticas<\/div>\n<div style='padding: 15px; color: inherit;'>\n<ul style='padding-left: 20px; margin: 0; font-size: 14px; list-style-type: disc;'>\n<li style='margin-bottom: 5px;'>Dise\u00f1o \u00f3ptico flexible para cumplir o superar la salida de luz en dispersi\u00f3n vertical\/horizontal<\/li>\n<li style='margin-bottom: 5px;'>Dos configuraciones de tono audible ajustables: Continuo (alto\/bajo) \/ Temporal 4 (alto\/bajo)<\/li>\n<li style='margin-bottom: 5px;'>Duraci\u00f3n del pulso de 20 ms<\/li>\n<li style='margin-bottom: 5px;'>Bajo consumo de corriente<\/li>\n<li style='margin-bottom: 5px;'>Se utiliza un LED blanco fr\u00edo de alta potencia<\/li>\n<li style='margin-bottom: 5px;'>Tasa de flash estrobosc\u00f3pico: 1 flash por segundo<\/li>\n<\/ul><\/div>\n<\/p><\/div>\n<div style='flex: 1 1 250px; border: 1px solid rgba(150&comma; 150&comma; 150&comma; 0.4); border-radius: 8px; overflow: hidden; display: flex; flex-direction: column;'>\n<div style='padding: 15px; border-bottom: 1px solid rgba(150&comma; 150&comma; 150&comma; 0.2); font-weight: bold; font-size: 18px; color: inherit;'>Especificaciones<\/div>\n<div style='padding: 15px; color: inherit;'>\n<ul style='padding-left: 20px; margin: 0; font-size: 14px; list-style-type: disc;'>\n<li style='margin-bottom: 5px;'><strong>Candela estrobosc\u00f3pica:<\/strong> ajustable a 15&comma; 30&comma; 75 o 110 cd (basado en el resultado de la prueba con una cubierta de lente transparente)<\/li>\n<li style='margin-bottom: 5px;'><strong>Tama\u00f1o:<\/strong> 5 1\/2 x 4 3\/4 x 2 pulg. (14 x 12 x 5 cm)<\/li>\n<li style='margin-bottom: 5px;'><strong>Voltaje Nominal:<\/strong> 24VDC Regulado<\/li>\n<li style='margin-bottom: 5px;'><strong>Voltaje de operaci\u00f3n:<\/strong> 16 a 33 VDC<\/li>\n<li style='margin-bottom: 5px;'><strong>Ambiente operativo:<\/strong> 32\u00b0F a 120\u00b0F (0\u00b0C a 49\u00b0C). 10 a 93% HR<\/li>\n<li style='margin-bottom: 5px;'><strong>Nivel de sonido:<\/strong> M\u00e1ximo 92 dB<\/li>\n<\/ul><\/div>\n<\/p><\/div>\n<div style='flex: 1 1 250px; border: 1px solid rgba(150&comma; 150&comma; 150&comma; 0.4); border-radius: 8px; overflow: hidden; display: flex; flex-direction: column;'>\n<div style='padding: 15px; border-bottom: 1px solid rgba(150&comma; 150&comma; 150&comma; 0.2); font-weight: bold; font-size: 18px; color: inherit;'>Compatibilidad<\/div>\n<div style='padding: 15px; color: inherit;'>\n<ul style='padding-left: 20px; margin: 0; font-size: 14px; list-style-type: disc;'>\n<li style='margin-bottom: 5px;'>Funciona con paneles de control Macurco DVP-120 y DVP-120M<\/li>\n<li style='margin-bottom: 5px;'>Funciona con detectores de las series Macurco 6 y 12<\/li>\n<\/ul><\/div>\n<\/p><\/div>\n<\/p><\/div>\n<hr style='border: 0; border-top: 1px solid rgba(150&comma; 150&comma; 150&comma; 0.3); margin: 30px 0;'> <\/div>\n","protected":false},"excerpt":{"rendered":"<p>Sirena Estrobo Transparente Para Paneles y Detectores Macurco<\/p>\n","protected":false},"featured_media":36157,"comment_status":"open","ping_status":"closed","template":"","meta":[],"product_brand":[],"product_cat":[995],"product_tag":[997,989,996],"class_list":{"0":"post-36158","1":"product","2":"type-product","3":"status-publish","4":"has-post-thumbnail","6":"product_cat-estrobos-sirenas-bocinas-campanas","7":"product_tag-estrobos-sirenas-bocinas-campanas","8":"product_tag-macurco-aerionics","9":"product_tag-notificacion-y-voceo","11":"first","12":"outofstock","13":"sale","14":"shipping-taxable","15":"purchasable","16":"product-type-simple"},"_links":{"self":[{"href":"https:\/\/soydeaqui.ddns.net\/pachuca\/index.php\/wp-json\/wp\/v2\/product\/36158","targetHints":{"allow":["GET"]}}],"collection":[{"href":"https:\/\/soydeaqui.ddns.net\/pachuca\/index.php\/wp-json\/wp\/v2\/product"}],"about":[{"href":"https:\/\/soydeaqui.ddns.net\/pachuca\/index.php\/wp-json\/wp\/v2\/types\/product"}],"replies":[{"embeddable":true,"href":"https:\/\/soydeaqui.ddns.net\/pachuca\/index.php\/wp-json\/wp\/v2\/comments?post=36158"}],"wp:featuredmedia":[{"embeddable":true,"href":"https:\/\/soydeaqui.ddns.net\/pachuca\/index.php\/wp-json\/wp\/v2\/media\/36157"}],"wp:attachment":[{"href":"https:\/\/soydeaqui.ddns.net\/pachuca\/index.php\/wp-json\/wp\/v2\/media?parent=36158"}],"wp:term":[{"taxonomy":"product_brand","embeddable":true,"href":"https:\/\/soydeaqui.ddns.net\/pachuca\/index.php\/wp-json\/wp\/v2\/product_brand?post=36158"},{"taxonomy":"product_cat","embeddable":true,"href":"https:\/\/soydeaqui.ddns.net\/pachuca\/index.php\/wp-json\/wp\/v2\/product_cat?post=36158"},{"taxonomy":"product_tag","embeddable":true,"href":"https:\/\/soydeaqui.ddns.net\/pachuca\/index.php\/wp-json\/wp\/v2\/product_tag?post=36158"}],"curies":[{"name":"wp","href":"https:\/\/api.w.org\/{rel}","templated":true}]}}