{"id":36140,"date":"2026-03-18T15:59:31","date_gmt":"2026-03-18T15:59:31","guid":{"rendered":"https:\/\/soydeaqui.ddns.net\/pachuca\/index.php\/producto\/transmisor-universal-serie-xnx-para-sensores-toxicos-y-de-oxigeno-con-hart-sobre-salida-4-20-ma-certificado-ul-csa-4-entradas-3-4-npt-carcasa-aluminio-pintado\/"},"modified":"2026-03-18T15:59:32","modified_gmt":"2026-03-18T15:59:32","slug":"transmisor-universal-serie-xnx-para-sensores-toxicos-y-de-oxigeno-con-hart-sobre-salida-4-20-ma-certificado-ul-csa-4-entradas-3-4-npt-carcasa-aluminio-pintado","status":"publish","type":"product","link":"https:\/\/soydeaqui.ddns.net\/pachuca\/index.php\/producto\/transmisor-universal-serie-xnx-para-sensores-toxicos-y-de-oxigeno-con-hart-sobre-salida-4-20-ma-certificado-ul-csa-4-entradas-3-4-npt-carcasa-aluminio-pintado\/","title":{"rendered":"Transmisor Universal Serie XNX Para Sensores T\u00f3xicos y De Oxigeno, Con HART\u00ae sobre salida 4-20 mA, Certificado UL\/CSA, 4 entradas 3\/4&#8243; NPT, Carcasa Aluminio Pintado"},"content":{"rendered":"<div style='width: 100%; max-width: 1200px; margin: 0 auto; font-family: sans-serif; line-height: 1.6; color: inherit; background-color: transparent;'>\n<div style='display: flex; flex-wrap: wrap; gap: 30px; margin-bottom: 30px;'>\n<div style='flex: 1 1 300px; min-width: 280px;'>\n<h3 style='font-size: 22px; border-bottom: 2px solid currentColor; padding-bottom: 5px; margin-top: 0; color: inherit; opacity: 0.8;'>Caracter\u00edsticas<\/h3>\n<p style='font-size: 15px; color: inherit; text-align: justify;'>El transmisor universal serie XNX&comma; marca un nuevo giro en la detecci\u00f3n de gases de Honeywell Analytics. Admite la gama m\u00e1s amplia de sensores en una plataforma com\u00fan y ofrece una opci\u00f3n modular de entradas y salidas. XNX est\u00e1 dise\u00f1ado para una integraci\u00f3n flexible&comma; sencilla&comma; f\u00e1cil de usar y un mantenimiento sencillo. Es ideal para usar con una variedad de controladores de monitoreo de gas o PLC est\u00e1ndar de la industria. La introducci\u00f3n de nuestro software HART Enhanced Device Descriptor Language (EDDL) y Device Type Manager (DTM) proporciona a los usuarios una indicaci\u00f3n de un vistazo del estado de sus detectores de gas en el campo.<\/p>\n<p style='font-size: 15px; color: inherit; text-align: justify;'>C2H4&comma; C3H8&comma; C4H10&comma; C5H12&comma; C6H12O2&comma; C6H14&comma; C7H8&comma; CH4&comma; CI2&comma; CIO2&comma; CO&comma; CO2&comma; H2&comma; H2S&comma; HCI&comma; HF&comma; LEL&comma; NH3&comma; NO&comma; NO2&comma; O2&comma; PH3&comma; SO2<\/p>\n<p style='font-size: 15px; color: inherit; text-align: justify;'><span style='color: #e74c3c; text-align: start;'>Solicite el sensor de gases t\u00f3xicos o de ox\u00edgeno requerido por aparte. <\/span><\/p>\n<\/p><\/div>\n<\/p><\/div>\n<div style='display: flex; flex-wrap: wrap; gap: 20px; margin-bottom: 30px;'>\n<div style='flex: 1 1 250px; border: 1px solid rgba(150&comma; 150&comma; 150&comma; 0.4); border-radius: 8px; overflow: hidden; display: flex; flex-direction: column;'>\n<div style='padding: 15px; border-bottom: 1px solid rgba(150&comma; 150&comma; 150&comma; 0.2); font-weight: bold; font-size: 18px; color: inherit;'>Alto rendimiento<\/div>\n<div style='padding: 15px; color: inherit;'>\n<ul style='padding-left: 20px; margin: 0; font-size: 14px; list-style-type: disc;'>\n<li style='margin-bottom: 5px;'>Detecci\u00f3n de gas inflamable 0 a 100% LFL\/LEL<\/li>\n<li style='margin-bottom: 5px;'>El IR puntual con \u00f3ptica calentada proporciona inmunidad al envenenamiento y no presenta fallas ocultas<\/li>\n<li style='margin-bottom: 5px;'>Detecci\u00f3n de gas inflamable por infrarrojos de camino abierto en medici\u00f3n LEL-m<\/li>\n<li style='margin-bottom: 5px;'>La celda electroqu\u00edmica ofrece detecci\u00f3n de gases t\u00f3xicos en ppm<\/li>\n<li style='margin-bottom: 5px;'>La celda IR proporciona monitoreo de CO2 y gas combustible<\/li>\n<li style='margin-bottom: 5px;'>Operaci\u00f3n robusta y confiable en \u00e1reas explosivas y ambientes hostiles<\/li>\n<\/ul><\/div>\n<\/p><\/div>\n<div style='flex: 1 1 250px; border: 1px solid rgba(150&comma; 150&comma; 150&comma; 0.4); border-radius: 8px; overflow: hidden; display: flex; flex-direction: column;'>\n<div style='padding: 15px; border-bottom: 1px solid rgba(150&comma; 150&comma; 150&comma; 0.2); font-weight: bold; font-size: 18px; color: inherit;'>Costo Efectivo<\/div>\n<div style='padding: 15px; color: inherit;'>\n<ul style='padding-left: 20px; margin: 0; font-size: 14px; list-style-type: disc;'>\n<li style='margin-bottom: 5px;'>Se requiere una formaci\u00f3n m\u00ednima<\/li>\n<li style='margin-bottom: 5px;'>Operaci\u00f3n por un solo hombre<\/li>\n<li style='margin-bottom: 5px;'>Reemplazo del sensor enchufable<\/li>\n<li style='margin-bottom: 5px;'>Todos los accesorios necesarios incluidos<\/li>\n<\/ul><\/div>\n<\/p><\/div>\n<div style='flex: 1 1 250px; border: 1px solid rgba(150&comma; 150&comma; 150&comma; 0.4); border-radius: 8px; overflow: hidden; display: flex; flex-direction: column;'>\n<div style='padding: 15px; border-bottom: 1px solid rgba(150&comma; 150&comma; 150&comma; 0.2); font-weight: bold; font-size: 18px; color: inherit;'>Operaci\u00f3n flexible<\/div>\n<div style='padding: 15px; color: inherit;'>\n<ul style='padding-left: 20px; margin: 0; font-size: 14px; list-style-type: disc;'>\n<li style='margin-bottom: 5px;'>3 versiones: admite detecci\u00f3n de gas (perla catal\u00edtica y celda IR)&comma; celda electroqu\u00edmica y detecci\u00f3n de gas IR (punto y camino abierto)<\/li>\n<li style='margin-bottom: 5px;'>Detector multiprop\u00f3sito (MPD) con mV reparable en campo&comma; perla catal\u00edtica y capacidad de celda IR<\/li>\n<li style='margin-bottom: 5px;'>4-20 mA con HART\u00ae como est\u00e1ndar<\/li>\n<li style='margin-bottom: 5px;'>Software HART de lenguaje de descripci\u00f3n de dispositivo mejorado (EDDL) y administrador de tipo de dispositivo (DTM)* &#8211; M\u00faltiples opciones de comunicaci\u00f3n incluyen hasta<\/li>\n<li style='margin-bottom: 5px;'>3 rel\u00e9s&comma; Modbus\u00ae<\/li>\n<li style='margin-bottom: 5px;'>Puerto IS local opcional para configurador HART port\u00e1til<\/li>\n<\/ul><\/div>\n<\/p><\/div>\n<div style='flex: 1 1 250px; border: 1px solid rgba(150&comma; 150&comma; 150&comma; 0.4); border-radius: 8px; overflow: hidden; display: flex; flex-direction: column;'>\n<div style='padding: 15px; border-bottom: 1px solid rgba(150&comma; 150&comma; 150&comma; 0.2); font-weight: bold; font-size: 18px; color: inherit;'>F\u00e1cil de instalar<\/div>\n<div style='padding: 15px; color: inherit;'>\n<ul style='padding-left: 20px; margin: 0; font-size: 14px; list-style-type: disc;'>\n<li style='margin-bottom: 5px;'>Operaci\u00f3n de 3 o 4 cables&comma; fuente&comma; sumidero o aislado<\/li>\n<li style='margin-bottom: 5px;'>Sensores enchufables simples y celdas reemplazables<\/li>\n<li style='margin-bottom: 5px;'>Clasificaci\u00f3n NEMA 4X IP66 para uso resistente en interiores y exteriores<\/li>\n<li style='margin-bottom: 5px;'>Cinco entradas de conducto para facilitar la instalaci\u00f3n<\/li>\n<\/ul><\/div>\n<\/p><\/div>\n<div style='flex: 1 1 250px; border: 1px solid rgba(150&comma; 150&comma; 150&comma; 0.4); border-radius: 8px; overflow: hidden; display: flex; flex-direction: column;'>\n<div style='padding: 15px; border-bottom: 1px solid rgba(150&comma; 150&comma; 150&comma; 0.2); font-weight: bold; font-size: 18px; color: inherit;'>F\u00e1cil de usar<\/div>\n<div style='padding: 15px; color: inherit;'>\n<ul style='padding-left: 20px; margin: 0; font-size: 14px; list-style-type: disc;'>\n<li style='margin-bottom: 5px;'>Pantalla LCD grande&comma; retroiluminada y f\u00e1cil de ver que ofrece indicadores multisensoriales (iconos visuales&comma; l\u00e1mparas de colores&comma; texto&comma; etc.) para mostrar lecturas de gas y sensores<\/li>\n<li style='margin-bottom: 5px;'>Interfaz de usuario compatible con 8 idiomas seleccionables (ingl\u00e9s&comma; espa\u00f1ol&comma; alem\u00e1n&comma; italiano&comma; portugu\u00e9s&comma; franc\u00e9s&comma; ruso&comma; chino)<\/li>\n<li style='margin-bottom: 5px;'>funciones de autoprueba e indicaci\u00f3n de fallos<\/li>\n<li style='margin-bottom: 5px;'>Manejo no intrusivo por parte de una sola persona<\/li>\n<li style='margin-bottom: 5px;'>Calibraci\u00f3n r\u00e1pida con autoinhibici\u00f3n<\/li>\n<\/ul><\/div>\n<\/p><\/div>\n<div style='flex: 1 1 250px; border: 1px solid rgba(150&comma; 150&comma; 150&comma; 0.4); border-radius: 8px; overflow: hidden; display: flex; flex-direction: column;'>\n<div style='padding: 15px; border-bottom: 1px solid rgba(150&comma; 150&comma; 150&comma; 0.2); font-weight: bold; font-size: 18px; color: inherit;'>Certificaciones<\/div>\n<div style='padding: 15px; color: inherit;'>\n<ul style='padding-left: 20px; margin: 0; font-size: 14px; list-style-type: disc;'>\n<li style='margin-bottom: 5px;'>Aprobados por UL&comma; CSA&comma; FM&comma; DEMKO&comma; DEKRA&comma; InMetro&comma; TUV&comma; ABS&comma; HART&comma; IELDBus Foundation&comma; CU-TREx y KTL para ubicaciones peligrosas&comma; rendimiento de gas y clasificaciones SIL 2&comma; entre otros.<\/li>\n<li style='margin-bottom: 5px;'>Clase I&comma; Divisi\u00f3n 1&comma; Grupos A&comma; B&comma; C y D; Clase II&comma; Divisi\u00f3n 1&comma; Grupos F y G; Lugares peligrosos<\/li>\n<li style='margin-bottom: 5px;'>Clase I Zona 1 Grupo IIC&comma; Clase II&comma; Zona 20 y 21<\/li>\n<li style='margin-bottom: 5px;'>Barreras intr\u00ednsecamente seguras para HART y conexiones CE<\/li>\n<li style='margin-bottom: 5px;'><strong><em>Para informaci\u00f3n adicional sobre certificaciones y aprobaciones contacta Honeywell Analytics<\/em><\/strong><\/li>\n<\/ul><\/div>\n<\/p><\/div>\n<\/p><\/div>\n<hr style='border: 0; border-top: 1px solid rgba(150&comma; 150&comma; 150&comma; 0.3); margin: 30px 0;'> <\/div>\n","protected":false},"excerpt":{"rendered":"<p>Transmisor Universal Serie XNX Para Sensores T\u00f3xicos y De Oxigeno, Con HART\u00ae sobre salida 4-20 mA, Certificado UL\/CSA, 4 entradas 3\/4&#8243; NPT, Carcasa Aluminio Pintado<\/p>\n","protected":false},"featured_media":36139,"comment_status":"open","ping_status":"closed","template":"","meta":[],"product_brand":[],"product_cat":[987],"product_tag":[988,522,1014],"class_list":{"0":"post-36140","1":"product","2":"type-product","3":"status-publish","4":"has-post-thumbnail","6":"product_cat-detectores-de-gases","7":"product_tag-detectores-de-gases","8":"product_tag-dispositivos-convencionales","9":"product_tag-honeywell-analytics","11":"first","12":"outofstock","13":"sale","14":"shipping-taxable","15":"purchasable","16":"product-type-simple"},"_links":{"self":[{"href":"https:\/\/soydeaqui.ddns.net\/pachuca\/index.php\/wp-json\/wp\/v2\/product\/36140","targetHints":{"allow":["GET"]}}],"collection":[{"href":"https:\/\/soydeaqui.ddns.net\/pachuca\/index.php\/wp-json\/wp\/v2\/product"}],"about":[{"href":"https:\/\/soydeaqui.ddns.net\/pachuca\/index.php\/wp-json\/wp\/v2\/types\/product"}],"replies":[{"embeddable":true,"href":"https:\/\/soydeaqui.ddns.net\/pachuca\/index.php\/wp-json\/wp\/v2\/comments?post=36140"}],"wp:featuredmedia":[{"embeddable":true,"href":"https:\/\/soydeaqui.ddns.net\/pachuca\/index.php\/wp-json\/wp\/v2\/media\/36139"}],"wp:attachment":[{"href":"https:\/\/soydeaqui.ddns.net\/pachuca\/index.php\/wp-json\/wp\/v2\/media?parent=36140"}],"wp:term":[{"taxonomy":"product_brand","embeddable":true,"href":"https:\/\/soydeaqui.ddns.net\/pachuca\/index.php\/wp-json\/wp\/v2\/product_brand?post=36140"},{"taxonomy":"product_cat","embeddable":true,"href":"https:\/\/soydeaqui.ddns.net\/pachuca\/index.php\/wp-json\/wp\/v2\/product_cat?post=36140"},{"taxonomy":"product_tag","embeddable":true,"href":"https:\/\/soydeaqui.ddns.net\/pachuca\/index.php\/wp-json\/wp\/v2\/product_tag?post=36140"}],"curies":[{"name":"wp","href":"https:\/\/api.w.org\/{rel}","templated":true}]}}