{"id":36136,"date":"2026-03-18T15:59:26","date_gmt":"2026-03-18T15:59:26","guid":{"rendered":"https:\/\/soydeaqui.ddns.net\/pachuca\/index.php\/producto\/cilindro-para-calibracion-de-butano-air-c4h10-balance-aire-concentracion-50-lel-capacidad-103-l-dimensiones-5-8-x-18-para-serie-xnx-xcd-s3k-gases-combustibles\/"},"modified":"2026-03-18T15:59:27","modified_gmt":"2026-03-18T15:59:27","slug":"cilindro-para-calibracion-de-butano-air-c4h10-balance-aire-concentracion-50-lel-capacidad-103-l-dimensiones-5-8-x-18-para-serie-xnx-xcd-s3k-gases-combustibles","status":"publish","type":"product","link":"https:\/\/soydeaqui.ddns.net\/pachuca\/index.php\/producto\/cilindro-para-calibracion-de-butano-air-c4h10-balance-aire-concentracion-50-lel-capacidad-103-l-dimensiones-5-8-x-18-para-serie-xnx-xcd-s3k-gases-combustibles\/","title":{"rendered":"Cilindro Para Calibraci\u00f3n De Butano\/Air (C4H10), Balance Aire, Concentraci\u00f3n 50% LEL, Capacidad 103 L., Dimensiones 5\/8&#8243; x 18&#8243; Para Serie XNX\/XCD\/S3K Gases Combustibles"},"content":{"rendered":"<div style='width: 100%; max-width: 1200px; margin: 0 auto; font-family: sans-serif; line-height: 1.6; color: inherit; background-color: transparent;'> <!-- Secci\u00f3n de caracter\u00edsticas principales --> <\/p>\n<div style='display: flex; flex-wrap: wrap; gap: 30px; margin-bottom: 30px;'>\n<div style='flex: 1 1 300px; min-width: 280px;'>\n<h3 style='font-size: 22px; border-bottom: 2px solid currentColor; padding-bottom: 5px; margin-top: 0; color: inherit; opacity: 0.8;'>Caracter\u00edsticas Principales<\/h3>\n<ul style='padding-left: 20px; font-size: 15px; color: inherit;'>\n<li style='margin-bottom: 5px;'>Cilindro de calibraci\u00f3n para butano (C4H10) en balance de aire<\/li>\n<li style='margin-bottom: 5px;'>Concentraci\u00f3n de 50% LEL<\/li>\n<li style='margin-bottom: 5px;'>Capacidad de 103 litros<\/li>\n<li style='margin-bottom: 5px;'>Dimensiones: 5\/8&#8242; x 18&#8242;<\/li>\n<li style='margin-bottom: 5px;'>Compatible con serie XNX\/XCD\/S3K para gases combustibles<\/li>\n<\/ul><\/div>\n<p> <!-- Secci\u00f3n de compatibilidad --> <\/p>\n<div style='flex: 1 1 300px; min-width: 280px;'>\n<h3 style='font-size: 22px; border-bottom: 2px solid currentColor; padding-bottom: 5px; margin-top: 0; color: inherit; opacity: 0.8;'>Compatibilidad<\/h3>\n<ul style='padding-left: 20px; font-size: 15px; color: inherit;'>\n<li style='margin-bottom: 5px;'>Serie XNX<\/li>\n<li style='margin-bottom: 5px;'>Serie XCD<\/li>\n<li style='margin-bottom: 5px;'>Serie S3K<\/li>\n<li style='margin-bottom: 5px;'>Gases combustibles<\/li>\n<\/ul><\/div>\n<\/p><\/div>\n<p> <!-- Secci\u00f3n de especificaciones t\u00e9cnicas --> <\/p>\n<div style='display: flex; flex-wrap: wrap; gap: 20px; margin-bottom: 30px;'>\n<div style='flex: 1 1 250px; border: 1px solid rgba(150&comma; 150&comma; 150&comma; 0.4); border-radius: 8px; overflow: hidden; display: flex; flex-direction: column;'>\n<div style='padding: 15px; border-bottom: 1px solid rgba(150&comma; 150&comma; 150&comma; 0.2); font-weight: bold; font-size: 18px; color: inherit;'>Especificaciones T\u00e9cnicas<\/div>\n<div style='padding: 15px; color: inherit;'>\n<ul style='padding-left: 20px; margin: 0; font-size: 14px; list-style-type: disc;'>\n<li style='margin-bottom: 5px;'><strong>Tipo:<\/strong> Cilindro de calibraci\u00f3n<\/li>\n<li style='margin-bottom: 5px;'><strong>Gas:<\/strong> Butano (C4H10)<\/li>\n<li style='margin-bottom: 5px;'><strong>Concentraci\u00f3n:<\/strong> 50% LEL<\/li>\n<li style='margin-bottom: 5px;'><strong>Capacidad:<\/strong> 103 litros<\/li>\n<li style='margin-bottom: 5px;'><strong>Dimensiones:<\/strong> 5\/8&#8242; x 18&#8242;<\/li>\n<li style='margin-bottom: 5px;'><strong>Balance:<\/strong> Aire<\/li>\n<li style='margin-bottom: 5px;'><strong>Serie compatible:<\/strong> XNX\/XCD\/S3K<\/li>\n<\/ul><\/div>\n<\/p><\/div>\n<p> <!-- Secci\u00f3n de aplicaciones --> <\/p>\n<div style='flex: 1 1 250px; border: 1px solid rgba(150&comma; 150&comma; 150&comma; 0.4); border-radius: 8px; overflow: hidden; display: flex; flex-direction: column;'>\n<div style='padding: 15px; border-bottom: 1px solid rgba(150&comma; 150&comma; 150&comma; 0.2); font-weight: bold; font-size: 18px; color: inherit;'>Aplicaciones<\/div>\n<div style='padding: 15px; color: inherit;'>\n<ul style='padding-left: 20px; margin: 0; font-size: 14px; list-style-type: disc;'>\n<li style='margin-bottom: 5px;'>Monitoreo de gases combustibles<\/li>\n<li style='margin-bottom: 5px;'>Calibraci\u00f3n de detectores Serie XNX\/XCD\/S3K<\/li>\n<li style='margin-bottom: 5px;'>Control de seguridad en \u00e1reas industriales<\/li>\n<li style='margin-bottom: 5px;'>Verificaci\u00f3n de sensores de gas<\/li>\n<\/ul><\/div>\n<\/p><\/div>\n<\/p><\/div>\n<p> <!-- Secci\u00f3n de informaci\u00f3n adicional --> <\/p>\n<div style='margin-bottom: 30px;'>\n<h3 style='font-size: 22px; border-bottom: 2px solid currentColor; padding-bottom: 5px; margin-top: 0; color: inherit; opacity: 0.8;'>Informaci\u00f3n Adicional<\/h3>\n<p style='font-size: 15px; color: inherit; margin-bottom: 15px;'>Cilindro de calibraci\u00f3n dise\u00f1ado espec\u00edficamente para la calibraci\u00f3n y verificaci\u00f3n de detectores de gases combustibles de la serie XNX\/XCD\/S3K. El cilindro contiene una mezcla de butano (C4H10) al 50% LEL en balance de aire&comma; ideal para asegurar la precisi\u00f3n y correcto funcionamiento de los detectores en aplicaciones industriales.<\/p>\n<p style='font-size: 15px; color: inherit; margin-bottom: 15px;'>Este cilindro de 103 litros con conexiones de 5\/8&#8242; x 18&#8242; proporciona una soluci\u00f3n confiable para la calibraci\u00f3n peri\u00f3dica de detectores de gas&comma; ayudando a mantener altos est\u00e1ndares de seguridad en entornos industriales donde se monitorean gases combustibles.<\/p>\n<\/p><\/div>\n<p> <!-- Separador --> <\/p>\n<hr style='border: 0; border-top: 1px solid rgba(150&comma; 150&comma; 150&comma; 0.3); margin: 30px 0;'> <\/div>\n","protected":false},"excerpt":{"rendered":"<p>Cilindro Para Calibraci\u00f3n De Butano\/Air (C4H10), Balance Aire, Concentraci\u00f3n 50% LEL, Capacidad 103 L., Dimensiones 5\/8&#8243; x 18&#8243; Para Serie XNX\/XCD\/S3K Gases Combustibles<\/p>\n","protected":false},"featured_media":36135,"comment_status":"open","ping_status":"closed","template":"","meta":[],"product_brand":[],"product_cat":[987],"product_tag":[988,522,1014],"class_list":{"0":"post-36136","1":"product","2":"type-product","3":"status-publish","4":"has-post-thumbnail","6":"product_cat-detectores-de-gases","7":"product_tag-detectores-de-gases","8":"product_tag-dispositivos-convencionales","9":"product_tag-honeywell-analytics","11":"first","12":"outofstock","13":"sale","14":"shipping-taxable","15":"purchasable","16":"product-type-simple"},"_links":{"self":[{"href":"https:\/\/soydeaqui.ddns.net\/pachuca\/index.php\/wp-json\/wp\/v2\/product\/36136","targetHints":{"allow":["GET"]}}],"collection":[{"href":"https:\/\/soydeaqui.ddns.net\/pachuca\/index.php\/wp-json\/wp\/v2\/product"}],"about":[{"href":"https:\/\/soydeaqui.ddns.net\/pachuca\/index.php\/wp-json\/wp\/v2\/types\/product"}],"replies":[{"embeddable":true,"href":"https:\/\/soydeaqui.ddns.net\/pachuca\/index.php\/wp-json\/wp\/v2\/comments?post=36136"}],"wp:featuredmedia":[{"embeddable":true,"href":"https:\/\/soydeaqui.ddns.net\/pachuca\/index.php\/wp-json\/wp\/v2\/media\/36135"}],"wp:attachment":[{"href":"https:\/\/soydeaqui.ddns.net\/pachuca\/index.php\/wp-json\/wp\/v2\/media?parent=36136"}],"wp:term":[{"taxonomy":"product_brand","embeddable":true,"href":"https:\/\/soydeaqui.ddns.net\/pachuca\/index.php\/wp-json\/wp\/v2\/product_brand?post=36136"},{"taxonomy":"product_cat","embeddable":true,"href":"https:\/\/soydeaqui.ddns.net\/pachuca\/index.php\/wp-json\/wp\/v2\/product_cat?post=36136"},{"taxonomy":"product_tag","embeddable":true,"href":"https:\/\/soydeaqui.ddns.net\/pachuca\/index.php\/wp-json\/wp\/v2\/product_tag?post=36136"}],"curies":[{"name":"wp","href":"https:\/\/api.w.org\/{rel}","templated":true}]}}