{"id":36130,"date":"2026-03-18T15:59:17","date_gmt":"2026-03-18T15:59:17","guid":{"rendered":"https:\/\/soydeaqui.ddns.net\/pachuca\/index.php\/producto\/sirena-de-baja-frecuencia-montaje-en-pared-12-o-24-vcd-color-blanco\/"},"modified":"2026-03-18T15:59:18","modified_gmt":"2026-03-18T15:59:18","slug":"sirena-de-baja-frecuencia-montaje-en-pared-12-o-24-vcd-color-blanco","status":"publish","type":"product","link":"https:\/\/soydeaqui.ddns.net\/pachuca\/index.php\/producto\/sirena-de-baja-frecuencia-montaje-en-pared-12-o-24-vcd-color-blanco\/","title":{"rendered":"Sirena de Baja Frecuencia \/ Montaje en Pared \/ 12 o 24 Vcd \/ Color Blanco"},"content":{"rendered":"<div style='width: 100%; max-width: 1200px; margin: 0 auto; font-family: sans-serif; line-height: 1.6; color: inherit; background-color: transparent;'>\n<div style='display: flex; flex-wrap: wrap; gap: 30px; margin-bottom: 30px;'>\n<div style='flex: 1 1 300px; min-width: 280px;'>\n<h3 style='font-size: 22px; border-bottom: 2px solid currentColor; padding-bottom: 5px; margin-top: 0; color: inherit; opacity: 0.8;'>Nueva Serie L de Dispositivos de Notificaci\u00f3n para Interiores de System Sensor<\/h3>\n<p style='font-size: 15px; color: inherit; margin-top: 0; margin-bottom: 15px;'>La nueva Serie L de System Sensor de dispositivos de notificaci\u00f3n es una plataforma basada en Xen\u00f3n que sustituye a la l\u00ednea de productos SpectrAlert Advance ofreciendo un menor consumo de corriente&comma; un dise\u00f1o moderno y elegante y una huella m\u00e1s peque\u00f1a. La nueva l\u00ednea de la serie L incluye sirenas&comma; sirena\/estrobo&comma; campanas&comma; campanas\/estrobo&comma; estrobos&comma; bocinas y bocinas\/estrobo junto con una variedad de accesorios incluyendo lentes de colores&comma; Las nuevas adiciones al portafolio incluyen sirenas compactas y luces estrobosc\u00f3picas&comma; luces estrobosc\u00f3picas de techo&comma; altavoz de 8 &#8216;con puente para plaf\u00f3n&comma; as\u00ed como kits de bisel para marcado alternativo.<\/p>\n<p style='font-size: 15px; color: inherit; margin-top: 0; margin-bottom: 15px;'>Las soluciones mejoradas con la nueva plataforma competitiva incluyen:<\/p>\n<\/p><\/div>\n<\/p><\/div>\n<div style='display: flex; flex-wrap: wrap; gap: 20px; margin-bottom: 30px;'>\n<div style='flex: 1 1 250px; border: 1px solid rgba(150&comma; 150&comma; 150&comma; 0.4); border-radius: 8px; overflow: hidden; display: flex; flex-direction: column;'>\n<div style='padding: 15px; border-bottom: 1px solid rgba(150&comma; 150&comma; 150&comma; 0.2); font-weight: bold; font-size: 18px; color: inherit;'>Menor costo de propiedad<\/div>\n<div style='padding: 15px; color: inherit;'>\n<ul style='padding-left: 20px; margin: 0; font-size: 14px; list-style-type: disc;'>\n<li style='margin-bottom: 5px;'>Hasta un 38% menos consumo de corriente en dispositivos estrobosc\u00f3picos que reducen la cantidad de fuentes de alimentaci\u00f3n por Sistema<\/li>\n<li style='margin-bottom: 5px;'>Opci\u00f3n disponible para utilizar cajas de bastidor simple versus las cajas de bastidor doble<\/li>\n<\/ul><\/div>\n<\/p><\/div>\n<div style='flex: 1 1 250px; border: 1px solid rgba(150&comma; 150&comma; 150&comma; 0.4); border-radius: 8px; overflow: hidden; display: flex; flex-direction: column;'>\n<div style='padding: 15px; border-bottom: 1px solid rgba(150&comma; 150&comma; 150&comma; 0.2); font-weight: bold; font-size: 18px; color: inherit;'>Personalice f\u00e1cilmente los dispositivos para sistemas de comunicaci\u00f3n de emergencia<\/div>\n<div style='padding: 15px; color: inherit;'>\n<ul style='padding-left: 20px; margin: 0; font-size: 14px; list-style-type: disc;'>\n<li style='margin-bottom: 5px;'>Lentes de colores y biseles de marcado modulares&comma; eliminando calcoman\u00edas dif\u00edciles de aplicar&comma; para una r\u00e1pida personalizaci\u00f3n en campo<\/li>\n<\/ul><\/div>\n<\/p><\/div>\n<div style='flex: 1 1 250px; border: 1px solid rgba(150&comma; 150&comma; 150&comma; 0.4); border-radius: 8px; overflow: hidden; display: flex; flex-direction: column;'>\n<div style='padding: 15px; border-bottom: 1px solid rgba(150&comma; 150&comma; 150&comma; 0.2); font-weight: bold; font-size: 18px; color: inherit;'>Agregue&comma; reemplace o actualice r\u00e1pidamente los sistemas existentes<\/div>\n<div style='padding: 15px; color: inherit;'>\n<ul style='padding-left: 20px; margin: 0; font-size: 14px; list-style-type: disc;'>\n<li style='margin-bottom: 5px;'>Los dispositivos son compatibles con versiones anteriores y pueden compartir el mismo circuito que los dispositivos de notificaci\u00f3n SpectrAlert y SpectrAlert Advance de System Sensor existentes<\/li>\n<li style='margin-bottom: 5px;'>Los dispositivos de tama\u00f1o est\u00e1ndar coinciden con la misma huella que SpectrAlert Advance<\/li>\n<\/ul><\/div>\n<\/p><\/div>\n<div style='flex: 1 1 250px; border: 1px solid rgba(150&comma; 150&comma; 150&comma; 0.4); border-radius: 8px; overflow: hidden; display: flex; flex-direction: column;'>\n<div style='padding: 15px; border-bottom: 1px solid rgba(150&comma; 150&comma; 150&comma; 0.2); font-weight: bold; font-size: 18px; color: inherit;'>Simplificaci\u00f3n al momento de ordenar<\/div>\n<div style='padding: 15px; color: inherit;'>\n<ul style='padding-left: 20px; margin: 0; font-size: 14px; list-style-type: disc;'>\n<li style='margin-bottom: 5px;'>Versi\u00f3n \u00fanica con amplia gama de oferta de candela&comma; que abarca est\u00e1ndar y alta candela<\/li>\n<\/ul><\/div>\n<\/p><\/div>\n<\/p><\/div>\n<hr style='border: 0; border-top: 1px solid rgba(150&comma; 150&comma; 150&comma; 0.3); margin: 30px 0;'>\n<div style='display: flex; flex-wrap: wrap; gap: 30px; margin-bottom: 30px;'>\n<div style='flex: 1 1 300px; min-width: 280px;'>\n<h3 style='font-size: 22px; border-bottom: 2px solid currentColor; padding-bottom: 5px; margin-top: 0; color: inherit; opacity: 0.8;'>Caracter\u00edsticas<\/h3>\n<ul style='padding-left: 20px; font-size: 15px; color: inherit;'>\n<li style='margin-bottom: 5px;'>Est\u00e9tica moderna y actualizada<\/li>\n<li style='margin-bottom: 5px;'>Perfil peque\u00f1o<\/li>\n<li style='margin-bottom: 5px;'>Dise\u00f1o plug-in con m\u00ednima intrusi\u00f3n en la caja trasera<\/li>\n<li style='margin-bottom: 5px;'>Construcci\u00f3n resistente a las manipulaciones<\/li>\n<li style='margin-bottom: 5px;'>Selecci\u00f3n autom\u00e1tica de operaci\u00f3n de 12 \u00f3 24 voltios<\/li>\n<li style='margin-bottom: 5px;'>Sirena Horn valorado en 88+ dBA a 16 voltios<\/li>\n<li style='margin-bottom: 5px;'>Interruptor giratorio para el tono de la sirena y dos selecciones del volumen<\/li>\n<li style='margin-bottom: 5px;'>Placa de montaje para todas las unidades de pared est\u00e1ndar y compacta<\/li>\n<li style='margin-bottom: 5px;'>El muelle de cortocircuito de la placa de montaje comprueba la continuidad del cableado antes de la instalaci\u00f3n del dispositivo<\/li>\n<li style='margin-bottom: 5px;'>Compatible con la l\u00ednea SpectrAlert y SpectrAlert Advance Devices<\/li>\n<li style='margin-bottom: 5px;'>Listado s\u00f3lo para montaje en pared<\/li>\n<li style='margin-bottom: 5px;'>Temperatura de funcionamiento est\u00e1ndar: 0 \u00b0C a 49 \u00b0C (32 \u00b0F a 120 \u00b0F)<\/li>\n<li style='margin-bottom: 5px;'>Rango de humedad: 10 a 93% sin condensaci\u00f3n<\/li>\n<li style='margin-bottom: 5px;'>Voltaje Nominal: Regulado 12 DC o regulado 24 DC \/ FWR1&comma;2<\/li>\n<li style='margin-bottom: 5px;'>Rango de voltaje de funcionamiento: 8 a 17&comma;5 V (nominal 12 V) o 16 a 33 V (nominal 24 V)<\/li>\n<li style='margin-bottom: 5px;'>Terminal de entrada Calibre de alambre: 12 a 18 AWG<\/li>\n<li style='margin-bottom: 5px;'>Dimensiones: 5.6 &#8216;L \u00d7 4.7&#8217; W \u00d7 1.25 &#8216;D (143 mm L \u00d7 119 mm W \u00d7 32 mm D)<\/li>\n<\/ul><\/div>\n<\/p><\/div>\n<\/p><\/div>\n","protected":false},"excerpt":{"rendered":"<p>Sirena de Baja Frecuencia \/ Montaje en Pared \/ 12 o 24 Vcd \/ Color Blanco<\/p>\n","protected":false},"featured_media":36129,"comment_status":"open","ping_status":"closed","template":"","meta":[],"product_brand":[],"product_cat":[1017],"product_tag":[93,996,468],"class_list":{"0":"post-36130","1":"product","2":"type-product","3":"status-publish","4":"has-post-thumbnail","6":"product_cat-accesorios-notificacion-y-voceo","7":"product_tag-accesorios","8":"product_tag-notificacion-y-voceo","9":"product_tag-system-sensor","11":"first","12":"instock","13":"sale","14":"shipping-taxable","15":"purchasable","16":"product-type-simple"},"_links":{"self":[{"href":"https:\/\/soydeaqui.ddns.net\/pachuca\/index.php\/wp-json\/wp\/v2\/product\/36130","targetHints":{"allow":["GET"]}}],"collection":[{"href":"https:\/\/soydeaqui.ddns.net\/pachuca\/index.php\/wp-json\/wp\/v2\/product"}],"about":[{"href":"https:\/\/soydeaqui.ddns.net\/pachuca\/index.php\/wp-json\/wp\/v2\/types\/product"}],"replies":[{"embeddable":true,"href":"https:\/\/soydeaqui.ddns.net\/pachuca\/index.php\/wp-json\/wp\/v2\/comments?post=36130"}],"wp:featuredmedia":[{"embeddable":true,"href":"https:\/\/soydeaqui.ddns.net\/pachuca\/index.php\/wp-json\/wp\/v2\/media\/36129"}],"wp:attachment":[{"href":"https:\/\/soydeaqui.ddns.net\/pachuca\/index.php\/wp-json\/wp\/v2\/media?parent=36130"}],"wp:term":[{"taxonomy":"product_brand","embeddable":true,"href":"https:\/\/soydeaqui.ddns.net\/pachuca\/index.php\/wp-json\/wp\/v2\/product_brand?post=36130"},{"taxonomy":"product_cat","embeddable":true,"href":"https:\/\/soydeaqui.ddns.net\/pachuca\/index.php\/wp-json\/wp\/v2\/product_cat?post=36130"},{"taxonomy":"product_tag","embeddable":true,"href":"https:\/\/soydeaqui.ddns.net\/pachuca\/index.php\/wp-json\/wp\/v2\/product_tag?post=36130"}],"curies":[{"name":"wp","href":"https:\/\/api.w.org\/{rel}","templated":true}]}}