{"id":36128,"date":"2026-03-18T15:59:15","date_gmt":"2026-03-18T15:59:15","guid":{"rendered":"https:\/\/soydeaqui.ddns.net\/pachuca\/index.php\/producto\/detector-industrial-con-sensor-remoto-para-hidrogeno-h2-0-1000-ppm-salida-4-20-ma-3-relays-certificacion-ul-c-ul-inmetro-entradas-2x3-4-npt-carcasa-de-aluminio-grado-marino-serie-sensepoint\/"},"modified":"2026-03-18T15:59:16","modified_gmt":"2026-03-18T15:59:16","slug":"detector-industrial-con-sensor-remoto-para-hidrogeno-h2-0-1000-ppm-salida-4-20-ma-3-relays-certificacion-ul-c-ul-inmetro-entradas-2x3-4-npt-carcasa-de-aluminio-grado-marino-serie-sensepoint","status":"publish","type":"product","link":"https:\/\/soydeaqui.ddns.net\/pachuca\/index.php\/producto\/detector-industrial-con-sensor-remoto-para-hidrogeno-h2-0-1000-ppm-salida-4-20-ma-3-relays-certificacion-ul-c-ul-inmetro-entradas-2x3-4-npt-carcasa-de-aluminio-grado-marino-serie-sensepoint\/","title":{"rendered":"Detector Industrial Con Sensor Remoto Para Hidrogeno (H2), 0-1000 PPM, Salida 4-20 mA, 3 Relays, Certificaci\u00f3n UL\/c-UL\/INMETRO, Entradas 2&#215;3\/4&#8243; NPT, Carcasa De Aluminio Grado Marino, Serie Sensepoint XCD RTD"},"content":{"rendered":"<div style='width: 100%; max-width: 1200px; margin: 0 auto; font-family: sans-serif; line-height: 1.6; color: inherit; background-color: transparent;'>\n<div style='display: flex; flex-wrap: wrap; gap: 30px; margin-bottom: 30px;'>\n<div style='flex: 1 1 300px; min-width: 280px;'>\n<h3 style='font-size: 22px; border-bottom: 2px solid currentColor; padding-bottom: 5px; margin-top: 0; color: inherit; opacity: 0.8;'>Descripci\u00f3n<\/h3>\n<p style='font-size: 15px; color: inherit; margin-bottom: 15px;'>Sensepoint XCD RTD de Honeywell Analytics resulta beneficioso para su equipo de mantenimiento&comma; sus periodos laborales y su presupuesto general a la hora de afrontar los desaf\u00edos de la supervisi\u00f3n de gases t\u00f3xicos en las \u00e1reas Div. 2&comma; Clase 1. Puede instalar la unidad a una distancia de hasta 30 metros del transmisor para obtener m\u00e1xima cobertura de detecci\u00f3n de gases en \u00e1reas dif\u00edciles de acceso o donde el sensor no ser\u00eda visible&comma; como en \u00e1reas ocultas de alto o bajo nivel&comma; o cuando se realiza la detecci\u00f3n fuera de la sala que se supervisa.<\/p>\n<p style='font-size: 15px; color: inherit; margin-bottom: 15px;'>XCD RTD ofrece un rendimiento y una flexibilidad inigualables a trav\u00e9s de una pantalla f\u00e1cilmente reconocible (patr\u00f3n de sem\u00e1foro) que permite transmitir el estado de seguridad&comma; las opciones de montaje y comunicaci\u00f3n y los diagn\u00f3sticos de a bordo. Obtenga mayor rentabilidad en las inversiones con las ventajas pr\u00e1cticas del XCD RTD. Los sensores de ox\u00edgeno y gases t\u00f3xicos Sensepoint detectan una gran variedad de gases industriales en rangos de medici\u00f3n comunes&comma; lo que a\u00f1ade flexibilidad a su programa de monitorizaci\u00f3n de gases&comma; reduce los costes de contrataci\u00f3n de piezas y expande su red de seguridad.<\/p>\n<p style='font-size: 15px; color: inherit; margin-bottom: 15px;'>La monitorizaci\u00f3n remota de gases nunca ha sido tan f\u00e1cil ni econ\u00f3mica. Instale el sensor como se muestra en la ilustraci\u00f3n y visualice el estado de seguridad del gas con la pantalla grande tricolor del transmisor&comma; que puede encontrarse a una distancia de hasta 30 metros del sensor. Las ventajas de este sistema de supervisi\u00f3n remota son una mayor seguridad y un menor tiempo destinado al mantenimiento. No hay necesidad de que su equipo suba escaleras o utilice dispositivos especializados para visualizar las lecturas de concentraci\u00f3n de gas o para llevar a cabo una auditor\u00eda de seguridad. Adem\u00e1s&comma; el dise\u00f1o del sensor extra\u00edble de Sensepoint XCD RTD reduce el tiempo de inactividad y elimina la necesidad de formaci\u00f3n especializada.<\/p>\n<\/p><\/div>\n<\/p><\/div>\n<div style='display: flex; flex-wrap: wrap; gap: 20px; margin-bottom: 30px;'>\n<div style='flex: 1 1 250px; border: 1px solid rgba(150&comma; 150&comma; 150&comma; 0.4); border-radius: 8px; overflow: hidden; display: flex; flex-direction: column;'>\n<div style='padding: 15px; border-bottom: 1px solid rgba(150&comma; 150&comma; 150&comma; 0.2); font-weight: bold; font-size: 18px; color: inherit;'>Caracter\u00edsticas y ventajas adicionales<\/div>\n<div style='padding: 15px; color: inherit;'>\n<ul style='padding-left: 20px; margin: 0; font-size: 14px; list-style-type: disc;'>\n<li style='margin-bottom: 5px;'><strong>Reduzca el coste de propiedad:<\/strong> Reducci\u00f3n de costes de contrataci\u00f3n y disponibilidad con una plataforma com\u00fan de transmisor<\/li>\n<li style='margin-bottom: 5px;'><strong>Reduzca gastos y tiempo de mantenimiento:<\/strong> Funcionamiento no intrusivo y un solo operario<\/li>\n<li style='margin-bottom: 5px;'><strong>Simplifique el mantenimiento:<\/strong> Sensor extra\u00edble y enchufable<\/li>\n<li style='margin-bottom: 5px;'><strong>Reduzca tiempo de inspecci\u00f3n:<\/strong> Pantalla sem\u00e1foro tricolor que permite conocer el estado de seguridad de solo un vistazo<\/li>\n<li style='margin-bottom: 5px;'><strong>Simplifique procesos:<\/strong> Conmutadores magn\u00e9ticos no intrusivos<\/li>\n<\/ul><\/div>\n<\/p><\/div>\n<div style='flex: 1 1 250px; border: 1px solid rgba(150&comma; 150&comma; 150&comma; 0.4); border-radius: 8px; overflow: hidden; display: flex; flex-direction: column;'>\n<div style='padding: 15px; border-bottom: 1px solid rgba(150&comma; 150&comma; 150&comma; 0.2); font-weight: bold; font-size: 18px; color: inherit;'>Rendimiento y flexibilidad<\/div>\n<div style='padding: 15px; color: inherit;'>\n<ul style='padding-left: 20px; margin: 0; font-size: 14px; list-style-type: disc;'>\n<li style='margin-bottom: 5px;'>Extienda el elemento de detecci\u00f3n de gas a una distancia de hasta 30 metros del transmisor<\/li>\n<li style='margin-bottom: 5px;'>Reduzca probabilidades de error humano con diagn\u00f3stico de a bordo y pantalla de f\u00e1cil lectura<\/li>\n<li style='margin-bottom: 5px;'>Proteja el dispositivo con caja de aluminio o acero inoxidable IP66\/67<\/li>\n<li style='margin-bottom: 5px;'>Evite falsas alarmas con inhibici\u00f3n autom\u00e1tica durante el mantenimiento<\/li>\n<li style='margin-bottom: 5px;'>Salida de 4-20 mA con emisor o receptor seleccionables<\/li>\n<li style='margin-bottom: 5px;'>Amplia gama de accesorios y opciones de compra<\/li>\n<\/ul><\/div>\n<\/p><\/div>\n<\/p><\/div>\n<hr style='border: 0; border-top: 1px solid rgba(150&comma; 150&comma; 150&comma; 0.3); margin: 30px 0;'> <\/div>\n","protected":false},"excerpt":{"rendered":"<p>Detector Industrial Con Sensor Remoto Para Hidrogeno (H2), 0-1000 PPM, Salida 4-20 mA, 3 Relays, Certificaci\u00f3n UL\/c-UL\/INMETRO, Entradas 2&#215;3\/4&#8243; NPT, Carcasa De Aluminio Grado Marino, Serie Sensepoint XCD RTD<\/p>\n","protected":false},"featured_media":36127,"comment_status":"open","ping_status":"closed","template":"","meta":[],"product_brand":[],"product_cat":[987],"product_tag":[988,522,1014],"class_list":{"0":"post-36128","1":"product","2":"type-product","3":"status-publish","4":"has-post-thumbnail","6":"product_cat-detectores-de-gases","7":"product_tag-detectores-de-gases","8":"product_tag-dispositivos-convencionales","9":"product_tag-honeywell-analytics","11":"first","12":"outofstock","13":"sale","14":"shipping-taxable","15":"purchasable","16":"product-type-simple"},"_links":{"self":[{"href":"https:\/\/soydeaqui.ddns.net\/pachuca\/index.php\/wp-json\/wp\/v2\/product\/36128","targetHints":{"allow":["GET"]}}],"collection":[{"href":"https:\/\/soydeaqui.ddns.net\/pachuca\/index.php\/wp-json\/wp\/v2\/product"}],"about":[{"href":"https:\/\/soydeaqui.ddns.net\/pachuca\/index.php\/wp-json\/wp\/v2\/types\/product"}],"replies":[{"embeddable":true,"href":"https:\/\/soydeaqui.ddns.net\/pachuca\/index.php\/wp-json\/wp\/v2\/comments?post=36128"}],"wp:featuredmedia":[{"embeddable":true,"href":"https:\/\/soydeaqui.ddns.net\/pachuca\/index.php\/wp-json\/wp\/v2\/media\/36127"}],"wp:attachment":[{"href":"https:\/\/soydeaqui.ddns.net\/pachuca\/index.php\/wp-json\/wp\/v2\/media?parent=36128"}],"wp:term":[{"taxonomy":"product_brand","embeddable":true,"href":"https:\/\/soydeaqui.ddns.net\/pachuca\/index.php\/wp-json\/wp\/v2\/product_brand?post=36128"},{"taxonomy":"product_cat","embeddable":true,"href":"https:\/\/soydeaqui.ddns.net\/pachuca\/index.php\/wp-json\/wp\/v2\/product_cat?post=36128"},{"taxonomy":"product_tag","embeddable":true,"href":"https:\/\/soydeaqui.ddns.net\/pachuca\/index.php\/wp-json\/wp\/v2\/product_tag?post=36128"}],"curies":[{"name":"wp","href":"https:\/\/api.w.org\/{rel}","templated":true}]}}