{"id":3612,"date":"2026-03-18T06:09:59","date_gmt":"2026-03-18T06:09:59","guid":{"rendered":"https:\/\/soydeaqui.ddns.net\/pachuca\/index.php\/producto\/modulo-de-2-botones-iluminados-con-lector-rfid-125-khz-alarma-y-cancelar-bus-rs485-compatible-con-nx0019-b-nx1021-y-nx0015\/"},"modified":"2026-03-18T06:10:01","modified_gmt":"2026-03-18T06:10:01","slug":"modulo-de-2-botones-iluminados-con-lector-rfid-125-khz-alarma-y-cancelar-bus-rs485-compatible-con-nx0019-b-nx1021-y-nx0015","status":"publish","type":"product","link":"https:\/\/soydeaqui.ddns.net\/pachuca\/index.php\/producto\/modulo-de-2-botones-iluminados-con-lector-rfid-125-khz-alarma-y-cancelar-bus-rs485-compatible-con-nx0019-b-nx1021-y-nx0015\/","title":{"rendered":"Modulo de 2 Botones iluminados con Lector RFID 125 KHz \/ Alarma y Cancelar \/ BUS RS485 \/ Compatible con NX0019\/B, NX1021 Y NX0015"},"content":{"rendered":"<div style='width: 100%; max-width: 1200px; margin: 0 auto; font-family: sans-serif; line-height: 1.6; color: inherit; background-color: transparent;'> <!-- Secci\u00f3n de caracter\u00edsticas principales --> <\/p>\n<div style='display: flex; flex-wrap: wrap; gap: 30px; margin-bottom: 30px;'>\n<div style='flex: 1 1 300px; min-width: 280px;'>\n<h3 style='font-size: 22px; border-bottom: 2px solid currentColor; padding-bottom: 5px; margin-top: 0; color: inherit; opacity: 0.8;'>Funciones principales<\/h3>\n<ul style='padding-left: 20px; font-size: 15px; color: inherit;'>\n<li style='margin-bottom: 5px;'>Pulsador de acci\u00f3n moment\u00e1nea<\/li>\n<li style='margin-bottom: 5px;'>2 teclas iluminadas con realimentaci\u00f3n t\u00e1ctil y audible<\/li>\n<li style='margin-bottom: 5px;'>Cancelaci\u00f3n de atenciones<\/li>\n<li style='margin-bottom: 5px;'>Instalaci\u00f3n empotrada en caja universal (incluye bastidor met\u00e1lico)<\/li>\n<li style='margin-bottom: 5px;'><strong>Requiere marco<\/strong> <a style='color: inherit; text-decoration: none; font-weight: 600;' href='https:\/\/www.syscom.mx\/principal\/searchcont?route=NX9003-IBERNEX-195549&#038;autodetect=nx9003' target='_blank' rel='noopener'>NX9003<\/a><\/li>\n<\/ul><\/div>\n<div style='flex: 1 1 300px; min-width: 280px;'>\n<h3 style='font-size: 22px; border-bottom: 2px solid currentColor; padding-bottom: 5px; margin-top: 0; color: inherit; opacity: 0.8;'>Caracter\u00edsticas el\u00e9ctricas y f\u00edsicas<\/h3>\n<ul style='padding-left: 20px; font-size: 15px; color: inherit;'>\n<li style='margin-bottom: 5px;'>Voltaje nominal: 12 V<\/li>\n<li style='margin-bottom: 5px;'>Conexi\u00f3n Bus RS485<\/li>\n<li style='margin-bottom: 5px;'>Se\u00f1alizaci\u00f3n ac\u00fastica<\/li>\n<li style='margin-bottom: 5px;'>Lector RFID 125 KHz integrado<\/li>\n<li style='margin-bottom: 5px;'><a style='color: inherit; text-decoration: none; font-weight: 600;' title='Ficha t\u00e9cnica' href='https:\/\/ftp3.syscom.mx\/usuarios\/scorrea\/A\/IBERNEX\/NX0392\/fichaTecnica.NX0392.NX0393.NX0394.NX0395.NX0397.NX0591.pdf' target='_blank' rel='noopener'>Revise la ficha completa<\/a><\/li>\n<li style='margin-bottom: 5px;'>Dimensiones: 44 x 44 x 46 mm<\/li>\n<\/ul><\/div>\n<div style='flex: 1 1 300px; min-width: 280px;'>\n<h3 style='font-size: 22px; border-bottom: 2px solid currentColor; padding-bottom: 5px; margin-top: 0; color: inherit; opacity: 0.8;'>Caracter\u00edsticas Destacadas<\/h3>\n<p style='margin-top: 0;'>Los dos botones iluminados permiten desencadenar llamadas de petici\u00f3n de ayuda y urgente&comma; as\u00ed como registrar la presencia del personal en las habitaciones mediante la pulsaci\u00f3n del bot\u00f3n verde o la tarjeta RFID de 125 KHz.<\/p>\n<p style='margin-bottom: 0;'>Rojo: generar alarmas<\/p>\n<p style='margin-top: 0;'>Verde: presencia de personal sanitario y cancelaci\u00f3n de alarma.<\/p>\n<\/p><\/div>\n<\/p><\/div>\n<p> <!-- Nota importante --> <\/p>\n<div style='margin: 30px 0; padding: 15px; border-left: 5px solid rgba(255&comma; 0&comma; 0&comma; 0.6); background-color: rgba(255&comma; 0&comma; 0&comma; 0.05);'> <strong style='color: inherit;'>Nota:<\/strong> Requiere certificaci\u00f3n para su instalaci\u00f3n y para solicitar soporte t\u00e9cnico. <\/div>\n<p> <!-- Separador --> <\/p>\n<hr style='border: 0; border-top: 1px solid rgba(150&comma; 150&comma; 150&comma; 0.3); margin: 30px 0;'> <!-- Secci\u00f3n de im\u00e1genes --> <\/p>\n<div style='display: grid; grid-template-columns: repeat(auto-fit&comma; minmax(280px&comma; 1fr)); gap: 30px; margin-bottom: 30px;'>\n<div style='display: flex; flex-direction: column;'>\n<div style='flex: 1; background-color: rgba(238&comma; 238&comma; 238&comma; 0.8); border: 1px solid rgba(150&comma; 150&comma; 150&comma; 0.3); border-radius: 8px; overflow: hidden;'> <img style='width: 100%; height: auto; border: none; border-radius: 0;' src='https:\/\/ftp3.syscom.mx\/usuarios\/scorrea\/A\/IBERNEX\/I\/393\/NX0393_0.png' alt='Alarma normal'> <\/div>\n<div style='border-top: 5px solid #005cb9; padding: 15px; background-color: rgba(238&comma; 238&comma; 238&comma; 0.8); border-radius: 0 0 8px 8px;'>\n<h2 style='margin-top: 0; margin-bottom: 10px; font-size: 20px; color: inherit;'>Alarma normal<\/h2>\n<h4 style='margin-top: 0; margin-bottom: 15px; font-size: 16px; color: rgba(128&comma; 128&comma; 128&comma; 0.8);'>Luz Roja fija<\/h4>\n<p style='margin: 0;'>Indica que existe una alarma normal en la habitaci\u00f3n pendiente por atender&comma; en modo reposo la luz est\u00e1 atenuada para poder ubicar el bot\u00f3n r\u00e1pidamente en la oscuridad.<\/p>\n<\/p><\/div>\n<\/p><\/div>\n<div style='display: flex; flex-direction: column;'>\n<div style='flex: 1; background-color: rgba(238&comma; 238&comma; 238&comma; 0.8); border: 1px solid rgba(150&comma; 150&comma; 150&comma; 0.3); border-radius: 8px; overflow: hidden;'> <img style='width: 100%; height: auto; border: none; border-radius: 0;' src='https:\/\/ftp3.syscom.mx\/usuarios\/scorrea\/A\/IBERNEX\/I\/393\/NX0393_tarjeta.png' alt='Presencia de enfermera'> <\/div>\n<div style='border-top: 5px solid #005cb9; padding: 15px; background-color: rgba(238&comma; 238&comma; 238&comma; 0.8); border-radius: 0 0 8px 8px;'>\n<h2 style='margin-top: 0; margin-bottom: 10px; font-size: 20px; color: inherit;'>Presencia de enfermera<\/h2>\n<h4 style='margin-top: 0; margin-bottom: 15px; font-size: 16px; color: rgba(128&comma; 128&comma; 128&comma; 0.8);'>Luz Verde fija<\/h4>\n<p style='margin: 0;'>Indica que existe una enfermera en la habitaci\u00f3n. Se puede indicar presionando el bot\u00f3n verde o presentando una tarjeta RFID&comma; la ventaja de la tarjeta es que queda registrado que enfermera atendi\u00f3 la alarma.<\/p>\n<\/p><\/div>\n<\/p><\/div>\n<\/p><\/div>\n<p> <!-- Separador --> <\/p>\n<hr style='border: 0; border-top: 1px solid rgba(150&comma; 150&comma; 150&comma; 0.3); margin: 30px 0;'> <!-- Secci\u00f3n de instalaci\u00f3n --> <\/p>\n<div style='text-align: center; margin-bottom: 30px;'>\n<h2 style='font-size: 24px; color: inherit; margin-bottom: 10px;'><strong>Instalaci\u00f3n del m\u00f3dulo<\/strong><\/h2>\n<p style='margin: 0 auto 0 auto; max-width: 800px; color: inherit;'>El m\u00f3dulo incluye un bastidor para fijar de forma directa a una caja cuadrada de 2&#215;2 pulgadas (no incluida) y se coloca el marco embellecedor modelo NX9003 (no incluido).<\/p>\n<\/p><\/div>\n<p> <!-- Imagen de instalaci\u00f3n --> <\/p>\n<div style='text-align: center; margin: 30px 0;'> <img style='width: 100%; max-width: 400px; height: auto; border: 1px solid rgba(150&comma; 150&comma; 150&comma; 0.3); border-radius: 8px;' src='https:\/\/ftp3.syscom.mx\/usuarios\/scorrea\/A\/IBERNEX\/I\/caja_2x2.JPG' alt='Instalaci\u00f3n caja 2x2 pulgadas'> <\/div>\n<\/p><\/div>\n","protected":false},"excerpt":{"rendered":"<p>Modulo de 2 Botones iluminados con Lector RFID 125 KHz \/ Alarma y Cancelar \/ BUS RS485 \/ Compatible con NX0019\/B, NX1021 Y NX0015<\/p>\n","protected":false},"featured_media":3611,"comment_status":"open","ping_status":"closed","template":"","meta":[],"product_brand":[],"product_cat":[151],"product_tag":[152,153,126],"class_list":{"0":"post-3612","1":"product","2":"type-product","3":"status-publish","4":"has-post-thumbnail","6":"product_cat-atencion-sociosanitaria","7":"product_tag-atencion-sociosanitaria","8":"product_tag-ibernex","9":"product_tag-sistemas-de-emergencia","11":"first","12":"outofstock","13":"sale","14":"shipping-taxable","15":"purchasable","16":"product-type-simple"},"_links":{"self":[{"href":"https:\/\/soydeaqui.ddns.net\/pachuca\/index.php\/wp-json\/wp\/v2\/product\/3612","targetHints":{"allow":["GET"]}}],"collection":[{"href":"https:\/\/soydeaqui.ddns.net\/pachuca\/index.php\/wp-json\/wp\/v2\/product"}],"about":[{"href":"https:\/\/soydeaqui.ddns.net\/pachuca\/index.php\/wp-json\/wp\/v2\/types\/product"}],"replies":[{"embeddable":true,"href":"https:\/\/soydeaqui.ddns.net\/pachuca\/index.php\/wp-json\/wp\/v2\/comments?post=3612"}],"wp:featuredmedia":[{"embeddable":true,"href":"https:\/\/soydeaqui.ddns.net\/pachuca\/index.php\/wp-json\/wp\/v2\/media\/3611"}],"wp:attachment":[{"href":"https:\/\/soydeaqui.ddns.net\/pachuca\/index.php\/wp-json\/wp\/v2\/media?parent=3612"}],"wp:term":[{"taxonomy":"product_brand","embeddable":true,"href":"https:\/\/soydeaqui.ddns.net\/pachuca\/index.php\/wp-json\/wp\/v2\/product_brand?post=3612"},{"taxonomy":"product_cat","embeddable":true,"href":"https:\/\/soydeaqui.ddns.net\/pachuca\/index.php\/wp-json\/wp\/v2\/product_cat?post=3612"},{"taxonomy":"product_tag","embeddable":true,"href":"https:\/\/soydeaqui.ddns.net\/pachuca\/index.php\/wp-json\/wp\/v2\/product_tag?post=3612"}],"curies":[{"name":"wp","href":"https:\/\/api.w.org\/{rel}","templated":true}]}}