{"id":36119,"date":"2026-03-18T15:59:04","date_gmt":"2026-03-18T15:59:04","guid":{"rendered":"https:\/\/soydeaqui.ddns.net\/pachuca\/index.php\/producto\/alarma-de-monoxido-de-carbono-120-ac-bateria-10-anos-con-voz\/"},"modified":"2026-03-18T15:59:05","modified_gmt":"2026-03-18T15:59:05","slug":"alarma-de-monoxido-de-carbono-120-ac-bateria-10-anos-con-voz","status":"publish","type":"product","link":"https:\/\/soydeaqui.ddns.net\/pachuca\/index.php\/producto\/alarma-de-monoxido-de-carbono-120-ac-bateria-10-anos-con-voz\/","title":{"rendered":"Alarma de Mon\u00f3xido de Carbono 120 AC | Bater\u00eda 10 a\u00f1os | Con Voz"},"content":{"rendered":"<div style='width: 100%; max-width: 1200px; margin: 0 auto; font-family: sans-serif; line-height: 1.6; color: inherit; background-color: transparent;'>\n<div style='display: flex; flex-wrap: wrap; gap: 30px; margin-bottom: 30px;'>\n<div style='flex: 1 1 300px; min-width: 280px;'>\n<h3 style='font-size: 22px; border-bottom: 2px solid currentColor; padding-bottom: 5px; margin-top: 0; color: inherit; opacity: 0.8;'>Descripci\u00f3n<\/h3>\n<p style='font-size: 15px; color: inherit; margin-top: 15px;'> El Kidde P4010ACSCO es una alarma fotoel\u00e9ctrica combinada de humo y mon\u00f3xido de carbono alimentada por CA\/CC que contiene una bater\u00eda de respaldo sellada de 10 a\u00f1os y un sistema de mensajes de voz. La funci\u00f3n de advertencia de voz acompa\u00f1a al tono de 85 dB durante un evento de alarma y ayuda a reducir la confusi\u00f3n con anuncios verbales como &#8216;Reemplazar alarma&#8217; al final de la vida \u00fatil de la alarma y &#8216;Modo silencio activado&#8217; cuando se silencia una alarma molesta. Esta alarma utiliza tecnolog\u00eda innovadora para ofrecer una respuesta r\u00e1pida a incendios reales&comma; adem\u00e1s de protegerlo del mon\u00f3xido de carbono y reducir dr\u00e1sticamente la posibilidad de alarmas molestas. La tecnolog\u00eda de sensor inteligente combina las capacidades de detecci\u00f3n de un sensor de humo fotoel\u00e9ctrico con la de un sensor electroqu\u00edmico&comma; que se utiliza para detectar CO. Dado que el mon\u00f3xido de carbono est\u00e1 presente en todos los incendios&comma; el hecho de que ambas c\u00e1maras de detecci\u00f3n funcionen juntas en una sola alarma es un gran avance en la industria de seguridad contra incendios. Cuando cualquiera de los sensores detecta un peligro potencial&comma; se comunicar\u00e1 con el otro. Dependiendo de lo que se detecte&comma; la alarma ajustar\u00e1 su sensibilidad al humo para discriminar mejor entre un peligro real y uno falso. Esta comunicaci\u00f3n constante mejora el rendimiento general de la alarma en todos los incendios y reduce significativamente la posibilidad de que se produzca una alarma molesta. Las alarmas Kidde serie P4010 contienen bater\u00edas a prueba de manipulaciones de 10 a\u00f1os que eliminan la necesidad de reemplazarlas y eliminan la preocupaci\u00f3n por la extracci\u00f3n no autorizada. Los usuarios est\u00e1n a\u00fan m\u00e1s protegidos de los chirridos nocturnos de la bater\u00eda gracias a la funci\u00f3n de detecci\u00f3n de luz ambiental de la unidad&comma; que establece un ciclo d\u00eda\/noche y evita el chirrido de la alarma en condiciones de oscuridad. <\/p>\n<\/p><\/div>\n<\/p><\/div>\n<div style='display: flex; flex-wrap: wrap; gap: 20px; margin-bottom: 30px;'>\n<div style='flex: 1 1 250px; border: 1px solid rgba(150&comma; 150&comma; 150&comma; 0.4); border-radius: 8px; overflow: hidden; display: flex; flex-direction: column;'>\n<div style='padding: 15px; border-bottom: 1px solid rgba(150&comma; 150&comma; 150&comma; 0.2); font-weight: bold; font-size: 18px; color: inherit;'>Caracter\u00edsticas<\/div>\n<div style='padding: 15px; color: inherit;'>\n<ul style='padding-left: 20px; margin: 0; font-size: 14px; list-style-type: disc; color: inherit;'>\n<li style='margin-bottom: 5px; color: inherit;'><strong>Notificaci\u00f3n de voz:<\/strong> anuncia verbalmente &#8216;\u00a1Fuego!&#8217; o \u201c\u00a1Advertencia! \u00a1Mon\u00f3xido de carbono!&#8217; para ayudar a distinguir entre amenazas.<\/li>\n<li style='margin-bottom: 5px; color: inherit;'><strong>F\u00e1cil de instalar:<\/strong> la bater\u00eda de respaldo se activa autom\u00e1ticamente cuando la unidad se conecta al soporte de montaje.<\/li>\n<li style='margin-bottom: 5px; color: inherit;'><strong>Sensor fotoel\u00e9ctrico:<\/strong> el sensor de humo contiene un sensor fotoel\u00e9ctrico avanzado que puede detectar part\u00edculas visibles (asociadas con incendios latentes) antes que las alarmas de ionizaci\u00f3n.<\/li>\n<li style='margin-bottom: 5px; color: inherit;'><strong>Detecci\u00f3n de luz ambiental:<\/strong> establece el ciclo D\u00eda\/Noche y retrasa el chirrido durante la noche hasta que comience el siguiente ciclo D\u00eda.<\/li>\n<li style='margin-bottom: 5px; color: inherit;'><strong>Bot\u00f3n Test\/Hush\u00ae:<\/strong> prueba el circuito de alarma y activa la funci\u00f3n Hush\u00ae para silenciar temporalmente alarmas molestas por hasta 10 minutos. Los chirridos de fin de vida \u00fatil de la unidad tambi\u00e9n se pueden silenciar.<\/li>\n<li style='margin-bottom: 5px; color: inherit;'><strong>Advertencia de fin de vida \u00fatil de la unidad:<\/strong> alerta al usuario que es necesario reemplazar la alarma.<\/li>\n<li style='margin-bottom: 5px; color: inherit;'><strong>Garant\u00eda:<\/strong> garant\u00eda limitada de 10 a\u00f1os.<\/li>\n<\/ul><\/div>\n<\/p><\/div>\n<\/p><\/div>\n<hr style='border: 0; border-top: 1px solid rgba(150&comma; 150&comma; 150&comma; 0.3); margin: 30px 0;'> <\/div>\n","protected":false},"excerpt":{"rendered":"<p>Alarma de Mon\u00f3xido de Carbono 120 AC | Bater\u00eda 10 a\u00f1os | Con Voz<\/p>\n","protected":false},"featured_media":36118,"comment_status":"open","ping_status":"closed","template":"","meta":[],"product_brand":[],"product_cat":[1047],"product_tag":[224,1048],"class_list":{"0":"post-36119","1":"product","2":"type-product","3":"status-publish","4":"has-post-thumbnail","6":"product_cat-kidde","7":"product_tag-detectores-autonomos","8":"product_tag-kidde","10":"first","11":"outofstock","12":"sale","13":"shipping-taxable","14":"purchasable","15":"product-type-simple"},"_links":{"self":[{"href":"https:\/\/soydeaqui.ddns.net\/pachuca\/index.php\/wp-json\/wp\/v2\/product\/36119","targetHints":{"allow":["GET"]}}],"collection":[{"href":"https:\/\/soydeaqui.ddns.net\/pachuca\/index.php\/wp-json\/wp\/v2\/product"}],"about":[{"href":"https:\/\/soydeaqui.ddns.net\/pachuca\/index.php\/wp-json\/wp\/v2\/types\/product"}],"replies":[{"embeddable":true,"href":"https:\/\/soydeaqui.ddns.net\/pachuca\/index.php\/wp-json\/wp\/v2\/comments?post=36119"}],"wp:featuredmedia":[{"embeddable":true,"href":"https:\/\/soydeaqui.ddns.net\/pachuca\/index.php\/wp-json\/wp\/v2\/media\/36118"}],"wp:attachment":[{"href":"https:\/\/soydeaqui.ddns.net\/pachuca\/index.php\/wp-json\/wp\/v2\/media?parent=36119"}],"wp:term":[{"taxonomy":"product_brand","embeddable":true,"href":"https:\/\/soydeaqui.ddns.net\/pachuca\/index.php\/wp-json\/wp\/v2\/product_brand?post=36119"},{"taxonomy":"product_cat","embeddable":true,"href":"https:\/\/soydeaqui.ddns.net\/pachuca\/index.php\/wp-json\/wp\/v2\/product_cat?post=36119"},{"taxonomy":"product_tag","embeddable":true,"href":"https:\/\/soydeaqui.ddns.net\/pachuca\/index.php\/wp-json\/wp\/v2\/product_tag?post=36119"}],"curies":[{"name":"wp","href":"https:\/\/api.w.org\/{rel}","templated":true}]}}