{"id":36107,"date":"2026-03-18T15:58:47","date_gmt":"2026-03-18T15:58:47","guid":{"rendered":"https:\/\/soydeaqui.ddns.net\/pachuca\/index.php\/producto\/detector-de-flama-vsf301-a-prueba-de-explosion-video-intelligente\/"},"modified":"2026-03-18T15:58:53","modified_gmt":"2026-03-18T15:58:53","slug":"detector-de-flama-vsf301-a-prueba-de-explosion-video-intelligente","status":"publish","type":"product","link":"https:\/\/soydeaqui.ddns.net\/pachuca\/index.php\/producto\/detector-de-flama-vsf301-a-prueba-de-explosion-video-intelligente\/","title":{"rendered":"Detector de Flama VSF301 | a Prueba de Explosi\u00f3n | V\u00eddeo Intelligente"},"content":{"rendered":"<div style='width: 100%; max-width: 1200px; margin: 0 auto; font-family: sans-serif; line-height: 1.6; color: inherit; background-color: transparent;'> <!-- Video contenedor responsive --> <\/p>\n<div style='position: relative; padding-bottom: 56.25%; height: 0; overflow: hidden; margin-bottom: 30px;'>   <\/div>\n<p> <!-- Descripci\u00f3n principal --> <\/p>\n<div style='margin-bottom: 30px; font-size: 15px;'>\n<p>VSF301 es capaz de detectar una Fuego de n-heptano (gasolina) a 200\u2019 y JP4 (combustible para aviones con mezcla de queroseno y gasolina) a 300\u2019. El detector procesa im\u00e1genes de v\u00eddeo en directo para detectar las propiedades caracter\u00edsticas de llamas mediante se\u00f1al digital interna de procesamiento y software avanzado algoritmos. GRABA VIDEO.<\/p>\n<\/p><\/div>\n<p> <!-- Secci\u00f3n de aprobaciones --> <\/p>\n<div style='margin-bottom: 30px;'>\n<h3 style='font-size: 22px; border-bottom: 2px solid currentColor; padding-bottom: 5px; margin-top: 0; color: inherit; opacity: 0.8;'>Aprobaciones<\/h3>\n<p>Aprobado por FM&comma; CSA&comma; SIL 2&comma; NEC&comma; IECEx&comma; EN&comma; ATEX<\/p>\n<\/p><\/div>\n<p> <!-- Secci\u00f3n de caracter\u00edsticas --> <\/p>\n<div style='margin-bottom: 30px;'>\n<h3 style='font-size: 22px; border-bottom: 2px solid currentColor; padding-bottom: 5px; margin-top: 0; color: inherit; opacity: 0.8;'>Caracter\u00edsticas<\/h3>\n<ul style='padding-left: 20px; font-size: 15px; color: inherit;'>\n<li style='margin-bottom: 5px;'>Funciona con o sin color<\/li>\n<li style='margin-bottom: 5px;'>Salida de v\u00eddeo<\/li>\n<li style='margin-bottom: 5px;'>Grabaci\u00f3n a bordo de pre y alarmas post-incendio<\/li>\n<li style='margin-bottom: 5px;'>Prueba \u00f3ptica continua&comma; sin reflector<\/li>\n<li style='margin-bottom: 5px;'>\u00d3ptica de calor controlada por microprocesador<\/li>\n<li style='margin-bottom: 5px;'>Homologaciones internacionales para zonas peligrosas: FM\/ATEX\/IEC Ex<\/li>\n<li style='margin-bottom: 5px;'>Pruebas de rendimiento certificadas para m\u00faltiples combustibles: FM 3260\/EN 54-10<\/li>\n<li style='margin-bottom: 5px;'>Conciencia espacial: detecci\u00f3n de sensibilidad \u00fanica<\/li>\n<li style='margin-bottom: 5px;'>F\u00e1cil integraci\u00f3n utilizando salidas est\u00e1ndar de la industria: alarma y rel\u00e9s de falla (0-20 mA)<\/li>\n<li style='margin-bottom: 5px;'>Capacidad certificada para SIL 2<\/li>\n<li style='margin-bottom: 5px;'>Aprobaciones marinas en todo el mundo<\/li>\n<\/ul><\/div>\n<\/p><\/div>\n","protected":false},"excerpt":{"rendered":"<p>Detector de Flama VSF301 | a Prueba de Explosi\u00f3n | V\u00eddeo Intelligente<\/p>\n","protected":false},"featured_media":36106,"comment_status":"open","ping_status":"closed","template":"","meta":[],"product_brand":[],"product_cat":[985],"product_tag":[978,986,1039],"class_list":{"0":"post-36107","1":"product","2":"type-product","3":"status-publish","4":"has-post-thumbnail","6":"product_cat-detectores-de-flama","7":"product_tag-aplicaciones-especiales","8":"product_tag-detectores-de-flama","9":"product_tag-viking","11":"first","12":"outofstock","13":"sale","14":"shipping-taxable","15":"purchasable","16":"product-type-simple"},"_links":{"self":[{"href":"https:\/\/soydeaqui.ddns.net\/pachuca\/index.php\/wp-json\/wp\/v2\/product\/36107","targetHints":{"allow":["GET"]}}],"collection":[{"href":"https:\/\/soydeaqui.ddns.net\/pachuca\/index.php\/wp-json\/wp\/v2\/product"}],"about":[{"href":"https:\/\/soydeaqui.ddns.net\/pachuca\/index.php\/wp-json\/wp\/v2\/types\/product"}],"replies":[{"embeddable":true,"href":"https:\/\/soydeaqui.ddns.net\/pachuca\/index.php\/wp-json\/wp\/v2\/comments?post=36107"}],"wp:featuredmedia":[{"embeddable":true,"href":"https:\/\/soydeaqui.ddns.net\/pachuca\/index.php\/wp-json\/wp\/v2\/media\/36106"}],"wp:attachment":[{"href":"https:\/\/soydeaqui.ddns.net\/pachuca\/index.php\/wp-json\/wp\/v2\/media?parent=36107"}],"wp:term":[{"taxonomy":"product_brand","embeddable":true,"href":"https:\/\/soydeaqui.ddns.net\/pachuca\/index.php\/wp-json\/wp\/v2\/product_brand?post=36107"},{"taxonomy":"product_cat","embeddable":true,"href":"https:\/\/soydeaqui.ddns.net\/pachuca\/index.php\/wp-json\/wp\/v2\/product_cat?post=36107"},{"taxonomy":"product_tag","embeddable":true,"href":"https:\/\/soydeaqui.ddns.net\/pachuca\/index.php\/wp-json\/wp\/v2\/product_tag?post=36107"}],"curies":[{"name":"wp","href":"https:\/\/api.w.org\/{rel}","templated":true}]}}