{"id":36104,"date":"2026-03-18T15:58:44","date_gmt":"2026-03-18T15:58:44","guid":{"rendered":"https:\/\/soydeaqui.ddns.net\/pachuca\/index.php\/producto\/detector-de-flama-vsf300-a-prueba-de-explosion-video-intelligente\/"},"modified":"2026-03-18T15:58:46","modified_gmt":"2026-03-18T15:58:46","slug":"detector-de-flama-vsf300-a-prueba-de-explosion-video-intelligente","status":"publish","type":"product","link":"https:\/\/soydeaqui.ddns.net\/pachuca\/index.php\/producto\/detector-de-flama-vsf300-a-prueba-de-explosion-video-intelligente\/","title":{"rendered":"Detector de Flama VSF300 | a Prueba de Explosi\u00f3n | V\u00eddeo Intelligente"},"content":{"rendered":"<div style='width: 100%; max-width: 1200px; margin: 0 auto; font-family: sans-serif; line-height: 1.6; color: inherit; background-color: transparent;'> <!-- Video container --> <\/p>\n<div style='position: relative; padding-bottom: 56.25%; height: 0; overflow: hidden; margin-bottom: 30px;'>   <\/div>\n<p> <!-- Descripci\u00f3n principal --> <\/p>\n<div style='margin-bottom: 30px;'>\n<p style='font-size: 15px; margin: 0 0 15px 0; color: inherit;'> VSF300 es capaz de detectar una Fuego de n-heptano (gasolina) a 200&#8242; y JP4 (combustible para aviones con mezcla de queroseno y gasolina) a 300&#8242;. El detector procesa im\u00e1genes de v\u00eddeo en directo para detectar las propiedades caracter\u00edsticas de llamas mediante se\u00f1al digital interna de procesamiento y software avanzado algoritmos. <\/p>\n<\/p><\/div>\n<p> <!-- Aprobaciones --> <\/p>\n<div style='margin-bottom: 30px;'>\n<h3 style='font-size: 20px; border-bottom: 2px solid currentColor; padding-bottom: 5px; margin-top: 0; margin-bottom: 15px; color: inherit; opacity: 0.8;'>Aprobaciones<\/h3>\n<p style='font-size: 15px; margin: 0; color: inherit;'>Aprobado por FM&comma; CSA&comma; SIL 2&comma; NEC&comma; IECEx&comma; EN&comma; ATEX<\/p>\n<\/p><\/div>\n<p> <!-- Caracter\u00edsticas --> <\/p>\n<div style='margin-bottom: 30px;'>\n<h3 style='font-size: 20px; border-bottom: 2px solid currentColor; padding-bottom: 5px; margin-top: 0; margin-bottom: 15px; color: inherit; opacity: 0.8;'>Caracter\u00edsticas<\/h3>\n<ul style='padding-left: 20px; font-size: 15px; margin: 0; color: inherit;'>\n<li style='margin-bottom: 8px;'>Campos de visi\u00f3n (FoV) masivos de 120\u00b0 horizontales y 80\u00b0 verticales<\/li>\n<li style='margin-bottom: 8px;'>M\u00e1xima inmunidad a falsas alarmas y elimina la p\u00e9rdida de sensibilidad<\/li>\n<li style='margin-bottom: 8px;'>de la luz del sol y el calor del cuerpo negro<\/li>\n<li style='margin-bottom: 8px;'>Prueba \u00f3ptica continua&comma; sin reflector<\/li>\n<li style='margin-bottom: 8px;'>Homologaciones internacionales para zonas peligrosas: FM\/ATEX\/IEC Ex<\/li>\n<li style='margin-bottom: 8px;'>Pruebas de rendimiento certificadas para m\u00faltiples combustibles: FM 3260<\/li>\n<li style='margin-bottom: 8px;'>Conciencia espacial: detecci\u00f3n de sensibilidad \u00fanica<\/li>\n<li style='margin-bottom: 8px;'>F\u00e1cil integraci\u00f3n utilizando salidas est\u00e1ndar de la industria: alarma y<\/li>\n<li style='margin-bottom: 8px;'>rel\u00e9s de falla (0-20 mA)<\/li>\n<li style='margin-bottom: 8px;'>Aprobaciones marinas en todo el mundo<\/li>\n<\/ul><\/div>\n<p> <!-- Especificaciones --> <\/p>\n<div style='margin-bottom: 30px;'>\n<h3 style='font-size: 20px; border-bottom: 2px solid currentColor; padding-bottom: 5px; margin-top: 0; margin-bottom: 15px; color: inherit; opacity: 0.8;'>Especificaciones<\/h3>\n<ul style='padding-left: 20px; font-size: 15px; margin: 0; color: inherit;'>\n<li style='margin-bottom: 8px;'><strong>Salida:<\/strong> Relay contacts (SPST 2 A at 30Vdc) &#8211; alarm and fault. 0-20mA&comma; HART<\/li>\n<\/ul><\/div>\n<p> <!-- Separador --> <\/p>\n<hr style='border: 0; border-top: 1px solid rgba(150&comma; 150&comma; 150&comma; 0.3); margin: 30px 0;'> <\/div>\n","protected":false},"excerpt":{"rendered":"<p>Detector de Flama VSF300 | a Prueba de Explosi\u00f3n | V\u00eddeo Intelligente<\/p>\n","protected":false},"featured_media":36103,"comment_status":"open","ping_status":"closed","template":"","meta":[],"product_brand":[],"product_cat":[985],"product_tag":[978,986,1039],"class_list":{"0":"post-36104","1":"product","2":"type-product","3":"status-publish","4":"has-post-thumbnail","6":"product_cat-detectores-de-flama","7":"product_tag-aplicaciones-especiales","8":"product_tag-detectores-de-flama","9":"product_tag-viking","11":"first","12":"outofstock","13":"sale","14":"shipping-taxable","15":"purchasable","16":"product-type-simple"},"_links":{"self":[{"href":"https:\/\/soydeaqui.ddns.net\/pachuca\/index.php\/wp-json\/wp\/v2\/product\/36104","targetHints":{"allow":["GET"]}}],"collection":[{"href":"https:\/\/soydeaqui.ddns.net\/pachuca\/index.php\/wp-json\/wp\/v2\/product"}],"about":[{"href":"https:\/\/soydeaqui.ddns.net\/pachuca\/index.php\/wp-json\/wp\/v2\/types\/product"}],"replies":[{"embeddable":true,"href":"https:\/\/soydeaqui.ddns.net\/pachuca\/index.php\/wp-json\/wp\/v2\/comments?post=36104"}],"wp:featuredmedia":[{"embeddable":true,"href":"https:\/\/soydeaqui.ddns.net\/pachuca\/index.php\/wp-json\/wp\/v2\/media\/36103"}],"wp:attachment":[{"href":"https:\/\/soydeaqui.ddns.net\/pachuca\/index.php\/wp-json\/wp\/v2\/media?parent=36104"}],"wp:term":[{"taxonomy":"product_brand","embeddable":true,"href":"https:\/\/soydeaqui.ddns.net\/pachuca\/index.php\/wp-json\/wp\/v2\/product_brand?post=36104"},{"taxonomy":"product_cat","embeddable":true,"href":"https:\/\/soydeaqui.ddns.net\/pachuca\/index.php\/wp-json\/wp\/v2\/product_cat?post=36104"},{"taxonomy":"product_tag","embeddable":true,"href":"https:\/\/soydeaqui.ddns.net\/pachuca\/index.php\/wp-json\/wp\/v2\/product_tag?post=36104"}],"curies":[{"name":"wp","href":"https:\/\/api.w.org\/{rel}","templated":true}]}}