{"id":36101,"date":"2026-03-18T15:58:40","date_gmt":"2026-03-18T15:58:40","guid":{"rendered":"https:\/\/soydeaqui.ddns.net\/pachuca\/index.php\/producto\/detector-de-flama-multi-espectro-vsf303-a-prueba-de-explosion\/"},"modified":"2026-03-18T15:58:42","modified_gmt":"2026-03-18T15:58:42","slug":"detector-de-flama-multi-espectro-vsf303-a-prueba-de-explosion","status":"publish","type":"product","link":"https:\/\/soydeaqui.ddns.net\/pachuca\/index.php\/producto\/detector-de-flama-multi-espectro-vsf303-a-prueba-de-explosion\/","title":{"rendered":"Detector de Flama Multi Espectro VSF303 | a Prueba de Explosi\u00f3n"},"content":{"rendered":"<div style='width: 100%; max-width: 1200px; margin: 0 auto; font-family: sans-serif; line-height: 1.6; color: inherit; background-color: transparent;'> <!-- Video de YouTube --> <\/p>\n<div style='position: relative; padding-bottom: 56.25%; height: 0; overflow: hidden; margin-bottom: 30px;'>   <\/div>\n<p> <!-- Descripci\u00f3n principal --> <\/p>\n<div style='margin-bottom: 30px;'>\n<p>El Viking VSF303 es una llama IR de espectro m\u00faltiple a prueba de explosiones. Detector que entrega rendimiento superior&comma; respondiendo al combustible l\u00edquido de hidrocarburos y al gas fuegos a largas distancias. El VSF303 ha sido probado por Factory Mutual (FM) para detectar un combustible de hidrocarburo fuego panor\u00e1mico a ~61 m en 5 segundos<\/p>\n<\/p><\/div>\n<p> <!-- Secci\u00f3n de aprobaciones --> <\/p>\n<div style='margin-bottom: 30px;'>\n<h3 style='font-size: 22px; border-bottom: 2px solid currentColor; padding-bottom: 5px; margin-top: 0; color: inherit; opacity: 0.8;'>Aprobaciones<\/h3>\n<p>Aprobado por FM&comma; CSA&comma; SIL 2&comma; NEC&comma; IECEx&comma; EN&comma; ATEX<\/p>\n<\/p><\/div>\n<p> <!-- Secci\u00f3n de caracter\u00edsticas --> <\/p>\n<div style='margin-bottom: 30px;'>\n<h3 style='font-size: 22px; border-bottom: 2px solid currentColor; padding-bottom: 5px; margin-top: 0; color: inherit; opacity: 0.8;'>Caracter\u00edsticas<\/h3>\n<ul style='padding-left: 20px; font-size: 15px; color: inherit;'>\n<li style='margin-bottom: 5px;'>Largas distancias de detecci\u00f3n y falsas alarmas mejoradas inmunidad<\/li>\n<li style='margin-bottom: 5px;'>Prueba \u00f3ptica continua&comma; sin reflector<\/li>\n<li style='margin-bottom: 5px;'>\u00d3ptica calentada controlada por microprocesador<\/li>\n<li style='margin-bottom: 5px;'>Homologaciones internacionales para zonas peligrosas: FM\/ATEX\/IEC Ex<\/li>\n<li style='margin-bottom: 5px;'>Pruebas de rendimiento certificadas para m\u00faltiples combustibles seg\u00fan FM 3260 y normas EN 54-10<\/li>\n<li style='margin-bottom: 5px;'>Sensibilidad ajustable para garantizar que los detectores no realicen votos cruzados<\/li>\n<li style='margin-bottom: 5px;'>Capacidad certificada para SIL 2<\/li>\n<\/ul><\/div>\n<p> <!-- Secci\u00f3n de comparaci\u00f3n --> <\/p>\n<div style='margin-bottom: 30px;'>\n<h3 style='font-size: 22px; border-bottom: 2px solid currentColor; padding-bottom: 5px; margin-top: 0; color: inherit; opacity: 0.8;'>Ventaja de los detectores MSIR sobre triple IR<\/h3>\n<p>Los detectores MSIR usan sensores en varias bandas IR&comma; pero no est\u00e1 limitado a tres bandas espec\u00edficas. Puede incluir m\u00e1s de 3 canales espectrales con algoritmos m\u00e1s sofisticados y filtros digitales para analizar m\u00faltiples aspectos espectrales del fuego. A menudo es una evoluci\u00f3n o mejora del IR3 con mejor precisi\u00f3n e inmunidad a falsas alarmas.<\/p>\n<\/p><\/div>\n<p> <!-- Separador final --> <\/p>\n<hr style='border: 0; border-top: 1px solid rgba(150&comma; 150&comma; 150&comma; 0.3); margin: 30px 0;'> <\/div>\n","protected":false},"excerpt":{"rendered":"<p>Detector de Flama Multi Espectro VSF303 | a Prueba de Explosi\u00f3n<\/p>\n","protected":false},"featured_media":36100,"comment_status":"open","ping_status":"closed","template":"","meta":[],"product_brand":[],"product_cat":[985],"product_tag":[978,986,1039],"class_list":{"0":"post-36101","1":"product","2":"type-product","3":"status-publish","4":"has-post-thumbnail","6":"product_cat-detectores-de-flama","7":"product_tag-aplicaciones-especiales","8":"product_tag-detectores-de-flama","9":"product_tag-viking","11":"first","12":"outofstock","13":"sale","14":"shipping-taxable","15":"purchasable","16":"product-type-simple"},"_links":{"self":[{"href":"https:\/\/soydeaqui.ddns.net\/pachuca\/index.php\/wp-json\/wp\/v2\/product\/36101","targetHints":{"allow":["GET"]}}],"collection":[{"href":"https:\/\/soydeaqui.ddns.net\/pachuca\/index.php\/wp-json\/wp\/v2\/product"}],"about":[{"href":"https:\/\/soydeaqui.ddns.net\/pachuca\/index.php\/wp-json\/wp\/v2\/types\/product"}],"replies":[{"embeddable":true,"href":"https:\/\/soydeaqui.ddns.net\/pachuca\/index.php\/wp-json\/wp\/v2\/comments?post=36101"}],"wp:featuredmedia":[{"embeddable":true,"href":"https:\/\/soydeaqui.ddns.net\/pachuca\/index.php\/wp-json\/wp\/v2\/media\/36100"}],"wp:attachment":[{"href":"https:\/\/soydeaqui.ddns.net\/pachuca\/index.php\/wp-json\/wp\/v2\/media?parent=36101"}],"wp:term":[{"taxonomy":"product_brand","embeddable":true,"href":"https:\/\/soydeaqui.ddns.net\/pachuca\/index.php\/wp-json\/wp\/v2\/product_brand?post=36101"},{"taxonomy":"product_cat","embeddable":true,"href":"https:\/\/soydeaqui.ddns.net\/pachuca\/index.php\/wp-json\/wp\/v2\/product_cat?post=36101"},{"taxonomy":"product_tag","embeddable":true,"href":"https:\/\/soydeaqui.ddns.net\/pachuca\/index.php\/wp-json\/wp\/v2\/product_tag?post=36101"}],"curies":[{"name":"wp","href":"https:\/\/api.w.org\/{rel}","templated":true}]}}