{"id":361,"date":"2026-03-18T05:38:57","date_gmt":"2026-03-18T05:38:57","guid":{"rendered":"https:\/\/soydeaqui.ddns.net\/pachuca\/index.php\/producto\/concentrador-inteligente-para-antenas-uhf-ibernex-soporta-4-antenas-nx9781-solucion-de-control-de-errantes-902-mhz-928-mhz\/"},"modified":"2026-03-18T05:38:57","modified_gmt":"2026-03-18T05:38:57","slug":"concentrador-inteligente-para-antenas-uhf-ibernex-soporta-4-antenas-nx9781-solucion-de-control-de-errantes-902-mhz-928-mhz","status":"publish","type":"product","link":"https:\/\/soydeaqui.ddns.net\/pachuca\/index.php\/producto\/concentrador-inteligente-para-antenas-uhf-ibernex-soporta-4-antenas-nx9781-solucion-de-control-de-errantes-902-mhz-928-mhz\/","title":{"rendered":"Concentrador Inteligente para Antenas UHF IBERNEX \/ Soporta 4 antenas NX9781 \/ Soluci\u00f3n de control de errantes \/ 902 MHz \u2013 928 MHz."},"content":{"rendered":"<div style='width: 100%; max-width: 1200px; margin: 0 auto; font-family: sans-serif; line-height: 1.6; color: inherit; background-color: transparent;'>\n<div style='display: flex; flex-wrap: wrap; gap: 30px; margin-bottom: 30px;'>\n<div style='flex: 1 1 300px; min-width: 280px;'>\n<h3 style='font-size: 22px; border-bottom: 2px solid currentColor; padding-bottom: 5px; margin-top: 0; color: inherit; opacity: 0.8;'>Caracter\u00edsticas principales<\/h3>\n<ul style='padding-left: 20px; font-size: 15px; color: inherit;'>\n<li style='margin-bottom: 5px;'>El equipo NX9776 es un lector UHF de largo alcance al que se le pueden conectar hasta 4 antenas NX9775.<\/li>\n<li style='margin-bottom: 5px;'>Permite la detecci\u00f3n de personas protegidas con la soluci\u00f3n de control de errantes UHF no intrusiva de Ibernex.<\/li>\n<li style='margin-bottom: 5px;'>Gracias a esta soluci\u00f3n&comma; aumenta la seguridad en las instalaciones con personas que tengan tendencia a la desorientaci\u00f3n y a deambular&comma; permitiendo que puedan desplazarse libremente por el centro.<\/li>\n<li style='margin-bottom: 5px;'>La persona llevar\u00e1 tags NX9757 colocados en sus prendas y cuando se acerque a alguna de las zonas protegidas por las antenas el sistema lanzar\u00e1 una alarma al personal para que act\u00fae con la m\u00e1xima rapidez posible.<\/li>\n<\/ul><\/div>\n<div style='flex: 1 1 300px; min-width: 280px;'>\n<h3 style='font-size: 22px; border-bottom: 2px solid currentColor; padding-bottom: 5px; margin-top: 0; color: inherit; opacity: 0.8;'>Caracter\u00edsticas el\u00e9ctricas y f\u00edsicas<\/h3>\n<ul style='padding-left: 20px; font-size: 15px; color: inherit;'>\n<li style='margin-bottom: 5px;'><strong>Alimentaci\u00f3n:<\/strong> 12 V DC&comma; 5A 60W (Fuente incluida con enchufe tipo C)<\/li>\n<li style='margin-bottom: 5px;'><strong>Frecuencias de funcionamiento:<\/strong>\n<ul style='padding-left: 20px; margin-top: 5px; margin-bottom: 5px;'>\n<li style='margin-bottom: 5px;'>ETSI: 865 MHz \u2013 868 MHz.<\/li>\n<li style='margin-bottom: 5px;'>FCC: 902 MHz \u2013 928 MHz.<\/li>\n<\/ul>\n<\/li>\n<li style='margin-bottom: 5px;'><strong>Potencia de salida:<\/strong> 33dBm m\u00e1ximo&comma; configurable en pasos de 1dB<\/li>\n<li style='margin-bottom: 5px;'><strong>Alcance de lectura:<\/strong> Hasta 15 metros (depende de la potencia de transmisi\u00f3n&comma; tipo de antena&comma; tipo de tag y entorno de aplicaci\u00f3n)<\/li>\n<li style='margin-bottom: 5px;'><strong>Puertos de antena:<\/strong> 4 puertos de antena SMA<\/li>\n<li style='margin-bottom: 5px;'><strong>Entradas\/Salidas:<\/strong>\n<ul style='padding-left: 20px; margin-top: 5px; margin-bottom: 5px;'>\n<li style='margin-bottom: 5px;'>2 entradas digitales<\/li>\n<li style='margin-bottom: 5px;'>4 salidas digitales<\/li>\n<li style='margin-bottom: 5px;'>1 salida 12V\/500mA<\/li>\n<\/ul>\n<\/li>\n<li style='margin-bottom: 5px;'><strong>Interfaces:<\/strong>\n<ul style='padding-left: 20px; margin-top: 5px; margin-bottom: 5px;'>\n<li style='margin-bottom: 5px;'>RS232<\/li>\n<li style='margin-bottom: 5px;'>Ethernet RJ45<\/li>\n<\/ul>\n<\/li>\n<li style='margin-bottom: 5px;'><strong>Grado de protecci\u00f3n:<\/strong> IP53<\/li>\n<\/ul><\/div>\n<div style='flex: 1 1 300px; min-width: 280px;'>\n<h3 style='font-size: 22px; border-bottom: 2px solid currentColor; padding-bottom: 5px; margin-top: 0; color: inherit; opacity: 0.8;'>Caracter\u00edsticas Destacadas<\/h3>\n<ul style='padding-left: 20px; font-size: 15px; color: inherit;'>\n<li style='margin-bottom: 5px;'>Permite la conexi\u00f3n de hasta 4 antenas por concentrador para aumentar la zona de detecci\u00f3n.<\/li>\n<li style='margin-bottom: 5px;'>Detecci\u00f3n y notificaci\u00f3n del estado de funcionamiento de las antenas.<\/li>\n<li style='margin-bottom: 5px;'>Eficiente disipaci\u00f3n de calor.<\/li>\n<li style='margin-bottom: 5px;'>Alarma en caso de que un tag se acerque a la zona controlada.<\/li>\n<li style='margin-bottom: 5px;'>Soluci\u00f3n de errantes no intrusiva.<\/li>\n<\/ul><\/div>\n<\/p><\/div>\n<div style='margin: 30px 0; padding: 15px; border-left: 5px solid #ff8000; background-color: rgba(255&comma; 128&comma; 0&comma; 0.05); color: inherit;'>\n<p style='margin: 0; font-weight: bold; color: inherit;'>Nota: Requiere certificaci\u00f3n para su instalaci\u00f3n y para solicitar soporte t\u00e9cnico.<\/p>\n<\/p><\/div>\n<hr style='border: 0; border-top: 1px solid rgba(150&comma; 150&comma; 150&comma; 0.3); margin: 30px 0;'> <\/div>\n","protected":false},"excerpt":{"rendered":"<p>Concentrador Inteligente para Antenas UHF IBERNEX \/ Soporta 4 antenas NX9781 \/ Soluci\u00f3n de control de errantes \/ 902 MHz \u2013 928 MHz.<\/p>\n","protected":false},"featured_media":360,"comment_status":"open","ping_status":"closed","template":"","meta":[],"product_brand":[],"product_cat":[151],"product_tag":[152,153,126],"class_list":{"0":"post-361","1":"product","2":"type-product","3":"status-publish","4":"has-post-thumbnail","6":"product_cat-atencion-sociosanitaria","7":"product_tag-atencion-sociosanitaria","8":"product_tag-ibernex","9":"product_tag-sistemas-de-emergencia","11":"first","12":"outofstock","13":"sale","14":"shipping-taxable","15":"purchasable","16":"product-type-simple"},"_links":{"self":[{"href":"https:\/\/soydeaqui.ddns.net\/pachuca\/index.php\/wp-json\/wp\/v2\/product\/361","targetHints":{"allow":["GET"]}}],"collection":[{"href":"https:\/\/soydeaqui.ddns.net\/pachuca\/index.php\/wp-json\/wp\/v2\/product"}],"about":[{"href":"https:\/\/soydeaqui.ddns.net\/pachuca\/index.php\/wp-json\/wp\/v2\/types\/product"}],"replies":[{"embeddable":true,"href":"https:\/\/soydeaqui.ddns.net\/pachuca\/index.php\/wp-json\/wp\/v2\/comments?post=361"}],"wp:featuredmedia":[{"embeddable":true,"href":"https:\/\/soydeaqui.ddns.net\/pachuca\/index.php\/wp-json\/wp\/v2\/media\/360"}],"wp:attachment":[{"href":"https:\/\/soydeaqui.ddns.net\/pachuca\/index.php\/wp-json\/wp\/v2\/media?parent=361"}],"wp:term":[{"taxonomy":"product_brand","embeddable":true,"href":"https:\/\/soydeaqui.ddns.net\/pachuca\/index.php\/wp-json\/wp\/v2\/product_brand?post=361"},{"taxonomy":"product_cat","embeddable":true,"href":"https:\/\/soydeaqui.ddns.net\/pachuca\/index.php\/wp-json\/wp\/v2\/product_cat?post=361"},{"taxonomy":"product_tag","embeddable":true,"href":"https:\/\/soydeaqui.ddns.net\/pachuca\/index.php\/wp-json\/wp\/v2\/product_tag?post=361"}],"curies":[{"name":"wp","href":"https:\/\/api.w.org\/{rel}","templated":true}]}}