{"id":36097,"date":"2026-03-18T15:58:35","date_gmt":"2026-03-18T15:58:35","guid":{"rendered":"https:\/\/soydeaqui.ddns.net\/pachuca\/index.php\/producto\/lampara-de-prueba-uv-ir-genera-radiacion-uv-ir-similar-al-fuego-disenada-para-pruebas-sencillas-y-seguras-3\/"},"modified":"2026-03-18T15:58:35","modified_gmt":"2026-03-18T15:58:35","slug":"lampara-de-prueba-uv-ir-genera-radiacion-uv-ir-similar-al-fuego-disenada-para-pruebas-sencillas-y-seguras-3","status":"publish","type":"product","link":"https:\/\/soydeaqui.ddns.net\/pachuca\/index.php\/producto\/lampara-de-prueba-uv-ir-genera-radiacion-uv-ir-similar-al-fuego-disenada-para-pruebas-sencillas-y-seguras-3\/","title":{"rendered":"L\u00e1mpara de Prueba UV\/IR, Genera Radiaci\u00f3n UV\/IR Similar al Fuego, Dise\u00f1ada para Pruebas Sencillas y Seguras"},"content":{"rendered":"<div style='width: 100%; max-width: 1200px; margin: 0 auto; font-family: sans-serif; line-height: 1.6; color: inherit; background-color: transparent;'> <!-- Secci\u00f3n de descripci\u00f3n --> <\/p>\n<div style='margin-bottom: 30px;'>\n<p style='font-size: 15px; color: inherit; margin: 8px 0;'>VSF3008 se utiliza para probar la gama completa de detectores de llama VSF sin necesidad de andamios. El simulador produce una llama \u00fanica con un patr\u00f3n reconocido por la l\u00ednea de productos VSF30X que activa una funci\u00f3n de alarma completa en los detectores.<\/p>\n<\/p><\/div>\n<p> <!-- Secci\u00f3n de compatibilidad --> <\/p>\n<div style='margin-bottom: 30px;'>\n<h3 style='font-size: 22px; border-bottom: 2px solid currentColor; padding-bottom: 5px; margin-top: 0; color: inherit; opacity: 0.8;'>Compatible con<\/h3>\n<div style='display: flex; flex-wrap: wrap; gap: 15px; margin-top: 15px;'>\n<div style='flex: 1 1 120px; min-width: 100px; border: 1px solid rgba(150&comma; 150&comma; 150&comma; 0.4); border-radius: 6px; padding: 10px 15px; font-size: 14px; color: inherit; text-align: center;'>VSF300<\/div>\n<div style='flex: 1 1 120px; min-width: 100px; border: 1px solid rgba(150&comma; 150&comma; 150&comma; 0.4); border-radius: 6px; padding: 10px 15px; font-size: 14px; color: inherit; text-align: center;'>VSF301<\/div>\n<div style='flex: 1 1 120px; min-width: 100px; border: 1px solid rgba(150&comma; 150&comma; 150&comma; 0.4); border-radius: 6px; padding: 10px 15px; font-size: 14px; color: inherit; text-align: center;'>VSF303<\/div>\n<\/p><\/div>\n<\/p><\/div>\n<\/p><\/div>\n","protected":false},"excerpt":{"rendered":"<p>L\u00e1mpara de Prueba UV\/IR, Genera Radiaci\u00f3n UV\/IR Similar al Fuego, Dise\u00f1ada para Pruebas Sencillas y Seguras<\/p>\n","protected":false},"featured_media":32,"comment_status":"open","ping_status":"closed","template":"","meta":[],"product_brand":[],"product_cat":[985],"product_tag":[978,986,1039],"class_list":{"0":"post-36097","1":"product","2":"type-product","3":"status-publish","4":"has-post-thumbnail","6":"product_cat-detectores-de-flama","7":"product_tag-aplicaciones-especiales","8":"product_tag-detectores-de-flama","9":"product_tag-viking","11":"first","12":"outofstock","13":"sale","14":"shipping-taxable","15":"purchasable","16":"product-type-simple"},"_links":{"self":[{"href":"https:\/\/soydeaqui.ddns.net\/pachuca\/index.php\/wp-json\/wp\/v2\/product\/36097","targetHints":{"allow":["GET"]}}],"collection":[{"href":"https:\/\/soydeaqui.ddns.net\/pachuca\/index.php\/wp-json\/wp\/v2\/product"}],"about":[{"href":"https:\/\/soydeaqui.ddns.net\/pachuca\/index.php\/wp-json\/wp\/v2\/types\/product"}],"replies":[{"embeddable":true,"href":"https:\/\/soydeaqui.ddns.net\/pachuca\/index.php\/wp-json\/wp\/v2\/comments?post=36097"}],"wp:featuredmedia":[{"embeddable":true,"href":"https:\/\/soydeaqui.ddns.net\/pachuca\/index.php\/wp-json\/wp\/v2\/media\/32"}],"wp:attachment":[{"href":"https:\/\/soydeaqui.ddns.net\/pachuca\/index.php\/wp-json\/wp\/v2\/media?parent=36097"}],"wp:term":[{"taxonomy":"product_brand","embeddable":true,"href":"https:\/\/soydeaqui.ddns.net\/pachuca\/index.php\/wp-json\/wp\/v2\/product_brand?post=36097"},{"taxonomy":"product_cat","embeddable":true,"href":"https:\/\/soydeaqui.ddns.net\/pachuca\/index.php\/wp-json\/wp\/v2\/product_cat?post=36097"},{"taxonomy":"product_tag","embeddable":true,"href":"https:\/\/soydeaqui.ddns.net\/pachuca\/index.php\/wp-json\/wp\/v2\/product_tag?post=36097"}],"curies":[{"name":"wp","href":"https:\/\/api.w.org\/{rel}","templated":true}]}}