{"id":36076,"date":"2026-03-18T15:58:04","date_gmt":"2026-03-18T15:58:04","guid":{"rendered":"https:\/\/soydeaqui.ddns.net\/pachuca\/index.php\/producto\/kit-de-montaje-remoto-para-sensores-toxicos-con-personalidad-electroquimica-ec-45m-para-serie-3000-y-xnx\/"},"modified":"2026-03-18T15:58:05","modified_gmt":"2026-03-18T15:58:05","slug":"kit-de-montaje-remoto-para-sensores-toxicos-con-personalidad-electroquimica-ec-45m-para-serie-3000-y-xnx","status":"publish","type":"product","link":"https:\/\/soydeaqui.ddns.net\/pachuca\/index.php\/producto\/kit-de-montaje-remoto-para-sensores-toxicos-con-personalidad-electroquimica-ec-45m-para-serie-3000-y-xnx\/","title":{"rendered":"Kit De Montaje Remoto Para Sensores T\u00f3xicos Con Personalidad Electroquimica EC (45m) Para Serie 3000 y XNX"},"content":{"rendered":"<div style='width: 100%; max-width: 1200px; margin: 0 auto; font-family: sans-serif; line-height: 1.6; color: inherit; background-color: transparent;'> <!-- Secci\u00f3n de caracter\u00edsticas principales --> <\/p>\n<div style='display: flex; flex-wrap: wrap; gap: 30px; margin-bottom: 30px;'>\n<div style='flex: 1 1 300px; min-width: 280px;'>\n<h3 style='font-size: 22px; border-bottom: 2px solid currentColor; padding-bottom: 5px; margin-top: 0; color: inherit; opacity: 0.8;'>Caracter\u00edsticas Principales<\/h3>\n<ul style='padding-left: 20px; font-size: 15px; color: inherit;'>\n<li style='margin-bottom: 5px;'>Kit de montaje remoto para sensores t\u00f3xicos con personalidad electroqu\u00edmica (EC)<\/li>\n<li style='margin-bottom: 5px;'>Dise\u00f1ado para uso con sensores de la Serie 3000 y XNX<\/li>\n<li style='margin-bottom: 5px;'>Permite la instalaci\u00f3n remota de sensores en ubicaciones dif\u00edciles<\/li>\n<li style='margin-bottom: 5px;'>Incluye todos los componentes necesarios para montaje remoto<\/li>\n<\/ul><\/div>\n<\/p><\/div>\n<p> <!-- Secci\u00f3n de especificaciones --> <\/p>\n<div style='display: flex; flex-wrap: wrap; gap: 20px; margin-bottom: 30px;'>\n<div style='flex: 1 1 250px; border: 1px solid rgba(150&comma; 150&comma; 150&comma; 0.4); border-radius: 8px; overflow: hidden; display: flex; flex-direction: column;'>\n<div style='padding: 15px; border-bottom: 1px solid rgba(150&comma; 150&comma; 150&comma; 0.2); font-weight: bold; font-size: 18px; color: inherit;'>Especificaciones del Kit<\/div>\n<div style='padding: 15px; color: inherit;'>\n<ul style='padding-left: 20px; margin: 0; font-size: 14px; list-style-type: disc;'>\n<li style='margin-bottom: 5px;'><strong>Distancia m\u00e1xima:<\/strong> 45 metros<\/li>\n<li style='margin-bottom: 5px;'><strong>Componentes:<\/strong> Tuber\u00eda de tefl\u00f3n de 50&#8242;<\/li>\n<li style='margin-bottom: 5px;'><strong>Componentes:<\/strong> Soporte de montaje<\/li>\n<li style='margin-bottom: 5px;'><strong>Componentes:<\/strong> Tapa de tubo<\/li>\n<li style='margin-bottom: 5px;'><strong>Componentes:<\/strong> Adaptadores de dispositivo (1\/4&#8242; y 1\/8&#8242; ID)<\/li>\n<\/ul><\/div>\n<\/p><\/div>\n<div style='flex: 1 1 250px; border: 1px solid rgba(150&comma; 150&comma; 150&comma; 0.4); border-radius: 8px; overflow: hidden; display: flex; flex-direction: column;'>\n<div style='padding: 15px; border-bottom: 1px solid rgba(150&comma; 150&comma; 150&comma; 0.2); font-weight: bold; font-size: 18px; color: inherit;'>Compatibilidad<\/div>\n<div style='padding: 15px; color: inherit;'>\n<ul style='padding-left: 20px; margin: 0; font-size: 14px; list-style-type: disc;'>\n<li style='margin-bottom: 5px;'>Serie 3000<\/li>\n<li style='margin-bottom: 5px;'>XNX Universal Transmitter<\/li>\n<li style='margin-bottom: 5px;'>MPD sensores<\/li>\n<\/ul><\/div>\n<\/p><\/div>\n<div style='flex: 1 1 250px; border: 1px solid rgba(150&comma; 150&comma; 150&comma; 0.4); border-radius: 8px; overflow: hidden; display: flex; flex-direction: column;'>\n<div style='padding: 15px; border-bottom: 1px solid rgba(150&comma; 150&comma; 150&comma; 0.2); font-weight: bold; font-size: 18px; color: inherit;'>Accesorios Incluidos<\/div>\n<div style='padding: 15px; color: inherit;'>\n<ul style='padding-left: 20px; margin: 0; font-size: 14px; list-style-type: disc;'>\n<li style='margin-bottom: 5px;'>Tuber\u00eda de tefl\u00f3n de 50&#8242;<\/li>\n<li style='margin-bottom: 5px;'>Soporte de montaje<\/li>\n<li style='margin-bottom: 5px;'>Tapa de tubo<\/li>\n<li style='margin-bottom: 5px;'>Adaptadores de dispositivo (1\/4&#8242; y 1\/8&#8242; ID)<\/li>\n<\/ul><\/div>\n<\/p><\/div>\n<\/p><\/div>\n<p> <!-- Secci\u00f3n de aplicaciones --> <\/p>\n<div style='display: flex; flex-wrap: wrap; gap: 30px; margin-bottom: 30px;'>\n<div style='flex: 1 1 300px; min-width: 280px;'>\n<h3 style='font-size: 22px; border-bottom: 2px solid currentColor; padding-bottom: 5px; margin-top: 0; color: inherit; opacity: 0.8;'>Aplicaciones<\/h3>\n<ul style='padding-left: 20px; font-size: 15px; color: inherit;'>\n<li style='margin-bottom: 5px;'>Instalaciones industriales con necesidades de detecci\u00f3n de gases t\u00f3xicos<\/li>\n<li style='margin-bottom: 5px;'>\u00c1reas donde el acceso al sensor es limitado o dif\u00edcil<\/li>\n<li style='margin-bottom: 5px;'>Aplicaciones al aire libre con condiciones clim\u00e1ticas adversas<\/li>\n<li style='margin-bottom: 5px;'>Sistemas de detecci\u00f3n de hidr\u00f3geno y metano<\/li>\n<\/ul><\/div>\n<\/p><\/div>\n<p> <!-- Secci\u00f3n de protecci\u00f3n clim\u00e1tica --> <\/p>\n<div style='display: flex; flex-wrap: wrap; gap: 20px; margin-bottom: 30px;'>\n<div style='flex: 1 1 250px; border: 1px solid rgba(150&comma; 150&comma; 150&comma; 0.4); border-radius: 8px; overflow: hidden; display: flex; flex-direction: column;'>\n<div style='padding: 15px; border-bottom: 1px solid rgba(150&comma; 150&comma; 150&comma; 0.2); font-weight: bold; font-size: 18px; color: inherit;'>Protecci\u00f3n Clim\u00e1tica<\/div>\n<div style='padding: 15px; color: inherit;'>\n<ul style='padding-left: 20px; margin: 0; font-size: 14px; list-style-type: disc;'>\n<li style='margin-bottom: 5px;'>Incluye protecci\u00f3n contra condiciones clim\u00e1ticas extremas<\/li>\n<li style='margin-bottom: 5px;'>Tapa de protecci\u00f3n contra el clima<\/li>\n<li style='margin-bottom: 5px;'>Dise\u00f1ado para aplicaciones de exposici\u00f3n al exterior<\/li>\n<\/ul><\/div>\n<\/p><\/div>\n<div style='flex: 1 1 250px; border: 1px solid rgba(150&comma; 150&comma; 150&comma; 0.4); border-radius: 8px; overflow: hidden; display: flex; flex-direction: column;'>\n<div style='padding: 15px; border-bottom: 1px solid rgba(150&comma; 150&comma; 150&comma; 0.2); font-weight: bold; font-size: 18px; color: inherit;'>Conformidad<\/div>\n<div style='padding: 15px; color: inherit;'>\n<ul style='padding-left: 20px; margin: 0; font-size: 14px; list-style-type: disc;'>\n<li style='margin-bottom: 5px;'>Certificaci\u00f3n ATEX\/IECEx para \u00e1reas peligrosas<\/li>\n<li style='margin-bottom: 5px;'>Cumple con est\u00e1ndares UL\/CSA<\/li>\n<li style='margin-bottom: 5px;'>Dise\u00f1o &#8216;Ex e&#8217; a prueba de explosiones<\/li>\n<\/ul><\/div>\n<\/p><\/div>\n<\/p><\/div>\n<p> <!-- Separador --> <\/p>\n<hr style='border: 0; border-top: 1px solid rgba(150&comma; 150&comma; 150&comma; 0.3); margin: 30px 0;'> <\/div>\n","protected":false},"excerpt":{"rendered":"<p>Kit De Montaje Remoto Para Sensores T\u00f3xicos Con Personalidad Electroquimica EC (45m) Para Serie 3000 y XNX<\/p>\n","protected":false},"featured_media":36075,"comment_status":"open","ping_status":"closed","template":"","meta":[],"product_brand":[],"product_cat":[987],"product_tag":[988,522,1014],"class_list":{"0":"post-36076","1":"product","2":"type-product","3":"status-publish","4":"has-post-thumbnail","6":"product_cat-detectores-de-gases","7":"product_tag-detectores-de-gases","8":"product_tag-dispositivos-convencionales","9":"product_tag-honeywell-analytics","11":"first","12":"outofstock","13":"sale","14":"shipping-taxable","15":"purchasable","16":"product-type-simple"},"_links":{"self":[{"href":"https:\/\/soydeaqui.ddns.net\/pachuca\/index.php\/wp-json\/wp\/v2\/product\/36076","targetHints":{"allow":["GET"]}}],"collection":[{"href":"https:\/\/soydeaqui.ddns.net\/pachuca\/index.php\/wp-json\/wp\/v2\/product"}],"about":[{"href":"https:\/\/soydeaqui.ddns.net\/pachuca\/index.php\/wp-json\/wp\/v2\/types\/product"}],"replies":[{"embeddable":true,"href":"https:\/\/soydeaqui.ddns.net\/pachuca\/index.php\/wp-json\/wp\/v2\/comments?post=36076"}],"wp:featuredmedia":[{"embeddable":true,"href":"https:\/\/soydeaqui.ddns.net\/pachuca\/index.php\/wp-json\/wp\/v2\/media\/36075"}],"wp:attachment":[{"href":"https:\/\/soydeaqui.ddns.net\/pachuca\/index.php\/wp-json\/wp\/v2\/media?parent=36076"}],"wp:term":[{"taxonomy":"product_brand","embeddable":true,"href":"https:\/\/soydeaqui.ddns.net\/pachuca\/index.php\/wp-json\/wp\/v2\/product_brand?post=36076"},{"taxonomy":"product_cat","embeddable":true,"href":"https:\/\/soydeaqui.ddns.net\/pachuca\/index.php\/wp-json\/wp\/v2\/product_cat?post=36076"},{"taxonomy":"product_tag","embeddable":true,"href":"https:\/\/soydeaqui.ddns.net\/pachuca\/index.php\/wp-json\/wp\/v2\/product_tag?post=36076"}],"curies":[{"name":"wp","href":"https:\/\/api.w.org\/{rel}","templated":true}]}}