{"id":36013,"date":"2026-03-18T15:56:38","date_gmt":"2026-03-18T15:56:38","guid":{"rendered":"https:\/\/soydeaqui.ddns.net\/pachuca\/index.php\/producto\/cilindro-de-oxigeno-34l-de-0-a-20-9\/"},"modified":"2026-03-18T15:56:40","modified_gmt":"2026-03-18T15:56:40","slug":"cilindro-de-oxigeno-34l-de-0-a-20-9","status":"publish","type":"product","link":"https:\/\/soydeaqui.ddns.net\/pachuca\/index.php\/producto\/cilindro-de-oxigeno-34l-de-0-a-20-9\/","title":{"rendered":"Cilindro de Ox\u00edgeno 34L de 0% a 20.9%"},"content":{"rendered":"<div style='width: 100%; max-width: 1200px; margin: 0 auto; font-family: sans-serif; line-height: 1.6; color: inherit; background-color: transparent;'>\n<div style='display: flex; flex-wrap: wrap; gap: 30px; margin-bottom: 30px;'>\n<div style='flex: 1 1 300px; min-width: 280px;'>\n<h3 style='font-size: 22px; border-bottom: 2px solid currentColor; padding-bottom: 5px; margin-top: 0; color: inherit; opacity: 0.8;'>Cilindro para calibraci\u00f3n Oxigeno cero de detectores de gas<\/h3>\n<ul style='padding-left: 20px; font-size: 15px; color: inherit;'>\n<li style='margin-bottom: 5px;'>La familia de detectores de las series Macurco 6 y 12 requiere pruebas y calibraci\u00f3n de rutina.<\/li>\n<li style='margin-bottom: 5px;'>Cada detector tiene un kit de prueba\/calibraci\u00f3n correspondiente para probar y calibrar los detectores en campo.<\/li>\n<li style='margin-bottom: 5px;'>Los sensores pueden ser menos precisos con el tiempo&comma; por lo que se recomienda tener un plan de mantenimiento.<\/li>\n<li style='margin-bottom: 5px;'>Una calibraci\u00f3n de gas es el proceso de exponer un sensor a un gas objetivo a una concentraci\u00f3n espec\u00edfica y ajustar el detector.<\/li>\n<li style='margin-bottom: 5px;'>Macurco recomienda probar y calibrar al menos una vez al a\u00f1o en un m\u00ednimo&comma; pero dependiendo del sitio y el potencial de riesgo de la aplicaci\u00f3n&comma; puede ser necesario con mayor frecuencia.<\/li>\n<\/ul><\/div>\n<\/p><\/div>\n<div style='display: flex; flex-wrap: wrap; gap: 20px; margin-bottom: 30px;'>\n<div style='flex: 1 1 250px; border: 1px solid rgba(150&comma; 150&comma; 150&comma; 0.4); border-radius: 8px; overflow: hidden; display: flex; flex-direction: column;'>\n<div style='padding: 15px; border-bottom: 1px solid rgba(150&comma; 150&comma; 150&comma; 0.2); font-weight: bold; font-size: 18px; color: inherit;'>Compatibilidad<\/div>\n<div style='padding: 15px; color: inherit;'>\n<ul style='padding-left: 20px; margin: 0; font-size: 14px; list-style-type: disc;'>\n<li style='margin-bottom: 5px;'>Detector Macurco CM-6<\/li>\n<li style='margin-bottom: 5px;'>Detector Macurco GD-6<\/li>\n<li style='margin-bottom: 5px;'>Detector Macurco OX-6<\/li>\n<li style='margin-bottom: 5px;'>Kit de calibraci\u00f3n CAL-KIT1 Ox\u00edgeno O2<\/li>\n<\/ul><\/div>\n<\/p><\/div>\n<div style='flex: 1 1 250px; border: 1px solid rgba(150&comma; 150&comma; 150&comma; 0.4); border-radius: 8px; overflow: hidden; display: flex; flex-direction: column;'>\n<div style='padding: 15px; border-bottom: 1px solid rgba(150&comma; 150&comma; 150&comma; 0.2); font-weight: bold; font-size: 18px; color: inherit;'>Especificaciones<\/div>\n<div style='padding: 15px; color: inherit;'>\n<ul style='padding-left: 20px; margin: 0; font-size: 14px; list-style-type: disc;'>\n<li style='margin-bottom: 5px;'><strong>Capacidad:<\/strong> 34L<\/li>\n<li style='margin-bottom: 5px;'><strong>Concentraci\u00f3n:<\/strong> 20.9% v\/v<\/li>\n<li style='margin-bottom: 5px;'><strong>Uso:<\/strong> Calibraci\u00f3n de detectores de gas<\/li>\n<\/ul><\/div>\n<\/p><\/div>\n<div style='flex: 1 1 250px; border: 1px solid rgba(150&comma; 150&comma; 150&comma; 0.4); border-radius: 8px; overflow: hidden; display: flex; flex-direction: column;'>\n<div style='padding: 15px; border-bottom: 1px solid rgba(150&comma; 150&comma; 150&comma; 0.2); font-weight: bold; font-size: 18px; color: inherit;'>Precauciones<\/div>\n<div style='padding: 15px; color: inherit;'>\n<ul style='padding-left: 20px; margin: 0; font-size: 14px; list-style-type: disc;'>\n<li style='margin-bottom: 5px;'>Contiene GAS BAJO PRESION puede EXPLOTAR si se calienta.<\/li>\n<li style='margin-bottom: 5px;'>Proteja de la luz del sol.<\/li>\n<li style='margin-bottom: 5px;'>Almacene en un lugar ventilado.<\/li>\n<li style='margin-bottom: 5px;'>100 porciento de la mezcla consiste de ingredientes que no se conoce su toxicidad.<\/li>\n<li style='margin-bottom: 5px;'>Clasificaciones NFPA: Salud = 0&comma; Famable = 0&comma; Reactante = 0.<\/li>\n<\/ul><\/div>\n<\/p><\/div>\n<\/p><\/div>\n<hr style='border: 0; border-top: 1px solid rgba(150&comma; 150&comma; 150&comma; 0.3); margin: 30px 0;'>\n<div style='display: flex; flex-wrap: wrap; gap: 30px; margin-bottom: 30px;'>\n<div style='flex: 1 1 300px; min-width: 280px;'>\n<h3 style='font-size: 22px; border-bottom: 2px solid currentColor; padding-bottom: 5px; margin-top: 0; color: inherit; opacity: 0.8;'>Recomendaciones de mantenimiento<\/h3>\n<ul style='padding-left: 20px; font-size: 15px; color: inherit;'>\n<li style='margin-bottom: 5px;'>Tener un plan de mantenimiento para garantizar que los detectores respondan a la presencia del gas apropiadamente.<\/li>\n<li style='margin-bottom: 5px;'>Consultar con las autoridades locales para conocer las reglamentaciones locales espec\u00edficas.<\/li>\n<\/ul><\/div>\n<\/p><\/div>\n<\/p><\/div>\n","protected":false},"excerpt":{"rendered":"<p>Cilindro de Ox\u00edgeno 34L de 0% a 20.9%<\/p>\n","protected":false},"featured_media":36012,"comment_status":"open","ping_status":"closed","template":"","meta":[],"product_brand":[],"product_cat":[987],"product_tag":[988,522,989],"class_list":{"0":"post-36013","1":"product","2":"type-product","3":"status-publish","4":"has-post-thumbnail","6":"product_cat-detectores-de-gases","7":"product_tag-detectores-de-gases","8":"product_tag-dispositivos-convencionales","9":"product_tag-macurco-aerionics","11":"first","12":"outofstock","13":"sale","14":"shipping-taxable","15":"purchasable","16":"product-type-simple"},"_links":{"self":[{"href":"https:\/\/soydeaqui.ddns.net\/pachuca\/index.php\/wp-json\/wp\/v2\/product\/36013","targetHints":{"allow":["GET"]}}],"collection":[{"href":"https:\/\/soydeaqui.ddns.net\/pachuca\/index.php\/wp-json\/wp\/v2\/product"}],"about":[{"href":"https:\/\/soydeaqui.ddns.net\/pachuca\/index.php\/wp-json\/wp\/v2\/types\/product"}],"replies":[{"embeddable":true,"href":"https:\/\/soydeaqui.ddns.net\/pachuca\/index.php\/wp-json\/wp\/v2\/comments?post=36013"}],"wp:featuredmedia":[{"embeddable":true,"href":"https:\/\/soydeaqui.ddns.net\/pachuca\/index.php\/wp-json\/wp\/v2\/media\/36012"}],"wp:attachment":[{"href":"https:\/\/soydeaqui.ddns.net\/pachuca\/index.php\/wp-json\/wp\/v2\/media?parent=36013"}],"wp:term":[{"taxonomy":"product_brand","embeddable":true,"href":"https:\/\/soydeaqui.ddns.net\/pachuca\/index.php\/wp-json\/wp\/v2\/product_brand?post=36013"},{"taxonomy":"product_cat","embeddable":true,"href":"https:\/\/soydeaqui.ddns.net\/pachuca\/index.php\/wp-json\/wp\/v2\/product_cat?post=36013"},{"taxonomy":"product_tag","embeddable":true,"href":"https:\/\/soydeaqui.ddns.net\/pachuca\/index.php\/wp-json\/wp\/v2\/product_tag?post=36013"}],"curies":[{"name":"wp","href":"https:\/\/api.w.org\/{rel}","templated":true}]}}