{"id":35954,"date":"2026-03-18T15:55:12","date_gmt":"2026-03-18T15:55:12","guid":{"rendered":"https:\/\/soydeaqui.ddns.net\/pachuca\/index.php\/producto\/modulo-pod-con-personalidad-infrarroja-ir-y-relevadores-para-transmisores-serie-xnx\/"},"modified":"2026-03-18T15:55:19","modified_gmt":"2026-03-18T15:55:19","slug":"modulo-pod-con-personalidad-infrarroja-ir-y-relevadores-para-transmisores-serie-xnx","status":"publish","type":"product","link":"https:\/\/soydeaqui.ddns.net\/pachuca\/index.php\/producto\/modulo-pod-con-personalidad-infrarroja-ir-y-relevadores-para-transmisores-serie-xnx\/","title":{"rendered":"Modulo POD Con Personalidad Infrarroja IR y Relevadores Para Transmisores Serie XNX"},"content":{"rendered":"<div style='width: 100%; max-width: 1200px; margin: 0 auto; font-family: sans-serif; line-height: 1.6; color: inherit; background-color: transparent;'> <!-- Secci\u00f3n de caracter\u00edsticas principales --> <\/p>\n<div style='display: flex; flex-wrap: wrap; gap: 30px; margin-bottom: 30px;'>\n<div style='flex: 1 1 300px; min-width: 280px;'>\n<h3 style='font-size: 22px; border-bottom: 2px solid currentColor; padding-bottom: 5px; margin-top: 0; color: inherit; opacity: 0.8;'>Caracter\u00edsticas Principales<\/h3>\n<ul style='padding-left: 20px; font-size: 15px; color: inherit;'>\n<li style='margin-bottom: 5px;'>M\u00f3dulo POD con personalidad infrarroja IR y rel\u00e9s para transmisores serie XNX<\/li>\n<li style='margin-bottom: 5px;'>Soporta detecci\u00f3n de gases combustibles&comma; t\u00f3xicos y ox\u00edgeno<\/li>\n<li style='margin-bottom: 5px;'>Tecnolog\u00eda de detecci\u00f3n compatible con todas las tecnolog\u00edas de sensores de Honeywell<\/li>\n<li style='margin-bottom: 5px;'>Incluye comunicaci\u00f3n HART con Enhanced Device Descriptor Language (EDDL)<\/li>\n<li style='margin-bottom: 5px;'>Detecci\u00f3n de gas con rango 0-100% LFL\/LEL<\/li>\n<li style='margin-bottom: 5px;'>Detecci\u00f3n IR con \u00f3ptica calentada inmune a envenenamiento<\/li>\n<li style='margin-bottom: 5px;'>Celdas electroqu\u00edmicas para detecci\u00f3n de gases t\u00f3xicos en ppm<\/li>\n<\/ul><\/div>\n<div style='flex: 1 1 300px; min-width: 280px;'>\n<h3 style='font-size: 22px; border-bottom: 2px solid currentColor; padding-bottom: 5px; margin-top: 0; color: inherit; opacity: 0.8;'>Caracter\u00edsticas de Operaci\u00f3n<\/h3>\n<ul style='padding-left: 20px; font-size: 15px; color: inherit;'>\n<li style='margin-bottom: 5px;'>Operaci\u00f3n en \u00e1reas explosivas y ambientes hostiles<\/li>\n<li style='margin-bottom: 5px;'>Detecci\u00f3n IR en punto y patr\u00f3n abierto<\/li>\n<li style='margin-bottom: 5px;'>3 versiones disponibles: Catalytic Bead y IR Cell&comma; Celda Electroqu\u00edmica&comma; IR (punto y patr\u00f3n abierto)<\/li>\n<li style='margin-bottom: 5px;'>Detecci\u00f3n multi-prop\u00f3sito con entrada de mV&comma; Bead catal\u00edtico y capacidad de IR Cell<\/li>\n<li style='margin-bottom: 5px;'>Salida 4-20mA est\u00e1ndar con HART<\/li>\n<li style='margin-bottom: 5px;'>Opciones m\u00faltiples de comunicaci\u00f3n incluyendo hasta 3 rel\u00e9s&comma; MODBUS y FOUNDATION Fieldbus<\/li>\n<li style='margin-bottom: 5px;'>Puerto IS local opcional para configurador HART port\u00e1til<\/li>\n<\/ul><\/div>\n<\/p><\/div>\n<p> <!-- Secci\u00f3n de especificaciones --> <\/p>\n<div style='display: flex; flex-wrap: wrap; gap: 20px; margin-bottom: 30px;'>\n<div style='flex: 1 1 250px; border: 1px solid rgba(150&comma; 150&comma; 150&comma; 0.4); border-radius: 8px; overflow: hidden; display: flex; flex-direction: column;'>\n<div style='padding: 15px; border-bottom: 1px solid rgba(150&comma; 150&comma; 150&comma; 0.2); font-weight: bold; font-size: 18px; color: inherit;'>Especificaciones T\u00e9cnicas<\/div>\n<div style='padding: 15px; color: inherit;'>\n<ul style='padding-left: 20px; margin: 0; font-size: 14px; list-style-type: disc;'>\n<li style='margin-bottom: 5px;'><strong>Alimentaci\u00f3n:<\/strong> 3 o 4 hilos&comma; fuente&comma; sumidero o aislado<\/li>\n<li style='margin-bottom: 5px;'><strong>Display:<\/strong> LCD retroiluminado grande con indicadores visuales<\/li>\n<li style='margin-bottom: 5px;'><strong>Idiomas:<\/strong> 8 idiomas seleccionables<\/li>\n<li style='margin-bottom: 5px;'><strong>Conexiones:<\/strong> 5 entradas de conducto<\/li>\n<li style='margin-bottom: 5px;'><strong>Calibraci\u00f3n:<\/strong> R\u00e1pida con auto-inhibici\u00f3n<\/li>\n<li style='margin-bottom: 5px;'><strong>Operaci\u00f3n:<\/strong> No intrusiva&comma; permite intercambio en caliente<\/li>\n<li style='margin-bottom: 5px;'><strong>Caracter\u00edsticas de seguridad:<\/strong> Auto-prueba e indicaci\u00f3n de fallos<\/li>\n<\/ul><\/div>\n<\/p><\/div>\n<div style='flex: 1 1 250px; border: 1px solid rgba(150&comma; 150&comma; 150&comma; 0.4); border-radius: 8px; overflow: hidden; display: flex; flex-direction: column;'>\n<div style='padding: 15px; border-bottom: 1px solid rgba(150&comma; 150&comma; 150&comma; 0.2); font-weight: bold; font-size: 18px; color: inherit;'>Caracter\u00edsticas de Dise\u00f1o<\/div>\n<div style='padding: 15px; color: inherit;'>\n<ul style='padding-left: 20px; margin: 0; font-size: 14px; list-style-type: disc;'>\n<li style='margin-bottom: 5px;'><strong>Construcci\u00f3n:<\/strong> Clasificaci\u00f3n NEMA 4X IP66<\/li>\n<li style='margin-bottom: 5px;'><strong>Sensores:<\/strong> Sensores enchufables y celdas reemplazables<\/li>\n<li style='margin-bottom: 5px;'><strong>Mantenimiento:<\/strong> M\u00ednimo requerido<\/li>\n<li style='margin-bottom: 5px;'><strong>Instalaci\u00f3n:<\/strong> F\u00e1cil con sensores plug-and-play<\/li>\n<li style='margin-bottom: 5px;'><strong>Compatibilidad:<\/strong> Con controladores Honeywell y PLCs est\u00e1ndar<\/li>\n<li style='margin-bottom: 5px;'><strong>Comunicaci\u00f3n:<\/strong> Opciones de comunicaci\u00f3n HART&comma; MODBUS&comma; FOUNDATION Fieldbus<\/li>\n<\/ul><\/div>\n<\/p><\/div>\n<div style='flex: 1 1 250px; border: 1px solid rgba(150&comma; 150&comma; 150&comma; 0.4); border-radius: 8px; overflow: hidden; display: flex; flex-direction: column;'>\n<div style='padding: 15px; border-bottom: 1px solid rgba(150&comma; 150&comma; 150&comma; 0.2); font-weight: bold; font-size: 18px; color: inherit;'>Aplicaciones<\/div>\n<div style='padding: 15px; color: inherit;'>\n<ul style='padding-left: 20px; margin: 0; font-size: 14px; list-style-type: disc;'>\n<li style='margin-bottom: 5px;'>Detecci\u00f3n de gas en estructuras de estacionamiento<\/li>\n<li style='margin-bottom: 5px;'>Sistemas de refrigeraci\u00f3n y c\u00e1maras frigor\u00edficas<\/li>\n<li style='margin-bottom: 5px;'>Tratamiento de agua y aguas residuales<\/li>\n<li style='margin-bottom: 5px;'>Aplicaciones industriales en petr\u00f3leo y gas<\/li>\n<li style='margin-bottom: 5px;'>Sistemas de propulsi\u00f3n aeroespacial<\/li>\n<li style='margin-bottom: 5px;'>Detecci\u00f3n de gas en ambientes hostiles y de alta humedad<\/li>\n<li style='margin-bottom: 5px;'>Monitoreo en laboratorios y centros de investigaci\u00f3n<\/li>\n<\/ul><\/div>\n<\/p><\/div>\n<\/p><\/div>\n<p> <!-- Secci\u00f3n de beneficios --> <\/p>\n<div style='margin-bottom: 30px;'>\n<h3 style='font-size: 22px; border-bottom: 2px solid currentColor; padding-bottom: 5px; margin-top: 0; color: inherit; opacity: 0.8;'>Beneficios Principales<\/h3>\n<ul style='padding-left: 20px; font-size: 15px; color: inherit;'>\n<li style='margin-bottom: 5px;'><strong>Interoperabilidad:<\/strong> Plataforma universal para m\u00faltiples tecnolog\u00edas de detecci\u00f3n de gases<\/li>\n<li style='margin-bottom: 5px;'><strong>Facilidad de uso:<\/strong> Pantalla LCD con m\u00faltiples idiomas y navegaci\u00f3n intuitiva<\/li>\n<li style='margin-bottom: 5px;'><strong>Reducci\u00f3n de costos:<\/strong> M\u00f3dulos intercambiables y mantenimiento sencillo<\/li>\n<li style='margin-bottom: 5px;'><strong>Fiabilidad:<\/strong> Operaci\u00f3n segura en ambientes explosivos e industriales<\/li>\n<li style='margin-bottom: 5px;'><strong>Diagn\u00f3stico avanzado:<\/strong> Software EDDL para monitoreo en tiempo real<\/li>\n<li style='margin-bottom: 5px;'><strong>Flexibilidad:<\/strong> Compatibilidad con sistemas PLC y controladores est\u00e1ndar<\/li>\n<\/ul><\/div>\n<p> <!-- Secci\u00f3n de compatibilidad --> <\/p>\n<div style='display: flex; flex-wrap: wrap; gap: 20px; margin-bottom: 30px;'>\n<div style='flex: 1 1 250px; border: 1px solid rgba(150&comma; 150&comma; 150&comma; 0.4); border-radius: 8px; overflow: hidden; display: flex; flex-direction: column;'>\n<div style='padding: 15px; border-bottom: 1px solid rgba(150&comma; 150&comma; 150&comma; 0.2); font-weight: bold; font-size: 18px; color: inherit;'>Compatibilidad<\/div>\n<div style='padding: 15px; color: inherit;'>\n<ul style='padding-left: 20px; margin: 0; font-size: 14px; list-style-type: disc;'>\n<li style='margin-bottom: 5px;'>Con controladores Honeywell Analytics<\/li>\n<li style='margin-bottom: 5px;'>Con sistemas PLC est\u00e1ndar de la industria<\/li>\n<li style='margin-bottom: 5px;'>Con sistemas DCS de terceros<\/li>\n<li style='margin-bottom: 5px;'>Con software HART EDDL<\/li>\n<li style='margin-bottom: 5px;'>Con sensores MPD&comma; IR Cell&comma; 705\/705HT<\/li>\n<\/ul><\/div>\n<\/p><\/div>\n<div style='flex: 1 1 250px; border: 1px solid rgba(150&comma; 150&comma; 150&comma; 0.4); border-radius: 8px; overflow: hidden; display: flex; flex-direction: column;'>\n<div style='padding: 15px; border-bottom: 1px solid rgba(150&comma; 150&comma; 150&comma; 0.2); font-weight: bold; font-size: 18px; color: inherit;'>Tecnolog\u00edas de Detecci\u00f3n<\/div>\n<div style='padding: 15px; color: inherit;'>\n<ul style='padding-left: 20px; margin: 0; font-size: 14px; list-style-type: disc;'>\n<li style='margin-bottom: 5px;'>Celdas electroqu\u00edmicas<\/li>\n<li style='margin-bottom: 5px;'>Detecci\u00f3n IR de punto<\/li>\n<li style='margin-bottom: 5px;'>Detecci\u00f3n IR de patr\u00f3n abierto<\/li>\n<li style='margin-bottom: 5px;'>Bead catal\u00edtico<\/li>\n<li style='margin-bottom: 5px;'>Sensores MPD (Multi-Purpose Detector)<\/li>\n<\/ul><\/div>\n<\/p><\/div>\n<\/p><\/div>\n<p> <!-- Separador --> <\/p>\n<hr style='border: 0; border-top: 1px solid rgba(150&comma; 150&comma; 150&comma; 0.3); margin: 30px 0;'> <\/div>\n","protected":false},"excerpt":{"rendered":"<p>Modulo POD Con Personalidad Infrarroja IR y Relevadores Para Transmisores Serie XNX<\/p>\n","protected":false},"featured_media":35953,"comment_status":"open","ping_status":"closed","template":"","meta":[],"product_brand":[],"product_cat":[524],"product_tag":[93,522,1014],"class_list":{"0":"post-35954","1":"product","2":"type-product","3":"status-publish","4":"has-post-thumbnail","6":"product_cat-accesorios-dispositivos-convencionales","7":"product_tag-accesorios","8":"product_tag-dispositivos-convencionales","9":"product_tag-honeywell-analytics","11":"first","12":"outofstock","13":"sale","14":"shipping-taxable","15":"purchasable","16":"product-type-simple"},"_links":{"self":[{"href":"https:\/\/soydeaqui.ddns.net\/pachuca\/index.php\/wp-json\/wp\/v2\/product\/35954","targetHints":{"allow":["GET"]}}],"collection":[{"href":"https:\/\/soydeaqui.ddns.net\/pachuca\/index.php\/wp-json\/wp\/v2\/product"}],"about":[{"href":"https:\/\/soydeaqui.ddns.net\/pachuca\/index.php\/wp-json\/wp\/v2\/types\/product"}],"replies":[{"embeddable":true,"href":"https:\/\/soydeaqui.ddns.net\/pachuca\/index.php\/wp-json\/wp\/v2\/comments?post=35954"}],"wp:featuredmedia":[{"embeddable":true,"href":"https:\/\/soydeaqui.ddns.net\/pachuca\/index.php\/wp-json\/wp\/v2\/media\/35953"}],"wp:attachment":[{"href":"https:\/\/soydeaqui.ddns.net\/pachuca\/index.php\/wp-json\/wp\/v2\/media?parent=35954"}],"wp:term":[{"taxonomy":"product_brand","embeddable":true,"href":"https:\/\/soydeaqui.ddns.net\/pachuca\/index.php\/wp-json\/wp\/v2\/product_brand?post=35954"},{"taxonomy":"product_cat","embeddable":true,"href":"https:\/\/soydeaqui.ddns.net\/pachuca\/index.php\/wp-json\/wp\/v2\/product_cat?post=35954"},{"taxonomy":"product_tag","embeddable":true,"href":"https:\/\/soydeaqui.ddns.net\/pachuca\/index.php\/wp-json\/wp\/v2\/product_tag?post=35954"}],"curies":[{"name":"wp","href":"https:\/\/api.w.org\/{rel}","templated":true}]}}