{"id":35940,"date":"2026-03-18T15:54:50","date_gmt":"2026-03-18T15:54:50","guid":{"rendered":"https:\/\/soydeaqui.ddns.net\/pachuca\/index.php\/producto\/modulo-de-relevador-para-detectores-kidde-pieza\/"},"modified":"2026-03-18T15:54:52","modified_gmt":"2026-03-18T15:54:52","slug":"modulo-de-relevador-para-detectores-kidde-pieza","status":"publish","type":"product","link":"https:\/\/soydeaqui.ddns.net\/pachuca\/index.php\/producto\/modulo-de-relevador-para-detectores-kidde-pieza\/","title":{"rendered":"Modulo de Relevador Para Detectores Kidde | Pieza"},"content":{"rendered":"<div style='width: 100%; max-width: 1200px; margin: 0 auto; font-family: sans-serif; line-height: 1.6; color: inherit; background-color: transparent;'> <!-- Descripci\u00f3n --> <\/p>\n<div style='margin-bottom: 30px;'>\n<div style='font-size: 16px; margin-bottom: 15px; color: inherit;'>Relevador para alarmas Kidde<\/div>\n<div style='font-size: 14px; margin-bottom: 15px; color: inherit;'> El SM120X puede utilizarse para activar dispositivos de advertencia auxiliares&comma; como timbres y sirenas externas&comma; e iluminaci\u00f3n de pasillos o escaleras. Este rel\u00e9 solo se activar\u00e1 al recibir una se\u00f1al de humo de un detector de humo interconectado. <\/div>\n<div style='font-size: 14px; color: inherit;'> Solo la secci\u00f3n de humo de las alarmas combinadas KN-COSM-IB y KN-COSM-IBCA activar\u00e1 este m\u00f3dulo. Si el sistema de interconexi\u00f3n incluye los modelos de detector de CO KN-COB-IC&comma; KN-COB-IC-CA&comma; KN-COB-ICBCA&comma; KN-COP-IC y KN-COP-IC-CA&comma; no activar\u00e1n el m\u00f3dulo SM120X. <\/div>\n<\/p><\/div>\n<p> <!-- Especificaciones --> <\/p>\n<div style='display: flex; flex-wrap: wrap; gap: 20px; margin-bottom: 30px;'>\n<div style='flex: 1 1 250px; border: 1px solid rgba(150&comma; 150&comma; 150&comma; 0.4); border-radius: 8px; overflow: hidden; display: flex; flex-direction: column;'>\n<div style='padding: 15px; border-bottom: 1px solid rgba(150&comma; 150&comma; 150&comma; 0.2); font-weight: bold; font-size: 18px; color: inherit;'>Especificaciones<\/div>\n<div style='padding: 15px; color: inherit;'>\n<ul style='padding-left: 20px; margin: 0; font-size: 14px; list-style-type: disc; color: inherit;'>\n<li style='margin-bottom: 5px;'><strong>Accessory sub category:<\/strong> Adapter<\/li>\n<li style='margin-bottom: 5px;'><strong>Model:<\/strong> SM120X<\/li>\n<li style='margin-bottom: 5px;'><strong>Power source:<\/strong> 120VAC&comma; 60Hz&comma; 0.08 AMP<\/li>\n<li style='margin-bottom: 5px;'><strong>Size:<\/strong> 7&#8242; x 14&#8242; x 7&#8242;<\/li>\n<li style='margin-bottom: 5px;'><strong>Warranty:<\/strong> 1-year limited<\/li>\n<li style='margin-bottom: 5px;'><strong>Weight:<\/strong> 3 lb<\/li>\n<\/ul><\/div>\n<\/p><\/div>\n<\/p><\/div>\n<p> <!-- Video --> <\/p>\n<div style='position: relative; padding-bottom: 56.25%; height: 0; overflow: hidden; margin-bottom: 30px;'>   <\/div>\n<p> <!-- Separador --> <\/p>\n<hr style='border: 0; border-top: 1px solid rgba(150&comma; 150&comma; 150&comma; 0.3); margin: 30px 0;'> <\/div>\n","protected":false},"excerpt":{"rendered":"<p>Modulo de Relevador Para Detectores Kidde | Pieza<\/p>\n","protected":false},"featured_media":35939,"comment_status":"open","ping_status":"closed","template":"","meta":[],"product_brand":[],"product_cat":[1047],"product_tag":[224,1048],"class_list":{"0":"post-35940","1":"product","2":"type-product","3":"status-publish","4":"has-post-thumbnail","6":"product_cat-kidde","7":"product_tag-detectores-autonomos","8":"product_tag-kidde","10":"first","11":"outofstock","12":"sale","13":"shipping-taxable","14":"purchasable","15":"product-type-simple"},"_links":{"self":[{"href":"https:\/\/soydeaqui.ddns.net\/pachuca\/index.php\/wp-json\/wp\/v2\/product\/35940","targetHints":{"allow":["GET"]}}],"collection":[{"href":"https:\/\/soydeaqui.ddns.net\/pachuca\/index.php\/wp-json\/wp\/v2\/product"}],"about":[{"href":"https:\/\/soydeaqui.ddns.net\/pachuca\/index.php\/wp-json\/wp\/v2\/types\/product"}],"replies":[{"embeddable":true,"href":"https:\/\/soydeaqui.ddns.net\/pachuca\/index.php\/wp-json\/wp\/v2\/comments?post=35940"}],"wp:featuredmedia":[{"embeddable":true,"href":"https:\/\/soydeaqui.ddns.net\/pachuca\/index.php\/wp-json\/wp\/v2\/media\/35939"}],"wp:attachment":[{"href":"https:\/\/soydeaqui.ddns.net\/pachuca\/index.php\/wp-json\/wp\/v2\/media?parent=35940"}],"wp:term":[{"taxonomy":"product_brand","embeddable":true,"href":"https:\/\/soydeaqui.ddns.net\/pachuca\/index.php\/wp-json\/wp\/v2\/product_brand?post=35940"},{"taxonomy":"product_cat","embeddable":true,"href":"https:\/\/soydeaqui.ddns.net\/pachuca\/index.php\/wp-json\/wp\/v2\/product_cat?post=35940"},{"taxonomy":"product_tag","embeddable":true,"href":"https:\/\/soydeaqui.ddns.net\/pachuca\/index.php\/wp-json\/wp\/v2\/product_tag?post=35940"}],"curies":[{"name":"wp","href":"https:\/\/api.w.org\/{rel}","templated":true}]}}