{"id":35938,"date":"2026-03-18T15:54:48","date_gmt":"2026-03-18T15:54:48","guid":{"rendered":"https:\/\/soydeaqui.ddns.net\/pachuca\/index.php\/producto\/transmisor-universal-de-gas-serie-xnx-hart-sobre-salida-4-20ma-3-relays-falla-alarma-certificacion-ul-csa-entradas-4x3-4-npt-carcasa-aluminio-pintado-incluye-sensor-de-gas-mpd-ir-co2-0\/"},"modified":"2026-03-18T15:54:49","modified_gmt":"2026-03-18T15:54:49","slug":"transmisor-universal-de-gas-serie-xnx-hart-sobre-salida-4-20ma-3-relays-falla-alarma-certificacion-ul-csa-entradas-4x3-4-npt-carcasa-aluminio-pintado-incluye-sensor-de-gas-mpd-ir-co2-0","status":"publish","type":"product","link":"https:\/\/soydeaqui.ddns.net\/pachuca\/index.php\/producto\/transmisor-universal-de-gas-serie-xnx-hart-sobre-salida-4-20ma-3-relays-falla-alarma-certificacion-ul-csa-entradas-4x3-4-npt-carcasa-aluminio-pintado-incluye-sensor-de-gas-mpd-ir-co2-0\/","title":{"rendered":"Transmisor Universal De Gas, Serie XNX, HART\u00ae sobre Salida 4-20mA, 3 Relays Falla\/Alarma, Certificaci\u00f3n UL\/CSA, Entradas 4&#215;3\/4&#8243; NPT, Carcasa Aluminio Pintado, Incluye Sensor De Gas MPD IR (CO2) 0-5% V\/V"},"content":{"rendered":"<div style='width: 100%; max-width: 1200px; margin: 0 auto; font-family: sans-serif; line-height: 1.6; color: inherit; background-color: transparent;'>\n<h1 style='font-size: 32px; margin-top: 0; margin-bottom: 15px; color: inherit; opacity: 0.9; border-bottom: 2px solid rgba(150&comma;150&comma;150&comma;0.3); padding-bottom: 10px;'>Transmisor Universal Serie XNX\u2122<\/h1>\n<div style='margin-bottom: 30px; font-size: 15px; color: inherit;'>\n<p>La ventaja del transmisor XNX recae en la plataforma universal de uso sencillo y bajo mantenimiento que funciona con otros equipos de seguridad en un sistema de bus digital&comma; en el que se incluyen Searchline Excel&comma; Optima y otros detectores de gas de Honeywell Analytics&comma; controladores l\u00f3gicos programables (PLC) est\u00e1ndares de la industria y controladores de monitoreo de terceros.<\/p>\n<p>El controlador XNX admite monitores de gas electroqu\u00edmicos&comma; infrarrojos y de perla catal\u00edtica&comma; y utiliza cableado y HART est\u00e1ndar de 4 a 20 mA. Entre las opciones se incluyen Modbus&comma; Fieldbus (pendiente) de hasta tres rel\u00e9s y un adaptador Hart local para configuraci\u00f3n y diagn\u00f3stico que utiliza dispositivos port\u00e1tiles HART existentes.<\/p>\n<p>Con m\u00e1s de 200 configuraciones exclusivas&comma; el transmisor XNX satisface los requisitos de Clase 1\/Clase 2 de seguridad intr\u00ednseca y configuraci\u00f3n a prueba de explosiones&comma; para las industrias de exploraci\u00f3n y refinaci\u00f3n de petr\u00f3leo&comma; qu\u00edmica y de aguas residuales&comma; entre otras.<\/p>\n<p>El recinto se encuentra disponible en acero inoxidable o aluminio&comma; con un revestimiento de grado marino. Cinco puertos roscados&comma; disponibles en versiones m\u00e9tricas o NPT&comma; y opciones de montaje de m\u00e1xima resistencia proporcionan la mayor flexibilidad de instalaci\u00f3n. Los instrumentos&comma; basados en varias tecnolog\u00edas de detecci\u00f3n&comma; se pueden instalar en forma local en el transmisor o en forma remota con los accesorios adecuados.<\/p>\n<\/p><\/div>\n<div style='display: flex; flex-wrap: wrap; gap: 30px; margin-bottom: 30px;'>\n<div style='flex: 1 1 300px; min-width: 280px;'>\n<h3 style='font-size: 22px; border-bottom: 2px solid currentColor; padding-bottom: 5px; margin-top: 0; color: inherit; opacity: 0.8;'>Especificaciones T\u00e9cnicas<\/h3>\n<ul style='padding-left: 20px; font-size: 15px; color: inherit;'>\n<li style='margin-bottom: 5px;'><strong>Entradas:<\/strong> 5 entradas para conductos\/cable (2 a la derecha&comma; 2 a la izquierda&comma; 1 abajo)<\/li>\n<li style='margin-bottom: 5px;'><strong>Tipo:<\/strong> NPT de 3\/4 de pulgada<\/li>\n<li style='margin-bottom: 5px;'><strong>Carcasa:<\/strong> Aluminio libre de cobre<\/li>\n<li style='margin-bottom: 5px;'><strong>Interfaz de usuario:<\/strong> Pantalla LCD de 2.5 pulgadas con luz de fondo<\/li>\n<li style='margin-bottom: 5px;'><strong>Salida:<\/strong> 4-20 mA + HART<\/li>\n<li style='margin-bottom: 5px;'><strong>Rel\u00e9s:<\/strong> 3 salidas de relevadores totalmente configurables<\/li>\n<li style='margin-bottom: 5px;'><strong>Temperatura de operaci\u00f3n:<\/strong> -40 \u00b0C a +65 \u00b0C (-40 \u00b0F a +150 \u00b0F)<\/li>\n<li style='margin-bottom: 5px;'><strong>Humedad:<\/strong> 20 a 90% (sin condensaci\u00f3n)<\/li>\n<li style='margin-bottom: 5px;'><strong>Clasificaci\u00f3n:<\/strong> IP66&comma; NEMA 4X&comma; UL&comma; CSA&comma; FM&comma; SIL2<\/li>\n<li style='margin-bottom: 5px;'><strong>Consumo:<\/strong> 9.7 W para sensor de punto infrarrojo<\/li>\n<\/ul><\/div>\n<div style='flex: 1 1 300px; min-width: 280px;'>\n<h3 style='font-size: 22px; border-bottom: 2px solid currentColor; padding-bottom: 5px; margin-top: 0; color: inherit; opacity: 0.8;'>Caracter\u00edsticas Principales<\/h3>\n<ul style='padding-left: 20px; font-size: 15px; color: inherit;'>\n<li style='margin-bottom: 5px;'><strong>Alto rendimiento:<\/strong> Detecci\u00f3n de gas inflamable de 0 a 100% LFL\/LEL<\/li>\n<li style='margin-bottom: 5px;'><strong>Inmunidad:<\/strong> Contra el envenenamiento sin fallas ocultas<\/li>\n<li style='margin-bottom: 5px;'><strong>Interfaz:<\/strong> 4 botones&comma; no intrusiva<\/li>\n<li style='margin-bottom: 5px;'><strong>Comunicaci\u00f3n:<\/strong> HART\u00ae est\u00e1ndar&comma; Modbus&comma; Fieldbus H1 de FOUNDATION\u00ae (pendiente)<\/li>\n<li style='margin-bottom: 5px;'><strong>Diagn\u00f3stico:<\/strong> Funciones de autodiagn\u00f3stico e indicaci\u00f3n de fallas<\/li>\n<li style='margin-bottom: 5px;'><strong>Instalaci\u00f3n:<\/strong> 3 o 4 cables: emisor&comma; receptor o aislado<\/li>\n<li style='margin-bottom: 5px;'><strong>Montaje:<\/strong> En conductos o en cables<\/li>\n<li style='margin-bottom: 5px;'><strong>Material:<\/strong> Aluminio pintado<\/li>\n<li style='margin-bottom: 5px;'><strong>Sensores:<\/strong> Enchufables y reemplazables<\/li>\n<\/ul><\/div>\n<\/p><\/div>\n<div style='display: flex; flex-wrap: wrap; gap: 20px; margin-bottom: 30px;'>\n<div style='flex: 1 1 250px; border: 1px solid rgba(150&comma; 150&comma; 150&comma; 0.4); border-radius: 8px; overflow: hidden; display: flex; flex-direction: column;'>\n<div style='padding: 15px; border-bottom: 1px solid rgba(150&comma; 150&comma; 150&comma; 0.2); font-weight: bold; font-size: 18px; color: inherit;'>Aplicaciones<\/div>\n<div style='padding: 15px; color: inherit;'>\n<ul style='padding-left: 20px; margin: 0; font-size: 14px; list-style-type: disc;'>\n<li style='margin-bottom: 5px;'>Plataformas de producci\u00f3n mar\u00edtimas de gas y petr\u00f3leo<\/li>\n<li style='margin-bottom: 5px;'>Terminales de petr\u00f3leo en tierra<\/li>\n<li style='margin-bottom: 5px;'>Refiner\u00edas<\/li>\n<li style='margin-bottom: 5px;'>Transmisi\u00f3n de gases<\/li>\n<li style='margin-bottom: 5px;'>Distribuci\u00f3n de gases<\/li>\n<li style='margin-bottom: 5px;'>Terminales de gas natural licuado (LNG)<\/li>\n<li style='margin-bottom: 5px;'>Terminales de almacenamiento de gas<\/li>\n<li style='margin-bottom: 5px;'>Plantas qu\u00edmicas<\/li>\n<li style='margin-bottom: 5px;'>Plantas petroqu\u00edmicas<\/li>\n<li style='margin-bottom: 5px;'>Operaciones de recuperaci\u00f3n de solventes<\/li>\n<\/ul><\/div>\n<\/p><\/div>\n<div style='flex: 1 1 250px; border: 1px solid rgba(150&comma; 150&comma; 150&comma; 0.4); border-radius: 8px; overflow: hidden; display: flex; flex-direction: column;'>\n<div style='padding: 15px; border-bottom: 1px solid rgba(150&comma; 150&comma; 150&comma; 0.2); font-weight: bold; font-size: 18px; color: inherit;'>Funcionalidades<\/div>\n<div style='padding: 15px; color: inherit;'>\n<ul style='padding-left: 20px; margin: 0; font-size: 14px; list-style-type: disc;'>\n<li style='margin-bottom: 5px;'>Detecci\u00f3n de gas inflamable de 0 a 100% LFL\/LEL<\/li>\n<li style='margin-bottom: 5px;'>Punta infrarroja con lentes calefaccionadas<\/li>\n<li style='margin-bottom: 5px;'>Detecci\u00f3n infrarroja de paso abierto de gas inflamable en medici\u00f3n de LEL-m<\/li>\n<li style='margin-bottom: 5px;'>Celda electroqu\u00edmica para detecci\u00f3n de gas t\u00f3xico en ppm<\/li>\n<li style='margin-bottom: 5px;'>Celda infrarroja para monitoreo de CO2 y gas combustible<\/li>\n<li style='margin-bottom: 5px;'>Dise\u00f1o resistente para \u00e1reas explosivas y ambientes adversos<\/li>\n<\/ul><\/div>\n<\/p><\/div>\n<div style='flex: 1 1 250px; border: 1px solid rgba(150&comma; 150&comma; 150&comma; 0.4); border-radius: 8px; overflow: hidden; display: flex; flex-direction: column;'>\n<div style='padding: 15px; border-bottom: 1px solid rgba(150&comma; 150&comma; 150&comma; 0.2); font-weight: bold; font-size: 18px; color: inherit;'>Beneficios<\/div>\n<div style='padding: 15px; color: inherit;'>\n<ul style='padding-left: 20px; margin: 0; font-size: 14px; list-style-type: disc;'>\n<li style='margin-bottom: 5px;'>Integraci\u00f3n flexible con controladores de monitoreo de gas o PLC est\u00e1ndar de la industria<\/li>\n<li style='margin-bottom: 5px;'>Instalaci\u00f3n simple y funcionamiento sencillo<\/li>\n<li style='margin-bottom: 5px;'>Mantenimiento sin complicaciones<\/li>\n<li style='margin-bottom: 5px;'>Requiere m\u00ednima capacitaci\u00f3n<\/li>\n<li style='margin-bottom: 5px;'>Operaci\u00f3n por una sola persona<\/li>\n<li style='margin-bottom: 5px;'>Todos los accesorios necesarios incluidos<\/li>\n<\/ul><\/div>\n<\/p><\/div>\n<\/p><\/div>\n<hr style='border: 0; border-top: 1px solid rgba(150&comma; 150&comma; 150&comma; 0.3); margin: 30px 0;'>\n<div style='margin-bottom: 30px; font-size: 15px; color: inherit;'>\n<h3 style='font-size: 22px; border-bottom: 2px solid currentColor; padding-bottom: 5px; margin-top: 0; color: inherit; opacity: 0.8;'>Descripci\u00f3n Detallada<\/h3>\n<p>XNX est\u00e1 dise\u00f1ado para brindar una integraci\u00f3n flexible&comma; una instalaci\u00f3n simple&comma; un funcionamiento sencillo y un mantenimiento sin complicaciones. Es ideal para el uso con una gama de controladores de monitoreo de gas o de PLC est\u00e1ndar de la industria. Con las soluciones de monitoreo de gas de Honeywell Analytics&comma; se asegura la protecci\u00f3n de los usuarios en todas las condiciones.<\/p>\n<p>El transmisor universal XNX marca un nuevo giro en la detecci\u00f3n de gas de Honeywell Analytics. Admite la m\u00e1s amplia gama de sensores en una plataforma com\u00fan y ofrece una opci\u00f3n modular de entradas y salidas.<\/p>\n<\/p><\/div>\n<\/p><\/div>\n","protected":false},"excerpt":{"rendered":"<p>Transmisor Universal De Gas, Serie XNX, HART\u00ae sobre Salida 4-20mA, 3 Relays Falla\/Alarma, Certificaci\u00f3n UL\/CSA, Entradas 4&#215;3\/4&#8243; NPT, Carcasa Aluminio Pintado, Incluye Sensor De Gas MPD IR (CO2) 0-5% V\/V<\/p>\n","protected":false},"featured_media":35937,"comment_status":"open","ping_status":"closed","template":"","meta":[],"product_brand":[],"product_cat":[987],"product_tag":[988,522,1014],"class_list":{"0":"post-35938","1":"product","2":"type-product","3":"status-publish","4":"has-post-thumbnail","6":"product_cat-detectores-de-gases","7":"product_tag-detectores-de-gases","8":"product_tag-dispositivos-convencionales","9":"product_tag-honeywell-analytics","11":"first","12":"outofstock","13":"sale","14":"shipping-taxable","15":"purchasable","16":"product-type-simple"},"_links":{"self":[{"href":"https:\/\/soydeaqui.ddns.net\/pachuca\/index.php\/wp-json\/wp\/v2\/product\/35938","targetHints":{"allow":["GET"]}}],"collection":[{"href":"https:\/\/soydeaqui.ddns.net\/pachuca\/index.php\/wp-json\/wp\/v2\/product"}],"about":[{"href":"https:\/\/soydeaqui.ddns.net\/pachuca\/index.php\/wp-json\/wp\/v2\/types\/product"}],"replies":[{"embeddable":true,"href":"https:\/\/soydeaqui.ddns.net\/pachuca\/index.php\/wp-json\/wp\/v2\/comments?post=35938"}],"wp:featuredmedia":[{"embeddable":true,"href":"https:\/\/soydeaqui.ddns.net\/pachuca\/index.php\/wp-json\/wp\/v2\/media\/35937"}],"wp:attachment":[{"href":"https:\/\/soydeaqui.ddns.net\/pachuca\/index.php\/wp-json\/wp\/v2\/media?parent=35938"}],"wp:term":[{"taxonomy":"product_brand","embeddable":true,"href":"https:\/\/soydeaqui.ddns.net\/pachuca\/index.php\/wp-json\/wp\/v2\/product_brand?post=35938"},{"taxonomy":"product_cat","embeddable":true,"href":"https:\/\/soydeaqui.ddns.net\/pachuca\/index.php\/wp-json\/wp\/v2\/product_cat?post=35938"},{"taxonomy":"product_tag","embeddable":true,"href":"https:\/\/soydeaqui.ddns.net\/pachuca\/index.php\/wp-json\/wp\/v2\/product_tag?post=35938"}],"curies":[{"name":"wp","href":"https:\/\/api.w.org\/{rel}","templated":true}]}}