{"id":35932,"date":"2026-03-18T15:54:40","date_gmt":"2026-03-18T15:54:40","guid":{"rendered":"https:\/\/soydeaqui.ddns.net\/pachuca\/index.php\/producto\/base-de-4-color-hueso-para-sensores-analogos-direccionales-hochiki-0300-06830-7th-edicion-ul268\/"},"modified":"2026-03-18T15:54:40","modified_gmt":"2026-03-18T15:54:40","slug":"base-de-4-color-hueso-para-sensores-analogos-direccionales-hochiki-0300-06830-7th-edicion-ul268","status":"publish","type":"product","link":"https:\/\/soydeaqui.ddns.net\/pachuca\/index.php\/producto\/base-de-4-color-hueso-para-sensores-analogos-direccionales-hochiki-0300-06830-7th-edicion-ul268\/","title":{"rendered":"Base De 4&#8243; Color Hueso Para Sensores An\u00e1logos Direccionales Hochiki (0300-06830) 7TH Edici\u00f3n UL268"},"content":{"rendered":"<div style='width: 100%; max-width: 1200px; margin: 0 auto; font-family: sans-serif; line-height: 1.6; color: inherit; background-color: transparent;'>\n<div style='display: flex; flex-wrap: wrap; gap: 30px; margin-bottom: 30px;'>\n<div style='flex: 1 1 300px; min-width: 280px;'>\n<h3 style='font-size: 22px; border-bottom: 2px solid currentColor; padding-bottom: 5px; margin-top: 0; color: inherit; opacity: 0.8;'>Caracter\u00edsticas Generales<\/h3>\n<ul style='padding-left: 20px; font-size: 15px; color: inherit;'>\n<li style='margin-bottom: 5px;'><strong>C\u00f3digo de producto:<\/strong> 0300-06830<\/li>\n<li style='margin-bottom: 5px;'><strong>Modelo:<\/strong> YBN-NSA-47 y HSB-NSA-67<\/strong><\/li>\n<li style='margin-bottom: 5px;'><strong>Sensores compatibles:<\/strong> ALO-V&comma; ACA-V&comma; ACD-V&comma; ACC-V&comma; ATJ-EA&comma; ATG-EA&comma; ALN-V&comma; ALK-D&comma; ALK-V&comma; ALG-V y AIE-EA<\/li>\n<li style='margin-bottom: 5px;'><strong>Dimensiones:<\/strong> 4 pulgadas<\/li>\n<\/ul><\/div>\n<div style='flex: 1 1 300px; min-width: 280px;'>\n<h3 style='font-size: 22px; border-bottom: 2px solid currentColor; padding-bottom: 5px; margin-top: 0; color: inherit; opacity: 0.8;'>Caracter\u00edsticas T\u00e9cnicas<\/h3>\n<ul style='padding-left: 20px; font-size: 15px; color: inherit;'>\n<li style='margin-bottom: 5px; color: #e74c3c;'><strong>Listado UL&comma; 7\u00aa Edici\u00f3n<\/strong><\/li>\n<li style='margin-bottom: 5px; color: #e74c3c;'><strong>Aprobado FM<\/strong><\/li>\n<li style='margin-bottom: 5px;'>Dise\u00f1ado para usarse con todos los sensores anal\u00f3gicos direccionables NS<\/li>\n<li style='margin-bottom: 5px;'>Contiene una pesta\u00f1a de bloqueo de seguridad para protecci\u00f3n contra manipulaciones<\/li>\n<li style='margin-bottom: 5px;'>Base de montaje com\u00fan para intercambio de sensores<\/li>\n<li style='margin-bottom: 5px;'>Mantiene la continuidad del bucle cuando se quitan los sensores<\/li>\n<\/ul><\/div>\n<\/p><\/div>\n<div style='display: flex; flex-wrap: wrap; gap: 30px; margin-bottom: 30px;'>\n<div style='flex: 1 1 300px; min-width: 280px;'>\n<h3 style='font-size: 22px; border-bottom: 2px solid currentColor; padding-bottom: 5px; margin-top: 0; color: inherit; opacity: 0.8;'>Caracter\u00edsticas de Instalaci\u00f3n<\/h3>\n<ul style='padding-left: 20px; font-size: 15px; color: inherit;'>\n<li style='margin-bottom: 5px;'>Dise\u00f1o simple y resistente<\/li>\n<li style='margin-bottom: 5px;'>Terminales de tornillo para conexiones de cableado<\/li>\n<li style='margin-bottom: 5px;'>Sistema de bloqueo de cabezal antimanipulaci\u00f3n<\/li>\n<li style='margin-bottom: 5px;'>Activaci\u00f3n mediante remoci\u00f3n de pesta\u00f1a de pl\u00e1stico<\/li>\n<li style='margin-bottom: 5px;'>Compatible con todos los sensores anal\u00f3gicos de la serie NS de Hochiki<\/li>\n<li style='margin-bottom: 5px;'>Perfil bajo tras instalaci\u00f3n<\/li>\n<li style='margin-bottom: 5px;'>Terminales de tornillo sin soldadura para conexiones r\u00e1pidas<\/li>\n<\/ul><\/div>\n<\/p><\/div>\n<\/p><\/div>\n","protected":false},"excerpt":{"rendered":"<p>Base De 4&#8243; Color Hueso Para Sensores An\u00e1logos Direccionales Hochiki (0300-06830) 7TH Edici\u00f3n UL268<\/p>\n","protected":false},"featured_media":35931,"comment_status":"open","ping_status":"closed","template":"","meta":[],"product_brand":[],"product_cat":[448],"product_tag":[449,406,225],"class_list":{"0":"post-35932","1":"product","2":"type-product","3":"status-publish","4":"has-post-thumbnail","6":"product_cat-todo-accesorios-y-dispositivos-direccionables","7":"product_tag-accesorios-y-dispositivos-direccionables","8":"product_tag-hochiki","9":"product_tag-todo","11":"first","12":"outofstock","13":"sale","14":"shipping-taxable","15":"purchasable","16":"product-type-simple"},"_links":{"self":[{"href":"https:\/\/soydeaqui.ddns.net\/pachuca\/index.php\/wp-json\/wp\/v2\/product\/35932","targetHints":{"allow":["GET"]}}],"collection":[{"href":"https:\/\/soydeaqui.ddns.net\/pachuca\/index.php\/wp-json\/wp\/v2\/product"}],"about":[{"href":"https:\/\/soydeaqui.ddns.net\/pachuca\/index.php\/wp-json\/wp\/v2\/types\/product"}],"replies":[{"embeddable":true,"href":"https:\/\/soydeaqui.ddns.net\/pachuca\/index.php\/wp-json\/wp\/v2\/comments?post=35932"}],"wp:featuredmedia":[{"embeddable":true,"href":"https:\/\/soydeaqui.ddns.net\/pachuca\/index.php\/wp-json\/wp\/v2\/media\/35931"}],"wp:attachment":[{"href":"https:\/\/soydeaqui.ddns.net\/pachuca\/index.php\/wp-json\/wp\/v2\/media?parent=35932"}],"wp:term":[{"taxonomy":"product_brand","embeddable":true,"href":"https:\/\/soydeaqui.ddns.net\/pachuca\/index.php\/wp-json\/wp\/v2\/product_brand?post=35932"},{"taxonomy":"product_cat","embeddable":true,"href":"https:\/\/soydeaqui.ddns.net\/pachuca\/index.php\/wp-json\/wp\/v2\/product_cat?post=35932"},{"taxonomy":"product_tag","embeddable":true,"href":"https:\/\/soydeaqui.ddns.net\/pachuca\/index.php\/wp-json\/wp\/v2\/product_tag?post=35932"}],"curies":[{"name":"wp","href":"https:\/\/api.w.org\/{rel}","templated":true}]}}