{"id":35914,"date":"2026-03-18T15:54:16","date_gmt":"2026-03-18T15:54:16","guid":{"rendered":"https:\/\/soydeaqui.ddns.net\/pachuca\/index.php\/producto\/detector-industrial-de-gases-combustibles-con-sensor-infrarrojo-de-metano-0-100-lel-salida-4-20-ma-certificacion-atex-iecex-entradas-2xm20-carcasa-de-aluminio-grado-marino-proteccion-contra-inte\/"},"modified":"2026-03-18T15:54:16","modified_gmt":"2026-03-18T15:54:16","slug":"detector-industrial-de-gases-combustibles-con-sensor-infrarrojo-de-metano-0-100-lel-salida-4-20-ma-certificacion-atex-iecex-entradas-2xm20-carcasa-de-aluminio-grado-marino-proteccion-contra-inte","status":"publish","type":"product","link":"https:\/\/soydeaqui.ddns.net\/pachuca\/index.php\/producto\/detector-industrial-de-gases-combustibles-con-sensor-infrarrojo-de-metano-0-100-lel-salida-4-20-ma-certificacion-atex-iecex-entradas-2xm20-carcasa-de-aluminio-grado-marino-proteccion-contra-inte\/","title":{"rendered":"Detector Industrial De Gases Combustibles, Con Sensor Infrarrojo De Metano 0-100% LEL, Salida 4-20 mA, Certificaci\u00f3n ATEX\/IECEx, Entradas 2xM20, Carcasa De Aluminio Grado Marino, Protecci\u00f3n Contra Intemperie De Nailon"},"content":{"rendered":"<div style='width: 100%; max-width: 1200px; margin: 0 auto; font-family: sans-serif; line-height: 1.6; color: inherit; background-color: transparent;'> <!-- Secci\u00f3n de introducci\u00f3n --> <\/p>\n<div style='margin-bottom: 30px;'>\n<h2 style='text-align: center; font-size: 24px; margin-bottom: 20px; color: inherit; opacity: 0.9;'>Detectores Industriales De Gases Inflamables&comma; T\u00f3xicos y Ox\u00edgeno Para Interior y Exterior<\/h2>\n<p style='font-size: 15px; color: inherit; text-align: justify; margin-bottom: 20px;'> El transmisor <strong>Sensepoint XCD<\/strong> es un detector de gas que consta de un transmisor y una amplia selecci\u00f3n de <strong>sensores<\/strong> para detecci\u00f3n de <strong>gases inflamables&comma; t\u00f3xicos y ox\u00edgeno<\/strong>. El transmisor ofrece monitoreo completo de niveles peligrosos de gases t\u00f3xicos&comma; gases combustibles y ox\u00edgeno en atm\u00f3sferas potencialmente explosivas&comma; en interiores y exteriores. <\/p>\n<p style='font-size: 15px; color: inherit; text-align: justify; margin-bottom: 20px;'> Sensepoint XCD ahora cuenta con capacidades de monitoreo remoto para sus sensores de gases t\u00f3xicos y ox\u00edgeno. Su capacidad remota est\u00e1 dise\u00f1ada para ofrecer una excelente flexibilidad de utilizaci\u00f3n y es una soluci\u00f3n ideal para ubicaciones de dif\u00edcil acceso o \u00e1reas en las que el transmisor debe estar separado del sensor. Con una posibilidad de montaje del sensor de gases t\u00f3xicos y ox\u00edgeno de hasta 100ft (30m) de distancia del transmisor&comma; proporciona una soluci\u00f3n de monitoreo s\u00f3lida a\u00fan en ambientes desafiantes en los cuales la detecci\u00f3n resulta dif\u00edcil&comma; incluidas aplicaciones en las que el punto de detecci\u00f3n se halla en una \u00e1rea a la que no se accede con facilidad o en la que el detector no ser\u00eda visible&comma; como sucede en sectores ocultos de alto o bajo nivel&comma; o fuera de una sala monitoreada. <\/p>\n<p style='font-size: 15px; color: inherit; text-align: justify; margin-bottom: 20px;'> Es f\u00e1cil de utilizar. Simplemente&comma; se debe enchufar el sensor en la parte inferior del transmisor; este \u00faltimo se configura autom\u00e1ticamente en forma correspondiente. Los usuarios pueden modificar el funcionamiento del detector mediante los interruptores magn\u00e9ticos y LCD&comma; y no necesitan abrir la unidad. Esto permite que una persona maneje las unidades sin interruptores&comma; y reduce el tiempo y los costos del mantenimiento de rutina. <\/p>\n<\/p><\/div>\n<p> <!-- Secci\u00f3n con video --> <\/p>\n<div style='margin-bottom: 30px;'>\n<div style='position: relative; padding-bottom: 56.25%; height: 0; overflow: hidden; margin-bottom: 30px;'>   <\/div>\n<div style='text-align: center; font-size: 14px; color: inherit; opacity: 0.8; margin-top: -20px; margin-bottom: 30px;'>Introducci\u00f3n Serie Sensepoint XCD de Honeywell Analytics<\/div>\n<\/p><\/div>\n<p> <!-- Secci\u00f3n de caracter\u00edsticas --> <\/p>\n<div style='display: flex; flex-wrap: wrap; gap: 30px; margin-bottom: 30px;'>\n<div style='flex: 1 1 300px; min-width: 280px;'>\n<h3 style='font-size: 22px; border-bottom: 2px solid currentColor; padding-bottom: 5px; margin-top: 0; color: inherit; opacity: 0.8;'>Caracter\u00edsticas de operaci\u00f3n<\/h3>\n<ul style='padding-left: 20px; font-size: 15px; color: inherit;'>\n<li style='margin-bottom: 5px;'>La pantalla LCD tricolor con luz de fondo indica claramente el estado de la unidad&comma; incluso si se mira desde lejos<\/li>\n<li style='margin-bottom: 5px;'>La luz <span style='color: #27ae60; color: inherit;'>verde<\/span> fija indica que el funcionamiento es <strong>normal<\/strong><\/li>\n<li style='margin-bottom: 5px;'>La luz <span style='color: #f1c40f; color: inherit;'>amarilla<\/span> parpadeante indica una <strong>falla<\/strong><\/li>\n<li style='margin-bottom: 5px;'>La luz <span style='color: #e74c3c; color: inherit;'>roja<\/span> parpadeante indica una alarma<\/li>\n<li style='margin-bottom: 5px;'>Todos los detectores se entregan preconfigurados<\/li>\n<li style='margin-bottom: 5px;'>Incluye dos rel\u00e9s de alarma programables<\/li>\n<li style='margin-bottom: 5px;'>Incluye un rel\u00e9 de falla programable<\/li>\n<li style='margin-bottom: 5px;'>Salida de 4 a 20 mA est\u00e1ndar de la industria (con selecci\u00f3n de emisor o fuente)<\/li>\n<li style='margin-bottom: 5px;'>Comunicaci\u00f3n mediante MODBUS<\/li>\n<li style='margin-bottom: 5px;'>Se puede ajustar la escala&comma; el rango&comma; el funcionamiento de los rel\u00e9s&comma; el punto de ajuste de la alarma y la cantidad de etiquetas electr\u00f3nicas del detector<\/li>\n<li style='margin-bottom: 5px;'>Los ajustes se realizan mediante la pantalla LCD y los interruptores magn\u00e9ticos no intrusivos del transmisor<\/li>\n<li style='margin-bottom: 5px;'>Las salidas se inhiben autom\u00e1ticamente durante el ajuste&comma; reduciendo as\u00ed el riesgo de falsas alarmas en el panel de control durante el mantenimiento<\/li>\n<\/ul><\/div>\n<div style='flex: 1 1 300px; min-width: 280px;'>\n<h3 style='font-size: 22px; border-bottom: 2px solid currentColor; padding-bottom: 5px; margin-top: 0; color: inherit; opacity: 0.8;'>Caracter\u00edsticas t\u00e9cnicas<\/h3>\n<ul style='padding-left: 20px; font-size: 15px; color: inherit;'>\n<li style='margin-bottom: 5px;'>Se puede utilizar en condiciones de temperatura -25 a 55\u00baC<\/li>\n<li style='margin-bottom: 5px;'>Humedad relativa entre 0 y 90%<\/li>\n<li style='margin-bottom: 5px;'>Se pueden utilizar una gran variedad de sensores con el detector Sensepoint XCD<\/li>\n<li style='margin-bottom: 5px;'>Transmisor mV&comma; EC&comma; O2<\/li>\n<li style='margin-bottom: 5px;'>Incluye pantalla LCD y tres rel\u00e9s programables para controlar equipo externo como alarmas&comma; sirenas&comma; v\u00e1lvulas o conmutadores<\/li>\n<li style='margin-bottom: 5px;'>Salida anal\u00f3gica en tipo SINK o SOURCE est\u00e1ndar a 3 hilos de 4-20 mA que se puede conectar a un sistema de control&comma; registrador o PLC<\/li>\n<li style='margin-bottom: 5px;'>Pantalla LCD se retroilumina con un indicador LED multicolor de alta densidad para mostrar el estado Normal (color <span style='color: #18a085; color: inherit;'>verde<\/span>)&comma; Alarma (color <span style='color: #e74c3c; color: inherit;'>rojo<\/span>) y Falla (color <span style='color: #f1c40f; color: inherit;'>amarillo<\/span>)<\/li>\n<\/ul><\/div>\n<\/p><\/div>\n<p> <!-- Secci\u00f3n de especificaciones --> <\/p>\n<div style='display: flex; flex-wrap: wrap; gap: 20px; margin-bottom: 30px;'>\n<div style='flex: 1 1 250px; border: 1px solid rgba(150&comma; 150&comma; 150&comma; 0.4); border-radius: 8px; overflow: hidden; display: flex; flex-direction: column;'>\n<div style='padding: 15px; border-bottom: 1px solid rgba(150&comma; 150&comma; 150&comma; 0.2); font-weight: bold; font-size: 18px; color: inherit;'>Suministro completo<\/div>\n<div style='padding: 15px; color: inherit;'>\n<ul style='padding-left: 20px; margin: 0; font-size: 14px; list-style-type: disc;'>\n<li style='margin-bottom: 5px;'>Versiones disponibles para gases inflamables (catal\u00edticos o infrarrojos)&comma; t\u00f3xicos y ox\u00edgeno<\/li>\n<li style='margin-bottom: 5px;'>Aplicaciones nuevas y actualizaciones<\/li>\n<li style='margin-bottom: 5px;'>Adecuado para interiores o exteriores<\/li>\n<li style='margin-bottom: 5px;'>Opciones de carcasa antideflagrante en acero inoxidable o en aluminio<\/li>\n<li style='margin-bottom: 5px;'>IP66 de serie<\/li>\n<\/ul><\/div>\n<\/p><\/div>\n<div style='flex: 1 1 250px; border: 1px solid rgba(150&comma; 150&comma; 150&comma; 0.4); border-radius: 8px; overflow: hidden; display: flex; flex-direction: column;'>\n<div style='padding: 15px; border-bottom: 1px solid rgba(150&comma; 150&comma; 150&comma; 0.2); font-weight: bold; font-size: 18px; color: inherit;'>Tecnolog\u00eda de sensores probada y fiable<\/div>\n<div style='padding: 15px; color: inherit;'>\n<ul style='padding-left: 20px; margin: 0; font-size: 14px; list-style-type: disc;'>\n<li style='margin-bottom: 5px;'>Sensores electroqu\u00edmicos Surecell<\/li>\n<li style='margin-bottom: 5px;'>Sensores de gases inflamables resistentes a sustancias t\u00f3xicas<\/li>\n<li style='margin-bottom: 5px;'>Sensores de larga duraci\u00f3n<\/li>\n<\/ul><\/div>\n<\/p><\/div>\n<div style='flex: 1 1 250px; border: 1px solid rgba(150&comma; 150&comma; 150&comma; 0.4); border-radius: 8px; overflow: hidden; display: flex; flex-direction: column;'>\n<div style='padding: 15px; border-bottom: 1px solid rgba(150&comma; 150&comma; 150&comma; 0.2); font-weight: bold; font-size: 18px; color: inherit;'>Certificaciones globales<\/div>\n<div style='padding: 15px; color: inherit;'>\n<ul style='padding-left: 20px; margin: 0; font-size: 14px; list-style-type: disc;'>\n<li style='margin-bottom: 5px;'>Europeas&comma; de Am\u00e9rica del Norte y Asi\u00e1ticas<\/li>\n<li style='margin-bottom: 5px;'>Cumple las normativas ATEX&comma; IECEx&comma; UL\/c-UL&comma; KTL&comma; PA&comma; GB y CCCF<\/li>\n<\/ul><\/div>\n<\/p><\/div>\n<div style='flex: 1 1 250px; border: 1px solid rgba(150&comma; 150&comma; 150&comma; 0.4); border-radius: 8px; overflow: hidden; display: flex; flex-direction: column;'>\n<div style='padding: 15px; border-bottom: 1px solid rgba(150&comma; 150&comma; 150&comma; 0.2); font-weight: bold; font-size: 18px; color: inherit;'>F\u00e1cil de usar<\/div>\n<div style='padding: 15px; color: inherit;'>\n<ul style='padding-left: 20px; margin: 0; font-size: 14px; list-style-type: disc;'>\n<li style='margin-bottom: 5px;'>Pantalla retroiluminada tricolor intuitiva y f\u00e1cil de usar con d\u00edgitos&comma; gr\u00e1fico de barras e iconos<\/li>\n<li style='margin-bottom: 5px;'>Totalmente configurable con conmutadores magn\u00e9ticos<\/li>\n<li style='margin-bottom: 5px;'>Salida de corriente de 4-20 mA de sumidero-sink o fuente-source seleccionable<\/li>\n<li style='margin-bottom: 5px;'>Inhibici\u00f3n autom\u00e1tica durante mantenimiento<\/li>\n<li style='margin-bottom: 5px;'>Comunicaciones MODBUS opcionales para diagn\u00f3stico y configuraci\u00f3n remotos<\/li>\n<\/ul><\/div>\n<\/p><\/div>\n<div style='flex: 1 1 250px; border: 1px solid rgba(150&comma; 150&comma; 150&comma; 0.4); border-radius: 8px; overflow: hidden; display: flex; flex-direction: column;'>\n<div style='padding: 15px; border-bottom: 1px solid rgba(150&comma; 150&comma; 150&comma; 0.2); font-weight: bold; font-size: 18px; color: inherit;'>Excelente relaci\u00f3n calidad\/precio<\/div>\n<div style='padding: 15px; color: inherit;'>\n<ul style='padding-left: 20px; margin: 0; font-size: 14px; list-style-type: disc;'>\n<li style='margin-bottom: 5px;'>Plataforma com\u00fan de transmisor<\/li>\n<li style='margin-bottom: 5px;'>Formaci\u00f3n m\u00ednima necesaria<\/li>\n<li style='margin-bottom: 5px;'>Menos repuestos<\/li>\n<li style='margin-bottom: 5px;'>Funcionamiento no intrusivo con un solo operario<\/li>\n<li style='margin-bottom: 5px;'>Sensor enchufable recambiable<\/li>\n<li style='margin-bottom: 5px;'>Menos cableado gracias a la opci\u00f3n MODBUS multipunto<\/li>\n<\/ul><\/div>\n<\/p><\/div>\n<div style='flex: 1 1 250px; border: 1px solid rgba(150&comma; 150&comma; 150&comma; 0.4); border-radius: 8px; overflow: hidden; display: flex; flex-direction: column;'>\n<div style='padding: 15px; border-bottom: 1px solid rgba(150&comma; 150&comma; 150&comma; 0.2); font-weight: bold; font-size: 18px; color: inherit;'>F\u00e1cil instalaci\u00f3n<\/div>\n<div style='padding: 15px; color: inherit;'>\n<ul style='padding-left: 20px; margin: 0; font-size: 14px; list-style-type: disc;'>\n<li style='margin-bottom: 5px;'>M\u00f3dulo de pantalla enchufable extra\u00edble para acceder a la zona de terminales<\/li>\n<li style='margin-bottom: 5px;'>Soporte de montaje integral<\/li>\n<li style='margin-bottom: 5px;'>2 entradas de cable\/conducto NPT \u00be&#8217; o M20 (seg\u00fan el certificado)<\/li>\n<li style='margin-bottom: 5px;'>Bloques de terminales enchufables extra\u00edbles que facilitan el cableado<\/li>\n<li style='margin-bottom: 5px;'>Conmutador sumidero-sink\/fuente-source para acomodar la topolog\u00eda de cableado preferida<\/li>\n<\/ul><\/div>\n<\/p><\/div>\n<div style='flex: 1 1 250px; border: 1px solid rgba(150&comma; 150&comma; 150&comma; 0.4); border-radius: 8px; overflow: hidden; display: flex; flex-direction: column;'>\n<div style='padding: 15px; border-bottom: 1px solid rgba(150&comma; 150&comma; 150&comma; 0.2); font-weight: bold; font-size: 18px; color: inherit;'>Gama de accesorios opcionales<\/div>\n<div style='padding: 15px; color: inherit;'>\n<ul style='padding-left: 20px; margin: 0; font-size: 14px; list-style-type: disc;'>\n<li style='margin-bottom: 5px;'>Protecci\u00f3n contra el sol y las inundaciones<\/li>\n<li style='margin-bottom: 5px;'>Kit de montaje en conductos<\/li>\n<li style='margin-bottom: 5px;'>C\u00e9lula de flujo para gas de calibraci\u00f3n<\/li>\n<li style='margin-bottom: 5px;'>Embudo recolector<\/li>\n<\/ul><\/div>\n<\/p><\/div>\n<\/p><\/div>\n<p> <!-- Secci\u00f3n de aplicaciones --> <\/p>\n<div style='margin-bottom: 30px;'>\n<h3 style='font-size: 22px; border-bottom: 2px solid currentColor; padding-bottom: 5px; margin-top: 0; color: inherit; opacity: 0.8;'>Aplicaciones<\/h3>\n<ul style='padding-left: 20px; font-size: 15px; color: inherit;'>\n<li style='margin-bottom: 5px;'>Instalaciones de fabricaci\u00f3n industrial<\/li>\n<li style='margin-bottom: 5px;'>Centrales el\u00e9ctricas<\/li>\n<li style='margin-bottom: 5px;'>Instalaciones para aguas residuales<\/li>\n<li style='margin-bottom: 5px;'>Servicios p\u00fablicos<\/li>\n<li style='margin-bottom: 5px;'>Producci\u00f3n de alimentos y bebidas<\/li>\n<li style='margin-bottom: 5px;'>Refiner\u00edas y plantas qu\u00edmicas<\/li>\n<li style='margin-bottom: 5px;'>Terminales de petr\u00f3leo y gas en tierra<\/li>\n<li style='margin-bottom: 5px;'>Plataformas de producci\u00f3n<\/li>\n<li style='margin-bottom: 5px;'>Exploraci\u00f3n y perforaci\u00f3n<\/li>\n<\/ul><\/div>\n<p> <!-- Separador --> <\/p>\n<hr style='border: 0; border-top: 1px solid rgba(150&comma; 150&comma; 150&comma; 0.3); margin: 30px 0;'> <!-- Secci\u00f3n de videos adicionales --> <\/p>\n<div style='display: flex; flex-wrap: wrap; gap: 30px; margin-bottom: 30px;'>\n<div style='flex: 1 1 560px; min-width: 300px;'>\n<div style='position: relative; padding-bottom: 56.25%; height: 0; overflow: hidden; margin-bottom: 15px;'>   <\/div>\n<div style='text-align: center; font-size: 14px; color: inherit; opacity: 0.8; margin-bottom: 20px;'>Operaci\u00f3n y Configuraci\u00f3n Sensepoint XCD<\/div>\n<\/p><\/div>\n<div style='flex: 1 1 560px; min-width: 300px;'>\n<div style='position: relative; padding-bottom: 56.25%; height: 0; overflow: hidden; margin-bottom: 15px;'>   <\/div>\n<div style='text-align: center; font-size: 14px; color: inherit; opacity: 0.8; margin-bottom: 20px;'>Posicionamiento&comma; Instalaci\u00f3n y Conexiones<\/div>\n<\/p><\/div>\n<div style='flex: 1 1 560px; min-width: 300px;'>\n<div style='position: relative; padding-bottom: 56.25%; height: 0; overflow: hidden; margin-bottom: 15px;'>   <\/div>\n<div style='text-align: center; font-size: 14px; color: inherit; opacity: 0.8; margin-bottom: 20px;'>Calibraci\u00f3n y Mantenimiento<\/div>\n<\/p><\/div>\n<\/p><\/div>\n<p> <!-- Secci\u00f3n final --> <\/p>\n<div style='margin-bottom: 30px;'>\n<p style='font-size: 15px; color: inherit; text-align: justify; margin-bottom: 20px;'> El Sensepoint XCD dispone de una placa de montaje integral para su montaje en superficie o bien en un tubo horizontal o vertical mediante un soporte opcional. Para la instalaci\u00f3n el\u00e9ctrica se pueden usar conductos o cables con la adecuada protecci\u00f3n mec\u00e1nica. Se proporcionan dos entradas M20 o NPT 3\/4&#8242; (seg\u00fan la certificaci\u00f3n). Tambi\u00e9n se incluye una cubierta de intemperie para las condiciones exteriores m\u00e1s exigentes. Otros accesorios opcionales pueden ser la protecci\u00f3n contra el sol y las inundaciones&comma; el montaje en conducto y el embudo recolector. <\/p>\n<p style='font-size: 15px; color: inherit; text-align: justify; margin-bottom: 20px;'> Asegura una instalaci\u00f3n sencilla y funcionamiento m\u00e1s r\u00e1pido al eliminar la necesidad de permisos de trabajo en zonas peligrosas. <\/p>\n<\/p><\/div>\n<\/p><\/div>\n","protected":false},"excerpt":{"rendered":"<p>Detector Industrial De Gases Combustibles, Con Sensor Infrarrojo De Metano 0-100% LEL, Salida 4-20 mA, Certificaci\u00f3n ATEX\/IECEx, Entradas 2xM20, Carcasa De Aluminio Grado Marino, Protecci\u00f3n Contra Intemperie De Nailon<\/p>\n","protected":false},"featured_media":35913,"comment_status":"open","ping_status":"closed","template":"","meta":[],"product_brand":[],"product_cat":[987],"product_tag":[988,522,1014],"class_list":{"0":"post-35914","1":"product","2":"type-product","3":"status-publish","4":"has-post-thumbnail","6":"product_cat-detectores-de-gases","7":"product_tag-detectores-de-gases","8":"product_tag-dispositivos-convencionales","9":"product_tag-honeywell-analytics","11":"first","12":"outofstock","13":"sale","14":"shipping-taxable","15":"purchasable","16":"product-type-simple"},"_links":{"self":[{"href":"https:\/\/soydeaqui.ddns.net\/pachuca\/index.php\/wp-json\/wp\/v2\/product\/35914","targetHints":{"allow":["GET"]}}],"collection":[{"href":"https:\/\/soydeaqui.ddns.net\/pachuca\/index.php\/wp-json\/wp\/v2\/product"}],"about":[{"href":"https:\/\/soydeaqui.ddns.net\/pachuca\/index.php\/wp-json\/wp\/v2\/types\/product"}],"replies":[{"embeddable":true,"href":"https:\/\/soydeaqui.ddns.net\/pachuca\/index.php\/wp-json\/wp\/v2\/comments?post=35914"}],"wp:featuredmedia":[{"embeddable":true,"href":"https:\/\/soydeaqui.ddns.net\/pachuca\/index.php\/wp-json\/wp\/v2\/media\/35913"}],"wp:attachment":[{"href":"https:\/\/soydeaqui.ddns.net\/pachuca\/index.php\/wp-json\/wp\/v2\/media?parent=35914"}],"wp:term":[{"taxonomy":"product_brand","embeddable":true,"href":"https:\/\/soydeaqui.ddns.net\/pachuca\/index.php\/wp-json\/wp\/v2\/product_brand?post=35914"},{"taxonomy":"product_cat","embeddable":true,"href":"https:\/\/soydeaqui.ddns.net\/pachuca\/index.php\/wp-json\/wp\/v2\/product_cat?post=35914"},{"taxonomy":"product_tag","embeddable":true,"href":"https:\/\/soydeaqui.ddns.net\/pachuca\/index.php\/wp-json\/wp\/v2\/product_tag?post=35914"}],"curies":[{"name":"wp","href":"https:\/\/api.w.org\/{rel}","templated":true}]}}