{"id":35910,"date":"2026-03-18T15:54:11","date_gmt":"2026-03-18T15:54:11","guid":{"rendered":"https:\/\/soydeaqui.ddns.net\/pachuca\/index.php\/producto\/sensor-de-humo-fotoelectrico-analogico-direccionable-0200-11250-compatible-con-paneles-firenet-plus-y-firenet-ltitude\/"},"modified":"2026-03-18T15:54:12","modified_gmt":"2026-03-18T15:54:12","slug":"sensor-de-humo-fotoelectrico-analogico-direccionable-0200-11250-compatible-con-paneles-firenet-plus-y-firenet-ltitude","status":"publish","type":"product","link":"https:\/\/soydeaqui.ddns.net\/pachuca\/index.php\/producto\/sensor-de-humo-fotoelectrico-analogico-direccionable-0200-11250-compatible-con-paneles-firenet-plus-y-firenet-ltitude\/","title":{"rendered":"Sensor De Humo Fotoel\u00e9ctrico Anal\u00f3gico Direccionable (0200-11250). Compatible con paneles FireNET Plus y FireNET L@titude"},"content":{"rendered":"<div style='width: 100%; max-width: 1200px; margin: 0 auto; font-family: sans-serif; line-height: 1.6; color: inherit;'>\n<div style='display: flex; flex-wrap: wrap; gap: 30px; margin-bottom: 30px;'>\n<div style='flex: 1 1 300px; min-width: 280px;'>\n<h3 style='font-size: 22px; border-bottom: 2px solid currentColor; padding-bottom: 5px; margin-top: 0; color: inherit; opacity: 0.8;'>Descripci\u00f3n<\/h3>\n<p style='text-align: justify; font-size: 15px; color: inherit;'>El ALO-V (certificado UL 268&comma; s\u00e9ptima edici\u00f3n) es un detector de humo fotoel\u00e9ctrico confiable y de alta calidad. Se puede utilizar en todas las \u00e1reas abiertas donde se requieren detectores de humo fotoel\u00e9ctricos. Este detector tambi\u00e9n es adecuado para monitorear el humo en los conductos de HVAC. La <span style='color: #e74c3c;'>tecnolog\u00eda de categorizaci\u00f3n de humo de espectro m\u00faltiple<\/span> recientemente desarrollada detecta incendios latentes y con llamas alimentados por materiales tradicionales y poliuretano&comma; al tiempo que reduce las alarmas molestas.<\/p>\n<\/p><\/div>\n<\/p><\/div>\n<div style='display: flex; flex-wrap: wrap; gap: 20px; margin-bottom: 30px;'>\n<div style='flex: 1 1 250px; border: 1px solid rgba(150&comma; 150&comma; 150&comma; 0.4); border-radius: 8px; overflow: hidden; display: flex; flex-direction: column;'>\n<div style='padding: 15px; border-bottom: 1px solid rgba(150&comma; 150&comma; 150&comma; 0.2); font-weight: bold; font-size: 18px; color: inherit;'>Informaci\u00f3n del Producto<\/div>\n<div style='padding: 15px; color: inherit;'>\n<ul style='padding-left: 20px; margin: 0; font-size: 14px; list-style-type: disc; color: inherit;'>\n<li style='margin-bottom: 5px;'><strong>C\u00f3digo de producto:<\/strong> 0200-11250<\/li>\n<li style='margin-bottom: 5px;'><strong>Compatibilidad:<\/strong> Paneles FireNET Plus y FireNET L@titude<\/li>\n<li style='margin-bottom: 5px;'><strong>Requisito:<\/strong> Bases de 7\u00aa edici\u00f3n<\/li>\n<\/ul><\/div>\n<\/p><\/div>\n<div style='flex: 1 1 250px; border: 1px solid rgba(150&comma; 150&comma; 150&comma; 0.4); border-radius: 8px; overflow: hidden; display: flex; flex-direction: column;'>\n<div style='padding: 15px; border-bottom: 1px solid rgba(150&comma; 150&comma; 150&comma; 0.2); font-weight: bold; font-size: 18px; color: inherit;'>Caracter\u00edsticas Est\u00e1ndar<\/div>\n<div style='padding: 15px; color: inherit;'>\n<ul style='padding-left: 20px; margin: 0; font-size: 14px; list-style-type: disc; color: inherit;'>\n<li style='margin-bottom: 5px;'>Certificado UL 268&comma; s\u00e9ptima edici\u00f3n<\/li>\n<li style='margin-bottom: 5px;'>Dise\u00f1ado para resistir alarmas no deseadas de fuentes de alarmas molestas al cocinar y otras<\/li>\n<li style='margin-bottom: 5px;'>Identificaci\u00f3n \u00f3ptica de part\u00edculas<\/li>\n<li style='margin-bottom: 5px;'>Detecci\u00f3n temprana de humo de incendio<\/li>\n<li style='margin-bottom: 5px;'>Vista de 360\u00b0 del LED de estado del detector<\/li>\n<li style='margin-bottom: 5px;'>LED programable sin sondeo<\/li>\n<li style='margin-bottom: 5px;'>Funci\u00f3n de bloqueo de seguridad resistente al vandalismo<\/li>\n<\/ul><\/div>\n<\/p><\/div>\n<div style='flex: 1 1 250px; border: 1px solid rgba(150&comma; 150&comma; 150&comma; 0.4); border-radius: 8px; overflow: hidden; display: flex; flex-direction: column;'>\n<div style='padding: 15px; border-bottom: 1px solid rgba(150&comma; 150&comma; 150&comma; 0.2); font-weight: bold; font-size: 18px; color: inherit;'>Bases Compatibles<\/div>\n<div style='padding: 15px; color: inherit;'>\n<p style='margin: 0 0 10px 0; font-size: 14px; color: inherit;'>Las bases ASB7&comma; ASBL7&comma; SCI-B47&comma; SCI-B67&comma; YBN-NSA-4&comma; YBN-NSA-47&comma; HSB-NSA-6 y HSB-NSA-67 son compatibles con ALO-V.<\/p>\n<p style='margin: 0; font-size: 14px; color: #e74c3c;'><strong>Nota:<\/strong> Solo es compatible con paneles series FireNet Plus y FireNet L@titude<\/p>\n<\/p><\/div>\n<\/p><\/div>\n<\/p><\/div>\n<div style='margin-bottom: 30px;'>\n<div style='position: relative; padding-bottom: 56.25%; height: 0; overflow: hidden;'>   <\/div>\n<\/p><\/div>\n<hr style='border: 0; border-top: 1px solid rgba(150&comma; 150&comma; 150&comma; 0.3); margin: 30px 0;'> <\/div>\n","protected":false},"excerpt":{"rendered":"<p>Sensor De Humo Fotoel\u00e9ctrico Anal\u00f3gico Direccionable (0200-11250). Compatible con paneles FireNET Plus y FireNET L@titude<\/p>\n","protected":false},"featured_media":35909,"comment_status":"open","ping_status":"closed","template":"","meta":[],"product_brand":[],"product_cat":[448],"product_tag":[449,406,225],"class_list":{"0":"post-35910","1":"product","2":"type-product","3":"status-publish","4":"has-post-thumbnail","6":"product_cat-todo-accesorios-y-dispositivos-direccionables","7":"product_tag-accesorios-y-dispositivos-direccionables","8":"product_tag-hochiki","9":"product_tag-todo","11":"first","12":"instock","13":"sale","14":"shipping-taxable","15":"purchasable","16":"product-type-simple"},"_links":{"self":[{"href":"https:\/\/soydeaqui.ddns.net\/pachuca\/index.php\/wp-json\/wp\/v2\/product\/35910","targetHints":{"allow":["GET"]}}],"collection":[{"href":"https:\/\/soydeaqui.ddns.net\/pachuca\/index.php\/wp-json\/wp\/v2\/product"}],"about":[{"href":"https:\/\/soydeaqui.ddns.net\/pachuca\/index.php\/wp-json\/wp\/v2\/types\/product"}],"replies":[{"embeddable":true,"href":"https:\/\/soydeaqui.ddns.net\/pachuca\/index.php\/wp-json\/wp\/v2\/comments?post=35910"}],"wp:featuredmedia":[{"embeddable":true,"href":"https:\/\/soydeaqui.ddns.net\/pachuca\/index.php\/wp-json\/wp\/v2\/media\/35909"}],"wp:attachment":[{"href":"https:\/\/soydeaqui.ddns.net\/pachuca\/index.php\/wp-json\/wp\/v2\/media?parent=35910"}],"wp:term":[{"taxonomy":"product_brand","embeddable":true,"href":"https:\/\/soydeaqui.ddns.net\/pachuca\/index.php\/wp-json\/wp\/v2\/product_brand?post=35910"},{"taxonomy":"product_cat","embeddable":true,"href":"https:\/\/soydeaqui.ddns.net\/pachuca\/index.php\/wp-json\/wp\/v2\/product_cat?post=35910"},{"taxonomy":"product_tag","embeddable":true,"href":"https:\/\/soydeaqui.ddns.net\/pachuca\/index.php\/wp-json\/wp\/v2\/product_tag?post=35910"}],"curies":[{"name":"wp","href":"https:\/\/api.w.org\/{rel}","templated":true}]}}