{"id":3591,"date":"2026-03-18T06:09:42","date_gmt":"2026-03-18T06:09:42","guid":{"rendered":"https:\/\/soydeaqui.ddns.net\/pachuca\/index.php\/producto\/modulo-de-2-botones-iluminados-alarma-y-cancelar-bus-rs485-compatible-con-nx0019-b-nx1021-y-nx0015\/"},"modified":"2026-03-18T06:09:44","modified_gmt":"2026-03-18T06:09:44","slug":"modulo-de-2-botones-iluminados-alarma-y-cancelar-bus-rs485-compatible-con-nx0019-b-nx1021-y-nx0015","status":"publish","type":"product","link":"https:\/\/soydeaqui.ddns.net\/pachuca\/index.php\/producto\/modulo-de-2-botones-iluminados-alarma-y-cancelar-bus-rs485-compatible-con-nx0019-b-nx1021-y-nx0015\/","title":{"rendered":"Modulo de 2 Botones iluminados \/ Alarma y Cancelar \/ BUS RS485 \/ Compatible con NX0019\/B, NX1021 Y NX0015"},"content":{"rendered":"<div style='width: 100%; max-width: 1200px; margin: 0 auto; font-family: sans-serif; line-height: 1.6; color: inherit; background-color: transparent;'>\n<div style='display: flex; flex-wrap: wrap; gap: 30px; margin-bottom: 30px;'>\n<div style='flex: 1 1 300px; min-width: 280px;'>\n<h3 style='font-size: 22px; border-bottom: 2px solid currentColor; padding-bottom: 5px; margin-top: 0; color: inherit; opacity: 0.8;'>Funciones principales<\/h3>\n<ul style='padding-left: 20px; font-size: 15px; color: inherit;'>\n<li style='margin-bottom: 5px;'>Pulsadores de acci\u00f3n moment\u00e1nea<\/li>\n<li style='margin-bottom: 5px;'>2 teclas iluminadas con realimentaci\u00f3n t\u00e1ctil y audible<\/li>\n<li style='margin-bottom: 5px;'>Cancelaci\u00f3n de atenciones<\/li>\n<li style='margin-bottom: 5px;'>Instalaci\u00f3n empotrada en caja universal (incluye bastidor met\u00e1lico)<\/li>\n<li style='margin-bottom: 5px;'>Requiere marco <a style='background-color: transparent; color: inherit; text-decoration: underline;' href='https:\/\/www.syscom.mx\/principal\/searchcont?route=NX9003-IBERNEX-195549&#038;autodetect=nx9003' target='_blank' rel='noopener'>NX9003<\/a><\/li>\n<\/ul><\/div>\n<div style='flex: 1 1 300px; min-width: 280px;'>\n<h3 style='font-size: 22px; border-bottom: 2px solid currentColor; padding-bottom: 5px; margin-top: 0; color: inherit; opacity: 0.8;'>Caracter\u00edsticas el\u00e9ctricas y f\u00edsicas<\/h3>\n<ul style='padding-left: 20px; font-size: 15px; color: inherit;'>\n<li style='margin-bottom: 5px;'>Voltaje nominal: 12 V<\/li>\n<li style='margin-bottom: 5px;'>Conexi\u00f3n Bus RS485<\/li>\n<li style='margin-bottom: 5px;'>Se\u00f1alizaci\u00f3n ac\u00fastica<\/li>\n<li style='margin-bottom: 5px;'>Dimensiones: 44 x 44 x 46 mm<\/li>\n<li style='margin-bottom: 5px;'><a style='background-color: transparent; color: inherit; text-decoration: underline;' title='Ficha t\u00e9cnica' href='https:\/\/ftp3.syscom.mx\/usuarios\/scorrea\/A\/IBERNEX\/NX0392\/fichaTecnica.NX0392.NX0393.NX0394.NX0395.NX0397.NX0591.pdf' target='_blank' rel='noopener'>Revise la ficha completa<\/a><\/li>\n<\/ul><\/div>\n<div style='flex: 1 1 300px; min-width: 280px;'>\n<h3 style='font-size: 22px; border-bottom: 2px solid currentColor; padding-bottom: 5px; margin-top: 0; color: inherit; opacity: 0.8;'>Caracter\u00edsticas Destacadas<\/h3>\n<p style='font-size: 15px; color: inherit;'>Los dos botones iluminados permiten desencadenar llamadas de petici\u00f3n de ayuda y urgente&comma; as\u00ed como registrar la presencia del personal en las habitaciones mediante la pulsaci\u00f3n del bot\u00f3n verde.<\/p>\n<p style='font-size: 15px; color: inherit;'>Rojo: generar alarmas<\/p>\n<p style='font-size: 15px; color: inherit;'>Verde: presencia de enfermera y cancelaci\u00f3n de alarma.<\/p>\n<\/p><\/div>\n<\/p><\/div>\n<div style='text-align: center; margin: 30px 0;'> <a style='background-color: transparent; color: inherit; text-decoration: none;' href='https:\/\/ftp3.syscom.mx\/usuarios\/scorrea\/A\/IBERNEX\/PRESENTACION_BIBLIOTECA_REVIT.pdf' target='_blank' rel='noopener'> <img style='width: 100%; height: auto; border: 1px solid rgba(150&comma;150&comma;150&comma;0.3); border-radius: 8px;' src='https:\/\/ftp3.syscom.mx\/usuarios\/scorrea\/A\/IBERNEX\/I\/PRESENTACION_BIBLIOTECA_REVIT-2.jpg' alt='Presentaci\u00f3n'> <\/a> <\/div>\n<div style='text-align: center; margin: 30px 0;'> <img style='width: 100%; height: auto; border: 1px solid rgba(150&comma;150&comma;150&comma;0.3); border-radius: 8px;' src='https:\/\/ftp3.syscom.mx\/usuarios\/scorrea\/A\/IBERNEX\/I\/principal.png' alt=''> <\/div>\n<h3 style='text-align: center; font-size: 18px; margin-top: 40px; margin-bottom: 30px; color: inherit; opacity: 0.9;'>SISTEMA DE LLAMADA PACIENTE-ENFERMERA<\/h3>\n<div style='display: flex; flex-wrap: wrap; gap: 30px; margin-bottom: 30px;'>\n<div style='flex: 1 1 300px; min-width: 280px;'>\n<p style='font-size: 15px; color: inherit;'>Helpnex ayuda a mejorar la comunicaci\u00f3n entre los pacientes y el personal m\u00e9dico de tu residencia o centro m\u00e9dico&comma; utilizando la tecnolog\u00eda sociosanitaria de punta para mejorar el bienestar y la productividad del centro.<\/p>\n<\/p><\/div>\n<div style='flex: 1 1 300px; min-width: 280px;'>\n<div style='position: relative; padding-bottom: 56.25%; height: 0; overflow: hidden; margin-bottom: 30px;'>   <\/div>\n<\/p><\/div>\n<\/p><\/div>\n<div style='display: flex; flex-wrap: wrap; gap: 30px; margin-bottom: 30px;'>\n<div style='flex: 1 1 300px; min-width: 280px;'>\n<p style='font-size: 15px; color: inherit;'>El Sistema de llamadas paciente-enfermera de Helpnex es la soluci\u00f3n de comunicaci\u00f3n m\u00e1s completa en tecnolog\u00eda sociosanitaria. Mejora el servicio y la atenci\u00f3n al paciente y la gesti\u00f3n de recursos de tu centro con la comunicaci\u00f3n instant\u00e1nea paciente-enfermera de Ibernex.<\/p>\n<p style='font-size: 15px; color: inherit;'>Helpnex cubre las necesidades de comunicaci\u00f3n y trazabilidad de las instalaciones&comma; incrementando la productividad y el bienestar del centro y de sus miembros.<\/p>\n<\/p><\/div>\n<div style='flex: 1 1 300px; min-width: 280px;'>\n<div style='position: relative; padding-bottom: 56.25%; height: 0; overflow: hidden; margin-bottom: 30px;'>   <\/div>\n<\/p><\/div>\n<\/p><\/div>\n<div style='text-align: center; margin: 30px 0;'> <a style='background-color: transparent; color: inherit; text-decoration: none;' href='https:\/\/ftp3.syscom.mx\/usuarios\/scorrea\/A\/IBERNEX\/Catalogo_productos.pdf' target='_blank' rel='noopener'> <img style='width: 30%; height: auto; border: 1px solid rgba(150&comma;150&comma;150&comma;0.3); border-radius: 8px;' src='https:\/\/ftp3.syscom.mx\/usuarios\/scorrea\/A\/IBERNEX\/I\/helpnex.png' alt='Cat\u00e1logo de productos'> <\/a> <\/div>\n<div style='display: flex; flex-wrap: wrap; gap: 30px; margin-bottom: 30px;'>\n<div style='flex: 1 1 300px; min-width: 280px;'> <img style='width: 100%; height: auto; border: 1px solid rgba(150&comma;150&comma;150&comma;0.3); border-radius: 8px;' src='https:\/\/ftp3.syscom.mx\/usuarios\/scorrea\/A\/IBERNEX\/I\/enfermera5.jpg' alt=''> <\/div>\n<div style='flex: 1 1 300px; min-width: 280px;'>\n<h4 style='font-size: 16px; margin-top: 0; color: inherit; opacity: 0.9;'>\u00bfEn qu\u00e9 consiste nuestro sistema de llamadas paciente \u2013 enfermera?<\/h4>\n<ul style='padding-left: 20px; font-size: 14px; color: inherit;'>\n<li style='margin-bottom: 10px;'><strong>Codificaci\u00f3n de tareas y alarmas atendidas:<\/strong> Permite visualizar y atender las alarmas generadas por los pacientes a trav\u00e9s de los dispositivos instalados en la habitaci\u00f3n. El paciente puede detallar el motivo de la alarma y el personal&comma; al atender dicha alarma&comma; puede a\u00f1adir todo tipo de observaciones. Adem\u00e1s&comma; todas las alarmas quedan registradas en la base de datos.<\/li>\n<li style='margin-bottom: 10px;'><strong>Trazabilidad:<\/strong> Desde el punto de control&comma; el sistema de llamada asistencial de Helpnex proporciona la visualizaci\u00f3n de las alarmas en el plano en tiempo real&comma; facilitando el conocimiento de la posici\u00f3n del residente o paciente. Interfaz personalizada para cada centro.<\/li>\n<li style='margin-bottom: 10px;'><strong>Informes en diferentes formatos:<\/strong> Exporta desde la plataforma Helpnex informes personalizados en los que aparece toda la informaci\u00f3n sobre lo ocurrido en el centro. Incrementa&comma; as\u00ed&comma; la eficiencia en la gesti\u00f3n de los recursos y en la toma de decisiones.<\/li>\n<li style='margin-bottom: 10px;'><strong>Tecnolog\u00eda IP:<\/strong> La comunicaci\u00f3n de datos del sistema de llamadas paciente-enfermera de Helpnex se basa en tecnolog\u00eda IP&comma; lo que permite la transmisi\u00f3n de la informaci\u00f3n en tiempo real.<\/li>\n<li style='margin-bottom: 10px;'><strong>Posibilidad de alimentaci\u00f3n PoE:<\/strong> Elimina la necesidad de utilizar tomas de corriente en las ubicaciones de cada dispositivo del sistema y permite una aplicaci\u00f3n m\u00e1s sencilla con la alimentaci\u00f3n a trav\u00e9s de Ethernet (PoE) abaratando notablemente la instalaci\u00f3n y reduciendo costes.<\/li>\n<li style='margin-bottom: 10px;'><strong>Seguridad en las comunicaciones:<\/strong> Garantiza el funcionamiento las 24 horas del d\u00eda&comma; 7 d\u00edas a la semana.<\/li>\n<li style='margin-bottom: 10px;'><strong>Movilidad: DECTs&comma; pagers&comma; Smartphones:<\/strong> El sistema de llamada inal\u00e1mbrico para la comunicaci\u00f3n entre paciente y enfermera puede instalarse en DECTs&comma; pagers y Smartphones.<\/li>\n<\/ul><\/div>\n<\/p><\/div>\n<h4 style='margin-top: 40px; margin-bottom: 20px; font-size: 18px; color: inherit; opacity: 0.9;'>Beneficios del Sistema de llamadas paciente-enfermera de Helpnex<\/h4>\n<div style='display: flex; flex-wrap: wrap; gap: 30px; margin-bottom: 30px;'>\n<div style='flex: 1 1 300px; min-width: 280px;'>\n<div style='display: flex; align-items: center; margin-bottom: 15px;'> <img style='width: 40px; height: auto; margin-right: 15px;' src='https:\/\/ibernex.es\/wp-content\/uploads\/2018\/03\/BENEFICIOS-HELPNEX.png' alt=''> <\/p>\n<h5 style='margin: 0; font-size: 16px; color: inherit; opacity: 0.8;'>Optimiza el tiempo dedicado a la atenci\u00f3n de avisos de pacientes.<\/h5>\n<\/p><\/div>\n<\/p><\/div>\n<div style='flex: 1 1 300px; min-width: 280px;'>\n<div style='display: flex; align-items: center; margin-bottom: 15px;'> <img style='width: 40px; height: auto; margin-right: 15px;' src='https:\/\/ibernex.es\/wp-content\/uploads\/2018\/03\/BENEFICIOS-HELPNEX.png' alt=''> <\/p>\n<h5 style='margin: 0; font-size: 16px; color: inherit; opacity: 0.8;'>Monitoriza las tareas realizadas por el personal.<\/h5>\n<\/p><\/div>\n<\/p><\/div>\n<div style='flex: 1 1 300px; min-width: 280px;'>\n<div style='display: flex; align-items: center; margin-bottom: 15px;'> <img style='width: 40px; height: auto; margin-right: 15px;' src='https:\/\/ibernex.es\/wp-content\/uploads\/2018\/03\/BENEFICIOS-HELPNEX.png' alt=''> <\/p>\n<h5 style='margin: 0; font-size: 16px; color: inherit; opacity: 0.8;'>Ahorra en costes de operatividad e incrementa la productividad del centro.<\/h5>\n<\/p><\/div>\n<\/p><\/div>\n<div style='flex: 1 1 300px; min-width: 280px;'>\n<div style='display: flex; align-items: center; margin-bottom: 15px;'> <img style='width: 40px; height: auto; margin-right: 15px;' src='https:\/\/ibernex.es\/wp-content\/uploads\/2018\/03\/BENEFICIOS-HELPNEX.png' alt=''> <\/p>\n<h5 style='margin: 0; font-size: 16px; color: inherit; opacity: 0.8;'>Asegura el control preciso sobre cada actividad.<\/h5>\n<\/p><\/div>\n<\/p><\/div>\n<div style='flex: 1 1 300px; min-width: 280px;'>\n<div style='display: flex; align-items: center; margin-bottom: 15px;'> <img style='width: 40px; height: auto; margin-right: 15px;' src='https:\/\/ibernex.es\/wp-content\/uploads\/2018\/03\/BENEFICIOS-HELPNEX.png' alt=''> <\/p>\n<h5 style='margin: 0; font-size: 16px; color: inherit; opacity: 0.8;'>Ofrece calidad y seguridad asistencial.<\/h5>\n<\/p><\/div>\n<\/p><\/div>\n<div style='flex: 1 1 300px; min-width: 280px;'>\n<div style='display: flex; align-items: center; margin-bottom: 15px;'> <img style='width: 40px; height: auto; margin-right: 15px;' src='https:\/\/ibernex.es\/wp-content\/uploads\/2018\/03\/BENEFICIOS-HELPNEX.png' alt=''> <\/p>\n<h5 style='margin: 0; font-size: 16px; color: inherit; opacity: 0.8;'>Sencillez en la instalaci\u00f3n y en el uso de la soluci\u00f3n.<\/h5>\n<\/p><\/div>\n<\/p><\/div>\n<div style='flex: 1 1 300px; min-width: 280px;'>\n<div style='display: flex; align-items: center; margin-bottom: 15px;'> <img style='width: 40px; height: auto; margin-right: 15px;' src='https:\/\/ibernex.es\/wp-content\/uploads\/2018\/03\/BENEFICIOS-HELPNEX.png' alt=''> <\/p>\n<h5 style='margin: 0; font-size: 16px; color: inherit; opacity: 0.8;'>Apariencia visual y moderna.<\/h5>\n<\/p><\/div>\n<\/p><\/div>\n<\/p><\/div>\n<div style='text-align: center; margin: 30px 0;'> <img style='width: 100%; height: auto; border: 1px solid rgba(150&comma;150&comma;150&comma;0.3); border-radius: 8px;' src='https:\/\/ftp3.syscom.mx\/usuarios\/scorrea\/A\/IBERNEX\/I\/camilla2.jpg' alt=''> <\/div>\n<h3 style='margin-top: 40px; margin-bottom: 20px; font-size: 18px; color: inherit; opacity: 0.9;'>Dispositivos del Sistema de llamadas paciente-enfermera<\/h3>\n<div style='text-align: center; margin: 30px 0;'> <a style='background-color: transparent; color: inherit; text-decoration: none;' href='https:\/\/www.syscom.mx\/principal\/listadopormarca\/IBERNEX\/full?ordenar=Mas_Vendidos&#038;pag=1' target='_blank' rel='noopener'> <img style='width: 100%; height: auto; border: 1px solid rgba(150&comma;150&comma;150&comma;0.3); border-radius: 8px;' src='https:\/\/ftp3.syscom.mx\/usuarios\/scorrea\/A\/IBERNEX\/I\/PERIFERICOS.png' alt=''> <\/a> <\/div>\n<div style='text-align: center; margin: 30px 0;'> <a style='background-color: transparent; color: inherit; text-decoration: none;' href='https:\/\/www.syscom.mx\/principal\/listadopormarca\/IBERNEX\/full?ordenar=Mas_Vendidos&#038;pag=1' target='_blank' rel='noopener'> <img style='width: 100%; height: auto; border: 1px solid rgba(150&comma;150&comma;150&comma;0.3); border-radius: 8px;' src='https:\/\/ftp3.syscom.mx\/usuarios\/scorrea\/A\/IBERNEX\/I\/terminales_habitacion.png' alt=''> <\/a> <\/div>\n<div style='display: flex; flex-wrap: wrap; gap: 30px; margin-top: 40px;'>\n<div style='flex: 1 1 100%; min-width: 280px;'>\n<div style='padding: 15px; background-color: rgba(255&comma;255&comma;255&comma;0.05); border: 1px solid rgba(150&comma;150&comma;150&comma;0.2); border-radius: 8px;'>\n<p style='margin: 0; font-size: 14px; color: inherit; opacity: 0.8;'><strong>Nota:<\/strong> Requiere certificaci\u00f3n para su instalaci\u00f3n y para solicitar soporte t\u00e9cnico.<\/p>\n<\/p><\/div>\n<\/p><\/div>\n<\/p><\/div>\n<\/p><\/div>\n","protected":false},"excerpt":{"rendered":"<p>Modulo de 2 Botones iluminados \/ Alarma y Cancelar \/ BUS RS485 \/ Compatible con NX0019\/B, NX1021 Y NX0015<\/p>\n","protected":false},"featured_media":3590,"comment_status":"open","ping_status":"closed","template":"","meta":[],"product_brand":[],"product_cat":[151],"product_tag":[152,153,126],"class_list":{"0":"post-3591","1":"product","2":"type-product","3":"status-publish","4":"has-post-thumbnail","6":"product_cat-atencion-sociosanitaria","7":"product_tag-atencion-sociosanitaria","8":"product_tag-ibernex","9":"product_tag-sistemas-de-emergencia","11":"first","12":"outofstock","13":"sale","14":"shipping-taxable","15":"purchasable","16":"product-type-simple"},"_links":{"self":[{"href":"https:\/\/soydeaqui.ddns.net\/pachuca\/index.php\/wp-json\/wp\/v2\/product\/3591","targetHints":{"allow":["GET"]}}],"collection":[{"href":"https:\/\/soydeaqui.ddns.net\/pachuca\/index.php\/wp-json\/wp\/v2\/product"}],"about":[{"href":"https:\/\/soydeaqui.ddns.net\/pachuca\/index.php\/wp-json\/wp\/v2\/types\/product"}],"replies":[{"embeddable":true,"href":"https:\/\/soydeaqui.ddns.net\/pachuca\/index.php\/wp-json\/wp\/v2\/comments?post=3591"}],"wp:featuredmedia":[{"embeddable":true,"href":"https:\/\/soydeaqui.ddns.net\/pachuca\/index.php\/wp-json\/wp\/v2\/media\/3590"}],"wp:attachment":[{"href":"https:\/\/soydeaqui.ddns.net\/pachuca\/index.php\/wp-json\/wp\/v2\/media?parent=3591"}],"wp:term":[{"taxonomy":"product_brand","embeddable":true,"href":"https:\/\/soydeaqui.ddns.net\/pachuca\/index.php\/wp-json\/wp\/v2\/product_brand?post=3591"},{"taxonomy":"product_cat","embeddable":true,"href":"https:\/\/soydeaqui.ddns.net\/pachuca\/index.php\/wp-json\/wp\/v2\/product_cat?post=3591"},{"taxonomy":"product_tag","embeddable":true,"href":"https:\/\/soydeaqui.ddns.net\/pachuca\/index.php\/wp-json\/wp\/v2\/product_tag?post=3591"}],"curies":[{"name":"wp","href":"https:\/\/api.w.org\/{rel}","templated":true}]}}