{"id":35904,"date":"2026-03-18T15:54:05","date_gmt":"2026-03-18T15:54:05","guid":{"rendered":"https:\/\/soydeaqui.ddns.net\/pachuca\/index.php\/producto\/rele-de-forma-c-para-li-on-tamer\/"},"modified":"2026-03-18T15:54:06","modified_gmt":"2026-03-18T15:54:06","slug":"rele-de-forma-c-para-li-on-tamer","status":"publish","type":"product","link":"https:\/\/soydeaqui.ddns.net\/pachuca\/index.php\/producto\/rele-de-forma-c-para-li-on-tamer\/","title":{"rendered":"Rel\u00e9 de forma C para Li-on Tamer"},"content":{"rendered":"<div style='width: 100%; max-width: 1200px; margin: 0 auto; font-family: sans-serif; line-height: 1.6; color: inherit; background-color: transparent;'> <!-- Secci\u00f3n de descripci\u00f3n general --> <\/p>\n<div style='margin-bottom: 30px;'>\n<h3 style='font-size: 22px; border-bottom: 2px solid currentColor; padding-bottom: 5px; margin-top: 0; color: inherit; opacity: 0.8;'>Descripci\u00f3n general<\/h3>\n<p style='font-size: 15px; color: inherit; margin-top: 15px;'> Rel\u00e9 de forma C para Li-on Tamer&comma; parte del sistema de monitoreo de rack de bater\u00edas de iones de litio. El sistema detecta la liberaci\u00f3n de gases de las bater\u00edas de iones de litio en las primeras etapas del fallo de las bater\u00edas&comma; permitiendo medidas de mitigaci\u00f3n adecuadas para evitar fallos catastr\u00f3ficos que podr\u00edan resultar en incendios. <\/p>\n<p style='font-size: 15px; color: inherit; margin-top: 15px;'> El sistema est\u00e1 dise\u00f1ado para ser plug-and-play y f\u00e1cil de instalar&comma; compuesto por sensores de liberaci\u00f3n de gases y un controlador. Los sensores utilizan algoritmos de detecci\u00f3n integrados que los hacen altamente sensibles a los compuestos de liberaci\u00f3n de gases de las bater\u00edas de iones de litio. <\/p>\n<\/p><\/div>\n<p> <!-- Secci\u00f3n de caracter\u00edsticas principales --> <\/p>\n<div style='margin-bottom: 30px;'>\n<h3 style='font-size: 22px; border-bottom: 2px solid currentColor; padding-bottom: 5px; margin-top: 0; color: inherit; opacity: 0.8;'>Caracter\u00edsticas principales<\/h3>\n<ul style='padding-left: 20px; font-size: 15px; color: inherit; margin-top: 15px;'>\n<li style='margin-bottom: 5px;'>Alerta temprana de fallos en bater\u00edas de iones de litio<\/li>\n<li style='margin-bottom: 5px;'>Permite evitar fugas t\u00e9rmicas con medidas de mitigaci\u00f3n adecuadas<\/li>\n<li style='margin-bottom: 5px;'>Detecci\u00f3n de fallos de una sola celda sin contacto el\u00e9ctrico o mec\u00e1nico de las celdas<\/li>\n<li style='margin-bottom: 5px;'>Mayor vida \u00fatil del producto<\/li>\n<li style='margin-bottom: 5px;'>Producto sin necesidad de calibraci\u00f3n<\/li>\n<li style='margin-bottom: 5px;'>Se\u00f1al de salida de gran fiabilidad<\/li>\n<li style='margin-bottom: 5px;'>Bajo consumo energ\u00e9tico<\/li>\n<li style='margin-bottom: 5px;'>Compatible con los factores de forma y elementos qu\u00edmicos de todas las bater\u00edas de iones de litio<\/li>\n<li style='margin-bottom: 5px;'>F\u00e1cil de instalar<\/li>\n<li style='margin-bottom: 5px;'>Informaci\u00f3n independiente y regular sobre el estado de las bater\u00edas<\/li>\n<li style='margin-bottom: 5px;'>Autodiagn\u00f3stico<\/li>\n<li style='margin-bottom: 5px;'>Reducci\u00f3n\/eliminaci\u00f3n de se\u00f1ales positivas falsas<\/li>\n<li style='margin-bottom: 5px;'>Varios protocolos de comunicaci\u00f3n&comma; incluyendo comunicaci\u00f3n en serie Modbus y salidas digitales<\/li>\n<\/ul><\/div>\n<p> <!-- Secci\u00f3n de especificaciones t\u00e9cnicas --> <\/p>\n<div style='display: flex; flex-wrap: wrap; gap: 20px; margin-bottom: 30px;'>\n<div style='flex: 1 1 300px; min-width: 280px;'>\n<div style='border: 1px solid rgba(150&comma; 150&comma; 150&comma; 0.4); border-radius: 8px; overflow: hidden; display: flex; flex-direction: column; height: 100%;'>\n<div style='padding: 15px; border-bottom: 1px solid rgba(150&comma; 150&comma; 150&comma; 0.2); font-weight: bold; font-size: 18px; color: inherit;'>Especificaciones del sistema<\/div>\n<div style='padding: 15px; color: inherit; flex-grow: 1;'>\n<ul style='padding-left: 20px; margin: 0; font-size: 14px; list-style-type: disc;'>\n<li style='margin-bottom: 5px;'><strong>Temperatura de operaci\u00f3n:<\/strong> -10 a +60\u00b0C<\/li>\n<li style='margin-bottom: 5px;'><strong>Humedad:<\/strong> 5-95% sin condensaci\u00f3n<\/li>\n<li style='margin-bottom: 5px;'><strong>M\u00e1ximo cambio de temperatura:<\/strong> 8.6\u00b0C\/min<\/li>\n<li style='margin-bottom: 5px;'><strong>Tensi\u00f3n de entrada:<\/strong> 8 \u2013 28 VDC<\/li>\n<li style='margin-bottom: 5px;'><strong>Consumo energ\u00e9tico:<\/strong> Ver secci\u00f3n espec\u00edfica<\/li>\n<li style='margin-bottom: 5px;'><strong>Vida \u00fatil objetivo:<\/strong> > 10 a\u00f1os<\/li>\n<li style='margin-bottom: 5px;'><strong>Garant\u00eda:<\/strong> 2 a\u00f1os<\/li>\n<\/ul><\/div>\n<\/p><\/div>\n<\/p><\/div>\n<div style='flex: 1 1 300px; min-width: 280px;'>\n<div style='border: 1px solid rgba(150&comma; 150&comma; 150&comma; 0.4); border-radius: 8px; overflow: hidden; display: flex; flex-direction: column; height: 100%;'>\n<div style='padding: 15px; border-bottom: 1px solid rgba(150&comma; 150&comma; 150&comma; 0.2); font-weight: bold; font-size: 18px; color: inherit;'>Especificaciones de detecci\u00f3n<\/div>\n<div style='padding: 15px; color: inherit; flex-grow: 1;'>\n<ul style='padding-left: 20px; margin: 0; font-size: 14px; list-style-type: disc;'>\n<li style='margin-bottom: 5px;'><strong>Gases objetivo:<\/strong> Compuestos de los gases de escape de bater\u00edas de iones de litio<\/li>\n<li style='margin-bottom: 5px;'><strong>Umbral de detecci\u00f3n:<\/strong> < 1 ppm\/sec<\/li>\n<li style='margin-bottom: 5px;'><strong>Tiempo de respuesta:<\/strong> 5 segundos<\/li>\n<li style='margin-bottom: 5px;'><strong>Detecci\u00f3n de fallos:<\/strong> Fallo de una sola celda<\/li>\n<\/ul><\/div>\n<\/p><\/div>\n<\/p><\/div>\n<div style='flex: 1 1 300px; min-width: 280px;'>\n<div style='border: 1px solid rgba(150&comma; 150&comma; 150&comma; 0.4); border-radius: 8px; overflow: hidden; display: flex; flex-direction: column; height: 100%;'>\n<div style='padding: 15px; border-bottom: 1px solid rgba(150&comma; 150&comma; 150&comma; 0.2); font-weight: bold; font-size: 18px; color: inherit;'>Especificaciones el\u00e9ctricas<\/div>\n<div style='padding: 15px; color: inherit; flex-grow: 1;'>\n<ul style='padding-left: 20px; margin: 0; font-size: 14px; list-style-type: disc;'>\n<li style='margin-bottom: 5px;'><strong>Salida digital:<\/strong> 2x Molex 10 pines<\/li>\n<li style='margin-bottom: 5px;'><strong>Tipo de se\u00f1al:<\/strong> Digital<\/li>\n<li style='margin-bottom: 5px;'><strong>Nivel de se\u00f1al normal:<\/strong> ALTA&comma; 8 \u2013 28 V CC (Tensi\u00f3n de entrada)<\/li>\n<li style='margin-bottom: 5px;'><strong>Nivel de se\u00f1al en alarma:<\/strong> BAJA&comma; ~0 V CC<\/li>\n<\/ul><\/div>\n<\/p><\/div>\n<\/p><\/div>\n<\/p><\/div>\n<p> <!-- Secci\u00f3n de configuraci\u00f3n del sistema --> <\/p>\n<div style='margin-bottom: 30px;'>\n<h3 style='font-size: 22px; border-bottom: 2px solid currentColor; padding-bottom: 5px; margin-top: 0; color: inherit; opacity: 0.8;'>Configuraci\u00f3n del sistema<\/h3>\n<p style='font-size: 15px; color: inherit; margin-top: 15px;'> El sistema de monitoreo Li-ion Tamer incluye: <\/p>\n<ul style='padding-left: 20px; font-size: 15px; color: inherit; margin-top: 10px;'>\n<li style='margin-bottom: 5px;'>Sensores de monitoreo instalados en los racks de las bater\u00edas para supervisar la liberaci\u00f3n de gases<\/li>\n<li style='margin-bottom: 5px;'>Sensores de referencia instalados para monitorear el ambiente y entradas de aire<\/li>\n<li style='margin-bottom: 5px;'>Controladores para agregar se\u00f1ales de sensores<\/li>\n<\/ul><\/div>\n<p> <!-- Secci\u00f3n de certificaciones --> <\/p>\n<div style='margin-bottom: 30px;'>\n<h3 style='font-size: 22px; border-bottom: 2px solid currentColor; padding-bottom: 5px; margin-top: 0; color: inherit; opacity: 0.8;'>Certificaciones del producto<\/h3>\n<ul style='padding-left: 20px; font-size: 15px; color: inherit; margin-top: 15px;'>\n<li style='margin-bottom: 5px;'>ETL para UL 61010 y CSA 22.2 n\u00ba 61010 de seguridad del producto<\/li>\n<li style='margin-bottom: 5px;'>EN 61326 para Directiva 2014\/30\/UE del Parlamento Europeo y del Consejo<\/li>\n<li style='margin-bottom: 5px;'>RoHS 3 UE 2015\/863<\/li>\n<\/ul><\/div>\n<p> <!-- Secci\u00f3n de consideraciones importantes --> <\/p>\n<div style='margin-bottom: 30px;'>\n<h3 style='font-size: 22px; border-bottom: 2px solid currentColor; padding-bottom: 5px; margin-top: 0; color: inherit; opacity: 0.8;'>Consideraciones importantes<\/h3>\n<p style='font-size: 15px; color: inherit; margin-top: 15px;'> Este dispositivo detecta los gases emitidos por bater\u00edas de iones de litio. No evita incendios ni fugas t\u00e9rmicas. Este dispositivo no es un equipo de seguridad aut\u00f3nomo y debe incorporarse a un sistema de seguridad adecuado. Si el dispositivo responde&comma; hay riesgo de fallo de la bater\u00eda que podr\u00eda provocar una fuga t\u00e9rmica. Para evitar lesiones&comma; se debe abandonar el lugar inmediatamente. <\/p>\n<\/p><\/div>\n<p> <!-- Separador --> <\/p>\n<hr style='border: 0; border-top: 1px solid rgba(150&comma; 150&comma; 150&comma; 0.3); margin: 30px 0;'> <\/div>\n","protected":false},"excerpt":{"rendered":"<p>Rel\u00e9 de forma C para Li-on Tamer<\/p>\n","protected":false},"featured_media":32,"comment_status":"open","ping_status":"closed","template":"","meta":[],"product_brand":[],"product_cat":[1034],"product_tag":[1035,1036,1012],"class_list":{"0":"post-35904","1":"product","2":"type-product","3":"status-publish","4":"has-post-thumbnail","6":"product_cat-bms-bas","7":"product_tag-bms","8":"product_tag-bms-bas","9":"product_tag-xtralis","11":"first","12":"outofstock","13":"sale","14":"shipping-taxable","15":"purchasable","16":"product-type-simple"},"_links":{"self":[{"href":"https:\/\/soydeaqui.ddns.net\/pachuca\/index.php\/wp-json\/wp\/v2\/product\/35904","targetHints":{"allow":["GET"]}}],"collection":[{"href":"https:\/\/soydeaqui.ddns.net\/pachuca\/index.php\/wp-json\/wp\/v2\/product"}],"about":[{"href":"https:\/\/soydeaqui.ddns.net\/pachuca\/index.php\/wp-json\/wp\/v2\/types\/product"}],"replies":[{"embeddable":true,"href":"https:\/\/soydeaqui.ddns.net\/pachuca\/index.php\/wp-json\/wp\/v2\/comments?post=35904"}],"wp:featuredmedia":[{"embeddable":true,"href":"https:\/\/soydeaqui.ddns.net\/pachuca\/index.php\/wp-json\/wp\/v2\/media\/32"}],"wp:attachment":[{"href":"https:\/\/soydeaqui.ddns.net\/pachuca\/index.php\/wp-json\/wp\/v2\/media?parent=35904"}],"wp:term":[{"taxonomy":"product_brand","embeddable":true,"href":"https:\/\/soydeaqui.ddns.net\/pachuca\/index.php\/wp-json\/wp\/v2\/product_brand?post=35904"},{"taxonomy":"product_cat","embeddable":true,"href":"https:\/\/soydeaqui.ddns.net\/pachuca\/index.php\/wp-json\/wp\/v2\/product_cat?post=35904"},{"taxonomy":"product_tag","embeddable":true,"href":"https:\/\/soydeaqui.ddns.net\/pachuca\/index.php\/wp-json\/wp\/v2\/product_tag?post=35904"}],"curies":[{"name":"wp","href":"https:\/\/api.w.org\/{rel}","templated":true}]}}