{"id":35896,"date":"2026-03-18T15:53:51","date_gmt":"2026-03-18T15:53:51","guid":{"rendered":"https:\/\/soydeaqui.ddns.net\/pachuca\/index.php\/producto\/cable-del-sensor-de-referencia-para-li-on-tamer-de-100-pulgadas-rj45-color-azul\/"},"modified":"2026-03-18T15:53:52","modified_gmt":"2026-03-18T15:53:52","slug":"cable-del-sensor-de-referencia-para-li-on-tamer-de-100-pulgadas-rj45-color-azul","status":"publish","type":"product","link":"https:\/\/soydeaqui.ddns.net\/pachuca\/index.php\/producto\/cable-del-sensor-de-referencia-para-li-on-tamer-de-100-pulgadas-rj45-color-azul\/","title":{"rendered":"Cable del sensor de referencia para Li-on Tamer de 100 pulgadas , RJ45 color Azul"},"content":{"rendered":"<div style='width: 100%; max-width: 1200px; margin: 0 auto; font-family: sans-serif; line-height: 1.6; color: inherit; background-color: transparent;'>\n<div style='display: flex; flex-wrap: wrap; gap: 30px; margin-bottom: 30px;'>\n<div style='flex: 1 1 300px; min-width: 280px;'>\n<h3 style='font-size: 22px; border-bottom: 2px solid currentColor; padding-bottom: 5px; margin-top: 0; color: inherit; opacity: 0.8;'>Caracter\u00edsticas Principales<\/h3>\n<ul style='padding-left: 20px; font-size: 15px; color: inherit;'>\n<li style='margin-bottom: 5px;'>Cable del sensor de referencia para Li-on Tamer de 100 pulgadas<\/li>\n<li style='margin-bottom: 5px;'>Conector tipo RJ45<\/li>\n<li style='margin-bottom: 5px;'>Color Azul<\/li>\n<li style='margin-bottom: 5px;'>Dise\u00f1ado para detecci\u00f3n de gases en sistemas de bater\u00edas de iones de litio<\/li>\n<li style='margin-bottom: 5px;'>Parte del sistema de monitoreo Li-ion Tamer para detecci\u00f3n temprana de fallos en bater\u00edas<\/li>\n<li style='margin-bottom: 5px;'>Permite mitigaci\u00f3n temprana de riesgos de fuga t\u00e9rmica<\/li>\n<li style='margin-bottom: 5px;'>No requiere calibraci\u00f3n<\/li>\n<\/ul><\/div>\n<div style='flex: 1 1 300px; min-width: 280px;'>\n<h3 style='font-size: 22px; border-bottom: 2px solid currentColor; padding-bottom: 5px; margin-top: 0; color: inherit; opacity: 0.8;'>Aplicaciones<\/h3>\n<ul style='padding-left: 20px; font-size: 15px; color: inherit;'>\n<li style='margin-bottom: 5px;'>Sistemas de almacenamiento de energ\u00eda (ESS)<\/li>\n<li style='margin-bottom: 5px;'>Centros de datos con sistemas de bater\u00edas de iones de litio<\/li>\n<li style='margin-bottom: 5px;'>Instalaciones industriales con racks de bater\u00edas de litio<\/li>\n<li style='margin-bottom: 5px;'>Sistemas de respaldo de energ\u00eda cr\u00edtica<\/li>\n<li style='margin-bottom: 5px;'>Infraestructuras de telecomunicaciones<\/li>\n<\/ul><\/div>\n<\/p><\/div>\n<div style='display: flex; flex-wrap: wrap; gap: 30px; margin-bottom: 30px;'>\n<div style='flex: 1 1 300px; min-width: 280px;'>\n<h3 style='font-size: 22px; border-bottom: 2px solid currentColor; padding-bottom: 5px; margin-top: 0; color: inherit; opacity: 0.8;'>Especificaciones T\u00e9cnicas<\/h3>\n<ul style='padding-left: 20px; font-size: 15px; color: inherit;'>\n<li style='margin-bottom: 5px;'><strong>Longitud:<\/strong> 100 pulgadas (2.54 metros)<\/li>\n<li style='margin-bottom: 5px;'><strong>Conector:<\/strong> RJ45<\/li>\n<li style='margin-bottom: 5px;'><strong>Color:<\/strong> Azul<\/li>\n<li style='margin-bottom: 5px;'><strong>Tipo:<\/strong> Cable de sensor de referencia<\/li>\n<li style='margin-bottom: 5px;'><strong>Compatibilidad:<\/strong> Sistema Li-ion Tamer<\/li>\n<li style='margin-bottom: 5px;'><strong>Funci\u00f3n:<\/strong> Monitoreo ambiental y cancelaci\u00f3n de se\u00f1ales en modo com\u00fan<\/li>\n<\/ul><\/div>\n<div style='flex: 1 1 300px; min-width: 280px;'>\n<h3 style='font-size: 22px; border-bottom: 2px solid currentColor; padding-bottom: 5px; margin-top: 0; color: inherit; opacity: 0.8;'>Condiciones Ambientales<\/h3>\n<ul style='padding-left: 20px; font-size: 15px; color: inherit;'>\n<li style='margin-bottom: 5px;'><strong>Temperatura de operaci\u00f3n:<\/strong> -10\u00b0C a +60\u00b0C<\/li>\n<li style='margin-bottom: 5px;'><strong>Humedad:<\/strong> 5% a 95% sin condensaci\u00f3n<\/li>\n<li style='margin-bottom: 5px;'><strong>M\u00e1ximo cambio de temperatura:<\/strong> 8.6\u00b0C\/min<\/li>\n<\/ul><\/div>\n<\/p><\/div>\n<div style='display: flex; flex-wrap: wrap; gap: 20px; margin-bottom: 30px;'>\n<div style='flex: 1 1 250px; border: 1px solid rgba(150&comma; 150&comma; 150&comma; 0.4); border-radius: 8px; overflow: hidden; display: flex; flex-direction: column;'>\n<div style='padding: 15px; border-bottom: 1px solid rgba(150&comma; 150&comma; 150&comma; 0.2); font-weight: bold; font-size: 18px; color: inherit;'>Certificaciones<\/div>\n<div style='padding: 15px; color: inherit;'>\n<ul style='padding-left: 20px; margin: 0; font-size: 14px; list-style-type: disc;'>\n<li style='margin-bottom: 5px;'>ETL para UL 61010 y CSA 22.2 n.\u00ba 61010<\/li>\n<li style='margin-bottom: 5px;'>EN 61326 para Directiva 2014\/30\/UE<\/li>\n<li style='margin-bottom: 5px;'>RoHS 3 UE 2015\/863<\/li>\n<\/ul><\/div>\n<\/p><\/div>\n<div style='flex: 1 1 250px; border: 1px solid rgba(150&comma; 150&comma; 150&comma; 0.4); border-radius: 8px; overflow: hidden; display: flex; flex-direction: column;'>\n<div style='padding: 15px; border-bottom: 1px solid rgba(150&comma; 150&comma; 150&comma; 0.2); font-weight: bold; font-size: 18px; color: inherit;'>Compatibilidad<\/div>\n<div style='padding: 15px; color: inherit;'>\n<ul style='padding-left: 20px; margin: 0; font-size: 14px; list-style-type: disc;'>\n<li style='margin-bottom: 5px;'>Factor de forma de todas las bater\u00edas de iones de litio<\/li>\n<li style='margin-bottom: 5px;'>Elementos qu\u00edmicos de bater\u00edas de litio<\/li>\n<\/ul><\/div>\n<\/p><\/div>\n<div style='flex: 1 1 250px; border: 1px solid rgba(150&comma; 150&comma; 150&comma; 0.4); border-radius: 8px; overflow: hidden; display: flex; flex-direction: column;'>\n<div style='padding: 15px; border-bottom: 1px solid rgba(150&comma; 150&comma; 150&comma; 0.2); font-weight: bold; font-size: 18px; color: inherit;'>Vida \u00datil<\/div>\n<div style='padding: 15px; color: inherit;'>\n<ul style='padding-left: 20px; margin: 0; font-size: 14px; list-style-type: disc;'>\n<li style='margin-bottom: 5px;'>Vida \u00fatil objetivo: > 10 a\u00f1os<\/li>\n<li style='margin-bottom: 5px;'>Garant\u00eda: 2 a\u00f1os<\/li>\n<\/ul><\/div>\n<\/p><\/div>\n<\/p><\/div>\n<div style='display: flex; flex-wrap: wrap; gap: 30px; margin-bottom: 30px;'>\n<div style='flex: 1 1 300px; min-width: 280px;'>\n<h3 style='font-size: 22px; border-bottom: 2px solid currentColor; padding-bottom: 5px; margin-top: 0; color: inherit; opacity: 0.8;'>Informaci\u00f3n Importante<\/h3>\n<p style='font-size: 15px; color: inherit; margin-bottom: 15px;'>Este dispositivo detecta los gases emitidos por bater\u00edas de iones de litio. No evita incendios ni fugas t\u00e9rmicas. Este dispositivo no es un equipo de seguridad aut\u00f3nomo y debe incorporarse a un sistema de seguridad adecuado. Si el dispositivo responde&comma; hay riesgo de fallo de la bater\u00eda que podr\u00eda provocar una fuga t\u00e9rmica. Para evitar lesiones&comma; se debe abandonar el lugar inmediatamente.<\/p>\n<\/p><\/div>\n<\/p><\/div>\n<hr style='border: 0; border-top: 1px solid rgba(150&comma; 150&comma; 150&comma; 0.3); margin: 30px 0;'> <\/div>\n","protected":false},"excerpt":{"rendered":"<p>Cable del sensor de referencia para Li-on Tamer de 100 pulgadas , RJ45 color Azul<\/p>\n","protected":false},"featured_media":35895,"comment_status":"open","ping_status":"closed","template":"","meta":[],"product_brand":[],"product_cat":[987],"product_tag":[988,522,1012],"class_list":{"0":"post-35896","1":"product","2":"type-product","3":"status-publish","4":"has-post-thumbnail","6":"product_cat-detectores-de-gases","7":"product_tag-detectores-de-gases","8":"product_tag-dispositivos-convencionales","9":"product_tag-xtralis","11":"first","12":"outofstock","13":"sale","14":"shipping-taxable","15":"purchasable","16":"product-type-simple"},"_links":{"self":[{"href":"https:\/\/soydeaqui.ddns.net\/pachuca\/index.php\/wp-json\/wp\/v2\/product\/35896","targetHints":{"allow":["GET"]}}],"collection":[{"href":"https:\/\/soydeaqui.ddns.net\/pachuca\/index.php\/wp-json\/wp\/v2\/product"}],"about":[{"href":"https:\/\/soydeaqui.ddns.net\/pachuca\/index.php\/wp-json\/wp\/v2\/types\/product"}],"replies":[{"embeddable":true,"href":"https:\/\/soydeaqui.ddns.net\/pachuca\/index.php\/wp-json\/wp\/v2\/comments?post=35896"}],"wp:featuredmedia":[{"embeddable":true,"href":"https:\/\/soydeaqui.ddns.net\/pachuca\/index.php\/wp-json\/wp\/v2\/media\/35895"}],"wp:attachment":[{"href":"https:\/\/soydeaqui.ddns.net\/pachuca\/index.php\/wp-json\/wp\/v2\/media?parent=35896"}],"wp:term":[{"taxonomy":"product_brand","embeddable":true,"href":"https:\/\/soydeaqui.ddns.net\/pachuca\/index.php\/wp-json\/wp\/v2\/product_brand?post=35896"},{"taxonomy":"product_cat","embeddable":true,"href":"https:\/\/soydeaqui.ddns.net\/pachuca\/index.php\/wp-json\/wp\/v2\/product_cat?post=35896"},{"taxonomy":"product_tag","embeddable":true,"href":"https:\/\/soydeaqui.ddns.net\/pachuca\/index.php\/wp-json\/wp\/v2\/product_tag?post=35896"}],"curies":[{"name":"wp","href":"https:\/\/api.w.org\/{rel}","templated":true}]}}