{"id":35885,"date":"2026-03-18T15:53:39","date_gmt":"2026-03-18T15:53:39","guid":{"rendered":"https:\/\/soydeaqui.ddns.net\/pachuca\/index.php\/producto\/programador-manual-para-sensores-y-modulos-direccionables-hochiki-0700-03500\/"},"modified":"2026-03-18T15:53:39","modified_gmt":"2026-03-18T15:53:39","slug":"programador-manual-para-sensores-y-modulos-direccionables-hochiki-0700-03500","status":"publish","type":"product","link":"https:\/\/soydeaqui.ddns.net\/pachuca\/index.php\/producto\/programador-manual-para-sensores-y-modulos-direccionables-hochiki-0700-03500\/","title":{"rendered":"Programador Manual para Sensores y M\u00f3dulos Direccionables Hochiki (0700-03500)"},"content":{"rendered":"<div style='width: 100%; max-width: 1200px; margin: 0 auto; font-family: sans-serif; line-height: 1.6; color: inherit; background-color: transparent;'> <!-- Secci\u00f3n de contenido con flex\/grid --> <\/p>\n<div style='display: flex; flex-wrap: wrap; gap: 30px; margin-bottom: 30px;'>\n<div style='flex: 1 1 300px; min-width: 280px;'>\n<h3 style='font-size: 22px; border-bottom: 2px solid currentColor; padding-bottom: 5px; margin-top: 0; color: inherit; opacity: 0.8;'>Aplicaci\u00f3n<\/h3>\n<p style='font-size: 15px; color: inherit; margin-top: 0; margin-bottom: 15px;'>El AP7 est\u00e1 dise\u00f1ado para usarse con todos los sensores anal\u00f3gicos y m\u00f3dulos.<\/p>\n<\/p><\/div>\n<\/p><\/div>\n<p> <!-- Secci\u00f3n de caracter\u00edsticas --> <\/p>\n<div style='display: flex; flex-wrap: wrap; gap: 30px; margin-bottom: 30px;'>\n<div style='flex: 1 1 300px; min-width: 280px;'>\n<h3 style='font-size: 22px; border-bottom: 2px solid currentColor; padding-bottom: 5px; margin-top: 0; color: inherit; opacity: 0.8;'>Caracter\u00edsticas est\u00e1ndar<\/h3>\n<ul style='padding-left: 20px; font-size: 15px; color: inherit;'>\n<li style='margin-bottom: 5px;'>Unidad compacta<\/li>\n<li style='margin-bottom: 5px;'>F\u00e1cil de usar<\/li>\n<li style='margin-bottom: 5px;'>Proporciona configuraci\u00f3n y lectura de direcciones<\/li>\n<li style='margin-bottom: 5px;'>Se puede utilizar tanto en sensores como en m\u00f3dulos<\/li>\n<li style='margin-bottom: 5px;'>Tiene la capacidad de diagn\u00f3stico para mostrar los valores anal\u00f3gicos<\/li>\n<li style='margin-bottom: 5px;'>M\u00e1s de 8000 configuraciones de direcciones con una sola bater\u00eda<\/li>\n<\/ul><\/div>\n<div style='flex: 1 1 300px; min-width: 280px;'>\n<h3 style='font-size: 22px; border-bottom: 2px solid currentColor; padding-bottom: 5px; margin-top: 0; color: inherit; opacity: 0.8;'>Especificaciones t\u00e9cnicas<\/h3>\n<ul style='padding-left: 20px; font-size: 15px; color: inherit;'>\n<li style='margin-bottom: 5px;'><strong>Voltaje nominal:<\/strong> 9 VDC<\/li>\n<li style='margin-bottom: 5px;'><strong>Bater\u00eda:<\/strong> 9 VDC<\/li>\n<li style='margin-bottom: 5px;'><strong>Peso:<\/strong> 0.34 lbs<\/li>\n<li style='margin-bottom: 5px;'><strong>Longitud:<\/strong> 6 1\/4 pulgadas<\/li>\n<li style='margin-bottom: 5px;'><strong>Color:<\/strong> Blanco<\/li>\n<\/ul><\/div>\n<\/p><\/div>\n<p> <!-- Secci\u00f3n de instrucciones --> <\/p>\n<div style='display: flex; flex-wrap: wrap; gap: 30px; margin-bottom: 30px;'>\n<div style='flex: 1 1 300px; min-width: 280px;'>\n<h3 style='font-size: 22px; border-bottom: 2px solid currentColor; padding-bottom: 5px; margin-top: 0; color: inherit; opacity: 0.8;'>Instrucciones de programaci\u00f3n<\/h3>\n<ol style='padding-left: 20px; font-size: 15px; color: inherit;'>\n<li style='margin-bottom: 5px;'>Instale el sensor en el programador asegur\u00e1ndose de que los salientes del sensor coincidan con las ranuras del programador<\/li>\n<li style='margin-bottom: 5px;'>Presione el bot\u00f3n izquierdo para encender el programador. Aparecer\u00e1 un mensaje de verificaci\u00f3n de firmware y bater\u00eda seguido de la direcci\u00f3n del dispositivo (las direcciones predeterminadas de f\u00e1brica son 127 o 255)<\/li>\n<li style='margin-bottom: 5px;'>Establezca la direcci\u00f3n requerida incrementando los botones izquierdo y derecho (la pantalla mostrar\u00e1 tres puntos intermitentes si la direcci\u00f3n que se est\u00e1 programando es diferente de la direcci\u00f3n actual del dispositivo)<\/li>\n<li style='margin-bottom: 5px;'>Cuando aparezca la direcci\u00f3n deseada&comma; presione el bot\u00f3n superior para almacenar esa direcci\u00f3n. Los puntos intermitentes en la pantalla desaparecer\u00e1n y el dispositivo se puede desconectar<\/li>\n<\/ol><\/div>\n<div style='flex: 1 1 300px; min-width: 280px;'>\n<h3 style='font-size: 22px; border-bottom: 2px solid currentColor; padding-bottom: 5px; margin-top: 0; color: inherit; opacity: 0.8;'>Prueba de detector de humo<\/h3>\n<ol style='padding-left: 20px; font-size: 15px; color: inherit;'>\n<li style='margin-bottom: 5px;'>Instale el detector y encienda el programador<\/li>\n<li style='margin-bottom: 5px;'>Presione el bot\u00f3n superior. Aparecer\u00e1 una &#8216;A&#8217; en la pantalla seguida del valor anal\u00f3gico<\/li>\n<li style='margin-bottom: 5px;'>El valor se actualizar\u00e1 continuamente durante tres minutos. Los valores t\u00edpicos en aire limpio de un detector limpio est\u00e1n entre 56-66<\/li>\n<li style='margin-bottom: 5px;'>Un valor de aire limpio mayor a 87 indica que el detector debe limpiarse<\/li>\n<\/ol><\/div>\n<\/p><\/div>\n<p> <!-- Secci\u00f3n de mensajes de display --> <\/p>\n<div style='display: flex; flex-wrap: wrap; gap: 30px; margin-bottom: 30px;'>\n<div style='flex: 1 1 300px; min-width: 280px;'>\n<h3 style='font-size: 22px; border-bottom: 2px solid currentColor; padding-bottom: 5px; margin-top: 0; color: inherit; opacity: 0.8;'>Mensajes de visualizaci\u00f3n<\/h3>\n<ul style='padding-left: 20px; font-size: 15px; color: inherit;'>\n<li style='margin-bottom: 5px;'><strong>bAt:<\/strong> Aparece al encender (verificaci\u00f3n de bater\u00eda). Tambi\u00e9n aparece cuando la bater\u00eda est\u00e1 baja. Una bater\u00eda baja es suficiente para hasta 3&comma;000 operaciones de programaci\u00f3n de direcciones<\/li>\n<li style='margin-bottom: 5px;'><strong>E0:<\/strong> Intentando establecer una direcci\u00f3n superior a 127 o 255<\/li>\n<li style='margin-bottom: 5px;'><strong>E1:<\/strong> Intentando programar una direcci\u00f3n sin dispositivo conectado<\/li>\n<li style='margin-bottom: 5px;'><strong>E2:<\/strong> No se puede encontrar el dispositivo despu\u00e9s del encendido<\/li>\n<li style='margin-bottom: 5px;'><strong>E3:<\/strong> Respuesta de sensor inv\u00e1lida<\/li>\n<li style='margin-bottom: 5px;'><strong>E4:<\/strong> No se puede encontrar el programa del dispositivo<\/li>\n<li style='margin-bottom: 5px;'><strong>E5:<\/strong> Error de lectura del dispositivo<\/li>\n<li style='margin-bottom: 5px;'><strong>E6:<\/strong> Fallo durante la lectura de valor anal\u00f3gico<\/li>\n<\/ul><\/div>\n<\/p><\/div>\n<p> <!-- Separador --> <\/p>\n<hr style='border: 0; border-top: 1px solid rgba(150&comma; 150&comma; 150&comma; 0.3); margin: 30px 0;'> <\/div>\n","protected":false},"excerpt":{"rendered":"<p>Programador Manual para Sensores y M\u00f3dulos Direccionables Hochiki (0700-03500)<\/p>\n","protected":false},"featured_media":35884,"comment_status":"open","ping_status":"closed","template":"","meta":[],"product_brand":[],"product_cat":[448],"product_tag":[449,406,225],"class_list":{"0":"post-35885","1":"product","2":"type-product","3":"status-publish","4":"has-post-thumbnail","6":"product_cat-todo-accesorios-y-dispositivos-direccionables","7":"product_tag-accesorios-y-dispositivos-direccionables","8":"product_tag-hochiki","9":"product_tag-todo","11":"first","12":"instock","13":"sale","14":"shipping-taxable","15":"purchasable","16":"product-type-simple"},"_links":{"self":[{"href":"https:\/\/soydeaqui.ddns.net\/pachuca\/index.php\/wp-json\/wp\/v2\/product\/35885","targetHints":{"allow":["GET"]}}],"collection":[{"href":"https:\/\/soydeaqui.ddns.net\/pachuca\/index.php\/wp-json\/wp\/v2\/product"}],"about":[{"href":"https:\/\/soydeaqui.ddns.net\/pachuca\/index.php\/wp-json\/wp\/v2\/types\/product"}],"replies":[{"embeddable":true,"href":"https:\/\/soydeaqui.ddns.net\/pachuca\/index.php\/wp-json\/wp\/v2\/comments?post=35885"}],"wp:featuredmedia":[{"embeddable":true,"href":"https:\/\/soydeaqui.ddns.net\/pachuca\/index.php\/wp-json\/wp\/v2\/media\/35884"}],"wp:attachment":[{"href":"https:\/\/soydeaqui.ddns.net\/pachuca\/index.php\/wp-json\/wp\/v2\/media?parent=35885"}],"wp:term":[{"taxonomy":"product_brand","embeddable":true,"href":"https:\/\/soydeaqui.ddns.net\/pachuca\/index.php\/wp-json\/wp\/v2\/product_brand?post=35885"},{"taxonomy":"product_cat","embeddable":true,"href":"https:\/\/soydeaqui.ddns.net\/pachuca\/index.php\/wp-json\/wp\/v2\/product_cat?post=35885"},{"taxonomy":"product_tag","embeddable":true,"href":"https:\/\/soydeaqui.ddns.net\/pachuca\/index.php\/wp-json\/wp\/v2\/product_tag?post=35885"}],"curies":[{"name":"wp","href":"https:\/\/api.w.org\/{rel}","templated":true}]}}