{"id":35883,"date":"2026-03-18T15:53:37","date_gmt":"2026-03-18T15:53:37","guid":{"rendered":"https:\/\/soydeaqui.ddns.net\/pachuca\/index.php\/producto\/sensor-de-presion-humeda-de-100-psi-sin-cable\/"},"modified":"2026-03-18T15:53:37","modified_gmt":"2026-03-18T15:53:37","slug":"sensor-de-presion-humeda-de-100-psi-sin-cable","status":"publish","type":"product","link":"https:\/\/soydeaqui.ddns.net\/pachuca\/index.php\/producto\/sensor-de-presion-humeda-de-100-psi-sin-cable\/","title":{"rendered":"Sensor de presi\u00f3n h\u00fameda de 100 psi sin cable"},"content":{"rendered":"<div style='width: 100%; max-width: 1200px; margin: 0 auto; font-family: sans-serif; line-height: 1.6; color: inherit; background-color: transparent;'>\n<div style='display: flex; flex-wrap: wrap; gap: 30px; margin-bottom: 30px;'>\n<div style='flex: 1 1 300px; min-width: 280px;'>\n<h3 style='font-size: 22px; border-bottom: 2px solid currentColor; padding-bottom: 5px; margin-top: 0; color: inherit; opacity: 0.8;'>Descripci\u00f3n general<\/h3>\n<div style='font-size: 15px; color: inherit; padding-right: 15px;'>\n<p>Los sensores de presi\u00f3n diferencial h\u00famedo PWTB Series proporcionan medici\u00f3n y control fiable y preciso para aplicaciones adecuadas&comma; incluyendo el monitoreo y control de la presi\u00f3n diferencial de la bomba&comma; la ca\u00edda de presi\u00f3n diferencial en el enfriador\/caldera y la presi\u00f3n diferencial del sistema CW\/HW.<\/p>\n<p>El PWTB Series es ideal para medir la presi\u00f3n en bombas&comma; filtros&comma; intercambiadores de calor&comma; compresores y otras aplicaciones no corrosivas con medios h\u00famedos.<\/p>\n<\/p><\/div>\n<\/p><\/div>\n<div style='flex: 1 1 300px; min-width: 280px;'>\n<h3 style='font-size: 22px; border-bottom: 2px solid currentColor; padding-bottom: 5px; margin-top: 0; color: inherit; opacity: 0.8;'>Caracter\u00edsticas principales<\/h3>\n<div style='font-size: 15px; color: inherit;'>\n<ul style='padding-left: 20px; margin: 0; list-style-type: disc;'>\n<li style='margin-bottom: 5px;'>El PWTB Series ofrece tres rangos de presi\u00f3n seleccionables en campo<\/li>\n<li style='margin-bottom: 5px;'>Modos de operaci\u00f3n bidireccionales\/unidireccionales<\/li>\n<li style='margin-bottom: 5px;'>Salida configurable: 4-20 mA&comma; 0-5 Vdc o 0-10 Vdc<\/li>\n<\/ul><\/div>\n<\/p><\/div>\n<\/p><\/div>\n<\/p><\/div>\n","protected":false},"excerpt":{"rendered":"<p>Sensor de presi\u00f3n h\u00fameda de 100 psi sin cable<\/p>\n","protected":false},"featured_media":35882,"comment_status":"open","ping_status":"closed","template":"","meta":[],"product_brand":[],"product_cat":[1034],"product_tag":[1035,1036,1037],"class_list":{"0":"post-35883","1":"product","2":"type-product","3":"status-publish","4":"has-post-thumbnail","6":"product_cat-bms-bas","7":"product_tag-bms","8":"product_tag-bms-bas","9":"product_tag-honeywell-bms","11":"first","12":"instock","13":"sale","14":"shipping-taxable","15":"purchasable","16":"product-type-simple"},"_links":{"self":[{"href":"https:\/\/soydeaqui.ddns.net\/pachuca\/index.php\/wp-json\/wp\/v2\/product\/35883","targetHints":{"allow":["GET"]}}],"collection":[{"href":"https:\/\/soydeaqui.ddns.net\/pachuca\/index.php\/wp-json\/wp\/v2\/product"}],"about":[{"href":"https:\/\/soydeaqui.ddns.net\/pachuca\/index.php\/wp-json\/wp\/v2\/types\/product"}],"replies":[{"embeddable":true,"href":"https:\/\/soydeaqui.ddns.net\/pachuca\/index.php\/wp-json\/wp\/v2\/comments?post=35883"}],"wp:featuredmedia":[{"embeddable":true,"href":"https:\/\/soydeaqui.ddns.net\/pachuca\/index.php\/wp-json\/wp\/v2\/media\/35882"}],"wp:attachment":[{"href":"https:\/\/soydeaqui.ddns.net\/pachuca\/index.php\/wp-json\/wp\/v2\/media?parent=35883"}],"wp:term":[{"taxonomy":"product_brand","embeddable":true,"href":"https:\/\/soydeaqui.ddns.net\/pachuca\/index.php\/wp-json\/wp\/v2\/product_brand?post=35883"},{"taxonomy":"product_cat","embeddable":true,"href":"https:\/\/soydeaqui.ddns.net\/pachuca\/index.php\/wp-json\/wp\/v2\/product_cat?post=35883"},{"taxonomy":"product_tag","embeddable":true,"href":"https:\/\/soydeaqui.ddns.net\/pachuca\/index.php\/wp-json\/wp\/v2\/product_tag?post=35883"}],"curies":[{"name":"wp","href":"https:\/\/api.w.org\/{rel}","templated":true}]}}