{"id":35879,"date":"2026-03-18T15:53:32","date_gmt":"2026-03-18T15:53:32","guid":{"rendered":"https:\/\/soydeaqui.ddns.net\/pachuca\/index.php\/producto\/transductor-de-corriente-de-nucleo-dividido-de-4-20ma-5-10-20a-con-capacidad-de-hasta-200a\/"},"modified":"2026-03-18T15:53:32","modified_gmt":"2026-03-18T15:53:32","slug":"transductor-de-corriente-de-nucleo-dividido-de-4-20ma-5-10-20a-con-capacidad-de-hasta-200a","status":"publish","type":"product","link":"https:\/\/soydeaqui.ddns.net\/pachuca\/index.php\/producto\/transductor-de-corriente-de-nucleo-dividido-de-4-20ma-5-10-20a-con-capacidad-de-hasta-200a\/","title":{"rendered":"Transductor de corriente de nucleo dividido de  4-20mA , 5\/10\/20A , con capacidad de hasta 200A"},"content":{"rendered":"<div style='width: 100%; max-width: 1200px; margin: 0 auto; font-family: sans-serif; line-height: 1.6; color: inherit; background-color: transparent;'> <!-- Secci\u00f3n de caracter\u00edsticas --> <\/p>\n<div style='display: flex; flex-wrap: wrap; gap: 30px; margin-bottom: 30px;'>\n<div style='flex: 1 1 300px; min-width: 280px;'>\n<h3 style='font-size: 22px; border-bottom: 2px solid currentColor; padding-bottom: 5px; margin-top: 0; color: inherit; opacity: 0.8;'>Caracter\u00edsticas Principales<\/h3>\n<ul style='padding-left: 20px; font-size: 15px; color: inherit;'>\n<li style='margin-bottom: 5px;'>Dise\u00f1o de n\u00facleo dividido para instalaci\u00f3n sencilla sin desconectar cables<\/li>\n<li style='margin-bottom: 5px;'>Alta precisi\u00f3n y linealidad<\/li>\n<li style='margin-bottom: 5px;'>Escala seleccionable para mayor precisi\u00f3n en mediciones<\/li>\n<li style='margin-bottom: 5px;'>Tiempo de respuesta r\u00e1pido<\/li>\n<li style='margin-bottom: 5px;'>Tornillo de montaje en DIN rail integrado<\/li>\n<li style='margin-bottom: 5px;'>Salida polarizada (sensible a polaridad)<\/li>\n<li style='margin-bottom: 5px;'>Opcional rel\u00e9 de comando para estado de arranque-paro<\/li>\n<li style='margin-bottom: 5px;'>Salida lineal proporcional de 4-20mA<\/li>\n<li style='margin-bottom: 5px;'>Alimentaci\u00f3n por bucle (loop-powered)<\/li>\n<\/ul><\/div>\n<p> <!-- Secci\u00f3n de especificaciones t\u00e9cnicas --> <\/p>\n<div style='flex: 1 1 300px; min-width: 280px;'>\n<h3 style='font-size: 22px; border-bottom: 2px solid currentColor; padding-bottom: 5px; margin-top: 0; color: inherit; opacity: 0.8;'>Especificaciones T\u00e9cnicas<\/h3>\n<ul style='padding-left: 20px; font-size: 15px; color: inherit;'>\n<li style='margin-bottom: 5px;'><strong>Rango seleccionable:<\/strong> 5\/10\/20A<\/li>\n<li style='margin-bottom: 5px;'><strong>Corriente m\u00e1xima:<\/strong> 200A<\/li>\n<li style='margin-bottom: 5px;'><strong>Salida:<\/strong> 4-20mA<\/li>\n<li style='margin-bottom: 5px;'><strong>Tensi\u00f3n de alimentaci\u00f3n:<\/strong> 12-30Vdc para sensores con bucle alimentado<\/li>\n<li style='margin-bottom: 5px;'><strong>Precisi\u00f3n:<\/strong> \u00b12% del valor nominal sobre rango del 10 al 100%<\/li>\n<li style='margin-bottom: 5px;'><strong>Rango de temperatura:<\/strong> -15\u00b0C a 60\u00b0C<\/li>\n<li style='margin-bottom: 5px;'><strong>Clase de aislamiento:<\/strong> 600V RMS (solo para conductores aislados)<\/li>\n<li style='margin-bottom: 5px;'><strong>Dimensiones:<\/strong> 2.94&#8242; x 2.23&#8242; x 0.82&#8242; (74.7 x 56.6 x 20.8 mm)<\/li>\n<li style='margin-bottom: 5px;'><strong>Abertura del sensor:<\/strong> 0.75&#8242; (19 mm)<\/li>\n<li style='margin-bottom: 5px;'><strong>Grado de contaminaci\u00f3n:<\/strong> 2 (no conductor\/no condensante)<\/li>\n<li style='margin-bottom: 5px;'><strong>Frecuencia:<\/strong> 50\/60Hz<\/li>\n<\/ul><\/div>\n<\/p><\/div>\n<p> <!-- Secci\u00f3n de aplicaciones --> <\/p>\n<div style='display: flex; flex-wrap: wrap; gap: 30px; margin-bottom: 30px;'>\n<div style='flex: 1 1 300px; min-width: 280px;'>\n<h3 style='font-size: 22px; border-bottom: 2px solid currentColor; padding-bottom: 5px; margin-top: 0; color: inherit; opacity: 0.8;'>Aplicaciones<\/h3>\n<ul style='padding-left: 20px; font-size: 15px; color: inherit;'>\n<li style='margin-bottom: 5px;'>Monitoreo de corriente en equipos el\u00e9ctricos<\/li>\n<li style='margin-bottom: 5px;'>Tendencia de carga (current monitoring)<\/li>\n<li style='margin-bottom: 5px;'>Monitoreo de motores y bombas<\/li>\n<li style='margin-bottom: 5px;'>Control de corriente en calentadores el\u00e9ctricos<\/li>\n<\/ul><\/div>\n<p> <!-- Secci\u00f3n de informaci\u00f3n adicional --> <\/p>\n<div style='flex: 1 1 300px; min-width: 280px;'>\n<h3 style='font-size: 22px; border-bottom: 2px solid currentColor; padding-bottom: 5px; margin-top: 0; color: inherit; opacity: 0.8;'>Informaci\u00f3n Adicional<\/h3>\n<ul style='padding-left: 20px; font-size: 15px; color: inherit;'>\n<li style='margin-bottom: 5px;'><strong>Calibraci\u00f3n:<\/strong> Rango seleccionado en f\u00e1brica<\/li>\n<li style='margin-bottom: 5px;'><strong>Condiciones de carga:<\/strong> Usar conductores con aislamiento m\u00ednimo de 75\u00b0C<\/li>\n<li style='margin-bottom: 5px;'><strong>Condiciones ambientales:<\/strong> Grado de contaminaci\u00f3n 2<\/li>\n<li style='margin-bottom: 5px;'><strong>Garant\u00eda:<\/strong> 5 a\u00f1os limitada<\/li>\n<\/ul><\/div>\n<\/p><\/div>\n<p> <!-- Separador --> <\/p>\n<hr style='border: 0; border-top: 1px solid rgba(150&comma; 150&comma; 150&comma; 0.3); margin: 30px 0;'> <\/div>\n","protected":false},"excerpt":{"rendered":"<p>Transductor de corriente de nucleo dividido de  4-20mA , 5\/10\/20A , con capacidad de hasta 200A<\/p>\n","protected":false},"featured_media":35878,"comment_status":"open","ping_status":"closed","template":"","meta":[],"product_brand":[],"product_cat":[1034],"product_tag":[1035,1036,1037],"class_list":{"0":"post-35879","1":"product","2":"type-product","3":"status-publish","4":"has-post-thumbnail","6":"product_cat-bms-bas","7":"product_tag-bms","8":"product_tag-bms-bas","9":"product_tag-honeywell-bms","11":"first","12":"outofstock","13":"sale","14":"shipping-taxable","15":"purchasable","16":"product-type-simple"},"_links":{"self":[{"href":"https:\/\/soydeaqui.ddns.net\/pachuca\/index.php\/wp-json\/wp\/v2\/product\/35879","targetHints":{"allow":["GET"]}}],"collection":[{"href":"https:\/\/soydeaqui.ddns.net\/pachuca\/index.php\/wp-json\/wp\/v2\/product"}],"about":[{"href":"https:\/\/soydeaqui.ddns.net\/pachuca\/index.php\/wp-json\/wp\/v2\/types\/product"}],"replies":[{"embeddable":true,"href":"https:\/\/soydeaqui.ddns.net\/pachuca\/index.php\/wp-json\/wp\/v2\/comments?post=35879"}],"wp:featuredmedia":[{"embeddable":true,"href":"https:\/\/soydeaqui.ddns.net\/pachuca\/index.php\/wp-json\/wp\/v2\/media\/35878"}],"wp:attachment":[{"href":"https:\/\/soydeaqui.ddns.net\/pachuca\/index.php\/wp-json\/wp\/v2\/media?parent=35879"}],"wp:term":[{"taxonomy":"product_brand","embeddable":true,"href":"https:\/\/soydeaqui.ddns.net\/pachuca\/index.php\/wp-json\/wp\/v2\/product_brand?post=35879"},{"taxonomy":"product_cat","embeddable":true,"href":"https:\/\/soydeaqui.ddns.net\/pachuca\/index.php\/wp-json\/wp\/v2\/product_cat?post=35879"},{"taxonomy":"product_tag","embeddable":true,"href":"https:\/\/soydeaqui.ddns.net\/pachuca\/index.php\/wp-json\/wp\/v2\/product_tag?post=35879"}],"curies":[{"name":"wp","href":"https:\/\/api.w.org\/{rel}","templated":true}]}}