{"id":35868,"date":"2026-03-18T15:53:19","date_gmt":"2026-03-18T15:53:19","guid":{"rendered":"https:\/\/soydeaqui.ddns.net\/pachuca\/index.php\/producto\/transformador-de-corriente-de-nucleo-dividido-abertura-de-944-pulgadas-rango-de-corriente-de-1-a-250-a-salida-333mv-2\/"},"modified":"2026-03-18T15:53:19","modified_gmt":"2026-03-18T15:53:19","slug":"transformador-de-corriente-de-nucleo-dividido-abertura-de-944-pulgadas-rango-de-corriente-de-1-a-250-a-salida-333mv-2","status":"publish","type":"product","link":"https:\/\/soydeaqui.ddns.net\/pachuca\/index.php\/producto\/transformador-de-corriente-de-nucleo-dividido-abertura-de-944-pulgadas-rango-de-corriente-de-1-a-250-a-salida-333mv-2\/","title":{"rendered":"Transformador de Corriente  de nucleo dividido , abertura de .944 pulgadas , rango de corriente de 1 a 250 A , salida 333mV"},"content":{"rendered":"<div style='width: 100%; max-width: 1200px; margin: 0 auto; font-family: sans-serif; line-height: 1.6; color: inherit; background-color: transparent;'> <!-- Secci\u00f3n de caracter\u00edsticas principales --> <\/p>\n<div style='display: flex; flex-wrap: wrap; gap: 30px; margin-bottom: 30px;'>\n<div style='flex: 1 1 300px; min-width: 280px;'>\n<h3 style='font-size: 22px; border-bottom: 2px solid currentColor; padding-bottom: 5px; margin-top: 0; color: inherit; opacity: 0.8;'>Caracter\u00edsticas Principales<\/h3>\n<ul style='padding-left: 20px; font-size: 15px; color: inherit;'>\n<li style='margin-bottom: 5px;'>N\u00facleo dividido con apertura de 0.944 pulgadas<\/li>\n<li style='margin-bottom: 5px;'>Rango de corriente desde 1 hasta 250 A<\/li>\n<li style='margin-bottom: 5px;'>Salida de voltaje de 333 mV<\/li>\n<li style='margin-bottom: 5px;'>Dise\u00f1ado para instalaci\u00f3n r\u00e1pida y sencilla<\/li>\n<li style='margin-bottom: 5px;'>Compatible con sistemas de medici\u00f3n est\u00e1ndar<\/li>\n<\/ul><\/div>\n<\/p><\/div>\n<p> <!-- Secci\u00f3n de especificaciones t\u00e9cnicas --> <\/p>\n<div style='display: flex; flex-wrap: wrap; gap: 30px; margin-bottom: 30px;'>\n<div style='flex: 1 1 300px; min-width: 280px;'>\n<h3 style='font-size: 22px; border-bottom: 2px solid currentColor; padding-bottom: 5px; margin-top: 0; color: inherit; opacity: 0.8;'>Especificaciones T\u00e9cnicas<\/h3>\n<ul style='padding-left: 20px; font-size: 15px; color: inherit;'>\n<li style='margin-bottom: 5px;'><strong>Modelo:<\/strong> CTS200<\/li>\n<li style='margin-bottom: 5px;'><strong>Rango de corriente:<\/strong> 1-250 A<\/li>\n<li style='margin-bottom: 5px;'><strong>Apertura:<\/strong> 0.944&#8242; (24 mm)<\/li>\n<li style='margin-bottom: 5px;'><strong>Salida:<\/strong> 333 mV a corriente nominal<\/li>\n<li style='margin-bottom: 5px;'><strong>Error de ratio:<\/strong> <0.5% desde 1 a 250A<\/li>\n<li style='margin-bottom: 5px;'><strong>Error de fase:<\/strong> <0.75\u00b0 desde 1A a 250A<\/li>\n<li style='margin-bottom: 5px;'><strong>Exactitud:<\/strong> 0.5%<\/li>\n<li style='margin-bottom: 5px;'><strong>Tensi\u00f3n de trabajo:<\/strong> 600 VAC&comma; Categor\u00eda III<\/li>\n<li style='margin-bottom: 5px;'><strong>Temperatura de operaci\u00f3n:<\/strong> 5 a 158\u00b0F (-15 a 70\u00b0C)<\/li>\n<li style='margin-bottom: 5px;'><strong>Humedad de operaci\u00f3n:<\/strong> 0 a 95% RH sin condensaci\u00f3n<\/li>\n<li style='margin-bottom: 5px;'><strong>Material de carcasa:<\/strong> Pl\u00e1stico reconocido por UL&comma; 130\u00b0C&comma; UL94 V0<\/li>\n<li style='margin-bottom: 5px;'><strong>Condiciones de uso:<\/strong> Uso interior&comma; Grado de contaminaci\u00f3n 2&comma; Altitud hasta 2000 m<\/li>\n<\/ul><\/div>\n<p> <!-- Secci\u00f3n de detalles el\u00e9ctricos --> <\/p>\n<div style='flex: 1 1 300px; min-width: 280px;'>\n<h3 style='font-size: 22px; border-bottom: 2px solid currentColor; padding-bottom: 5px; margin-top: 0; color: inherit; opacity: 0.8;'>Detalles El\u00e9ctricos<\/h3>\n<ul style='padding-left: 20px; font-size: 15px; color: inherit;'>\n<li style='margin-bottom: 5px;'><strong>Polaridad:<\/strong> Blanco = Alta&comma; positivo (+)&comma; Negro = Baja&comma; negativo (-)<\/li>\n<li style='margin-bottom: 5px;'><strong>Orientaci\u00f3n de fase:<\/strong> Flecha en la carcasa apunta hacia el lado de carga (hacia abajo)<\/li>\n<li style='margin-bottom: 5px;'><strong>Rango de frecuencia:<\/strong> 50-60 Hz<\/li>\n<li style='margin-bottom: 5px;'><strong>Resistencia diel\u00e9ctrica:<\/strong> 5200 VAC durante 1 minuto<\/li>\n<\/ul><\/div>\n<\/p><\/div>\n<p> <!-- Secci\u00f3n de certificaciones --> <\/p>\n<div style='display: flex; flex-wrap: wrap; gap: 30px; margin-bottom: 30px;'>\n<div style='flex: 1 1 300px; min-width: 280px;'>\n<h3 style='font-size: 22px; border-bottom: 2px solid currentColor; padding-bottom: 5px; margin-top: 0; color: inherit; opacity: 0.8;'>Certificaciones<\/h3>\n<ul style='padding-left: 20px; font-size: 15px; color: inherit;'>\n<li style='margin-bottom: 5px;'>UL 2808 Certificado<\/li>\n<li style='margin-bottom: 5px;'>UL 61010-1<\/li>\n<li style='margin-bottom: 5px;'>CAN\/CSA STD C22.2 NO. 61010-1<\/li>\n<li style='margin-bottom: 5px;'>CE (EMC&comma; LVD&comma; ROHS)<\/li>\n<\/ul><\/div>\n<p> <!-- Secci\u00f3n de dimensiones --> <\/p>\n<div style='flex: 1 1 300px; min-width: 280px;'>\n<h3 style='font-size: 22px; border-bottom: 2px solid currentColor; padding-bottom: 5px; margin-top: 0; color: inherit; opacity: 0.8;'>Dimensiones<\/h3>\n<ul style='padding-left: 20px; font-size: 15px; color: inherit;'>\n<li style='margin-bottom: 5px;'><strong>Ancho:<\/strong> 2.283&#8242; (58 mm)<\/li>\n<li style='margin-bottom: 5px;'><strong>Alto:<\/strong> 1.480&#8242; (37.6 mm)<\/li>\n<li style='margin-bottom: 5px;'><strong>Profundidad:<\/strong> 0.945&#8242; (24 mm)<\/li>\n<li style='margin-bottom: 5px;'><strong>Longitud del cable:<\/strong> 15 ft (4.5 m)&comma; par trenzado negro\/blanco&comma; 18 AWG<\/li>\n<\/ul><\/div>\n<\/p><\/div>\n<p> <!-- Separador --> <\/p>\n<hr style='border: 0; border-top: 1px solid rgba(150&comma; 150&comma; 150&comma; 0.3); margin: 30px 0;'> <\/div>\n","protected":false},"excerpt":{"rendered":"<p>Transformador de Corriente  de nucleo dividido , abertura de .944 pulgadas , rango de corriente de 1 a 250 A , salida 333mV<\/p>\n","protected":false},"featured_media":35867,"comment_status":"open","ping_status":"closed","template":"","meta":[],"product_brand":[],"product_cat":[1034],"product_tag":[1035,1036,1037],"class_list":{"0":"post-35868","1":"product","2":"type-product","3":"status-publish","4":"has-post-thumbnail","6":"product_cat-bms-bas","7":"product_tag-bms","8":"product_tag-bms-bas","9":"product_tag-honeywell-bms","11":"first","12":"instock","13":"sale","14":"shipping-taxable","15":"purchasable","16":"product-type-simple"},"_links":{"self":[{"href":"https:\/\/soydeaqui.ddns.net\/pachuca\/index.php\/wp-json\/wp\/v2\/product\/35868","targetHints":{"allow":["GET"]}}],"collection":[{"href":"https:\/\/soydeaqui.ddns.net\/pachuca\/index.php\/wp-json\/wp\/v2\/product"}],"about":[{"href":"https:\/\/soydeaqui.ddns.net\/pachuca\/index.php\/wp-json\/wp\/v2\/types\/product"}],"replies":[{"embeddable":true,"href":"https:\/\/soydeaqui.ddns.net\/pachuca\/index.php\/wp-json\/wp\/v2\/comments?post=35868"}],"wp:featuredmedia":[{"embeddable":true,"href":"https:\/\/soydeaqui.ddns.net\/pachuca\/index.php\/wp-json\/wp\/v2\/media\/35867"}],"wp:attachment":[{"href":"https:\/\/soydeaqui.ddns.net\/pachuca\/index.php\/wp-json\/wp\/v2\/media?parent=35868"}],"wp:term":[{"taxonomy":"product_brand","embeddable":true,"href":"https:\/\/soydeaqui.ddns.net\/pachuca\/index.php\/wp-json\/wp\/v2\/product_brand?post=35868"},{"taxonomy":"product_cat","embeddable":true,"href":"https:\/\/soydeaqui.ddns.net\/pachuca\/index.php\/wp-json\/wp\/v2\/product_cat?post=35868"},{"taxonomy":"product_tag","embeddable":true,"href":"https:\/\/soydeaqui.ddns.net\/pachuca\/index.php\/wp-json\/wp\/v2\/product_tag?post=35868"}],"curies":[{"name":"wp","href":"https:\/\/api.w.org\/{rel}","templated":true}]}}