{"id":35864,"date":"2026-03-18T15:53:15","date_gmt":"2026-03-18T15:53:15","guid":{"rendered":"https:\/\/soydeaqui.ddns.net\/pachuca\/index.php\/producto\/sensor-de-flujo-por-impulsor-de-10-pulgadas\/"},"modified":"2026-03-18T15:53:16","modified_gmt":"2026-03-18T15:53:16","slug":"sensor-de-flujo-por-impulsor-de-10-pulgadas","status":"publish","type":"product","link":"https:\/\/soydeaqui.ddns.net\/pachuca\/index.php\/producto\/sensor-de-flujo-por-impulsor-de-10-pulgadas\/","title":{"rendered":"Sensor de flujo por impulsor de 10 pulgadas"},"content":{"rendered":"<div style='width: 100%; max-width: 1200px; margin: 0 auto; font-family: sans-serif; line-height: 1.6; color: inherit; background-color: transparent;'>\n<div style='display: flex; flex-wrap: wrap; gap: 30px; margin-bottom: 30px;'>\n<div style='flex: 1 1 300px; min-width: 280px;'>\n<h3 style='font-size: 22px; border-bottom: 2px solid currentColor; padding-bottom: 5px; margin-top: 0; color: inherit; opacity: 0.8;'>Descripci\u00f3n<\/h3>\n<p style='font-size: 15px; color: inherit;'>El sensor de flujo de liquidos base agua con estilo de inserci\u00f3n directa &comma; con punta de acero inoxidable\/PPS combina la detecci\u00f3n de flujo con un transmisor incorporado para proporcionar un sistema completo de medici\u00f3n de flujo en uno.<\/p>\n<p style='font-size: 15px; color: inherit;'>Este dispositivo es compatible con todas las tuber\u00edas de 1-1\/2 a m\u00e1s de 36 pulgadas&comma; y est\u00e1 dise\u00f1ado para instalarse directamente en la tuber\u00eda a trav\u00e9s de un agujero de 1 pulgada NPT. La carcasa NEMA 4 es resistente y a prueba de cambios clim\u00e1ticos&comma; cuenta con un anillo O de Viton&comma; eje (est\u00e1ndar) de carburo de tungsteno&comma; impulsor de acero inoxidable&comma; cojinete de torl\u00f3n con una presi\u00f3n de 0.5 psi o menos a 10 fps para todos los tama\u00f1os de tuber\u00eda con un di\u00e1metro de 1-1\/2 pulgadas o superior.<\/p>\n<\/p><\/div>\n<\/p><\/div>\n<div style='display: flex; flex-wrap: wrap; gap: 20px; margin-bottom: 30px;'>\n<div style='flex: 1 1 250px; border: 1px solid rgba(150&comma; 150&comma; 150&comma; 0.4); border-radius: 8px; overflow: hidden; display: flex; flex-direction: column;'>\n<div style='padding: 15px; border-bottom: 1px solid rgba(150&comma; 150&comma; 150&comma; 0.2); font-weight: bold; font-size: 18px; color: inherit;'>Especificaciones t\u00e9cnicas<\/div>\n<div style='padding: 15px; color: inherit;'>\n<ul style='padding-left: 20px; margin: 0; font-size: 14px; list-style-type: disc;'>\n<li style='margin-bottom: 5px;'><strong>Rango de flujo:<\/strong> 0.3 a 20 pies por segundo<\/li>\n<li style='margin-bottom: 5px;'><strong>Clasificaci\u00f3n de presi\u00f3n:<\/strong> 1000 psi @ 21 \u00b0C (70 \u00b0F)<\/li>\n<li style='margin-bottom: 5px;'><strong>Temperatura m\u00e1xima:<\/strong> 135 \u00b0C (300 \u00b0F)<\/li>\n<li style='margin-bottom: 5px;'><strong>Temperatura de operaci\u00f3n electr\u00f3nica:<\/strong> 20 a 65 \u00b0C (14 a 150 \u00b0F)<\/li>\n<li style='margin-bottom: 5px;'><strong>P\u00e9rdida de presi\u00f3n:<\/strong> 0.5 psi o menos @ 10 pies\/seg<\/li>\n<li style='margin-bottom: 5px;'><strong>Precisi\u00f3n:<\/strong> \u00b11% del caudal en rango \u00f3ptimo de flujo<\/li>\n<li style='margin-bottom: 5px;'><strong>Repetibilidad:<\/strong> \u00b10.5%<\/li>\n<\/ul><\/div>\n<\/p><\/div>\n<\/p><\/div>\n<hr style='border: 0; border-top: 1px solid rgba(150&comma; 150&comma; 150&comma; 0.3); margin: 30px 0;'> <\/div>\n","protected":false},"excerpt":{"rendered":"<p>Sensor de flujo por impulsor de 10 pulgadas<\/p>\n","protected":false},"featured_media":35863,"comment_status":"open","ping_status":"closed","template":"","meta":[],"product_brand":[],"product_cat":[1034],"product_tag":[1035,1036,1037],"class_list":{"0":"post-35864","1":"product","2":"type-product","3":"status-publish","4":"has-post-thumbnail","6":"product_cat-bms-bas","7":"product_tag-bms","8":"product_tag-bms-bas","9":"product_tag-honeywell-bms","11":"first","12":"instock","13":"sale","14":"shipping-taxable","15":"purchasable","16":"product-type-simple"},"_links":{"self":[{"href":"https:\/\/soydeaqui.ddns.net\/pachuca\/index.php\/wp-json\/wp\/v2\/product\/35864","targetHints":{"allow":["GET"]}}],"collection":[{"href":"https:\/\/soydeaqui.ddns.net\/pachuca\/index.php\/wp-json\/wp\/v2\/product"}],"about":[{"href":"https:\/\/soydeaqui.ddns.net\/pachuca\/index.php\/wp-json\/wp\/v2\/types\/product"}],"replies":[{"embeddable":true,"href":"https:\/\/soydeaqui.ddns.net\/pachuca\/index.php\/wp-json\/wp\/v2\/comments?post=35864"}],"wp:featuredmedia":[{"embeddable":true,"href":"https:\/\/soydeaqui.ddns.net\/pachuca\/index.php\/wp-json\/wp\/v2\/media\/35863"}],"wp:attachment":[{"href":"https:\/\/soydeaqui.ddns.net\/pachuca\/index.php\/wp-json\/wp\/v2\/media?parent=35864"}],"wp:term":[{"taxonomy":"product_brand","embeddable":true,"href":"https:\/\/soydeaqui.ddns.net\/pachuca\/index.php\/wp-json\/wp\/v2\/product_brand?post=35864"},{"taxonomy":"product_cat","embeddable":true,"href":"https:\/\/soydeaqui.ddns.net\/pachuca\/index.php\/wp-json\/wp\/v2\/product_cat?post=35864"},{"taxonomy":"product_tag","embeddable":true,"href":"https:\/\/soydeaqui.ddns.net\/pachuca\/index.php\/wp-json\/wp\/v2\/product_tag?post=35864"}],"curies":[{"name":"wp","href":"https:\/\/api.w.org\/{rel}","templated":true}]}}